{"id":21672,"date":"2022-11-19T23:07:43","date_gmt":"2022-11-20T07:07:43","guid":{"rendered":"https:\/\/www.bonelinks.com\/product\/flache-drop-fiber-kabel-selbsttragend-mit-center-loose-tube\/"},"modified":"2024-02-04T20:53:16","modified_gmt":"2024-02-05T04:53:16","slug":"flat-drop-fiber-cable-self-supporting-with-center-loose-tube","status":"publish","type":"product","link":"https:\/\/www.bonelinks.com\/de\/product\/flat-drop-fiber-cable-self-supporting-with-center-loose-tube\/","title":{"rendered":"Flache Drop Fiber Kabel selbsttragend mit Center Loose Tube"},"content":{"rendered":"<h2 style=\"text-align: left; font-size: 18px;\"><strong>Eigenschaften<\/strong><\/h2>\n<ul>\n<li>Zwei parallele Dr\u00e4hte gew\u00e4hrleisten die Zugfestigkeit des Kabels<\/li>\n<li>Uni-Rohr, kleiner Durchmesser und leicht abisolierbar<\/li>\n<li>Nicht gepanzerte, dielektrische Materialien, leicht und einfach zu verlegen<\/li>\n<li>Gute mechanische Eigenschaften und Temperaturbest\u00e4ndigkeit<\/li>\n<li>Hochfeste, hydrolysebest\u00e4ndige B\u00fcndelader<\/li>\n<li>Spezielle Rohrf\u00fcllmassen gew\u00e4hrleisten den kritischen Schutz der Faser<\/li>\n<li>Quetschfestigkeit und Flexibilit\u00e4t<\/li>\n<\/ul>\n<h2 style=\"text-align: left; font-size: 18px;\"><strong>Anmeldung<\/strong><\/h2>\n<p>FTTx; FTTH; Geb\u00e4ude; Einkaufszentrum<\/p>\n<h2 style=\"text-align: left; font-size: 18px;\"><strong>Schutz<\/strong><\/h2>\n<p>UV-Best\u00e4ndigkeit; Wasserdicht; Best\u00e4ndigkeit gegen niedrige Temperaturen<\/p>\n<h2 style=\"text-align: left; font-size: 18px;\"><strong>Suchen Sie nach weiteren FTTH Drop Cables zur Auswahl?<\/strong><\/h2>\n<p>Sind Sie auf der Suche nach einer gr\u00f6\u00dferen Auswahl an FTTH-Drop-Kabeln? Sehen Sie sich unser<a href=\"https:\/\/www.bonelinks.com\/de\/ftth-drop-cable\/\" target=\"_blank\" rel=\"noopener\"><strong><span style=\"color: #0054a6;\"> FTTH Drop-Glasfaserkabel <\/span><\/strong><\/a>f\u00fcr nahtlose Vernetzung. Wenn Sie Glasfaserkabel ben\u00f6tigen, die f\u00fcr Ihre speziellen Anforderungen ma\u00dfgeschneidert sind, werfen Sie einen Blick auf unsere<a href=\"https:\/\/www.bonelinks.com\/de\/custom-fiber-optic-cables\/\" target=\"_blank\" rel=\"noopener\"><strong><span style=\"color: #0054a6;\"> Kundenspezifische Glasfaserkabel <\/span><\/strong><\/a>f\u00fcr individuelle Konnektivit\u00e4tsl\u00f6sungen.<\/p>\n","protected":false},"excerpt":{"rendered":"<p>Das selbsttragende GYXTPY-Flachkabel wurde speziell f\u00fcr Gebiete mit einer geringen Anzahl von Teilnehmeranschl\u00fcssen und relativ stabilen Wetterbedingungen entwickelt. Das Freileitungs-Glasfaserkabel ist eine bequeme und erschwingliche \u00dcberkopf-Zugangsl\u00f6sung f\u00fcr FTTH-Projekte in abgelegenen Dorfgebieten, um eine Netzabdeckung zu erreichen. Aufgrund der Einzelmantelkonstruktion und des einfachen Aufbaus entwickelte und produzierte Bonelinks das nicht armierte Kabel GYXTPY unitube mit einer minimalen Aderzahl von 2 und einer maximalen Aderzahl von 12. Je nach \u00dcberkopfumgebung und Kostenerw\u00e4gungen kann das Kabel je nach Bedarf in ovaler Form hergestellt werden.<\/p>\n","protected":false},"featured_media":13511,"template":"","meta":{"site-sidebar-layout":"default","site-content-layout":"default","ast-site-content-layout":"default","site-content-style":"default","site-sidebar-style":"default","ast-global-header-display":"","ast-banner-title-visibility":"","ast-main-header-display":"","ast-hfb-above-header-display":"","ast-hfb-below-header-display":"","ast-hfb-mobile-header-display":"","site-post-title":"","ast-breadcrumbs-content":"","ast-featured-img":"","footer-sml-layout":"","ast-disable-related-posts":"","theme-transparent-header-meta":"default","adv-header-id-meta":"","stick-header-meta":"default","header-above-stick-meta":"","header-main-stick-meta":"","header-below-stick-meta":"","astra-migrate-meta-layouts":"set","ast-page-background-enabled":"default","ast-page-background-meta":{"desktop":{"background-color":"","background-image":"","background-repeat":"repeat","background-position":"center center","background-size":"auto","background-attachment":"scroll","background-type":"","background-media":"","overlay-type":"","overlay-color":"","overlay-opacity":"","overlay-gradient":""},"tablet":{"background-color":"","background-image":"","background-repeat":"repeat","background-position":"center center","background-size":"auto","background-attachment":"scroll","background-type":"","background-media":"","overlay-type":"","overlay-color":"","overlay-opacity":"","overlay-gradient":""},"mobile":{"background-color":"","background-image":"","background-repeat":"repeat","background-position":"center center","background-size":"auto","background-attachment":"scroll","background-type":"","background-media":"","overlay-type":"","overlay-color":"","overlay-opacity":"","overlay-gradient":""}},"ast-content-background-meta":{"desktop":{"background-color":"var(--ast-global-color-5)","background-image":"","background-repeat":"repeat","background-position":"center center","background-size":"auto","background-attachment":"scroll","background-type":"","background-media":"","overlay-type":"","overlay-color":"","overlay-opacity":"","overlay-gradient":""},"tablet":{"background-color":"var(--ast-global-color-5)","background-image":"","background-repeat":"repeat","background-position":"center center","background-size":"auto","background-attachment":"scroll","background-type":"","background-media":"","overlay-type":"","overlay-color":"","overlay-opacity":"","overlay-gradient":""},"mobile":{"background-color":"var(--ast-global-color-5)","background-image":"","background-repeat":"repeat","background-position":"center center","background-size":"auto","background-attachment":"scroll","background-type":"","background-media":"","overlay-type":"","overlay-color":"","overlay-opacity":"","overlay-gradient":""}}},"product_brand":[],"product_cat":[516,234,212],"product_tag":[],"class_list":{"0":"post-21672","1":"product","2":"type-product","3":"status-publish","4":"has-post-thumbnail","6":"product_cat-aerial-fiber-optic-cable-de","7":"product_cat-ftth-cable-de","8":"product_cat-outdoor-fiber-optic-cable-de","9":"desktop-align-left","10":"tablet-align-left","11":"mobile-align-left","12":"ast-product-gallery-layout-vertical","13":"ast-product-gallery-with-no-image","14":"ast-product-tabs-layout-vertical","15":"ast-qv-on-image","17":"first","18":"instock","19":"shipping-taxable","20":"product-type-simple"},"_links":{"self":[{"href":"https:\/\/www.bonelinks.com\/de\/wp-json\/wp\/v2\/product\/21672","targetHints":{"allow":["GET"]}}],"collection":[{"href":"https:\/\/www.bonelinks.com\/de\/wp-json\/wp\/v2\/product"}],"about":[{"href":"https:\/\/www.bonelinks.com\/de\/wp-json\/wp\/v2\/types\/product"}],"version-history":[{"count":3,"href":"https:\/\/www.bonelinks.com\/de\/wp-json\/wp\/v2\/product\/21672\/revisions"}],"predecessor-version":[{"id":24989,"href":"https:\/\/www.bonelinks.com\/de\/wp-json\/wp\/v2\/product\/21672\/revisions\/24989"}],"wp:featuredmedia":[{"embeddable":true,"href":"https:\/\/www.bonelinks.com\/de\/wp-json\/wp\/v2\/media\/13511"}],"wp:attachment":[{"href":"https:\/\/www.bonelinks.com\/de\/wp-json\/wp\/v2\/media?parent=21672"}],"wp:term":[{"taxonomy":"product_brand","embeddable":true,"href":"https:\/\/www.bonelinks.com\/de\/wp-json\/wp\/v2\/product_brand?post=21672"},{"taxonomy":"product_cat","embeddable":true,"href":"https:\/\/www.bonelinks.com\/de\/wp-json\/wp\/v2\/product_cat?post=21672"},{"taxonomy":"product_tag","embeddable":true,"href":"https:\/\/www.bonelinks.com\/de\/wp-json\/wp\/v2\/product_tag?post=21672"}],"curies":[{"name":"wp","href":"https:\/\/api.w.org\/{rel}","templated":true}]}}