{"id":21640,"date":"2022-11-20T19:37:03","date_gmt":"2022-11-21T03:37:03","guid":{"rendered":"https:\/\/www.bonelinks.com\/product\/mini-span-adss-antennenkabel\/"},"modified":"2024-02-02T19:01:40","modified_gmt":"2024-02-03T03:01:40","slug":"mini-span-adss-aerial-cable","status":"publish","type":"product","link":"https:\/\/www.bonelinks.com\/de\/product\/mini-span-adss-aerial-cable\/","title":{"rendered":"Mini Span ADSS Antennenkabel"},"content":{"rendered":"<h2 style=\"text-align: left; font-size: 18px;\"><strong>Merkmale des Mini Span ADSS Antennenkabels<\/strong><\/h2>\n<ul>\n<li>Geeignet f\u00fcr den Einsatz an Verteilungs- und Hochspannungsleitungen mit kleinen Spannweiten oder freitragende Installationen f\u00fcr die Telekommunikation<\/li>\n<li>Aramidgarn wird als Festigkeitstr\u00e4ger verwendet, um die Zug- und Dehnungsleistung f\u00fcr die Minispanne zu gew\u00e4hrleisten<\/li>\n<li>FRP als zentraler Festigkeitstr\u00e4ger, nicht-metallische Struktur<\/li>\n<li>Wasserundurchl\u00e4ssiges Material im Inneren des Kabels<\/li>\n<li>Ripcord f\u00fcr leichtes Abstreifen und Aufbauen<\/li>\n<\/ul>\n<h2 style=\"text-align: left; font-size: 18px;\"><strong>Anwendung des Mini Span ADSS Antennenkabels<\/strong><\/h2>\n<p>Optisches FTTH-Netz; Freitragende Antennenkonstruktion<\/p>\n<h2 style=\"text-align: left; font-size: 18px;\"><strong>Suchen Sie nach weiteren ADSS-Faserkabeln zur Auswahl?<\/strong><\/h2>\n<p>Suchen Sie nach einer gr\u00f6\u00dferen Auswahl an ADSS-Lichtwellenleitern? Sehen Sie sich unser<a href=\"https:\/\/www.bonelinks.com\/de\/adss-fiber-optic-cable\/\" target=\"_blank\" rel=\"noopener\"><strong><span style=\"color: #0054a6;\"> ADSS-Glasfaserkabel <\/span><\/strong><\/a>f\u00fcr nahtlose Vernetzung. Wenn Sie Glasfaserkabel ben\u00f6tigen, die f\u00fcr Ihre speziellen Anforderungen ma\u00dfgeschneidert sind, werfen Sie einen Blick auf unsere<a href=\"https:\/\/www.bonelinks.com\/de\/custom-fiber-optic-cables\/\" target=\"_blank\" rel=\"noopener\"><strong><span style=\"color: #0054a6;\"> Kundenspezifische Glasfaserkabel <\/span><\/strong><\/a>f\u00fcr individuelle Konnektivit\u00e4tsl\u00f6sungen.<\/p>\n","protected":false},"excerpt":{"rendered":"<p>Das ADSS-Luftkabel wird als Kommunikationsmedium in der Energieversorgung eingesetzt. Es wird entlang bestehender Freileitungen installiert und hat die gleiche Tr\u00e4gerstruktur wie ein Stromkabel. All-Dielectric Self-Supporting Fiber Optic Cable (ADSS) hat eine komplett dielektrische Struktur und enth\u00e4lt keine metallischen Materialien. Er ist f\u00fcr alle Arten von Stromleitungen geeignet. Mini Span ADSS Antennenkabel unterst\u00fctzt die \u00dcbertragung von Singlemode und Multimode.<\/p>\n","protected":false},"featured_media":15016,"template":"","meta":{"site-sidebar-layout":"default","site-content-layout":"default","ast-site-content-layout":"default","site-content-style":"default","site-sidebar-style":"default","ast-global-header-display":"","ast-banner-title-visibility":"","ast-main-header-display":"","ast-hfb-above-header-display":"","ast-hfb-below-header-display":"","ast-hfb-mobile-header-display":"","site-post-title":"","ast-breadcrumbs-content":"","ast-featured-img":"","footer-sml-layout":"","ast-disable-related-posts":"","theme-transparent-header-meta":"default","adv-header-id-meta":"","stick-header-meta":"default","header-above-stick-meta":"","header-main-stick-meta":"","header-below-stick-meta":"","astra-migrate-meta-layouts":"set","ast-page-background-enabled":"default","ast-page-background-meta":{"desktop":{"background-color":"","background-image":"","background-repeat":"repeat","background-position":"center center","background-size":"auto","background-attachment":"scroll","background-type":"","background-media":"","overlay-type":"","overlay-color":"","overlay-opacity":"","overlay-gradient":""},"tablet":{"background-color":"","background-image":"","background-repeat":"repeat","background-position":"center center","background-size":"auto","background-attachment":"scroll","background-type":"","background-media":"","overlay-type":"","overlay-color":"","overlay-opacity":"","overlay-gradient":""},"mobile":{"background-color":"","background-image":"","background-repeat":"repeat","background-position":"center center","background-size":"auto","background-attachment":"scroll","background-type":"","background-media":"","overlay-type":"","overlay-color":"","overlay-opacity":"","overlay-gradient":""}},"ast-content-background-meta":{"desktop":{"background-color":"var(--ast-global-color-5)","background-image":"","background-repeat":"repeat","background-position":"center center","background-size":"auto","background-attachment":"scroll","background-type":"","background-media":"","overlay-type":"","overlay-color":"","overlay-opacity":"","overlay-gradient":""},"tablet":{"background-color":"var(--ast-global-color-5)","background-image":"","background-repeat":"repeat","background-position":"center center","background-size":"auto","background-attachment":"scroll","background-type":"","background-media":"","overlay-type":"","overlay-color":"","overlay-opacity":"","overlay-gradient":""},"mobile":{"background-color":"var(--ast-global-color-5)","background-image":"","background-repeat":"repeat","background-position":"center center","background-size":"auto","background-attachment":"scroll","background-type":"","background-media":"","overlay-type":"","overlay-color":"","overlay-opacity":"","overlay-gradient":""}}},"product_brand":[],"product_cat":[548,516,212],"product_tag":[],"class_list":{"0":"post-21640","1":"product","2":"type-product","3":"status-publish","4":"has-post-thumbnail","6":"product_cat-adss-fiber-optic-cable-de","7":"product_cat-aerial-fiber-optic-cable-de","8":"product_cat-outdoor-fiber-optic-cable-de","9":"desktop-align-left","10":"tablet-align-left","11":"mobile-align-left","12":"ast-product-gallery-layout-vertical","13":"ast-product-gallery-with-no-image","14":"ast-product-tabs-layout-vertical","15":"ast-qv-on-image","17":"first","18":"instock","19":"shipping-taxable","20":"product-type-simple"},"_links":{"self":[{"href":"https:\/\/www.bonelinks.com\/de\/wp-json\/wp\/v2\/product\/21640","targetHints":{"allow":["GET"]}}],"collection":[{"href":"https:\/\/www.bonelinks.com\/de\/wp-json\/wp\/v2\/product"}],"about":[{"href":"https:\/\/www.bonelinks.com\/de\/wp-json\/wp\/v2\/types\/product"}],"version-history":[{"count":2,"href":"https:\/\/www.bonelinks.com\/de\/wp-json\/wp\/v2\/product\/21640\/revisions"}],"predecessor-version":[{"id":24979,"href":"https:\/\/www.bonelinks.com\/de\/wp-json\/wp\/v2\/product\/21640\/revisions\/24979"}],"wp:featuredmedia":[{"embeddable":true,"href":"https:\/\/www.bonelinks.com\/de\/wp-json\/wp\/v2\/media\/15016"}],"wp:attachment":[{"href":"https:\/\/www.bonelinks.com\/de\/wp-json\/wp\/v2\/media?parent=21640"}],"wp:term":[{"taxonomy":"product_brand","embeddable":true,"href":"https:\/\/www.bonelinks.com\/de\/wp-json\/wp\/v2\/product_brand?post=21640"},{"taxonomy":"product_cat","embeddable":true,"href":"https:\/\/www.bonelinks.com\/de\/wp-json\/wp\/v2\/product_cat?post=21640"},{"taxonomy":"product_tag","embeddable":true,"href":"https:\/\/www.bonelinks.com\/de\/wp-json\/wp\/v2\/product_tag?post=21640"}],"curies":[{"name":"wp","href":"https:\/\/api.w.org\/{rel}","templated":true}]}}