{"id":21631,"date":"2022-11-21T00:55:45","date_gmt":"2022-11-21T08:55:45","guid":{"rendered":"https:\/\/www.bonelinks.com\/product\/fiber-breakout-kabel-fuer-den-innenbereich-multi-core-micro-optical-kabel\/"},"modified":"2024-02-02T18:58:44","modified_gmt":"2024-02-03T02:58:44","slug":"fiber-breakout-cable-indoor-multi-core-micro-optical-cable","status":"publish","type":"product","link":"https:\/\/www.bonelinks.com\/de\/product\/fiber-breakout-cable-indoor-multi-core-micro-optical-cable\/","title":{"rendered":"Fiber Breakout Kabel f\u00fcr den Innenbereich Multi Core Micro Optical Kabel"},"content":{"rendered":"<h2 style=\"text-align: left; font-size: 18px;\"><strong>Eigenschaften<\/strong><\/h2>\n<ul>\n<li>Nichtmetallischer FRP-Mittelteil, anti-elektromagnetische Interferenz<\/li>\n<li>Riser\/LSZH-Mantel, verwendet f\u00fcr Backbone, horizontale und geb\u00e4udeinterne Leitungen<\/li>\n<li>Perfekt f\u00fcr die horizontale Verteilung f\u00fcr Fiber-to-the-Desk<\/li>\n<li>Verwendet f\u00fcr optische Verbindungen in optischen Ger\u00e4ten und Ausr\u00fcstungen<\/li>\n<\/ul>\n<div class=\"elementor-element elementor-element-2f16c6cc elementor-widget elementor-widget-text-editor\" data-id=\"2f16c6cc\" data-element_type=\"widget\" data-widget_type=\"text-editor.default\">\n<div class=\"elementor-widget-container\">\n<h2 style=\"text-align: left; font-size: 18px;\"><strong>Anmeldung<\/strong><\/h2>\n<p>Geb\u00e4ude schwacher Brunnen, Rechenzentrum, Serverraum<\/p>\n<h2 style=\"text-align: left; font-size: 18px;\"><strong>Schutz<\/strong><\/h2>\n<p>UV-Best\u00e4ndigkeit; feuerhemmend; wasserdicht<\/p>\n<h2 style=\"text-align: left; font-size: 18px;\"><strong>Suchen Sie nach weiteren Breakout-Glasfaserkabel-Auswahlm\u00f6glichkeiten?<\/strong><\/h2>\n<p>Sind Sie auf der Suche nach einer gr\u00f6\u00dferen Auswahl an Breakout-Glasfaserkabeln? Sehen Sie sich unser<a href=\"https:\/\/www.bonelinks.com\/de\/products\/breakout-fiber-cable-de\/\" target=\"_blank\" rel=\"noopener\"><strong><span style=\"color: #0054a6;\"> Breakout-Glasfaserkabel <\/span><\/strong><\/a>f\u00fcr eine nahtlose Vernetzung. Wenn Sie Glasfaserkabel ben\u00f6tigen, die f\u00fcr Ihre speziellen Anforderungen ma\u00dfgeschneidert sind, werfen Sie einen Blick auf unsere<a href=\"https:\/\/www.bonelinks.com\/de\/custom-fiber-optic-cables\/\" target=\"_blank\" rel=\"noopener\"><strong><span style=\"color: #0054a6;\"> Kundenspezifische Glasfaserkabel <\/span><\/strong><\/a>f\u00fcr individuelle Konnektivit\u00e4tsl\u00f6sungen.<\/p>\n<\/div>\n<\/div>\n","protected":false},"excerpt":{"rendered":"<p>Das Breakout-Glasfaserkabel GJBFJV ist ein Verzweigungskabel, das aus mehreren Unterkabeln besteht, die aus Multimode- oder Singlemode-Fasern hergestellt werden. Es wird h\u00e4ufig in Rechenzentren mit hoher Bandbreite und gro\u00dfen Datenverarbeitungsanforderungen sowie in hierarchischen FTTH-Netzwerken eingesetzt. Breakout-Glasfaserkabel f\u00fcr den Innenbereich enthalten mehrere eng gepufferte Fasern und Kevlar\/Aramid-Festigkeitselemente zur Versteifung des Kabels und zur Vermeidung von Knicken. Bonelinks kann Breakout-Indoor-Glasfaserkabel mit hochwertigem, feuerfestem Mantel herstellen, mit 2 bis 48 Adern, abh\u00e4ngig von den Nutzungsanforderungen. Drei Feuerwiderstandsklassen f\u00fcr Kabel, Riser\/Plenum\/LSZH f\u00fcr Ihre Wahl, um verschiedenen Installationsumgebungen gerecht zu werden.<\/p>\n","protected":false},"featured_media":13661,"template":"","meta":{"site-sidebar-layout":"default","site-content-layout":"default","ast-site-content-layout":"default","site-content-style":"default","site-sidebar-style":"default","ast-global-header-display":"","ast-banner-title-visibility":"","ast-main-header-display":"","ast-hfb-above-header-display":"","ast-hfb-below-header-display":"","ast-hfb-mobile-header-display":"","site-post-title":"","ast-breadcrumbs-content":"","ast-featured-img":"","footer-sml-layout":"","ast-disable-related-posts":"","theme-transparent-header-meta":"default","adv-header-id-meta":"","stick-header-meta":"default","header-above-stick-meta":"","header-main-stick-meta":"","header-below-stick-meta":"","astra-migrate-meta-layouts":"set","ast-page-background-enabled":"default","ast-page-background-meta":{"desktop":{"background-color":"","background-image":"","background-repeat":"repeat","background-position":"center center","background-size":"auto","background-attachment":"scroll","background-type":"","background-media":"","overlay-type":"","overlay-color":"","overlay-opacity":"","overlay-gradient":""},"tablet":{"background-color":"","background-image":"","background-repeat":"repeat","background-position":"center center","background-size":"auto","background-attachment":"scroll","background-type":"","background-media":"","overlay-type":"","overlay-color":"","overlay-opacity":"","overlay-gradient":""},"mobile":{"background-color":"","background-image":"","background-repeat":"repeat","background-position":"center center","background-size":"auto","background-attachment":"scroll","background-type":"","background-media":"","overlay-type":"","overlay-color":"","overlay-opacity":"","overlay-gradient":""}},"ast-content-background-meta":{"desktop":{"background-color":"var(--ast-global-color-5)","background-image":"","background-repeat":"repeat","background-position":"center center","background-size":"auto","background-attachment":"scroll","background-type":"","background-media":"","overlay-type":"","overlay-color":"","overlay-opacity":"","overlay-gradient":""},"tablet":{"background-color":"var(--ast-global-color-5)","background-image":"","background-repeat":"repeat","background-position":"center center","background-size":"auto","background-attachment":"scroll","background-type":"","background-media":"","overlay-type":"","overlay-color":"","overlay-opacity":"","overlay-gradient":""},"mobile":{"background-color":"var(--ast-global-color-5)","background-image":"","background-repeat":"repeat","background-position":"center center","background-size":"auto","background-attachment":"scroll","background-type":"","background-media":"","overlay-type":"","overlay-color":"","overlay-opacity":"","overlay-gradient":""}}},"product_brand":[],"product_cat":[539,540,235],"product_tag":[],"class_list":{"0":"post-21631","1":"product","2":"type-product","3":"status-publish","4":"has-post-thumbnail","6":"product_cat-tight-buffer-fiber-optic-cable-de","7":"product_cat-breakout-fiber-cable-de","8":"product_cat-indoor-fiber-optic-cable-de","9":"desktop-align-left","10":"tablet-align-left","11":"mobile-align-left","12":"ast-product-gallery-layout-vertical","13":"ast-product-gallery-with-no-image","14":"ast-product-tabs-layout-vertical","15":"ast-qv-on-image","17":"first","18":"instock","19":"shipping-taxable","20":"product-type-simple"},"_links":{"self":[{"href":"https:\/\/www.bonelinks.com\/de\/wp-json\/wp\/v2\/product\/21631","targetHints":{"allow":["GET"]}}],"collection":[{"href":"https:\/\/www.bonelinks.com\/de\/wp-json\/wp\/v2\/product"}],"about":[{"href":"https:\/\/www.bonelinks.com\/de\/wp-json\/wp\/v2\/types\/product"}],"version-history":[{"count":3,"href":"https:\/\/www.bonelinks.com\/de\/wp-json\/wp\/v2\/product\/21631\/revisions"}],"predecessor-version":[{"id":24972,"href":"https:\/\/www.bonelinks.com\/de\/wp-json\/wp\/v2\/product\/21631\/revisions\/24972"}],"wp:featuredmedia":[{"embeddable":true,"href":"https:\/\/www.bonelinks.com\/de\/wp-json\/wp\/v2\/media\/13661"}],"wp:attachment":[{"href":"https:\/\/www.bonelinks.com\/de\/wp-json\/wp\/v2\/media?parent=21631"}],"wp:term":[{"taxonomy":"product_brand","embeddable":true,"href":"https:\/\/www.bonelinks.com\/de\/wp-json\/wp\/v2\/product_brand?post=21631"},{"taxonomy":"product_cat","embeddable":true,"href":"https:\/\/www.bonelinks.com\/de\/wp-json\/wp\/v2\/product_cat?post=21631"},{"taxonomy":"product_tag","embeddable":true,"href":"https:\/\/www.bonelinks.com\/de\/wp-json\/wp\/v2\/product_tag?post=21631"}],"curies":[{"name":"wp","href":"https:\/\/api.w.org\/{rel}","templated":true}]}}