{"id":21630,"date":"2022-11-20T23:41:05","date_gmt":"2022-11-21T07:41:05","guid":{"rendered":"https:\/\/www.bonelinks.com\/product\/luftgeblasenes-mikrokabel-unitube\/"},"modified":"2024-02-02T18:59:47","modified_gmt":"2024-02-03T02:59:47","slug":"air-blown-micro-cable-unitube","status":"publish","type":"product","link":"https:\/\/www.bonelinks.com\/de\/product\/air-blown-micro-cable-unitube\/","title":{"rendered":"Luftgeblasenes Mikrokabel Unitube"},"content":{"rendered":"<h2 style=\"text-align: left; font-size: 18px;\"><strong> Luftgeblasenes Mikrokabel Merkmal <\/strong><\/h2>\n<ul>\n<li>Perfekte Kabelstruktur mit hoher Faserdichte<\/li>\n<li>Kleiner Durchmesser und geringes Gewicht<\/li>\n<li>HDPE-Mantel zur Verbesserung der Blasleistung<\/li>\n<li>Erlaubt das Ausblasen und Ersetzen durch neue Kabel, um die technische \u00dcberlegenheit zu erhalten<\/li>\n<li>Erm\u00f6glicht das Schneiden von Mikrokan\u00e4len f\u00fcr Abzweigungen jederzeit und \u00fcberall, ohne andere Kabel zu beeinflussen, und spart Sch\u00e4chte, Handl\u00f6cher und Kabelverbindungen<\/li>\n<\/ul>\n<h2 style=\"text-align: left; font-size: 18px;\"><strong> Luftgeblasene Mikrokabel Anwendung<\/strong><\/h2>\n<p>FTTH-Zugangskabel<\/p>\n<h2 style=\"text-align: left; font-size: 18px;\"><strong>Suchen Sie nach weiteren Optionen f\u00fcr luftgeblasene Kabel?<\/strong><\/h2>\n<p>Suchen Sie nach einer gr\u00f6\u00dferen Auswahl an luftgeblasenen Glasfaserkabeln? Sehen Sie sich unser<a title=\"Luftgeblasenes Glasfaserkabel\" href=\"https:\/\/www.bonelinks.com\/de\/air-blown-fiber-optic-cable\/\" target=\"_blank\" rel=\"noopener\"><strong><span style=\"color: #0054a6;\"> Luftgeblasenes Glasfaserkabel <\/span><\/strong><\/a>f\u00fcr nahtlose Vernetzung. Wenn Sie Glasfaserkabel ben\u00f6tigen, die f\u00fcr Ihre speziellen Anforderungen ma\u00dfgeschneidert sind, werfen Sie einen Blick auf unsere<a href=\"https:\/\/www.bonelinks.com\/de\/custom-fiber-optic-cables\/\" target=\"_blank\" rel=\"noopener\"><strong><span style=\"color: #0054a6;\"> Kundenspezifische Glasfaserkabel <\/span><\/strong><\/a>f\u00fcr individuelle Konnektivit\u00e4tsl\u00f6sungen.<\/p>\n","protected":false},"excerpt":{"rendered":"<p>Blasluft-Mikrokabel sind ultraleicht und haben einen kleinen Durchmesser, um in einen Mikrokanal geblasen zu werden. Das Faserb\u00fcndel dieses Kabels wird durch Aush\u00e4rten von Glasfasern oder F\u00fcllstoffen in lichtempfindlichem Harz in einer bestimmten Anordnung gebildet. Und au\u00dfen wird ein spezieller reibungsarmer Mantel extrudiert. Es ist f\u00fcr Metro-Zubringer oder Zugangsnetze konzipiert. Das Mikrokabel bietet eine geringere Anfangsinvestition und die Flexibilit\u00e4t, es zu installieren und auf die neuesten Glasfasertechnologien aufzur\u00fcsten.<\/p>\n","protected":false},"featured_media":15486,"template":"","meta":{"site-sidebar-layout":"default","site-content-layout":"default","ast-site-content-layout":"default","site-content-style":"default","site-sidebar-style":"default","ast-global-header-display":"","ast-banner-title-visibility":"","ast-main-header-display":"","ast-hfb-above-header-display":"","ast-hfb-below-header-display":"","ast-hfb-mobile-header-display":"","site-post-title":"","ast-breadcrumbs-content":"","ast-featured-img":"","footer-sml-layout":"","ast-disable-related-posts":"","theme-transparent-header-meta":"default","adv-header-id-meta":"","stick-header-meta":"default","header-above-stick-meta":"","header-main-stick-meta":"","header-below-stick-meta":"","astra-migrate-meta-layouts":"set","ast-page-background-enabled":"default","ast-page-background-meta":{"desktop":{"background-color":"","background-image":"","background-repeat":"repeat","background-position":"center center","background-size":"auto","background-attachment":"scroll","background-type":"","background-media":"","overlay-type":"","overlay-color":"","overlay-opacity":"","overlay-gradient":""},"tablet":{"background-color":"","background-image":"","background-repeat":"repeat","background-position":"center center","background-size":"auto","background-attachment":"scroll","background-type":"","background-media":"","overlay-type":"","overlay-color":"","overlay-opacity":"","overlay-gradient":""},"mobile":{"background-color":"","background-image":"","background-repeat":"repeat","background-position":"center center","background-size":"auto","background-attachment":"scroll","background-type":"","background-media":"","overlay-type":"","overlay-color":"","overlay-opacity":"","overlay-gradient":""}},"ast-content-background-meta":{"desktop":{"background-color":"var(--ast-global-color-5)","background-image":"","background-repeat":"repeat","background-position":"center center","background-size":"auto","background-attachment":"scroll","background-type":"","background-media":"","overlay-type":"","overlay-color":"","overlay-opacity":"","overlay-gradient":""},"tablet":{"background-color":"var(--ast-global-color-5)","background-image":"","background-repeat":"repeat","background-position":"center center","background-size":"auto","background-attachment":"scroll","background-type":"","background-media":"","overlay-type":"","overlay-color":"","overlay-opacity":"","overlay-gradient":""},"mobile":{"background-color":"var(--ast-global-color-5)","background-image":"","background-repeat":"repeat","background-position":"center center","background-size":"auto","background-attachment":"scroll","background-type":"","background-media":"","overlay-type":"","overlay-color":"","overlay-opacity":"","overlay-gradient":""}}},"product_brand":[],"product_cat":[517,212,541,542],"product_tag":[],"class_list":{"0":"post-21630","1":"product","2":"type-product","3":"status-publish","4":"has-post-thumbnail","6":"product_cat-duct-fiber-optic-cable-de","7":"product_cat-outdoor-fiber-optic-cable-de","8":"product_cat-air-blown-fiber-cable-de","9":"product_cat-special-fiber-optic-cable-de","10":"desktop-align-left","11":"tablet-align-left","12":"mobile-align-left","13":"ast-product-gallery-layout-vertical","14":"ast-product-gallery-with-no-image","15":"ast-product-tabs-layout-vertical","16":"ast-qv-on-image","18":"first","19":"instock","20":"shipping-taxable","21":"product-type-simple"},"_links":{"self":[{"href":"https:\/\/www.bonelinks.com\/de\/wp-json\/wp\/v2\/product\/21630","targetHints":{"allow":["GET"]}}],"collection":[{"href":"https:\/\/www.bonelinks.com\/de\/wp-json\/wp\/v2\/product"}],"about":[{"href":"https:\/\/www.bonelinks.com\/de\/wp-json\/wp\/v2\/types\/product"}],"version-history":[{"count":2,"href":"https:\/\/www.bonelinks.com\/de\/wp-json\/wp\/v2\/product\/21630\/revisions"}],"predecessor-version":[{"id":24975,"href":"https:\/\/www.bonelinks.com\/de\/wp-json\/wp\/v2\/product\/21630\/revisions\/24975"}],"wp:featuredmedia":[{"embeddable":true,"href":"https:\/\/www.bonelinks.com\/de\/wp-json\/wp\/v2\/media\/15486"}],"wp:attachment":[{"href":"https:\/\/www.bonelinks.com\/de\/wp-json\/wp\/v2\/media?parent=21630"}],"wp:term":[{"taxonomy":"product_brand","embeddable":true,"href":"https:\/\/www.bonelinks.com\/de\/wp-json\/wp\/v2\/product_brand?post=21630"},{"taxonomy":"product_cat","embeddable":true,"href":"https:\/\/www.bonelinks.com\/de\/wp-json\/wp\/v2\/product_cat?post=21630"},{"taxonomy":"product_tag","embeddable":true,"href":"https:\/\/www.bonelinks.com\/de\/wp-json\/wp\/v2\/product_tag?post=21630"}],"curies":[{"name":"wp","href":"https:\/\/api.w.org\/{rel}","templated":true}]}}