{"id":21629,"date":"2022-11-21T02:39:52","date_gmt":"2022-11-21T10:39:52","guid":{"rendered":"https:\/\/www.bonelinks.com\/product\/simplex-glasfaserkabel-singlemode-multimode\/"},"modified":"2024-02-02T18:57:49","modified_gmt":"2024-02-03T02:57:49","slug":"simplex-fiber-optic-cable-singlemode-multimode","status":"publish","type":"product","link":"https:\/\/www.bonelinks.com\/de\/product\/simplex-fiber-optic-cable-singlemode-multimode\/","title":{"rendered":"Simplex-Glasfaserkabel Singlemode Multimode"},"content":{"rendered":"<h2 style=\"text-align: left; font-size: 18px;\"><strong>Eigenschaften<\/strong><\/h2>\n<ul>\n<li>Nur eine Faser zur Kommunikation ist kosteng\u00fcnstiger als Vollduplex-Glasfaserkabel<\/li>\n<li>Erm\u00f6glicht mehr eingehende Daten bei h\u00f6herer Geschwindigkeit<\/li>\n<li>Hervorragende Zugfestigkeit mit Aramidgarn<\/li>\n<li>Leicht abziehbar<\/li>\n<li>Einfache Installation<\/li>\n<li>Hervorragende Zugfestigkeit mit Aramidgarn<\/li>\n<\/ul>\n<h2 style=\"text-align: left; font-size: 18px;\"><strong>Anmeldung<\/strong><\/h2>\n<p>Glasfaser-Patchkabel und Pigtail; Verbindung zwischen Kommunikationsger\u00e4ten<\/p>\n","protected":false},"excerpt":{"rendered":"<p>Simplex-Glasfaserkabel, auch Einstrangkabel genannt, haben nur eine Faser. An einem Ende befindet sich der Sender, am anderen Ende der Empf\u00e4nger. Diese sind nicht reversibel. Glasfaser-Simplex bietet eine einseitige Daten\u00fcbertragung. Sie ist eine gute Wahl f\u00fcr eine Anwendung wie z. B. eine LKW-Waage, die Gewichtswerte an eine \u00dcberwachungsstation zur\u00fccksendet. Simplex-Glasfaserkabel gibt es als Singlemode- oder Multimode-Kabel. Das Simplex-Glasfaserkabel besteht aus einer dichten Pufferfaser, einem Aramidgarn und einem Au\u00dfenmantel. Es wird als Indoor-Glasfaser-Patchkabel oder Pigtail zwischen Kommunikationsger\u00e4ten und -anlagen verwendet.<\/p>\n","protected":false},"featured_media":15491,"template":"","meta":{"site-sidebar-layout":"default","site-content-layout":"default","ast-site-content-layout":"default","site-content-style":"default","site-sidebar-style":"default","ast-global-header-display":"","ast-banner-title-visibility":"","ast-main-header-display":"","ast-hfb-above-header-display":"","ast-hfb-below-header-display":"","ast-hfb-mobile-header-display":"","site-post-title":"","ast-breadcrumbs-content":"","ast-featured-img":"","footer-sml-layout":"","ast-disable-related-posts":"","theme-transparent-header-meta":"default","adv-header-id-meta":"","stick-header-meta":"default","header-above-stick-meta":"","header-main-stick-meta":"","header-below-stick-meta":"","astra-migrate-meta-layouts":"set","ast-page-background-enabled":"default","ast-page-background-meta":{"desktop":{"background-color":"","background-image":"","background-repeat":"repeat","background-position":"center center","background-size":"auto","background-attachment":"scroll","background-type":"","background-media":"","overlay-type":"","overlay-color":"","overlay-opacity":"","overlay-gradient":""},"tablet":{"background-color":"","background-image":"","background-repeat":"repeat","background-position":"center center","background-size":"auto","background-attachment":"scroll","background-type":"","background-media":"","overlay-type":"","overlay-color":"","overlay-opacity":"","overlay-gradient":""},"mobile":{"background-color":"","background-image":"","background-repeat":"repeat","background-position":"center center","background-size":"auto","background-attachment":"scroll","background-type":"","background-media":"","overlay-type":"","overlay-color":"","overlay-opacity":"","overlay-gradient":""}},"ast-content-background-meta":{"desktop":{"background-color":"var(--ast-global-color-5)","background-image":"","background-repeat":"repeat","background-position":"center center","background-size":"auto","background-attachment":"scroll","background-type":"","background-media":"","overlay-type":"","overlay-color":"","overlay-opacity":"","overlay-gradient":""},"tablet":{"background-color":"var(--ast-global-color-5)","background-image":"","background-repeat":"repeat","background-position":"center center","background-size":"auto","background-attachment":"scroll","background-type":"","background-media":"","overlay-type":"","overlay-color":"","overlay-opacity":"","overlay-gradient":""},"mobile":{"background-color":"var(--ast-global-color-5)","background-image":"","background-repeat":"repeat","background-position":"center center","background-size":"auto","background-attachment":"scroll","background-type":"","background-media":"","overlay-type":"","overlay-color":"","overlay-opacity":"","overlay-gradient":""}}},"product_brand":[],"product_cat":[539,235,562],"product_tag":[],"class_list":{"0":"post-21629","1":"product","2":"type-product","3":"status-publish","4":"has-post-thumbnail","6":"product_cat-tight-buffer-fiber-optic-cable-de","7":"product_cat-indoor-fiber-optic-cable-de","8":"product_cat-simplex-fiber-optic-cable-de","9":"desktop-align-left","10":"tablet-align-left","11":"mobile-align-left","12":"ast-product-gallery-layout-vertical","13":"ast-product-gallery-with-no-image","14":"ast-product-tabs-layout-vertical","15":"ast-qv-on-image","17":"first","18":"instock","19":"shipping-taxable","20":"product-type-simple"},"_links":{"self":[{"href":"https:\/\/www.bonelinks.com\/de\/wp-json\/wp\/v2\/product\/21629","targetHints":{"allow":["GET"]}}],"collection":[{"href":"https:\/\/www.bonelinks.com\/de\/wp-json\/wp\/v2\/product"}],"about":[{"href":"https:\/\/www.bonelinks.com\/de\/wp-json\/wp\/v2\/types\/product"}],"version-history":[{"count":1,"href":"https:\/\/www.bonelinks.com\/de\/wp-json\/wp\/v2\/product\/21629\/revisions"}],"predecessor-version":[{"id":24672,"href":"https:\/\/www.bonelinks.com\/de\/wp-json\/wp\/v2\/product\/21629\/revisions\/24672"}],"wp:featuredmedia":[{"embeddable":true,"href":"https:\/\/www.bonelinks.com\/de\/wp-json\/wp\/v2\/media\/15491"}],"wp:attachment":[{"href":"https:\/\/www.bonelinks.com\/de\/wp-json\/wp\/v2\/media?parent=21629"}],"wp:term":[{"taxonomy":"product_brand","embeddable":true,"href":"https:\/\/www.bonelinks.com\/de\/wp-json\/wp\/v2\/product_brand?post=21629"},{"taxonomy":"product_cat","embeddable":true,"href":"https:\/\/www.bonelinks.com\/de\/wp-json\/wp\/v2\/product_cat?post=21629"},{"taxonomy":"product_tag","embeddable":true,"href":"https:\/\/www.bonelinks.com\/de\/wp-json\/wp\/v2\/product_tag?post=21629"}],"curies":[{"name":"wp","href":"https:\/\/api.w.org\/{rel}","templated":true}]}}