{"id":21626,"date":"2022-11-21T04:57:16","date_gmt":"2022-11-21T12:57:16","guid":{"rendered":"https:\/\/www.bonelinks.com\/product\/mehradriges-gepanzertes-breakout-glasfaserkabel\/"},"modified":"2024-02-02T18:57:18","modified_gmt":"2024-02-03T02:57:18","slug":"multi-core-breakout-armored-fiber-cable","status":"publish","type":"product","link":"https:\/\/www.bonelinks.com\/de\/product\/multi-core-breakout-armored-fiber-cable\/","title":{"rendered":"Mehradriges gepanzertes Breakout-Glasfaserkabel"},"content":{"rendered":"<h2 style=\"text-align: left; font-size: 18px;\"><strong>Eigenschaften<\/strong><\/h2>\n<ul>\n<li>Spiralf\u00f6rmige Stahlbewehrung verleiht dem Kabel Druckfestigkeit<\/li>\n<li>Erh\u00e4ltlich f\u00fcr den Einsatz von Edelstahlgewebe zur Steigerung der Leistung<\/li>\n<li>Spiralf\u00f6rmiges Stahlrohr und Aramidgarn bieten einen hervorragenden Schutz gegen Rattenbiss<\/li>\n<li>Weich, flexibel, leicht zu splei\u00dfen und mit gro\u00dfer Daten\u00fcbertragungskapazit\u00e4t<\/li>\n<li>Das Material Kevlar-Garn gew\u00e4hrleistet eine gute Zugfestigkeit<\/li>\n<\/ul>\n<h2 style=\"text-align: left; font-size: 18px;\"><strong>Anmeldung<\/strong><\/h2>\n<p>Innenkabel; Patchkabel und Pigtails; Kommunikationsger\u00e4te<\/p>\n<h2 style=\"text-align: left; font-size: 18px;\"><strong>Suchen Sie nach weiteren Glasfaserkabeln zur Auswahl?<\/strong><\/h2>\n<p>Sind Sie auf der Suche nach einer gr\u00f6\u00dferen Auswahl an Glasfaserkabeln? Sehen Sie sich unser<a href=\"https:\/\/www.bonelinks.com\/de\/products\/breakout-fiber-cable-de\/\" target=\"_blank\" rel=\"noopener\"><strong><span style=\"color: #0054a6;\"> Breakout-Glasfaserkabel, <\/span><\/strong><\/a><a href=\"https:\/\/www.bonelinks.com\/de\/products\/indoor-armored-fiber-cable-de\/\" target=\"_blank\" rel=\"noopener\"><strong><span style=\"color: #0054a6;\">Innen gepanzerte Glasfaserkabel <\/span><\/strong><\/a>f\u00fcr eine nahtlose Vernetzung. Wenn Sie Glasfaserkabel ben\u00f6tigen, die f\u00fcr Ihre speziellen Anforderungen ma\u00dfgeschneidert sind, werfen Sie einen Blick auf unsere<a href=\"https:\/\/www.bonelinks.com\/de\/custom-fiber-optic-cables\/\" target=\"_blank\" rel=\"noopener\"><strong><span style=\"color: #0054a6;\"> Kundenspezifische Glasfaserkabel <\/span><\/strong><\/a>f\u00fcr individuelle Konnektivit\u00e4tsl\u00f6sungen.<\/p>\n","protected":false},"excerpt":{"rendered":"<p>Das mehradrige, gepanzerte Breakout-Glasfaserkabel ist ideal f\u00fcr die Innenverkabelung und die Verbindung zwischen Ger\u00e4ten. Das Faserkabel mit PVC-Au\u00dfenmantel und die dichte Pufferfaser werden durch Kevlar verformt. Das Kevlargewebe gew\u00e4hrleistet eine gute Zugfestigkeit. Und der flammhemmende Au\u00dfenmantel kann in Steigleitungen, LSZH oder Plenum-Umgebungen eingesetzt werden.<\/p>\n","protected":false},"featured_media":15501,"template":"","meta":{"site-sidebar-layout":"default","site-content-layout":"default","ast-site-content-layout":"default","site-content-style":"default","site-sidebar-style":"default","ast-global-header-display":"","ast-banner-title-visibility":"","ast-main-header-display":"","ast-hfb-above-header-display":"","ast-hfb-below-header-display":"","ast-hfb-mobile-header-display":"","site-post-title":"","ast-breadcrumbs-content":"","ast-featured-img":"","footer-sml-layout":"","ast-disable-related-posts":"","theme-transparent-header-meta":"default","adv-header-id-meta":"","stick-header-meta":"default","header-above-stick-meta":"","header-main-stick-meta":"","header-below-stick-meta":"","astra-migrate-meta-layouts":"set","ast-page-background-enabled":"default","ast-page-background-meta":{"desktop":{"background-color":"","background-image":"","background-repeat":"repeat","background-position":"center center","background-size":"auto","background-attachment":"scroll","background-type":"","background-media":"","overlay-type":"","overlay-color":"","overlay-opacity":"","overlay-gradient":""},"tablet":{"background-color":"","background-image":"","background-repeat":"repeat","background-position":"center center","background-size":"auto","background-attachment":"scroll","background-type":"","background-media":"","overlay-type":"","overlay-color":"","overlay-opacity":"","overlay-gradient":""},"mobile":{"background-color":"","background-image":"","background-repeat":"repeat","background-position":"center center","background-size":"auto","background-attachment":"scroll","background-type":"","background-media":"","overlay-type":"","overlay-color":"","overlay-opacity":"","overlay-gradient":""}},"ast-content-background-meta":{"desktop":{"background-color":"var(--ast-global-color-5)","background-image":"","background-repeat":"repeat","background-position":"center center","background-size":"auto","background-attachment":"scroll","background-type":"","background-media":"","overlay-type":"","overlay-color":"","overlay-opacity":"","overlay-gradient":""},"tablet":{"background-color":"var(--ast-global-color-5)","background-image":"","background-repeat":"repeat","background-position":"center center","background-size":"auto","background-attachment":"scroll","background-type":"","background-media":"","overlay-type":"","overlay-color":"","overlay-opacity":"","overlay-gradient":""},"mobile":{"background-color":"var(--ast-global-color-5)","background-image":"","background-repeat":"repeat","background-position":"center center","background-size":"auto","background-attachment":"scroll","background-type":"","background-media":"","overlay-type":"","overlay-color":"","overlay-opacity":"","overlay-gradient":""}}},"product_brand":[],"product_cat":[539,540,560,235],"product_tag":[],"class_list":{"0":"post-21626","1":"product","2":"type-product","3":"status-publish","4":"has-post-thumbnail","6":"product_cat-tight-buffer-fiber-optic-cable-de","7":"product_cat-breakout-fiber-cable-de","8":"product_cat-indoor-armored-fiber-cable-de","9":"product_cat-indoor-fiber-optic-cable-de","10":"desktop-align-left","11":"tablet-align-left","12":"mobile-align-left","13":"ast-product-gallery-layout-vertical","14":"ast-product-gallery-with-no-image","15":"ast-product-tabs-layout-vertical","16":"ast-qv-on-image","18":"first","19":"instock","20":"shipping-taxable","21":"product-type-simple"},"_links":{"self":[{"href":"https:\/\/www.bonelinks.com\/de\/wp-json\/wp\/v2\/product\/21626","targetHints":{"allow":["GET"]}}],"collection":[{"href":"https:\/\/www.bonelinks.com\/de\/wp-json\/wp\/v2\/product"}],"about":[{"href":"https:\/\/www.bonelinks.com\/de\/wp-json\/wp\/v2\/types\/product"}],"version-history":[{"count":3,"href":"https:\/\/www.bonelinks.com\/de\/wp-json\/wp\/v2\/product\/21626\/revisions"}],"predecessor-version":[{"id":24971,"href":"https:\/\/www.bonelinks.com\/de\/wp-json\/wp\/v2\/product\/21626\/revisions\/24971"}],"wp:featuredmedia":[{"embeddable":true,"href":"https:\/\/www.bonelinks.com\/de\/wp-json\/wp\/v2\/media\/15501"}],"wp:attachment":[{"href":"https:\/\/www.bonelinks.com\/de\/wp-json\/wp\/v2\/media?parent=21626"}],"wp:term":[{"taxonomy":"product_brand","embeddable":true,"href":"https:\/\/www.bonelinks.com\/de\/wp-json\/wp\/v2\/product_brand?post=21626"},{"taxonomy":"product_cat","embeddable":true,"href":"https:\/\/www.bonelinks.com\/de\/wp-json\/wp\/v2\/product_cat?post=21626"},{"taxonomy":"product_tag","embeddable":true,"href":"https:\/\/www.bonelinks.com\/de\/wp-json\/wp\/v2\/product_tag?post=21626"}],"curies":[{"name":"wp","href":"https:\/\/api.w.org\/{rel}","templated":true}]}}