{"id":21611,"date":"2022-11-21T23:15:48","date_gmt":"2022-11-22T07:15:48","guid":{"rendered":"https:\/\/www.bonelinks.com\/product\/gepanzertes-direkt-verlegtes-glasfaserkabel-fuer-den-aussenbereich\/"},"modified":"2024-02-02T18:50:58","modified_gmt":"2024-02-03T02:50:58","slug":"outdoor-armored-direct-buried-fiber-optic-cable","status":"publish","type":"product","link":"https:\/\/www.bonelinks.com\/de\/product\/outdoor-armored-direct-buried-fiber-optic-cable\/","title":{"rendered":"Gepanzertes, direkt verlegtes Glasfaserkabel f\u00fcr den Au\u00dfenbereich"},"content":{"rendered":"<h2 style=\"text-align: left; font-size: 18px;\"><strong>Eigenschaften<\/strong><\/h2>\n<ul>\n<li>Gute mechanische Eigenschaften und Temperaturbest\u00e4ndigkeit.<\/li>\n<li>Hochfeste B\u00fcndelader, die hydrolysebest\u00e4ndig ist.<\/li>\n<li>Eine spezielle Schlauchf\u00fcllmasse sorgt f\u00fcr den entscheidenden Schutz des Gummis.<\/li>\n<li>Quetschfestigkeit und Elastizit\u00e4t.<\/li>\n<li>Zwei parallele Stahldr\u00e4hte sorgen f\u00fcr Zugfestigkeit<\/li>\n<li>Kleiner Durchmesser, geringes Gewicht und einfache Installation<\/li>\n<li>Lange Lieferfristen<\/li>\n<li>PSP-verst\u00e4rkende Feuchtigkeitsbest\u00e4ndigkeit<\/li>\n<\/ul>\n<h2 style=\"text-align: left; font-size: 18px;\"><strong>Anmeldung<\/strong><\/h2>\n<p>Wildes H\u00e4ngen \u00fcber Kopf<\/p>\n<h2 style=\"text-align: left; font-size: 18px;\"><strong>Schutz<\/strong><\/h2>\n<p>UV-Best\u00e4ndigkeit; wasserdicht; feuchtigkeitsbest\u00e4ndig; hohe Zugfestigkeit<\/p>\n<h2 style=\"text-align: left; font-size: 18px;\"><strong>Suchen Sie nach weiteren gepanzerten Glasfaserkabeln zur Auswahl?<\/strong><\/h2>\n<p>Suchen Sie nach einer gr\u00f6\u00dferen Auswahl an armierten Glasfaserkabeln? Sehen Sie sich unser<a href=\"https:\/\/www.bonelinks.com\/de\/armored-optical-fiber-cable\/\" target=\"_blank\" rel=\"noopener\"><strong><span style=\"color: #0054a6;\"> Gepanzerte Glasfaserkabel <\/span><\/strong><\/a>f\u00fcr nahtlose Vernetzung. Wenn Sie Glasfaserkabel ben\u00f6tigen, die f\u00fcr Ihre speziellen Anforderungen ma\u00dfgeschneidert sind, werfen Sie einen Blick auf unsere<a href=\"https:\/\/www.bonelinks.com\/de\/custom-fiber-optic-cables\/\" target=\"_blank\" rel=\"noopener\"><strong><span style=\"color: #0054a6;\"> Kundenspezifische Glasfaserkabel <\/span><\/strong><\/a>f\u00fcr individuelle Konnektivit\u00e4tsl\u00f6sungen.<\/p>\n","protected":false},"excerpt":{"rendered":"<p>Das gepanzerte Glasfaserkabel GYTY53 ist ein Glasfaserkabel f\u00fcr den Au\u00dfenbereich, das sich f\u00fcr die rauen Umgebungsbedingungen bei der Verlegung von Pipelines, der direkten Erdverlegung und der Verwendung \u00fcber Kopf eignet. Der doppelte PE-Mantel und die PSP-Stahlbandumwicklung sorgen daf\u00fcr, dass dieses B\u00fcndeladerkabel f\u00fcr den Au\u00dfenbereich nicht nur antistatisch ist und eine gute Druckbest\u00e4ndigkeit aufweist, sondern auch verhindert, dass Tiere im Feld die interne Faser zerrei\u00dfen und besch\u00e4digen. Je nach den Anforderungen an die Verbindung der verschiedenen Bereiche und die Anzahl der Benutzer entwirft und produziert Bonlinks das gepanzerte GYTY53-Glasfaserkabel f\u00fcr den Au\u00dfenbereich mit einer minimalen Aderzahl von 2 Adern und einer maximalen Aderzahl von 216 Adern und kann verschiedene Spulenl\u00e4ngen entsprechend der tats\u00e4chlichen Belastung und den Verkabelungsanforderungen herstellen.<\/p>\n","protected":false},"featured_media":13451,"template":"","meta":{"site-sidebar-layout":"default","site-content-layout":"default","ast-site-content-layout":"default","site-content-style":"default","site-sidebar-style":"default","ast-global-header-display":"","ast-banner-title-visibility":"","ast-main-header-display":"","ast-hfb-above-header-display":"","ast-hfb-below-header-display":"","ast-hfb-mobile-header-display":"","site-post-title":"","ast-breadcrumbs-content":"","ast-featured-img":"","footer-sml-layout":"","ast-disable-related-posts":"","theme-transparent-header-meta":"default","adv-header-id-meta":"","stick-header-meta":"default","header-above-stick-meta":"","header-main-stick-meta":"","header-below-stick-meta":"","astra-migrate-meta-layouts":"set","ast-page-background-enabled":"default","ast-page-background-meta":{"desktop":{"background-color":"","background-image":"","background-repeat":"repeat","background-position":"center center","background-size":"auto","background-attachment":"scroll","background-type":"","background-media":"","overlay-type":"","overlay-color":"","overlay-opacity":"","overlay-gradient":""},"tablet":{"background-color":"","background-image":"","background-repeat":"repeat","background-position":"center center","background-size":"auto","background-attachment":"scroll","background-type":"","background-media":"","overlay-type":"","overlay-color":"","overlay-opacity":"","overlay-gradient":""},"mobile":{"background-color":"","background-image":"","background-repeat":"repeat","background-position":"center center","background-size":"auto","background-attachment":"scroll","background-type":"","background-media":"","overlay-type":"","overlay-color":"","overlay-opacity":"","overlay-gradient":""}},"ast-content-background-meta":{"desktop":{"background-color":"var(--ast-global-color-5)","background-image":"","background-repeat":"repeat","background-position":"center center","background-size":"auto","background-attachment":"scroll","background-type":"","background-media":"","overlay-type":"","overlay-color":"","overlay-opacity":"","overlay-gradient":""},"tablet":{"background-color":"var(--ast-global-color-5)","background-image":"","background-repeat":"repeat","background-position":"center center","background-size":"auto","background-attachment":"scroll","background-type":"","background-media":"","overlay-type":"","overlay-color":"","overlay-opacity":"","overlay-gradient":""},"mobile":{"background-color":"var(--ast-global-color-5)","background-image":"","background-repeat":"repeat","background-position":"center center","background-size":"auto","background-attachment":"scroll","background-type":"","background-media":"","overlay-type":"","overlay-color":"","overlay-opacity":"","overlay-gradient":""}}},"product_brand":[],"product_cat":[551,515],"product_tag":[],"class_list":{"0":"post-21611","1":"product","2":"type-product","3":"status-publish","4":"has-post-thumbnail","6":"product_cat-direct-buried-fiber-optic-cable-de","7":"product_cat-armored-optical-fiber-cable-de","8":"desktop-align-left","9":"tablet-align-left","10":"mobile-align-left","11":"ast-product-gallery-layout-vertical","12":"ast-product-gallery-with-no-image","13":"ast-product-tabs-layout-vertical","14":"ast-qv-on-image","16":"first","17":"instock","18":"shipping-taxable","19":"product-type-simple"},"_links":{"self":[{"href":"https:\/\/www.bonelinks.com\/de\/wp-json\/wp\/v2\/product\/21611","targetHints":{"allow":["GET"]}}],"collection":[{"href":"https:\/\/www.bonelinks.com\/de\/wp-json\/wp\/v2\/product"}],"about":[{"href":"https:\/\/www.bonelinks.com\/de\/wp-json\/wp\/v2\/types\/product"}],"version-history":[{"count":3,"href":"https:\/\/www.bonelinks.com\/de\/wp-json\/wp\/v2\/product\/21611\/revisions"}],"predecessor-version":[{"id":24966,"href":"https:\/\/www.bonelinks.com\/de\/wp-json\/wp\/v2\/product\/21611\/revisions\/24966"}],"wp:featuredmedia":[{"embeddable":true,"href":"https:\/\/www.bonelinks.com\/de\/wp-json\/wp\/v2\/media\/13451"}],"wp:attachment":[{"href":"https:\/\/www.bonelinks.com\/de\/wp-json\/wp\/v2\/media?parent=21611"}],"wp:term":[{"taxonomy":"product_brand","embeddable":true,"href":"https:\/\/www.bonelinks.com\/de\/wp-json\/wp\/v2\/product_brand?post=21611"},{"taxonomy":"product_cat","embeddable":true,"href":"https:\/\/www.bonelinks.com\/de\/wp-json\/wp\/v2\/product_cat?post=21611"},{"taxonomy":"product_tag","embeddable":true,"href":"https:\/\/www.bonelinks.com\/de\/wp-json\/wp\/v2\/product_tag?post=21611"}],"curies":[{"name":"wp","href":"https:\/\/api.w.org\/{rel}","templated":true}]}}