{"id":21605,"date":"2022-11-20T19:21:55","date_gmt":"2022-11-21T03:21:55","guid":{"rendered":"https:\/\/www.bonelinks.com\/product\/adss-antennen-glasfaserkabel-lieferanten-langstrecke\/"},"modified":"2024-02-04T20:46:40","modified_gmt":"2024-02-05T04:46:40","slug":"adss-aerial-fiber-optic-cable-suppliers-long-span","status":"publish","type":"product","link":"https:\/\/www.bonelinks.com\/de\/product\/adss-aerial-fiber-optic-cable-suppliers-long-span\/","title":{"rendered":"ADSS Antennen-Glasfaserkabel-Lieferanten Langstrecke"},"content":{"rendered":"<h2 style=\"text-align: left; font-size: 18px;\"><strong>Merkmale des ADSS-Langstrecken-Lichtwellenleiterkabels<\/strong><\/h2>\n<ul>\n<li>ADSS-Glasfaserkabel ist die nichtmetallische Struktur<\/li>\n<li>Aramidgarn bietet zugfeste und selbsttragende Eigenschaften<\/li>\n<li>Einzel- oder Doppelmantel unterst\u00fctzt hohe Isolierung und Schutz f\u00fcr ADSS-Fasern<\/li>\n<li>Kleiner Durchmesser und geringes Gewicht, daher einfach zu konstruieren und wirtschaftlich<\/li>\n<li>Lange Spannweite kann \u00fcber 1000m f\u00fcr ADSS-Kabel erf\u00fcllen<\/li>\n<li>Gute Zugfestigkeit und Temperaturbest\u00e4ndigkeit<\/li>\n<\/ul>\n<h2 style=\"text-align: left; font-size: 18px;\"><strong>Anwendungen von ADSS-Langstrecken-Lichtwellenleiterkabel<\/strong><\/h2>\n<p>Optisches FTTH-Netz, freitragende Antennenkonstruktion<\/p>\n<h2 style=\"text-align: left; font-size: 18px;\"><strong>Suchen Sie nach weiteren ADSS-Faserkabeln zur Auswahl?<\/strong><\/h2>\n<p>Suchen Sie nach einer gr\u00f6\u00dferen Auswahl an ADSS-Lichtwellenleitern? Sehen Sie sich unser<a href=\"https:\/\/www.bonelinks.com\/de\/adss-fiber-optic-cable\/\" target=\"_blank\" rel=\"noopener\"><strong><span style=\"color: #0054a6;\"> ADSS-Glasfaserkabel <\/span><\/strong><\/a>f\u00fcr nahtlose Vernetzung. Wenn Sie Glasfaserkabel ben\u00f6tigen, die f\u00fcr Ihre speziellen Anforderungen ma\u00dfgeschneidert sind, werfen Sie einen Blick auf unsere<a href=\"https:\/\/www.bonelinks.com\/de\/custom-fiber-optic-cables\/\" target=\"_blank\" rel=\"noopener\"><strong><span style=\"color: #0054a6;\"> Kundenspezifische Glasfaserkabel <\/span><\/strong><\/a>f\u00fcr individuelle Konnektivit\u00e4tsl\u00f6sungen.<\/p>\n","protected":false},"excerpt":{"rendered":"<p>Das ADSS-Lichtwellenleiterkabel ist ein nichtmetallisches, zugfestes und selbsttragendes Kabel, das f\u00fcr Stromleitungen und FTTH-Antenneninstallationen konzipiert ist. Bei der Installation von Freileitungen wird die Kabell\u00e4nge meist bei der Einrichtung oder Aktualisierung einer Kabeltrasse ber\u00fccksichtigt. Mit zunehmender Spannweite variieren auch die Kabelmaterialien und Spezifikationen. Bonelinks ist ein Anbieter von ADSS-Luft-Glasfaserkabeln, der alle Arten von ADSS-Glasfaserkabeln und Spezifikationen anbietet, von Glasfasern \u00fcber Kabelmaterialien bis hin zu Spannweiten. All dies f\u00fcr die beste L\u00f6sung f\u00fcr die Kommunikationsleitung vor Ort.<\/p>\n","protected":false},"featured_media":15011,"template":"","meta":{"site-sidebar-layout":"default","site-content-layout":"default","ast-site-content-layout":"default","site-content-style":"default","site-sidebar-style":"default","ast-global-header-display":"","ast-banner-title-visibility":"","ast-main-header-display":"","ast-hfb-above-header-display":"","ast-hfb-below-header-display":"","ast-hfb-mobile-header-display":"","site-post-title":"","ast-breadcrumbs-content":"","ast-featured-img":"","footer-sml-layout":"","ast-disable-related-posts":"","theme-transparent-header-meta":"default","adv-header-id-meta":"","stick-header-meta":"default","header-above-stick-meta":"","header-main-stick-meta":"","header-below-stick-meta":"","astra-migrate-meta-layouts":"set","ast-page-background-enabled":"default","ast-page-background-meta":{"desktop":{"background-color":"","background-image":"","background-repeat":"repeat","background-position":"center center","background-size":"auto","background-attachment":"scroll","background-type":"","background-media":"","overlay-type":"","overlay-color":"","overlay-opacity":"","overlay-gradient":""},"tablet":{"background-color":"","background-image":"","background-repeat":"repeat","background-position":"center center","background-size":"auto","background-attachment":"scroll","background-type":"","background-media":"","overlay-type":"","overlay-color":"","overlay-opacity":"","overlay-gradient":""},"mobile":{"background-color":"","background-image":"","background-repeat":"repeat","background-position":"center center","background-size":"auto","background-attachment":"scroll","background-type":"","background-media":"","overlay-type":"","overlay-color":"","overlay-opacity":"","overlay-gradient":""}},"ast-content-background-meta":{"desktop":{"background-color":"var(--ast-global-color-5)","background-image":"","background-repeat":"repeat","background-position":"center center","background-size":"auto","background-attachment":"scroll","background-type":"","background-media":"","overlay-type":"","overlay-color":"","overlay-opacity":"","overlay-gradient":""},"tablet":{"background-color":"var(--ast-global-color-5)","background-image":"","background-repeat":"repeat","background-position":"center center","background-size":"auto","background-attachment":"scroll","background-type":"","background-media":"","overlay-type":"","overlay-color":"","overlay-opacity":"","overlay-gradient":""},"mobile":{"background-color":"var(--ast-global-color-5)","background-image":"","background-repeat":"repeat","background-position":"center center","background-size":"auto","background-attachment":"scroll","background-type":"","background-media":"","overlay-type":"","overlay-color":"","overlay-opacity":"","overlay-gradient":""}}},"product_brand":[],"product_cat":[548,516,212],"product_tag":[],"class_list":{"0":"post-21605","1":"product","2":"type-product","3":"status-publish","4":"has-post-thumbnail","6":"product_cat-adss-fiber-optic-cable-de","7":"product_cat-aerial-fiber-optic-cable-de","8":"product_cat-outdoor-fiber-optic-cable-de","9":"desktop-align-left","10":"tablet-align-left","11":"mobile-align-left","12":"ast-product-gallery-layout-vertical","13":"ast-product-gallery-with-no-image","14":"ast-product-tabs-layout-vertical","15":"ast-qv-on-image","17":"first","18":"instock","19":"shipping-taxable","20":"product-type-simple"},"_links":{"self":[{"href":"https:\/\/www.bonelinks.com\/de\/wp-json\/wp\/v2\/product\/21605","targetHints":{"allow":["GET"]}}],"collection":[{"href":"https:\/\/www.bonelinks.com\/de\/wp-json\/wp\/v2\/product"}],"about":[{"href":"https:\/\/www.bonelinks.com\/de\/wp-json\/wp\/v2\/types\/product"}],"version-history":[{"count":3,"href":"https:\/\/www.bonelinks.com\/de\/wp-json\/wp\/v2\/product\/21605\/revisions"}],"predecessor-version":[{"id":24980,"href":"https:\/\/www.bonelinks.com\/de\/wp-json\/wp\/v2\/product\/21605\/revisions\/24980"}],"wp:featuredmedia":[{"embeddable":true,"href":"https:\/\/www.bonelinks.com\/de\/wp-json\/wp\/v2\/media\/15011"}],"wp:attachment":[{"href":"https:\/\/www.bonelinks.com\/de\/wp-json\/wp\/v2\/media?parent=21605"}],"wp:term":[{"taxonomy":"product_brand","embeddable":true,"href":"https:\/\/www.bonelinks.com\/de\/wp-json\/wp\/v2\/product_brand?post=21605"},{"taxonomy":"product_cat","embeddable":true,"href":"https:\/\/www.bonelinks.com\/de\/wp-json\/wp\/v2\/product_cat?post=21605"},{"taxonomy":"product_tag","embeddable":true,"href":"https:\/\/www.bonelinks.com\/de\/wp-json\/wp\/v2\/product_tag?post=21605"}],"curies":[{"name":"wp","href":"https:\/\/api.w.org\/{rel}","templated":true}]}}