{"id":21597,"date":"2022-11-21T22:19:20","date_gmt":"2022-11-22T06:19:20","guid":{"rendered":"https:\/\/www.bonelinks.com\/product\/breakout-dichtes-puffer-glasfaserkabel-innenverteilerkabel\/"},"modified":"2024-02-02T18:56:07","modified_gmt":"2024-02-03T02:56:07","slug":"breakout-tight-buffer-fiber-optical-cable-indoor-distribution-cable","status":"publish","type":"product","link":"https:\/\/www.bonelinks.com\/de\/product\/breakout-tight-buffer-fiber-optical-cable-indoor-distribution-cable\/","title":{"rendered":"Breakout Dichtes Puffer-Glasfaserkabel Innenverteilerkabel"},"content":{"rendered":"<h2 style=\"text-align: left; font-size: 18px;\"><strong>Eigenschaften<\/strong><\/h2>\n<ul>\n<li>Enge Pufferfasern, die sich leicht abziehen lassen<\/li>\n<li>Enge Pufferfasern haben eine ausgezeichnete falterhemmende Wirkung<\/li>\n<li>Aramidgarn als Festigkeitstr\u00e4ger verleiht dem Kabel eine ausgezeichnete Zugfestigkeit<\/li>\n<li>Der Mantel ist korrosionsbest\u00e4ndig, wasserabweisend, gegen ultraviolette Strahlung gesch\u00fctzt, flammhemmend und unsch\u00e4dlich f\u00fcr die Umwelt.<\/li>\n<li>Flache Struktur gew\u00e4hrleistet kompakte Anordnung der Fasern<\/li>\n<li>Die dielektrische Struktur sch\u00fctzt vor elektromagnetischen Einfl\u00fcssen<\/li>\n<\/ul>\n<h2 style=\"text-align: left; font-size: 18px;\"><strong>Anmeldung<\/strong><\/h2>\n<p>Vertriebsnetz; Geb\u00e4ude; Einkaufszentrum<\/p>\n<h2 style=\"text-align: left; font-size: 18px;\"><strong>Schutz<\/strong><\/h2>\n<p>UV-Best\u00e4ndigkeit; Flammenbest\u00e4ndigkeit; Feuchtigkeitsresistenz<\/p>\n<h2 style=\"text-align: left; font-size: 18px;\"><strong>Suchen Sie nach weiteren Glasfaserkabeln zur Auswahl?<\/strong><\/h2>\n<p>Sind Sie auf der Suche nach einer gr\u00f6\u00dferen Auswahl an Glasfaserkabeln? Sehen Sie sich unser<a href=\"https:\/\/www.bonelinks.com\/de\/products\/breakout-fiber-cable-de\/\" target=\"_blank\" rel=\"noopener\"><strong><span style=\"color: #0054a6;\"> Breakout-Glasfaserkabel, <\/span><\/strong><\/a><a href=\"https:\/\/www.bonelinks.com\/de\/products\/tight-buffer-fiber-optic-cable-de\/\" target=\"_blank\" rel=\"noopener\"><strong><span style=\"color: #0054a6;\">Tight Buffer Glasfaserkabel <\/span><\/strong><\/a>f\u00fcr nahtlose Vernetzung. Wenn Sie Glasfaserkabel ben\u00f6tigen, die f\u00fcr Ihre speziellen Anforderungen ma\u00dfgeschneidert sind, werfen Sie einen Blick auf unsere<a href=\"https:\/\/www.bonelinks.com\/de\/custom-fiber-optic-cables\/\" target=\"_blank\" rel=\"noopener\"><strong><span style=\"color: #0054a6;\"> Kundenspezifische Glasfaserkabel <\/span><\/strong><\/a>f\u00fcr individuelle Konnektivit\u00e4tsl\u00f6sungen.<\/p>\n","protected":false},"excerpt":{"rendered":"<p>Als Verteilerkabel wird das GJPFJH Breakout-Tight-Buffer-Glasfaserkabel haupts\u00e4chlich f\u00fcr die Verbindung von einem optischen Schrank zu einem Verteilerkastenabschnitt oder einem Geb\u00e4udeverkabelungsnetzwerk verwendet. Abh\u00e4ngig von der Anzahl der Zugangsknoten und der Einsatzumgebung kann Bonelinks GJPFJH-Innenkabel mit mindestens 24 Adern und maximal 104 Adern entwickeln und produzieren.<\/p>\n","protected":false},"featured_media":13646,"template":"","meta":{"site-sidebar-layout":"default","site-content-layout":"default","ast-site-content-layout":"default","site-content-style":"default","site-sidebar-style":"default","ast-global-header-display":"","ast-banner-title-visibility":"","ast-main-header-display":"","ast-hfb-above-header-display":"","ast-hfb-below-header-display":"","ast-hfb-mobile-header-display":"","site-post-title":"","ast-breadcrumbs-content":"","ast-featured-img":"","footer-sml-layout":"","ast-disable-related-posts":"","theme-transparent-header-meta":"default","adv-header-id-meta":"","stick-header-meta":"default","header-above-stick-meta":"","header-main-stick-meta":"","header-below-stick-meta":"","astra-migrate-meta-layouts":"set","ast-page-background-enabled":"default","ast-page-background-meta":{"desktop":{"background-color":"","background-image":"","background-repeat":"repeat","background-position":"center center","background-size":"auto","background-attachment":"scroll","background-type":"","background-media":"","overlay-type":"","overlay-color":"","overlay-opacity":"","overlay-gradient":""},"tablet":{"background-color":"","background-image":"","background-repeat":"repeat","background-position":"center center","background-size":"auto","background-attachment":"scroll","background-type":"","background-media":"","overlay-type":"","overlay-color":"","overlay-opacity":"","overlay-gradient":""},"mobile":{"background-color":"","background-image":"","background-repeat":"repeat","background-position":"center center","background-size":"auto","background-attachment":"scroll","background-type":"","background-media":"","overlay-type":"","overlay-color":"","overlay-opacity":"","overlay-gradient":""}},"ast-content-background-meta":{"desktop":{"background-color":"var(--ast-global-color-5)","background-image":"","background-repeat":"repeat","background-position":"center center","background-size":"auto","background-attachment":"scroll","background-type":"","background-media":"","overlay-type":"","overlay-color":"","overlay-opacity":"","overlay-gradient":""},"tablet":{"background-color":"var(--ast-global-color-5)","background-image":"","background-repeat":"repeat","background-position":"center center","background-size":"auto","background-attachment":"scroll","background-type":"","background-media":"","overlay-type":"","overlay-color":"","overlay-opacity":"","overlay-gradient":""},"mobile":{"background-color":"var(--ast-global-color-5)","background-image":"","background-repeat":"repeat","background-position":"center center","background-size":"auto","background-attachment":"scroll","background-type":"","background-media":"","overlay-type":"","overlay-color":"","overlay-opacity":"","overlay-gradient":""}}},"product_brand":[],"product_cat":[539,540,235],"product_tag":[],"class_list":{"0":"post-21597","1":"product","2":"type-product","3":"status-publish","4":"has-post-thumbnail","6":"product_cat-tight-buffer-fiber-optic-cable-de","7":"product_cat-breakout-fiber-cable-de","8":"product_cat-indoor-fiber-optic-cable-de","9":"desktop-align-left","10":"tablet-align-left","11":"mobile-align-left","12":"ast-product-gallery-layout-vertical","13":"ast-product-gallery-with-no-image","14":"ast-product-tabs-layout-vertical","15":"ast-qv-on-image","17":"first","18":"instock","19":"shipping-taxable","20":"product-type-simple"},"_links":{"self":[{"href":"https:\/\/www.bonelinks.com\/de\/wp-json\/wp\/v2\/product\/21597","targetHints":{"allow":["GET"]}}],"collection":[{"href":"https:\/\/www.bonelinks.com\/de\/wp-json\/wp\/v2\/product"}],"about":[{"href":"https:\/\/www.bonelinks.com\/de\/wp-json\/wp\/v2\/types\/product"}],"version-history":[{"count":3,"href":"https:\/\/www.bonelinks.com\/de\/wp-json\/wp\/v2\/product\/21597\/revisions"}],"predecessor-version":[{"id":24970,"href":"https:\/\/www.bonelinks.com\/de\/wp-json\/wp\/v2\/product\/21597\/revisions\/24970"}],"wp:featuredmedia":[{"embeddable":true,"href":"https:\/\/www.bonelinks.com\/de\/wp-json\/wp\/v2\/media\/13646"}],"wp:attachment":[{"href":"https:\/\/www.bonelinks.com\/de\/wp-json\/wp\/v2\/media?parent=21597"}],"wp:term":[{"taxonomy":"product_brand","embeddable":true,"href":"https:\/\/www.bonelinks.com\/de\/wp-json\/wp\/v2\/product_brand?post=21597"},{"taxonomy":"product_cat","embeddable":true,"href":"https:\/\/www.bonelinks.com\/de\/wp-json\/wp\/v2\/product_cat?post=21597"},{"taxonomy":"product_tag","embeddable":true,"href":"https:\/\/www.bonelinks.com\/de\/wp-json\/wp\/v2\/product_tag?post=21597"}],"curies":[{"name":"wp","href":"https:\/\/api.w.org\/{rel}","templated":true}]}}