{"id":21572,"date":"2023-01-07T23:28:28","date_gmt":"2023-01-08T07:28:28","guid":{"rendered":"https:\/\/www.bonelinks.com\/product\/lc-lc-patchkabel\/"},"modified":"2024-02-02T18:45:49","modified_gmt":"2024-02-03T02:45:49","slug":"lc-to-lc-fiber-patch-cables","status":"publish","type":"product","link":"https:\/\/www.bonelinks.com\/de\/product\/lc-to-lc-fiber-patch-cables\/","title":{"rendered":"LC LC Patchkabel"},"content":{"rendered":"<h1 style=\"text-align: left; font-size: 18px;\"><strong>LC zu LC Glasfaser Patchkabel<\/strong><\/h1>\n<p>LC LC-Patchkabel gibt es in zwei Ausf\u00fchrungen: Simplex und Duplex. Das Simplex-LC-LC-Patchkabel wird f\u00fcr Einkanalverbindungen verwendet, w\u00e4hrend das Duplex-LC-LC-Patchkabel f\u00fcr Zweikanalverbindungen verwendet wird, um eine stabile Signal\u00fcbertragung und einen stabilen Empfang zu gew\u00e4hrleisten.<\/p>\n<p><img fetchpriority=\"high\" decoding=\"async\" class=\"alignnone wp-image-7117\" src=\"https:\/\/www.bonelinks.com\/wp-content\/uploads\/2023\/01\/simplex-duplex-LC-patch-cord.jpg\" alt=\"Simplex-Duplex-LC-Patchkabel\" width=\"400\" height=\"234\" srcset=\"https:\/\/www.bonelinks.com\/wp-content\/uploads\/2023\/01\/simplex-duplex-LC-patch-cord.jpg 1024w, https:\/\/www.bonelinks.com\/wp-content\/uploads\/2023\/01\/simplex-duplex-LC-patch-cord-300x176.jpg 300w, https:\/\/www.bonelinks.com\/wp-content\/uploads\/2023\/01\/simplex-duplex-LC-patch-cord-768x450.jpg 768w, https:\/\/www.bonelinks.com\/wp-content\/uploads\/2023\/01\/simplex-duplex-LC-patch-cord-650x381.jpg 650w\" sizes=\"(max-width: 400px) 100vw, 400px\" \/><\/p>\n<p>F\u00fcr Singlemode-Verbindungen verwenden Sie herk\u00f6mmliche LC-LC-Patchkabel mit G652D oder G657 Glasfaserkabel und schlie\u00dfen die LCUPC-Endfl\u00e4che mit einem blauen Geh\u00e4use oder LCAPC mit einem gr\u00fcnen Geh\u00e4use ab. F\u00fcr Multimode-Verbindungen verwenden die LC-Patchkabel OM2, OM3 oder OM4 Glasfaserkabel und konfektionieren die LCUPC-Endfl\u00e4che je nach Anwendung mit einem beigen, aquagr\u00fcnen oder rosaroten Geh\u00e4use.<\/p>\n<p><img decoding=\"async\" class=\"alignnone wp-image-7097\" src=\"https:\/\/www.bonelinks.com\/wp-content\/uploads\/2023\/06\/LC-UPC.jpg\" alt=\"LC UPC\" width=\"400\" height=\"197\" srcset=\"https:\/\/www.bonelinks.com\/wp-content\/uploads\/2023\/06\/LC-UPC.jpg 581w, https:\/\/www.bonelinks.com\/wp-content\/uploads\/2023\/06\/LC-UPC-300x148.jpg 300w\" sizes=\"(max-width: 400px) 100vw, 400px\" \/><img decoding=\"async\" class=\"alignnone wp-image-7115\" src=\"https:\/\/www.bonelinks.com\/wp-content\/uploads\/2023\/01\/LC-APC.jpg\" alt=\"LC APC\" width=\"400\" height=\"208\" srcset=\"https:\/\/www.bonelinks.com\/wp-content\/uploads\/2023\/01\/LC-APC.jpg 370w, https:\/\/www.bonelinks.com\/wp-content\/uploads\/2023\/01\/LC-APC-300x156.jpg 300w\" sizes=\"(max-width: 400px) 100vw, 400px\" \/><\/p>\n<p>Bonelinks hat einen strengen Kontrollprozess, um die beste Lichtreflexion und Signal\u00fcbertragung zu gew\u00e4hrleisten, mit strengen Tests der Faserd\u00e4mpfungswerte, der Kabelspannung und der Feuerbest\u00e4ndigkeit des Mantels. Die Testergebnisse werden aufgezeichnet und auf der Verpackung des Patchkabels aufgedruckt, damit sie bei der Installation leicht zu finden sind. Kundenspezifische Druck- und Farboptionen f\u00fcr den Kabelmantel sind ebenfalls erh\u00e4ltlich, um die Anforderungen an die Markenwiedererkennung zu erf\u00fcllen.<\/p>\n<table>\n<tbody>\n<tr>\n<th class=\"header\">LC LC Patchkabel<\/th>\n<th class=\"header\">OS2 Glasfaser LC auf LC<\/th>\n<th class=\"header\">OM3 Faser LC auf LC<\/th>\n<th class=\"header\">OM4 Faser LC auf LC<\/th>\n<\/tr>\n<tr>\n<td>Anzahl der Fasern<\/td>\n<td>simplex, duplex<\/td>\n<td>simplex, duplex<\/td>\n<td>simplex, duplex<\/td>\n<\/tr>\n<tr>\n<td>Faser-Modus<\/td>\n<td>SingleMode<\/td>\n<td>Multimode<\/td>\n<td>Multimode<\/td>\n<\/tr>\n<tr>\n<td>Datenrate<\/td>\n<td>1G\/10GB<\/td>\n<td>10G\/40G\/100GB<\/td>\n<td>10G\/40G\/100GB<\/td>\n<\/tr>\n<tr>\n<td>Anschluss<\/td>\n<td>LC UPC\/APC zu LC UPC\/APC<\/td>\n<td>LC UPC zu LC UPC<\/td>\n<td>LC UPC zu LC UPC<\/td>\n<\/tr>\n<tr>\n<td>Einf\u00fcged\u00e4mpfung<\/td>\n<td>\u22640,3dB<\/td>\n<td>\u22640,3dB<\/td>\n<td>\u22640,3dB<\/td>\n<\/tr>\n<tr>\n<td>R\u00fcckflussd\u00e4mpfung<\/td>\n<td>UPC\u226550dB, APC\u226560dB<\/td>\n<td>UPC\u226530dB<\/td>\n<td>UPC\u226530dB<\/td>\n<\/tr>\n<tr>\n<td>L\u00e4nge<\/td>\n<td>1m, 2m, 3m, 5m, 10m oder kundenspezifisch<\/td>\n<td>1m, 2m, 3m, 5m, 10m oder kundenspezifisch<\/td>\n<td>1m, 2m, 3m, 5m, 10m oder kundenspezifisch<\/td>\n<\/tr>\n<tr>\n<td>Jacke<\/td>\n<td>LSZH, OFNR, PVC<\/td>\n<td>LSZH, OFNR, PVC<\/td>\n<td>LSZH, OFNR, PVC<\/td>\n<\/tr>\n<\/tbody>\n<\/table>\n<p><img loading=\"lazy\" decoding=\"async\" class=\"alignnone wp-image-7118\" src=\"https:\/\/www.bonelinks.com\/wp-content\/uploads\/2023\/01\/OS2-OM3-OM4-LC-LC-fiber-patch-cord.jpg\" alt=\"OS2 OM3 OM4 LC LC Glasfaser-Patchkabel\" width=\"500\" height=\"336\" srcset=\"https:\/\/www.bonelinks.com\/wp-content\/uploads\/2023\/01\/OS2-OM3-OM4-LC-LC-fiber-patch-cord.jpg 688w, https:\/\/www.bonelinks.com\/wp-content\/uploads\/2023\/01\/OS2-OM3-OM4-LC-LC-fiber-patch-cord-300x201.jpg 300w, https:\/\/www.bonelinks.com\/wp-content\/uploads\/2023\/01\/OS2-OM3-OM4-LC-LC-fiber-patch-cord-650x436.jpg 650w\" sizes=\"(max-width: 500px) 100vw, 500px\" \/><\/p>\n<h2 style=\"text-align: left; font-size: 18px;\"><strong>Eigenschaften von LC LC Patch Cord<\/strong><\/h2>\n<ul>\n<li>Kompakte Gr\u00f6\u00dfe: LC-Steckverbinder sind im Vergleich zu anderen Arten von Glasfasersteckverbindern kleiner, wodurch LC LC-Patchkabel kompakter sind und sich f\u00fcr Netzwerkumgebungen mit hoher Dichte eignen.<\/li>\n<li>Leichte Handhabung: LC-Steckverbinder sind einfach zu installieren und zu handhaben und erleichtern den Technikern das Anschlie\u00dfen und Trennen von Ger\u00e4ten.<\/li>\n<li>Hochgeschwindigkeits-Daten\u00fcbertragung: LC LC-Patchkabel unterst\u00fctzen Hochgeschwindigkeits-Daten\u00fcbertragungsraten und sind daher ideal f\u00fcr den Einsatz in Rechenzentren und LAN-Umgebungen.<\/li>\n<li>Geringe Einf\u00fcgungsd\u00e4mpfung: LC-Steckverbinder haben eine niedrige Einf\u00fcgungsd\u00e4mpfung, die dazu beitr\u00e4gt, Signalverluste zu minimieren und die Qualit\u00e4t des Signals \u00fcber die gesamte L\u00e4nge des Kabels aufrechtzuerhalten.<\/li>\n<li>Langlebigkeit: LC-Steckverbinder sind so konzipiert, dass sie langlebig und zuverl\u00e4ssig sind und h\u00e4ufiges Ein- und Ausstecken verkraften.<\/li>\n<li>Vielseitigkeit: LC LC-Patchkabel sind sowohl in Singlemode- als auch in Multimode-Ausf\u00fchrung erh\u00e4ltlich und eignen sich daher f\u00fcr den Einsatz in einer Vielzahl von Glasfasernetzen.<\/li>\n<li>Kosteng\u00fcnstig: LC-LC-Patchkabel sind im Vergleich zu anderen Arten von Glasfaserkabeln relativ preiswert, was sie zu einer kosteng\u00fcnstigen L\u00f6sung f\u00fcr den Anschluss von Glasfaserger\u00e4ten macht.<\/li>\n<\/ul>\n<h2 style=\"text-align: left; font-size: 18px;\"><strong>Anwendungen von LC LC Patch Cord<\/strong><\/h2>\n<ul>\n<li>Datenzentren: LC LC-Patchkabel werden h\u00e4ufig in Datenzentren f\u00fcr den Anschluss von Switches, Servern und Speicherger\u00e4ten verwendet.<\/li>\n<li>Lokale Netzwerke (LANs): LC-LC-Patchkabel werden in LANs verwendet, um Switches, Router und andere Netzwerkger\u00e4te zu verbinden.<\/li>\n<li>Fiber to the Home (FTTH) und Fiber to the x (FTTx) Netzwerke: LC-zu-LC-Patchkabel werden in FTTH- und FTTx-Netzwerken verwendet, um optische Netzwerkterminals (ONTs) und andere Glasfaserger\u00e4te zu verbinden.<\/li>\n<li>Metropolitan Area Networks (MANs): LC LC-Patchkabel werden in MANs verwendet, um Switches, Router und andere Netzwerkger\u00e4te zu verbinden.<\/li>\n<li>Test- und Messger\u00e4te: LC-zu-LC-Patchkabel werden f\u00fcr den Anschluss von Test- und Messger\u00e4ten im Labor oder im Feld verwendet.<\/li>\n<\/ul>\n<p><img loading=\"lazy\" decoding=\"async\" class=\"alignnone wp-image-7119\" src=\"https:\/\/www.bonelinks.com\/wp-content\/uploads\/2023\/01\/LC-LC-patch-cord-application.jpg\" alt=\"LC LC-Patchkabel Anwendung\" width=\"500\" height=\"500\" srcset=\"https:\/\/www.bonelinks.com\/wp-content\/uploads\/2023\/01\/LC-LC-patch-cord-application.jpg 466w, https:\/\/www.bonelinks.com\/wp-content\/uploads\/2023\/01\/LC-LC-patch-cord-application-300x300.jpg 300w, https:\/\/www.bonelinks.com\/wp-content\/uploads\/2023\/01\/LC-LC-patch-cord-application-80x80.jpg 80w, https:\/\/www.bonelinks.com\/wp-content\/uploads\/2023\/01\/LC-LC-patch-cord-application-100x100.jpg 100w\" sizes=\"(max-width: 500px) 100vw, 500px\" \/><\/p>\n<h2 style=\"text-align: left; font-size: 18px;\"><strong>Suchen Sie nach einer gr\u00f6\u00dferen Auswahl an Glasfaser-Patchkabeln?<\/strong><\/h2>\n<p>M\u00f6chten Sie mehr Optionen f\u00fcr Glasfaser-Patchkabel? Entdecken Sie unsere Auswahl an <span style=\"color: #0054a6;\"><strong><a style=\"color: #0054a6;\" href=\"https:\/\/www.bonelinks.com\/de\/lc-fibre-patch-leads\/\" target=\"_blank\" rel=\"noopener\">LC-Faser-Patchkabeln, <\/a><\/strong><\/span><a title=\"LC zu LC Faser Patchkabel\" href=\"https:\/\/www.bonelinks.com\/de\/lc-to-lc-fiber-patch-cable\/\" target=\"_blank\" rel=\"noopener\"><strong><span style=\"color: #0054a6;\">LC-zu-LC-Glasfaser-Patchkabeln <\/span><\/strong><\/a>f\u00fcr nahtlose Netzwerke.<\/p>\n<p>Sind Sie auf der Suche nach ma\u00dfgeschneiderten und speziell angefertigten Glasfaser-Patchkabeln? Entdecken Sie unseren speziellen Bereich \u00fcber<a href=\"https:\/\/www.bonelinks.com\/de\/custom-fiber-optic-cables\/\" target=\"_blank\" rel=\"noopener\"><span style=\"color: #0054a6;\"><strong> Kundenspezifische Glasfaserkabel <\/strong><\/span><\/a>f\u00fcr ma\u00dfgeschneiderte Konnektivit\u00e4tsl\u00f6sungen.<\/p>\n<ul>\n<li>Einzelhandel oder Gro\u00dfhandel &#8211; wir haben alles f\u00fcr Sie!<\/li>\n<li>Nicht sicher, was Sie kaufen sollen? Wir bieten fachkundige Beratung.<\/li>\n<li>Kleines MOQ: Sie brauchen nicht mehr zu kaufen, als Sie wollen.<\/li>\n<li>Konkurrenzf\u00e4hige Preise: Sie erhalten jedes Mal ein gutes Preis-Leistungs-Verh\u00e4ltnis.<\/li>\n<li>Prompte Lieferung: Ihre Geschwindigkeit, unsere Priorit\u00e4t.<\/li>\n<li>Kundenorientiert: Wir schneiden unsere Dienstleistungen auf Ihre Bed\u00fcrfnisse zu.<\/li>\n<\/ul>\n<p><strong>Verbinden Sie sich mit uns!<\/strong><br \/>\nWenn Sie Probleme bei der Suche nach dem richtigen <span style=\"color: #0054a6;\"><strong><a style=\"color: #0054a6;\" href=\"https:\/\/www.bonelinks.com\/de\/fiber-optic-patch-cord-supplier\/\" target=\"_blank\" rel=\"noopener\">Glasfaser-Patchkabel <\/a><\/strong><\/span>f\u00fcr Ihre Bed\u00fcrfnisse zu finden, oder wenn Sie einen Expertenrat ben\u00f6tigen, k\u00f6nnen Sie mit einem Klick<a href=\"https:\/\/www.bonelinks.com\/de\/contact-us\/\" target=\"_blank\" rel=\"noopener\"><strong><span style=\"color: #0054a6;\"> mit uns chatten <\/span><\/strong><\/a>in Sekundenschnelle. Ihre Zufriedenheit ist unsere Priorit\u00e4t. Wir sind bereit, Sie in jeder Hinsicht zu unterst\u00fctzen. <strong>Keine Sorge, \u00fcberm\u00e4\u00dfiges Nachdenken ist nicht erforderlich. Wir sind hier und bereit, Ihnen zu helfen.<\/strong><\/p>\n","protected":false},"excerpt":{"rendered":"<p>LC LC-Patchkabel sind Glasfaserkabel, die zum Anschluss von Kommunikationsger\u00e4ten verwendet werden. Sie wurden entwickelt, um eine zuverl\u00e4ssige Verbindung zwischen zwei LC-Anschl\u00fcssen (Lucent Connector) herzustellen, die \u00fcblicherweise in Glasfasernetzen verwendet werden. Der LC-Stecker ist ein Stecker mit kleinem Formfaktor, der h\u00e4ufig in Glasfaseranwendungen mit hoher Dichte verwendet wird.<\/p>\n","protected":false},"featured_media":17866,"template":"","meta":{"site-sidebar-layout":"default","site-content-layout":"default","ast-site-content-layout":"default","site-content-style":"default","site-sidebar-style":"default","ast-global-header-display":"","ast-banner-title-visibility":"","ast-main-header-display":"","ast-hfb-above-header-display":"","ast-hfb-below-header-display":"","ast-hfb-mobile-header-display":"","site-post-title":"","ast-breadcrumbs-content":"","ast-featured-img":"","footer-sml-layout":"","ast-disable-related-posts":"","theme-transparent-header-meta":"default","adv-header-id-meta":"","stick-header-meta":"default","header-above-stick-meta":"","header-main-stick-meta":"","header-below-stick-meta":"","astra-migrate-meta-layouts":"set","ast-page-background-enabled":"default","ast-page-background-meta":{"desktop":{"background-color":"","background-image":"","background-repeat":"repeat","background-position":"center center","background-size":"auto","background-attachment":"scroll","background-type":"","background-media":"","overlay-type":"","overlay-color":"","overlay-opacity":"","overlay-gradient":""},"tablet":{"background-color":"","background-image":"","background-repeat":"repeat","background-position":"center center","background-size":"auto","background-attachment":"scroll","background-type":"","background-media":"","overlay-type":"","overlay-color":"","overlay-opacity":"","overlay-gradient":""},"mobile":{"background-color":"","background-image":"","background-repeat":"repeat","background-position":"center center","background-size":"auto","background-attachment":"scroll","background-type":"","background-media":"","overlay-type":"","overlay-color":"","overlay-opacity":"","overlay-gradient":""}},"ast-content-background-meta":{"desktop":{"background-color":"var(--ast-global-color-5)","background-image":"","background-repeat":"repeat","background-position":"center center","background-size":"auto","background-attachment":"scroll","background-type":"","background-media":"","overlay-type":"","overlay-color":"","overlay-opacity":"","overlay-gradient":""},"tablet":{"background-color":"var(--ast-global-color-5)","background-image":"","background-repeat":"repeat","background-position":"center center","background-size":"auto","background-attachment":"scroll","background-type":"","background-media":"","overlay-type":"","overlay-color":"","overlay-opacity":"","overlay-gradient":""},"mobile":{"background-color":"var(--ast-global-color-5)","background-image":"","background-repeat":"repeat","background-position":"center center","background-size":"auto","background-attachment":"scroll","background-type":"","background-media":"","overlay-type":"","overlay-color":"","overlay-opacity":"","overlay-gradient":""}}},"product_brand":[],"product_cat":[228,237],"product_tag":[],"class_list":{"0":"post-21572","1":"product","2":"type-product","3":"status-publish","4":"has-post-thumbnail","6":"product_cat-fiber-patch-cord-de","7":"product_cat-lc-fiber-patch-cord-de","8":"pa_connector-type-lc-lc-de","9":"desktop-align-left","10":"tablet-align-left","11":"mobile-align-left","12":"ast-product-gallery-layout-vertical","13":"ast-product-gallery-with-no-image","14":"ast-product-tabs-layout-vertical","15":"ast-qv-on-image","17":"first","18":"instock","19":"shipping-taxable","20":"product-type-simple"},"_links":{"self":[{"href":"https:\/\/www.bonelinks.com\/de\/wp-json\/wp\/v2\/product\/21572","targetHints":{"allow":["GET"]}}],"collection":[{"href":"https:\/\/www.bonelinks.com\/de\/wp-json\/wp\/v2\/product"}],"about":[{"href":"https:\/\/www.bonelinks.com\/de\/wp-json\/wp\/v2\/types\/product"}],"version-history":[{"count":3,"href":"https:\/\/www.bonelinks.com\/de\/wp-json\/wp\/v2\/product\/21572\/revisions"}],"predecessor-version":[{"id":24958,"href":"https:\/\/www.bonelinks.com\/de\/wp-json\/wp\/v2\/product\/21572\/revisions\/24958"}],"wp:featuredmedia":[{"embeddable":true,"href":"https:\/\/www.bonelinks.com\/de\/wp-json\/wp\/v2\/media\/17866"}],"wp:attachment":[{"href":"https:\/\/www.bonelinks.com\/de\/wp-json\/wp\/v2\/media?parent=21572"}],"wp:term":[{"taxonomy":"product_brand","embeddable":true,"href":"https:\/\/www.bonelinks.com\/de\/wp-json\/wp\/v2\/product_brand?post=21572"},{"taxonomy":"product_cat","embeddable":true,"href":"https:\/\/www.bonelinks.com\/de\/wp-json\/wp\/v2\/product_cat?post=21572"},{"taxonomy":"product_tag","embeddable":true,"href":"https:\/\/www.bonelinks.com\/de\/wp-json\/wp\/v2\/product_tag?post=21572"}],"curies":[{"name":"wp","href":"https:\/\/api.w.org\/{rel}","templated":true}]}}