{"id":21571,"date":"2023-01-07T23:45:36","date_gmt":"2023-01-08T07:45:36","guid":{"rendered":"https:\/\/www.bonelinks.com\/product\/lc-auf-sc-glasfaser-patchkabel\/"},"modified":"2024-02-02T18:43:58","modified_gmt":"2024-02-03T02:43:58","slug":"lc-to-sc-fiber-optic-jumpers","status":"publish","type":"product","link":"https:\/\/www.bonelinks.com\/de\/product\/lc-to-sc-fiber-optic-jumpers\/","title":{"rendered":"LC auf SC Glasfaser Patchkabel"},"content":{"rendered":"<h1 style=\"text-align: left; font-size: 18px;\"><strong>LC auf SC Glasfaser Patchkabel f\u00fcr zuverl\u00e4ssige Datenkommunikation<\/strong><\/h1>\n<p>Suchen Sie ein zuverl\u00e4ssiges und hochwertiges Glasfaser-Patchkabel? Suchen Sie nicht weiter als das LC zu SC Glasfaser-Patchkabel von Bonelinks. Dieses Patchkabel besteht aus erstklassigen Glasfasern und verf\u00fcgt \u00fcber einen robusten Au\u00dfenmantel, der die Fasern vor Sch\u00e4den sch\u00fctzt. Die Steckverbinder sind fachm\u00e4nnisch gefertigt, um eine starke und stabile Verbindung zu gew\u00e4hrleisten, die die Gefahr von Signalverlusten minimiert und eine gleichbleibende Leistung garantiert.<\/p>\n<p>Erh\u00e4ltlich in zwei verschiedenen Frequenzb\u00e4ndern &#8211; 1310\/1550nm und 850nm &#8211; sind diese LC-zu-SC-Patchkabel in einer Vielzahl von Ummantelungen erh\u00e4ltlich. Die 1310\/1550nm-Patchkabel verf\u00fcgen \u00fcber einen flexiblen gelben PVC- oder LSZH-Mantel, der flammhemmend ist. Die 850-nm-Patchkabel haben einen hochwertigen OM3- oder OM4-Mantel aus LSZH oder OFNP, der flammhemmend ist und sich f\u00fcr den Einsatz in Innenr\u00e4umen eignet.<\/p>\n<p>Bei der Auswahl eines LC-zu-SC-Glasfaser-Patchkabels ist es wichtig, ein Kabel zu w\u00e4hlen, das den Industrienormen wie TIA\/EIA-568-C.3 entspricht. Unser Glasfaser-Patchkabel gew\u00e4hrleistet die Kompatibilit\u00e4t mit einer Vielzahl von Ger\u00e4ten und erm\u00f6glicht es dem Kabel, sein volles Potenzial zu entfalten.<\/p>\n<p>Dank der auf den Patchkabeln aufgedruckten Angaben zu Kabeltyp, L\u00e4nge und Material k\u00f6nnen Sie das ben\u00f6tigte Kabel leicht identifizieren. Und falls gew\u00fcnscht, kann Bonelinks den Aufdruck mit dem Namen Ihres Unternehmens oder Ihrer Marke versehen.<\/p>\n<h2 style=\"text-align: left; font-size: 18px;\"><strong>Meistverkauftes LC zu SC Glasfaser Patchkabel bei Bonelinks<\/strong><\/h2>\n<table width=\"896\">\n<tbody>\n<tr>\n<td width=\"124\"><strong>LC auf SC Glasfaser Patchkabel<\/strong><\/td>\n<td width=\"193\"><strong>OS2 Glasfaser LC auf SC<\/strong><\/td>\n<td width=\"193\"><strong>OM2 Faser LC auf SC<\/strong><\/td>\n<td width=\"193\"><strong>OM3 Faser LC auf SC<\/strong><\/td>\n<td width=\"193\"><strong>OM4 Faser LC auf SC<\/strong><\/td>\n<\/tr>\n<tr>\n<td width=\"124\">Faser-Modus<\/td>\n<td width=\"193\">SingleMode<\/td>\n<td width=\"193\">Multimode<\/td>\n<td width=\"193\">Multimode<\/td>\n<td width=\"193\">Multimode<\/td>\n<\/tr>\n<tr>\n<td width=\"124\">Datenrate<\/td>\n<td width=\"193\">1G\/10GB<\/td>\n<td width=\"193\">1G\/10GB<\/td>\n<td width=\"193\">10G\/40G\/100GB<\/td>\n<td width=\"193\">10G\/40G\/100GB<\/td>\n<\/tr>\n<tr>\n<td width=\"124\">Anschluss<\/td>\n<td width=\"193\">LC\/UPC zu SC\/UPC<\/td>\n<td width=\"193\">LC\/UPC zu SC\/UPC<\/td>\n<td width=\"193\">LC\/UPC zu SC\/UPC<\/td>\n<td width=\"193\">LC\/UPC zu SC\/UPC<\/td>\n<\/tr>\n<tr>\n<td width=\"124\">Einf\u00fcged\u00e4mpfung<\/td>\n<td width=\"193\">\u22640,3dB<\/td>\n<td width=\"193\">\u22640,3dB<\/td>\n<td width=\"193\">\u22640,3dB<\/td>\n<td width=\"193\">\u22640,3dB<\/td>\n<\/tr>\n<tr>\n<td width=\"124\">R\u00fcckflussd\u00e4mpfung<\/td>\n<td width=\"193\">\u226550dB<\/td>\n<td width=\"193\">\u226530dB<\/td>\n<td width=\"193\">\u226530dB<\/td>\n<td width=\"193\">\u226530dB<\/td>\n<\/tr>\n<tr>\n<td width=\"124\">LSZH Jacke<\/td>\n<td width=\"193\">\u2713<\/td>\n<td width=\"193\">\u2713<\/td>\n<td width=\"193\">\u2713<\/td>\n<td width=\"193\">\u2713<\/td>\n<\/tr>\n<\/tbody>\n<\/table>\n<h2 style=\"text-align: left; font-size: 18px;\"><strong><img fetchpriority=\"high\" decoding=\"async\" class=\"alignnone size-full wp-image-7283\" src=\"https:\/\/www.bonelinks.com\/wp-content\/uploads\/2023\/01\/sc-lc-patch-cord.jpg\" alt=\"sc lc patch cord\" width=\"702\" height=\"351\" srcset=\"https:\/\/www.bonelinks.com\/wp-content\/uploads\/2023\/01\/sc-lc-patch-cord.jpg 702w, https:\/\/www.bonelinks.com\/wp-content\/uploads\/2023\/01\/sc-lc-patch-cord-300x150.jpg 300w, https:\/\/www.bonelinks.com\/wp-content\/uploads\/2023\/01\/sc-lc-patch-cord-650x325.jpg 650w\" sizes=\"(max-width: 702px) 100vw, 702px\" \/><\/strong><\/h2>\n<h2 style=\"text-align: left; font-size: 18px;\"><strong><br \/>\nEigenschaften von LC zu SC Fiber Patch Cord<\/strong><\/h2>\n<ul>\n<li>Hochgeschwindigkeits-Daten\u00fcbertragung: LC-zu-SC-Glasfaser-Patchkabel bieten eine Hochgeschwindigkeits-Daten\u00fcbertragung, die eine schnelle und effiziente Daten\u00fcbertragung in einem Glasfasernetzwerk erm\u00f6glicht.<\/li>\n<li>Langlebigkeit: Die Steckverbinder des LC-zu-SC-Glasfaser-Patchkabels sind aus hochwertigen Materialien gefertigt, die die Haltbarkeit und Langlebigkeit des Kabels gew\u00e4hrleisten.<\/li>\n<li>Geringer Verlust: Das LC-zu-SC-Glasfaser-Patchkabel ist so konzipiert, dass es einen geringen Einf\u00fcgungsverlust aufweist, was den Signalverlust bei der Daten\u00fcbertragung minimiert.<\/li>\n<li>Hochwertige Optik: Die in dem LC-zu-SC-Glasfaser-Patchkabel verwendeten Glasfasern sind von hoher Qualit\u00e4t und bieten eine hervorragende optische Leistung und Zuverl\u00e4ssigkeit.<\/li>\n<\/ul>\n<h2 style=\"text-align: left; font-size: 18px;\"><strong>Anwendungen von LC zu SC Fiber Patch Cord<\/strong><\/h2>\n<ul>\n<li>Datenzentren: LC-zu-SC-Glasfaser-Patchkabel werden h\u00e4ufig in Datenzentren verwendet, um optische Ger\u00e4te wie Switches und Router zu verbinden.<\/li>\n<li>Telekommunikationsnetze: LC-zu-SC-Glasfaser-Patchkabel werden in Telekommunikationsnetzen verwendet, um optische Transceiver und andere optische Ger\u00e4te zu verbinden.<\/li>\n<li>Unternehmensnetzwerke: LC-zu-SC-Glasfaser-Patchkabel werden in Unternehmensnetzwerken verwendet, um Ger\u00e4te zu verbinden und Hochgeschwindigkeitsdaten zu \u00fcbertragen.<\/li>\n<li>Fiber to the Home (FTTH) Netzwerke: LC-zu-SC-Glasfaser-Patchkabel werden in FTTH-Netzen verwendet, um optische Ger\u00e4te anzuschlie\u00dfen und den Haushalten einen Hochgeschwindigkeits-Internetzugang zu bieten.<\/li>\n<\/ul>\n<h2 style=\"text-align: left; font-size: 18px;\"><strong>Suchen Sie nach einer gr\u00f6\u00dferen Auswahl an Glasfaser-Patchkabeln?<\/strong><\/h2>\n<p>M\u00f6chten Sie mehr Optionen f\u00fcr Glasfaser-Patchkabel? Entdecken Sie unsere Auswahl an <span style=\"color: #0054a6;\"><strong><a style=\"color: #0054a6;\" href=\"https:\/\/www.bonelinks.com\/de\/lc-fibre-patch-leads\/\" target=\"_blank\" rel=\"noopener\">LC-Faser-Patchkabeln, <\/a><\/strong><\/span><a title=\"SC-Faser-Patchkabel\" href=\"https:\/\/www.bonelinks.com\/de\/sc-fibre-patch-leads\/\" target=\"_blank\" rel=\"noopener\"><strong><span style=\"color: #0054a6;\">SC-Faser-Patchkabel, <\/span><\/strong><\/a><strong><span style=\"color: #0054a6;\"><a style=\"color: #0054a6;\" href=\"https:\/\/www.bonelinks.com\/de\/lc-to-sc-fiber-cables\/\" target=\"_blank\" rel=\"noopener\">SC-LC-Glasfaser-Patch-Kabeln <\/a><\/span><\/strong>f\u00fcr nahtlose Netzwerke.<\/p>\n<p>Sind Sie auf der Suche nach ma\u00dfgeschneiderten und speziell angefertigten Glasfaser-Patchkabeln? Entdecken Sie unseren speziellen Bereich \u00fcber<a href=\"https:\/\/www.bonelinks.com\/de\/custom-fiber-optic-cables\/\" target=\"_blank\" rel=\"noopener\"><span style=\"color: #0054a6;\"><strong> Kundenspezifische Glasfaserkabel <\/strong><\/span><\/a>f\u00fcr ma\u00dfgeschneiderte Konnektivit\u00e4tsl\u00f6sungen.<\/p>\n<ul>\n<li>Einzelhandel oder Gro\u00dfhandel &#8211; wir haben alles f\u00fcr Sie!<\/li>\n<li>Nicht sicher, was Sie kaufen sollen? Wir bieten fachkundige Beratung.<\/li>\n<li>Kleines MOQ: Sie brauchen nicht mehr zu kaufen, als Sie wollen.<\/li>\n<li>Konkurrenzf\u00e4hige Preise: Sie erhalten jedes Mal ein gutes Preis-Leistungs-Verh\u00e4ltnis.<\/li>\n<li>Prompte Lieferung: Ihre Geschwindigkeit, unsere Priorit\u00e4t.<\/li>\n<li>Kundenorientiert: Wir schneiden unsere Dienstleistungen auf Ihre Bed\u00fcrfnisse zu.<\/li>\n<\/ul>\n<p><strong>Verbinden Sie sich mit uns!<\/strong><br \/>\nWenn Sie Probleme bei der Suche nach dem richtigen <span style=\"color: #0054a6;\"><strong><a style=\"color: #0054a6;\" href=\"https:\/\/www.bonelinks.com\/de\/fiber-optic-patch-cord-supplier\/\" target=\"_blank\" rel=\"noopener\">Glasfaser-Patchkabel <\/a><\/strong><\/span>f\u00fcr Ihre Bed\u00fcrfnisse zu finden, oder wenn Sie einen Expertenrat ben\u00f6tigen, k\u00f6nnen Sie mit einem Klick<a href=\"https:\/\/www.bonelinks.com\/de\/contact-us\/\" target=\"_blank\" rel=\"noopener\"><strong><span style=\"color: #0054a6;\"> mit uns chatten <\/span><\/strong><\/a>in Sekundenschnelle. Ihre Zufriedenheit ist unsere Priorit\u00e4t. Wir sind bereit, Sie in jeder Hinsicht zu unterst\u00fctzen. <strong>Keine Sorge, \u00fcberm\u00e4\u00dfiges Nachdenken ist nicht erforderlich. Wir sind hier und bereit, Ihnen zu helfen.<\/strong><\/p>\n","protected":false},"excerpt":{"rendered":"<p>LC zu SC Glasfaser-Patchkabel ist eine Art von Glasfaserkabel, das zur Verbindung von zwei Glasfaserger\u00e4ten verwendet wird. Dieses Kabel ist an einem Ende mit einem LC-Stecker (Lucent Connector) und am anderen Ende mit einem SC-Stecker (Subscriber Connector) ausgestattet, was eine nahtlose Verbindung zwischen zwei verschiedenen Arten von Glasfaserger\u00e4ten erm\u00f6glicht.<\/p>\n<p>Das LC-zu-SC-Glasfaser-Patchkabel wird h\u00e4ufig in Hochgeschwindigkeits-Daten\u00fcbertragungsanwendungen eingesetzt, da es eine hohe Bandbreite und eine geringe Latenzzeit bietet. Es ist eine beliebte Wahl f\u00fcr Rechenzentren, Telekommunikationsnetze und andere Netzwerkanwendungen, die eine Hochgeschwindigkeitsdaten\u00fcbertragung erfordern.<\/p>\n","protected":false},"featured_media":16456,"template":"","meta":{"site-sidebar-layout":"default","site-content-layout":"default","ast-site-content-layout":"default","site-content-style":"default","site-sidebar-style":"default","ast-global-header-display":"","ast-banner-title-visibility":"","ast-main-header-display":"","ast-hfb-above-header-display":"","ast-hfb-below-header-display":"","ast-hfb-mobile-header-display":"","site-post-title":"","ast-breadcrumbs-content":"","ast-featured-img":"","footer-sml-layout":"","ast-disable-related-posts":"","theme-transparent-header-meta":"default","adv-header-id-meta":"","stick-header-meta":"default","header-above-stick-meta":"","header-main-stick-meta":"","header-below-stick-meta":"","astra-migrate-meta-layouts":"set","ast-page-background-enabled":"default","ast-page-background-meta":{"desktop":{"background-color":"","background-image":"","background-repeat":"repeat","background-position":"center center","background-size":"auto","background-attachment":"scroll","background-type":"","background-media":"","overlay-type":"","overlay-color":"","overlay-opacity":"","overlay-gradient":""},"tablet":{"background-color":"","background-image":"","background-repeat":"repeat","background-position":"center center","background-size":"auto","background-attachment":"scroll","background-type":"","background-media":"","overlay-type":"","overlay-color":"","overlay-opacity":"","overlay-gradient":""},"mobile":{"background-color":"","background-image":"","background-repeat":"repeat","background-position":"center center","background-size":"auto","background-attachment":"scroll","background-type":"","background-media":"","overlay-type":"","overlay-color":"","overlay-opacity":"","overlay-gradient":""}},"ast-content-background-meta":{"desktop":{"background-color":"var(--ast-global-color-5)","background-image":"","background-repeat":"repeat","background-position":"center center","background-size":"auto","background-attachment":"scroll","background-type":"","background-media":"","overlay-type":"","overlay-color":"","overlay-opacity":"","overlay-gradient":""},"tablet":{"background-color":"var(--ast-global-color-5)","background-image":"","background-repeat":"repeat","background-position":"center center","background-size":"auto","background-attachment":"scroll","background-type":"","background-media":"","overlay-type":"","overlay-color":"","overlay-opacity":"","overlay-gradient":""},"mobile":{"background-color":"var(--ast-global-color-5)","background-image":"","background-repeat":"repeat","background-position":"center center","background-size":"auto","background-attachment":"scroll","background-type":"","background-media":"","overlay-type":"","overlay-color":"","overlay-opacity":"","overlay-gradient":""}}},"product_brand":[],"product_cat":[228,237,280],"product_tag":[],"class_list":{"0":"post-21571","1":"product","2":"type-product","3":"status-publish","4":"has-post-thumbnail","6":"product_cat-fiber-patch-cord-de","7":"product_cat-lc-fiber-patch-cord-de","8":"product_cat-sc-fiber-patch-cord-de","9":"pa_connector-type-lc-sc-de","10":"desktop-align-left","11":"tablet-align-left","12":"mobile-align-left","13":"ast-product-gallery-layout-vertical","14":"ast-product-gallery-with-no-image","15":"ast-product-tabs-layout-vertical","16":"ast-qv-on-image","18":"first","19":"instock","20":"shipping-taxable","21":"product-type-simple"},"_links":{"self":[{"href":"https:\/\/www.bonelinks.com\/de\/wp-json\/wp\/v2\/product\/21571","targetHints":{"allow":["GET"]}}],"collection":[{"href":"https:\/\/www.bonelinks.com\/de\/wp-json\/wp\/v2\/product"}],"about":[{"href":"https:\/\/www.bonelinks.com\/de\/wp-json\/wp\/v2\/types\/product"}],"version-history":[{"count":3,"href":"https:\/\/www.bonelinks.com\/de\/wp-json\/wp\/v2\/product\/21571\/revisions"}],"predecessor-version":[{"id":24956,"href":"https:\/\/www.bonelinks.com\/de\/wp-json\/wp\/v2\/product\/21571\/revisions\/24956"}],"wp:featuredmedia":[{"embeddable":true,"href":"https:\/\/www.bonelinks.com\/de\/wp-json\/wp\/v2\/media\/16456"}],"wp:attachment":[{"href":"https:\/\/www.bonelinks.com\/de\/wp-json\/wp\/v2\/media?parent=21571"}],"wp:term":[{"taxonomy":"product_brand","embeddable":true,"href":"https:\/\/www.bonelinks.com\/de\/wp-json\/wp\/v2\/product_brand?post=21571"},{"taxonomy":"product_cat","embeddable":true,"href":"https:\/\/www.bonelinks.com\/de\/wp-json\/wp\/v2\/product_cat?post=21571"},{"taxonomy":"product_tag","embeddable":true,"href":"https:\/\/www.bonelinks.com\/de\/wp-json\/wp\/v2\/product_tag?post=21571"}],"curies":[{"name":"wp","href":"https:\/\/api.w.org\/{rel}","templated":true}]}}