{"id":21534,"date":"2023-01-08T00:44:04","date_gmt":"2023-01-08T08:44:04","guid":{"rendered":"https:\/\/www.bonelinks.com\/product\/sc-zu-st-glasfaser-patchkabel\/"},"modified":"2024-02-02T06:51:07","modified_gmt":"2024-02-02T14:51:07","slug":"sc-to-st-fiber-patch-cable","status":"publish","type":"product","link":"https:\/\/www.bonelinks.com\/de\/product\/sc-to-st-fiber-patch-cable\/","title":{"rendered":"SC zu ST Glasfaser Patchkabel"},"content":{"rendered":"<h1 style=\"text-align: left; font-size: 18px;\"><strong>SC zu ST Glasfaser Patchkabel<\/strong><\/h1>\n<p>Das SC-zu-ST-Glasfaser-Patchkabel ist ein speziell entwickeltes und hergestelltes Kabel, das die Signal\u00fcbertragung zwischen Glasfaserkommunikationsger\u00e4ten erm\u00f6glicht. Bei diesen Ger\u00e4ten kann es sich um optische Terminals, Transceiver und optische Module handeln, die in Rundfunksystemen, CATV- oder CCTV-\u00dcberwachungssystemen eingesetzt werden.<\/p>\n<p>Ein einadriges SC-zu-ST-Patchkabel ist ein Glasfaserstecker, der an beiden Enden eines einadrigen Glasfaserkabels vorkonfektioniert ist und eine einkanalige Datensignal\u00fcbertragung erm\u00f6glicht. Ein Dual-Core SC-zu-ST-Patchkabel hat zwei Glasfaseranschl\u00fcsse (mit SC-Steckern, die mit Dual-Core-Clips einfach gesteckt und gezogen werden k\u00f6nnen), die an jedem Ende von zwei einadrigen Glasfaserkabeln f\u00fcr eine Zweikanal-Datenverbindung vorkonfektioniert sind.<\/p>\n<p>Bei der Verwendung von ST zu SC Patchkabeln f\u00fcr die \u00dcbertragung von Datensignalen im 850nm Band, bietet Bonelinks armierte Glasfaserkabel an, die die mechanischen Eigenschaften der Patchkabel verbessern. Dies erh\u00f6ht ihre Widerstandsf\u00e4higkeit gegen Ziehen und Rei\u00dfen und macht sie haltbarer, so dass sie in Innenr\u00e4umen nicht von M\u00e4usen angeknabbert werden.<\/p>\n<p>F\u00fcr die L\u00e4nge des gepanzerten Patchkabels, die Feuerwiderstandsf\u00e4higkeit des Kabelmantels, den Fasertyp, die physikalischen Eigenschaften und die D\u00e4mpfungswerte gibt es Anpassungsm\u00f6glichkeiten, um die Projektanforderungen zu erf\u00fcllen. Nehmen Sie Kontakt mit Bonelinks auf, um Ihre Reise zu einem erfolgreichen Projekt zu beginnen.<\/p>\n<h2 style=\"text-align: left; font-size: 18px;\"><strong>SC zu ST Glasfaser Patchkabel Eigenschaften<\/strong><\/h2>\n<ul>\n<li>Langlebigkeit: Das SC ST-Glasfaser-Patchkabel besteht aus hochwertigen Glasfasern und ist mit einem Schutzmantel umh\u00fcllt, der die Fasern vor Besch\u00e4digungen sch\u00fctzt.<\/li>\n<li>Hohe Bandbreite: Das ST-zu-SC-Patchkabel bietet eine hohe Bandbreite, die eine Hochgeschwindigkeitsdaten\u00fcbertragung erm\u00f6glicht.<\/li>\n<li>Geringer Verlust: Der Verlust bei der Licht\u00fcbertragung in einer Glasfaser wird als D\u00e4mpfung bezeichnet. SC ST-Glasfaser-Patchkabel haben eine geringe D\u00e4mpfung, so dass das Signal auch \u00fcber lange Strecken stark bleibt.<\/li>\n<li>Unempfindlichkeit gegen\u00fcber St\u00f6rungen: ST-zu-SC-Patchkabel sind immun gegen elektromagnetische St\u00f6rungen (EMI) und Hochfrequenzst\u00f6rungen (RFI) und eignen sich daher ideal f\u00fcr den Einsatz in lauten Umgebungen.<\/li>\n<\/ul>\n<h2 style=\"text-align: left; font-size: 18px;\"><strong>SC zu ST Glasfaser Patchkabel Anwendung<\/strong><\/h2>\n<ul>\n<li>Datenzentren: ST-zu-SC-Patchkabel werden h\u00e4ufig in Datenzentren f\u00fcr Verbindungen zwischen Ger\u00e4ten wie Switches, Routern und Servern verwendet.<\/li>\n<li>LANs (Local Area Networks): SC ST-Glasfaser-Patchkabel werden in lokalen Netzwerken f\u00fcr die Hochgeschwindigkeits-Daten\u00fcbertragung zwischen Computern und anderen Netzwerkger\u00e4ten verwendet.<\/li>\n<li>WANs (Weitverkehrsnetze): ST-zu-SC-Patchkabel werden in Weitverkehrsnetzen f\u00fcr geb\u00e4ude\u00fcbergreifende Verbindungen verwendet, da sie Daten \u00fcber gro\u00dfe Entfernungen ohne Signalverschlechterung \u00fcbertragen k\u00f6nnen.<\/li>\n<li>Telekommunikation: SC ST-Glasfaser-Patchkabel werden in Telekommunikationssystemen zur \u00dcbertragung von Sprach-, Video- und Datensignalen verwendet.<\/li>\n<\/ul>\n<h2 style=\"text-align: left; font-size: 18px;\"><strong>Suchen Sie nach einer gr\u00f6\u00dferen Auswahl an Glasfaser-Patchkabeln?<\/strong><\/h2>\n<p>M\u00f6chten Sie mehr Optionen f\u00fcr Glasfaser-Patchkabel? Entdecken Sie unsere Auswahl an <a title=\"SC-Faser-Patchkabel\" href=\"https:\/\/www.bonelinks.com\/de\/sc-fibre-patch-leads\/\" target=\"_blank\" rel=\"noopener\"><strong><span style=\"color: #0054a6;\">SC-Glasfaser-Patchkabeln, <\/span><\/strong><\/a><strong><span style=\"color: #0054a6;\"><a style=\"color: #0054a6;\" href=\"https:\/\/www.bonelinks.com\/de\/st-fibre-patch-leads\/\" target=\"_blank\" rel=\"noopener\">ST-Glasfaser-Patch-Kabeln <\/a><\/span><\/strong>f\u00fcr nahtlose Netzwerke.<\/p>\n<p>Sind Sie auf der Suche nach ma\u00dfgeschneiderten und speziell angefertigten Glasfaser-Patchkabeln? Entdecken Sie unseren speziellen Bereich \u00fcber<a href=\"https:\/\/www.bonelinks.com\/de\/custom-fiber-optic-cables\/\" target=\"_blank\" rel=\"noopener\"><span style=\"color: #0054a6;\"><strong> Kundenspezifische Glasfaserkabel <\/strong><\/span><\/a>f\u00fcr ma\u00dfgeschneiderte Konnektivit\u00e4tsl\u00f6sungen.<\/p>\n<ul>\n<li>Einzelhandel oder Gro\u00dfhandel &#8211; wir haben alles f\u00fcr Sie!<\/li>\n<li>Nicht sicher, was Sie kaufen sollen? Wir bieten fachkundige Beratung.<\/li>\n<li>Kleines MOQ: Sie brauchen nicht mehr zu kaufen, als Sie wollen.<\/li>\n<li>Konkurrenzf\u00e4hige Preise: Sie erhalten jedes Mal ein gutes Preis-Leistungs-Verh\u00e4ltnis.<\/li>\n<li>Prompte Lieferung: Ihre Geschwindigkeit, unsere Priorit\u00e4t.<\/li>\n<li>Kundenorientiert: Wir schneiden unsere Dienstleistungen auf Ihre Bed\u00fcrfnisse zu.<\/li>\n<\/ul>\n<p><strong>Verbinden Sie sich mit uns!<\/strong><br \/>\nWenn Sie Probleme bei der Suche nach dem richtigen <span style=\"color: #0054a6;\"><strong><a style=\"color: #0054a6;\" href=\"https:\/\/www.bonelinks.com\/de\/fiber-optic-patch-cord-supplier\/\" target=\"_blank\" rel=\"noopener\">Glasfaser-Patchkabel <\/a><\/strong><\/span>f\u00fcr Ihre Bed\u00fcrfnisse zu finden, oder wenn Sie einen Expertenrat ben\u00f6tigen, k\u00f6nnen Sie mit einem Klick<a href=\"https:\/\/www.bonelinks.com\/de\/contact-us\/\" target=\"_blank\" rel=\"noopener\"><strong><span style=\"color: #0054a6;\"> mit uns chatten <\/span><\/strong><\/a>in Sekundenschnelle. Ihre Zufriedenheit ist unsere Priorit\u00e4t. Wir sind bereit, Sie in jeder Hinsicht zu unterst\u00fctzen. <strong>Keine Sorge, \u00fcberm\u00e4\u00dfiges Nachdenken ist nicht erforderlich. Wir sind hier und bereit, Ihnen zu helfen.<\/strong><\/p>\n","protected":false},"excerpt":{"rendered":"<p>Das SC-zu-ST-Glasfaser-Patchkabel ist ein optisches Hochgeschwindigkeitskabel, das zur Verbindung von zwei optischen Netzwerkger\u00e4ten wie Switches, Routern oder anderen glasfaserbasierten Ger\u00e4ten verwendet wird. Dieser Kabeltyp wird h\u00e4ufig in Datenzentren, Telekommunikationsr\u00e4umen und anderen Netzwerkumgebungen verwendet, die eine schnelle und zuverl\u00e4ssige Daten\u00fcbertragung erfordern.<\/p>\n<p>Der SC-Stecker ist aufgrund seiner kompakten Gr\u00f6\u00dfe, einfachen Handhabung und sicheren Verbindung eine beliebte Wahl f\u00fcr LWL-Patchkabel. Der ST-Steckverbinder hingegen ist ein robuster Simplex-Steckverbinder, der sich ideal f\u00fcr Anwendungen mit hoher Packungsdichte eignet. Das ST-SC-Patchkabel bietet eine zuverl\u00e4ssige und kosteng\u00fcnstige L\u00f6sung f\u00fcr den Anschluss von optischen Netzwerkger\u00e4ten.<\/p>\n<p>Das ST-SC-Patchkabel ist ein zuverl\u00e4ssiger und unverzichtbarer Bestandteil eines jeden Glasfasernetzes. Sein kompaktes Design, seine Benutzerfreundlichkeit und seine Hochgeschwindigkeits-Daten\u00fcbertragungsfunktionen machen ihn zu einer beliebten Wahl f\u00fcr Netzwerkadministratoren und Techniker. Wenn Sie Ihre Netzwerkinfrastruktur aufr\u00fcsten oder zwei optische Ger\u00e4te miteinander verbinden m\u00f6chten, ist das ST-auf-SC-Patchkabel eine zuverl\u00e4ssige und kosteng\u00fcnstige L\u00f6sung, der Sie vertrauen k\u00f6nnen.<\/p>\n","protected":false},"featured_media":16516,"template":"","meta":{"site-sidebar-layout":"default","site-content-layout":"default","ast-site-content-layout":"default","site-content-style":"default","site-sidebar-style":"default","ast-global-header-display":"","ast-banner-title-visibility":"","ast-main-header-display":"","ast-hfb-above-header-display":"","ast-hfb-below-header-display":"","ast-hfb-mobile-header-display":"","site-post-title":"","ast-breadcrumbs-content":"","ast-featured-img":"","footer-sml-layout":"","ast-disable-related-posts":"","theme-transparent-header-meta":"default","adv-header-id-meta":"","stick-header-meta":"default","header-above-stick-meta":"","header-main-stick-meta":"","header-below-stick-meta":"","astra-migrate-meta-layouts":"set","ast-page-background-enabled":"default","ast-page-background-meta":{"desktop":{"background-color":"","background-image":"","background-repeat":"repeat","background-position":"center center","background-size":"auto","background-attachment":"scroll","background-type":"","background-media":"","overlay-type":"","overlay-color":"","overlay-opacity":"","overlay-gradient":""},"tablet":{"background-color":"","background-image":"","background-repeat":"repeat","background-position":"center center","background-size":"auto","background-attachment":"scroll","background-type":"","background-media":"","overlay-type":"","overlay-color":"","overlay-opacity":"","overlay-gradient":""},"mobile":{"background-color":"","background-image":"","background-repeat":"repeat","background-position":"center center","background-size":"auto","background-attachment":"scroll","background-type":"","background-media":"","overlay-type":"","overlay-color":"","overlay-opacity":"","overlay-gradient":""}},"ast-content-background-meta":{"desktop":{"background-color":"var(--ast-global-color-5)","background-image":"","background-repeat":"repeat","background-position":"center center","background-size":"auto","background-attachment":"scroll","background-type":"","background-media":"","overlay-type":"","overlay-color":"","overlay-opacity":"","overlay-gradient":""},"tablet":{"background-color":"var(--ast-global-color-5)","background-image":"","background-repeat":"repeat","background-position":"center center","background-size":"auto","background-attachment":"scroll","background-type":"","background-media":"","overlay-type":"","overlay-color":"","overlay-opacity":"","overlay-gradient":""},"mobile":{"background-color":"var(--ast-global-color-5)","background-image":"","background-repeat":"repeat","background-position":"center center","background-size":"auto","background-attachment":"scroll","background-type":"","background-media":"","overlay-type":"","overlay-color":"","overlay-opacity":"","overlay-gradient":""}}},"product_brand":[],"product_cat":[228,280,261],"product_tag":[],"class_list":{"0":"post-21534","1":"product","2":"type-product","3":"status-publish","4":"has-post-thumbnail","6":"product_cat-fiber-patch-cord-de","7":"product_cat-sc-fiber-patch-cord-de","8":"product_cat-st-fiber-patch-cord-de","9":"pa_connector-type-sc-st-de","10":"desktop-align-left","11":"tablet-align-left","12":"mobile-align-left","13":"ast-product-gallery-layout-vertical","14":"ast-product-gallery-with-no-image","15":"ast-product-tabs-layout-vertical","16":"ast-qv-on-image","18":"first","19":"instock","20":"shipping-taxable","21":"product-type-simple"},"_links":{"self":[{"href":"https:\/\/www.bonelinks.com\/de\/wp-json\/wp\/v2\/product\/21534","targetHints":{"allow":["GET"]}}],"collection":[{"href":"https:\/\/www.bonelinks.com\/de\/wp-json\/wp\/v2\/product"}],"about":[{"href":"https:\/\/www.bonelinks.com\/de\/wp-json\/wp\/v2\/types\/product"}],"version-history":[{"count":3,"href":"https:\/\/www.bonelinks.com\/de\/wp-json\/wp\/v2\/product\/21534\/revisions"}],"predecessor-version":[{"id":24947,"href":"https:\/\/www.bonelinks.com\/de\/wp-json\/wp\/v2\/product\/21534\/revisions\/24947"}],"wp:featuredmedia":[{"embeddable":true,"href":"https:\/\/www.bonelinks.com\/de\/wp-json\/wp\/v2\/media\/16516"}],"wp:attachment":[{"href":"https:\/\/www.bonelinks.com\/de\/wp-json\/wp\/v2\/media?parent=21534"}],"wp:term":[{"taxonomy":"product_brand","embeddable":true,"href":"https:\/\/www.bonelinks.com\/de\/wp-json\/wp\/v2\/product_brand?post=21534"},{"taxonomy":"product_cat","embeddable":true,"href":"https:\/\/www.bonelinks.com\/de\/wp-json\/wp\/v2\/product_cat?post=21534"},{"taxonomy":"product_tag","embeddable":true,"href":"https:\/\/www.bonelinks.com\/de\/wp-json\/wp\/v2\/product_tag?post=21534"}],"curies":[{"name":"wp","href":"https:\/\/api.w.org\/{rel}","templated":true}]}}