{"id":21512,"date":"2023-01-08T17:55:29","date_gmt":"2023-01-09T01:55:29","guid":{"rendered":"https:\/\/www.bonelinks.com\/product\/om4-24-adern-mpo-auf-lc-glasfaser-patchkabel\/"},"modified":"2024-02-02T06:39:52","modified_gmt":"2024-02-02T14:39:52","slug":"om4-24-cores-mpo-to-lc-fiber-patch-cords","status":"publish","type":"product","link":"https:\/\/www.bonelinks.com\/de\/product\/om4-24-cores-mpo-to-lc-fiber-patch-cords\/","title":{"rendered":"OM4 24 Adern MPO auf LC Glasfaser Patchkabel"},"content":{"rendered":"<h1 style=\"text-align: left; font-size: 18px;\"><strong>OM4 24 Adern MPO zu LC Breakout Glasfaser Patchkabel<\/strong><\/h1>\n<p>OM4 MPO auf LC Fiber Patch Cord ist eine hochwertige Kabell\u00f6sung, die f\u00fcr optische Hochgeschwindigkeitsverbindungen in Rechenzentren entwickelt wurde. Dieses Patchkabel wird aus OM4-Multimode-Glasfasern h\u00f6chster Qualit\u00e4t hergestellt und ist f\u00fcr eine zuverl\u00e4ssige und effiziente Leistung bei Hochfrequenz\u00fcbertragungsanwendungen ausgelegt.<\/p>\n<p>Das Patchkabel besteht aus einem 24-adrigen optischen Multimode-Minikabel OM4, einem MPO-Stecker, einer Abzweigt\u00fclle und einem LC-Stecker. Das Glasfaserkabel wird auf die gew\u00fcnschte L\u00e4nge und die Anzahl der Anschl\u00fcsse zugeschnitten. Anschlie\u00dfend werden die Faserkerne abisoliert, in den MPO-Stecker eingesetzt und einem umfassenden Herstellungsprozess unterzogen, der das Aush\u00e4rten, Schleifen und Testen umfasst. Am LC-Ende wird der Stecker mit einer Schutzschicht aus Aramidgarn vorkonfektioniert und mit einer zweiadrigen Klemme verbunden, dann ausgeh\u00e4rtet, geerdet und getestet.<\/p>\n<p>Bonelinks OM4 MPO auf LC Fiber Patch Cord wird nach Industriestandards hergestellt und strengen Tests unterzogen, um Qualit\u00e4t, Zuverl\u00e4ssigkeit und Leistung zu gew\u00e4hrleisten. Das Patchkabel ist einfach zu installieren und somit eine gute Wahl f\u00fcr Netzwerkadministratoren und Techniker.<\/p>\n<p>Vor der Verwendung muss das Patchkabel einem Funktionstest unterzogen werden, um sicherzustellen, dass seine Stirnseite sauber ist, alle Kan\u00e4le Signale \u00fcbertragen k\u00f6nnen und der D\u00e4mpfungswert den erforderlichen Standards entspricht. Wenn die Testergebnisse abnormal sind, muss das Patchkabel m\u00f6glicherweise nachgearbeitet oder reproduziert werden. Nach Abschluss der Funktionstests wird jedem Patchkabel ein Testbericht von Bonelinks zugewiesen, der den Benutzern eine Qualit\u00e4tssicherung bietet.<\/p>\n<p><strong>Eigenschaften<\/strong><\/p>\n<ul>\n<li>Hohe Bandbreite: OM4-Fasern bieten eine Bandbreite von bis zu 4700 MHz-km, was ideal f\u00fcr Hochgeschwindigkeits-Daten\u00fcbertragungsanwendungen ist.<\/li>\n<li>Hohe Daten\u00fcbertragungsrate: Mit einer Daten\u00fcbertragungsrate von bis zu 40 Gbit\/s eignen sich OM4 MPO zu LC Fiber Patch Cords f\u00fcr den Einsatz in Hochgeschwindigkeits-Rechenzentren und Cloud Computing-Anwendungen.<\/li>\n<li>Langlebigkeit: Die MPO- und LC-Steckverbinder sind aus hochwertigen Materialien gefertigt, was ihre Haltbarkeit und Langlebigkeit gew\u00e4hrleistet.<\/li>\n<li>Einfache Installation: OM4 MPO zu LC Fiber Patch Cords sind einfach zu installieren und k\u00f6nnen schnell verbunden und getrennt werden, was sie ideal f\u00fcr den Einsatz in Rechenzentren und Cloud Computing-Anwendungen macht.<\/li>\n<\/ul>\n<p><strong>Anmeldung<\/strong><\/p>\n<ul>\n<li>Datenzentren: OM4 MPO zu LC Fiber Patch Cords werden h\u00e4ufig in Rechenzentren f\u00fcr die Hochgeschwindigkeitsdaten\u00fcbertragung zwischen Servern und Speichersystemen verwendet.<\/li>\n<li>Cloud Computing: OM4 MPO-zu-LC-Glasfaser-Patchkabel werden auch in Cloud-Computing-Anwendungen verwendet, um Server, Speichersysteme und andere Computerger\u00e4te zu verbinden.<\/li>\n<li>Hochleistungs-Computertechnik: Diese Patchkabel sind ideal f\u00fcr den Einsatz in Hochleistungs-Computing-Anwendungen, bei denen eine schnelle Daten\u00fcbertragung und geringe Latenzzeiten entscheidend sind.<\/li>\n<li>Telekommunikation: OM4 MPO zu LC Fiber Patch Cords werden in der Telekommunikation eingesetzt, um Netzwerkger\u00e4te wie Switches und Router zu verbinden.<\/li>\n<\/ul>\n<h2 style=\"text-align: left; font-size: 18px;\"><strong>Suchen Sie nach weiteren MTP\/MPO-Kabeln?<\/strong><\/h2>\n<p>M\u00f6chten Sie mehr Optionen f\u00fcr MTP\/MPO-Kabel? Entdecken Sie unsere Auswahl an <span style=\"color: #0054a6;\"><strong><a style=\"color: #0054a6;\" href=\"https:\/\/www.bonelinks.com\/de\/mpo-24-fiber-cable\/\" target=\"_blank\" rel=\"noopener\">24-Faser MTP\/MPO-Kabeln <\/a><\/strong><\/span>und <a title=\"MPO\/MTP zu LC Breakout-Kabel\" href=\"https:\/\/www.bonelinks.com\/de\/mpo-breakout-cable\/\" target=\"_blank\" rel=\"noopener\"><strong><span style=\"color: #0054a6;\">MPO\/MTP-zu-LC-Breakout-Kabeln<\/span><\/strong> <\/a>f\u00fcr eine nahtlose Vernetzung.<\/p>\n<p>Sind Sie auf der Suche nach ma\u00dfgeschneiderten und speziell angefertigten MPO-Patchkabeln? Entdecken Sie unseren speziellen Bereich \u00fcber<a href=\"https:\/\/www.bonelinks.com\/de\/custom-fiber-optic-cables\/\" target=\"_blank\" rel=\"noopener\"><span style=\"color: #0054a6;\"><strong> Kundenspezifische Glasfaserkabel <\/strong><\/span><\/a>f\u00fcr ma\u00dfgeschneiderte Konnektivit\u00e4tsl\u00f6sungen.<\/p>\n<ul>\n<li>Einzelhandel oder Gro\u00dfhandel &#8211; wir haben alles f\u00fcr Sie!<\/li>\n<li>Nicht sicher, was Sie kaufen sollen? Wir bieten fachkundige Beratung.<\/li>\n<li>Kleines MOQ: Sie brauchen nicht mehr zu kaufen, als Sie wollen.<\/li>\n<li>Konkurrenzf\u00e4hige Preise: Sie erhalten jedes Mal ein gutes Preis-Leistungs-Verh\u00e4ltnis.<\/li>\n<li>Prompte Lieferung: Ihre Geschwindigkeit, unsere Priorit\u00e4t.<\/li>\n<li>Kundenorientiert: Wir schneiden unsere Dienstleistungen auf Ihre Bed\u00fcrfnisse zu.<\/li>\n<\/ul>\n<p><strong>Verbinden Sie sich mit uns!<\/strong><br \/>\nWenn Sie Probleme bei der Suche nach dem richtigen <span style=\"color: #0054a6;\"><strong><a style=\"color: #0054a6;\" href=\"https:\/\/www.bonelinks.com\/de\/fiber-optic-patch-cord-supplier\/\" target=\"_blank\" rel=\"noopener\">Glasfaser-Patchkabel <\/a><\/strong><\/span>f\u00fcr Ihre Bed\u00fcrfnisse zu finden, oder wenn Sie einen Expertenrat ben\u00f6tigen, k\u00f6nnen Sie mit einem Klick<a href=\"https:\/\/www.bonelinks.com\/de\/contact-us\/\" target=\"_blank\" rel=\"noopener\"><strong><span style=\"color: #0054a6;\"> mit uns chatten <\/span><\/strong><\/a>in Sekundenschnelle. Ihre Zufriedenheit ist unsere Priorit\u00e4t. Wir sind bereit, Sie in jeder Hinsicht zu unterst\u00fctzen. <strong>Keine Sorge, \u00fcberm\u00e4\u00dfiges Nachdenken ist nicht erforderlich. Wir sind hier und bereit, Ihnen zu helfen.<\/strong><\/p>\n","protected":false},"excerpt":{"rendered":"<p>OM4 24 Cores MPO to LC Fiber Patch Cords sind Hochleistungs-Glasfaserkabel, die speziell f\u00fcr h\u00f6chste Bandbreiten und schnellste Daten\u00fcbertragungsraten in modernen Rechenzentren, Unternehmensnetzwerken und anderen optischen Hochgeschwindigkeitsnetzwerken entwickelt wurden. Diese Patchkabel verf\u00fcgen \u00fcber einen Multifaser-Steckverbinder (MPO) an einem Ende und einen LC-Steckverbinder mit kleinem Formfaktor am anderen Ende, was eine kompakte Verbindung mit hoher Dichte zwischen Netzwerkger\u00e4ten erm\u00f6glicht.<\/p>\n<p>Die OM4 24 Adern MPO zu LC Glasfaser Patchkabel werden mit der neuesten OM4 Multimode Glasfaser hergestellt, die eine 50%ige Erh\u00f6hung der Bandbreite gegen\u00fcber der vorherigen Generation OM3 Multimode Glasfaser bietet. Diese h\u00f6here Bandbreite erm\u00f6glicht schnellere Daten\u00fcbertragungsraten und unterst\u00fctzt die wachsenden Anforderungen von optischen Hochgeschwindigkeitsnetzen. Dar\u00fcber hinaus erh\u00f6ht die Verwendung von OM4-Fasern die Signalintegrit\u00e4t und verbessert die \u00dcbertragungsdistanzen im Vergleich zu OM3-Fasern.<\/p>\n<p>Zusammenfassend l\u00e4sst sich sagen, dass OM4 24 Cores MPO to LC Fiber Patch Cords die ideale L\u00f6sung f\u00fcr optische Hochgeschwindigkeits-Netzwerkanwendungen sind, die eine hohe Bandbreite, schnelle Daten\u00fcbertragungsraten und eine zuverl\u00e4ssige Leistung erfordern. Sie genie\u00dfen einen guten Ruf in Bezug auf Qualit\u00e4t, Zuverl\u00e4ssigkeit und Leistung und sind damit eine zuverl\u00e4ssige Wahl f\u00fcr jeden Netzwerkadministrator oder -techniker.<\/p>\n","protected":false},"featured_media":16621,"template":"","meta":{"site-sidebar-layout":"default","site-content-layout":"default","ast-site-content-layout":"default","site-content-style":"default","site-sidebar-style":"default","ast-global-header-display":"","ast-banner-title-visibility":"","ast-main-header-display":"","ast-hfb-above-header-display":"","ast-hfb-below-header-display":"","ast-hfb-mobile-header-display":"","site-post-title":"","ast-breadcrumbs-content":"","ast-featured-img":"","footer-sml-layout":"","ast-disable-related-posts":"","theme-transparent-header-meta":"default","adv-header-id-meta":"","stick-header-meta":"default","header-above-stick-meta":"","header-main-stick-meta":"","header-below-stick-meta":"","astra-migrate-meta-layouts":"set","ast-page-background-enabled":"default","ast-page-background-meta":{"desktop":{"background-color":"","background-image":"","background-repeat":"repeat","background-position":"center center","background-size":"auto","background-attachment":"scroll","background-type":"","background-media":"","overlay-type":"","overlay-color":"","overlay-opacity":"","overlay-gradient":""},"tablet":{"background-color":"","background-image":"","background-repeat":"repeat","background-position":"center center","background-size":"auto","background-attachment":"scroll","background-type":"","background-media":"","overlay-type":"","overlay-color":"","overlay-opacity":"","overlay-gradient":""},"mobile":{"background-color":"","background-image":"","background-repeat":"repeat","background-position":"center center","background-size":"auto","background-attachment":"scroll","background-type":"","background-media":"","overlay-type":"","overlay-color":"","overlay-opacity":"","overlay-gradient":""}},"ast-content-background-meta":{"desktop":{"background-color":"var(--ast-global-color-5)","background-image":"","background-repeat":"repeat","background-position":"center center","background-size":"auto","background-attachment":"scroll","background-type":"","background-media":"","overlay-type":"","overlay-color":"","overlay-opacity":"","overlay-gradient":""},"tablet":{"background-color":"var(--ast-global-color-5)","background-image":"","background-repeat":"repeat","background-position":"center center","background-size":"auto","background-attachment":"scroll","background-type":"","background-media":"","overlay-type":"","overlay-color":"","overlay-opacity":"","overlay-gradient":""},"mobile":{"background-color":"var(--ast-global-color-5)","background-image":"","background-repeat":"repeat","background-position":"center center","background-size":"auto","background-attachment":"scroll","background-type":"","background-media":"","overlay-type":"","overlay-color":"","overlay-opacity":"","overlay-gradient":""}}},"product_brand":[],"product_cat":[228,237,262,230],"product_tag":[],"class_list":{"0":"post-21512","1":"product","2":"type-product","3":"status-publish","4":"has-post-thumbnail","6":"product_cat-fiber-patch-cord-de","7":"product_cat-lc-fiber-patch-cord-de","8":"product_cat-mpo-patch-cord-de","9":"product_cat-multimode-fiber-patch-cord-de","10":"pa_connector-type-mpo-lc-de","11":"pa_fiber-type-50-125-om4-de","12":"desktop-align-left","13":"tablet-align-left","14":"mobile-align-left","15":"ast-product-gallery-layout-vertical","16":"ast-product-gallery-with-no-image","17":"ast-product-tabs-layout-vertical","18":"ast-qv-on-image","20":"first","21":"instock","22":"shipping-taxable","23":"product-type-simple"},"_links":{"self":[{"href":"https:\/\/www.bonelinks.com\/de\/wp-json\/wp\/v2\/product\/21512","targetHints":{"allow":["GET"]}}],"collection":[{"href":"https:\/\/www.bonelinks.com\/de\/wp-json\/wp\/v2\/product"}],"about":[{"href":"https:\/\/www.bonelinks.com\/de\/wp-json\/wp\/v2\/types\/product"}],"version-history":[{"count":3,"href":"https:\/\/www.bonelinks.com\/de\/wp-json\/wp\/v2\/product\/21512\/revisions"}],"predecessor-version":[{"id":24933,"href":"https:\/\/www.bonelinks.com\/de\/wp-json\/wp\/v2\/product\/21512\/revisions\/24933"}],"wp:featuredmedia":[{"embeddable":true,"href":"https:\/\/www.bonelinks.com\/de\/wp-json\/wp\/v2\/media\/16621"}],"wp:attachment":[{"href":"https:\/\/www.bonelinks.com\/de\/wp-json\/wp\/v2\/media?parent=21512"}],"wp:term":[{"taxonomy":"product_brand","embeddable":true,"href":"https:\/\/www.bonelinks.com\/de\/wp-json\/wp\/v2\/product_brand?post=21512"},{"taxonomy":"product_cat","embeddable":true,"href":"https:\/\/www.bonelinks.com\/de\/wp-json\/wp\/v2\/product_cat?post=21512"},{"taxonomy":"product_tag","embeddable":true,"href":"https:\/\/www.bonelinks.com\/de\/wp-json\/wp\/v2\/product_tag?post=21512"}],"curies":[{"name":"wp","href":"https:\/\/api.w.org\/{rel}","templated":true}]}}