{"id":21476,"date":"2023-01-08T19:11:02","date_gmt":"2023-01-09T03:11:02","guid":{"rendered":"https:\/\/www.bonelinks.com\/product\/lc-faser-pigtails\/"},"modified":"2024-02-02T06:36:03","modified_gmt":"2024-02-02T14:36:03","slug":"lc-fiber-pigtails","status":"publish","type":"product","link":"https:\/\/www.bonelinks.com\/de\/product\/lc-fiber-pigtails\/","title":{"rendered":"LC-Faser-Pigtails"},"content":{"rendered":"","protected":false},"excerpt":{"rendered":"<p>Ein Glasfaser-Pigtail ist ein Glasfaserkabel mit einem Au\u00dfendurchmesser von 0,9 mm, 2,0 mm oder sogar 3,0 mm f\u00fcr den Innenbereich, das an einem Ende mit einem Glasfaserstecker vorkonfektioniert ist und am anderen Ende leer gelassen wird, um die Verbindung zwischen den Fasern eines optischen Kommunikationskabels herzustellen. Das LC-Pigtail ist ein St\u00fcck Glasfaserkabel f\u00fcr den Innenbereich, das an einem Ende mit einem vorkonfektionierten LC-Faserstecker versehen ist, w\u00e4hrend das andere Ende frei bleibt, um eine passive Signalverbindung zu erm\u00f6glichen. In der Single-Mode-\u00dcbertragung Band, LC Pigtail wird in der Regel Single-Mode-G65D oder G657 Faser aus optischem Kabel vor, die blaue Schale LCUPC-Stecker oder gr\u00fcne Schale LCAPC-Stecker unterst\u00fctzen die Verwendung. Bei Verwendung im Multimode-\u00dcbertragungsband werden LC-Pigtails in der Regel aus OM3- oder OM4-Multimode-Fasern hergestellt, um passende beige oder aquagr\u00fcne LCUPC-Endstecker vorzufertigen.<\/p>\n<p>LC-Pigtails werden h\u00e4ufig in Serverr\u00e4umen, Rechenzentren oder Verteilerknoten eingesetzt, wo der Platz knapp ist, und dienen zur Verl\u00e4ngerung des Signals vom Zugangssegment bis zum Ger\u00e4teende. Jedes von Bonelinks hergestellte LC-Pigtail wird rigoros getestet und die Testdaten werden auf dem Beutel jedes Patchkabels angegeben, so dass die dB-Auswirkungen jedes Splei\u00dfknotens auf den gesamten Link w\u00e4hrend der Konstruktion bewertet werden k\u00f6nnen.<\/p>\n","protected":false},"featured_media":16651,"template":"","meta":{"site-sidebar-layout":"default","site-content-layout":"default","ast-site-content-layout":"default","site-content-style":"default","site-sidebar-style":"default","ast-global-header-display":"","ast-banner-title-visibility":"","ast-main-header-display":"","ast-hfb-above-header-display":"","ast-hfb-below-header-display":"","ast-hfb-mobile-header-display":"","site-post-title":"","ast-breadcrumbs-content":"","ast-featured-img":"","footer-sml-layout":"","ast-disable-related-posts":"","theme-transparent-header-meta":"default","adv-header-id-meta":"","stick-header-meta":"default","header-above-stick-meta":"","header-main-stick-meta":"","header-below-stick-meta":"","astra-migrate-meta-layouts":"set","ast-page-background-enabled":"default","ast-page-background-meta":{"desktop":{"background-color":"","background-image":"","background-repeat":"repeat","background-position":"center center","background-size":"auto","background-attachment":"scroll","background-type":"","background-media":"","overlay-type":"","overlay-color":"","overlay-opacity":"","overlay-gradient":""},"tablet":{"background-color":"","background-image":"","background-repeat":"repeat","background-position":"center center","background-size":"auto","background-attachment":"scroll","background-type":"","background-media":"","overlay-type":"","overlay-color":"","overlay-opacity":"","overlay-gradient":""},"mobile":{"background-color":"","background-image":"","background-repeat":"repeat","background-position":"center center","background-size":"auto","background-attachment":"scroll","background-type":"","background-media":"","overlay-type":"","overlay-color":"","overlay-opacity":"","overlay-gradient":""}},"ast-content-background-meta":{"desktop":{"background-color":"var(--ast-global-color-5)","background-image":"","background-repeat":"repeat","background-position":"center center","background-size":"auto","background-attachment":"scroll","background-type":"","background-media":"","overlay-type":"","overlay-color":"","overlay-opacity":"","overlay-gradient":""},"tablet":{"background-color":"var(--ast-global-color-5)","background-image":"","background-repeat":"repeat","background-position":"center center","background-size":"auto","background-attachment":"scroll","background-type":"","background-media":"","overlay-type":"","overlay-color":"","overlay-opacity":"","overlay-gradient":""},"mobile":{"background-color":"var(--ast-global-color-5)","background-image":"","background-repeat":"repeat","background-position":"center center","background-size":"auto","background-attachment":"scroll","background-type":"","background-media":"","overlay-type":"","overlay-color":"","overlay-opacity":"","overlay-gradient":""}}},"product_brand":[],"product_cat":[482,228],"product_tag":[],"class_list":{"0":"post-21476","1":"product","2":"type-product","3":"status-publish","4":"has-post-thumbnail","6":"product_cat-fiber-optic-pigtails-de","7":"product_cat-fiber-patch-cord-de","8":"pa_connector-type-lc-de","9":"desktop-align-left","10":"tablet-align-left","11":"mobile-align-left","12":"ast-product-gallery-layout-vertical","13":"ast-product-gallery-with-no-image","14":"ast-product-tabs-layout-vertical","15":"ast-qv-on-image","17":"first","18":"instock","19":"shipping-taxable","20":"product-type-simple"},"_links":{"self":[{"href":"https:\/\/www.bonelinks.com\/de\/wp-json\/wp\/v2\/product\/21476","targetHints":{"allow":["GET"]}}],"collection":[{"href":"https:\/\/www.bonelinks.com\/de\/wp-json\/wp\/v2\/product"}],"about":[{"href":"https:\/\/www.bonelinks.com\/de\/wp-json\/wp\/v2\/types\/product"}],"version-history":[{"count":1,"href":"https:\/\/www.bonelinks.com\/de\/wp-json\/wp\/v2\/product\/21476\/revisions"}],"predecessor-version":[{"id":24638,"href":"https:\/\/www.bonelinks.com\/de\/wp-json\/wp\/v2\/product\/21476\/revisions\/24638"}],"wp:featuredmedia":[{"embeddable":true,"href":"https:\/\/www.bonelinks.com\/de\/wp-json\/wp\/v2\/media\/16651"}],"wp:attachment":[{"href":"https:\/\/www.bonelinks.com\/de\/wp-json\/wp\/v2\/media?parent=21476"}],"wp:term":[{"taxonomy":"product_brand","embeddable":true,"href":"https:\/\/www.bonelinks.com\/de\/wp-json\/wp\/v2\/product_brand?post=21476"},{"taxonomy":"product_cat","embeddable":true,"href":"https:\/\/www.bonelinks.com\/de\/wp-json\/wp\/v2\/product_cat?post=21476"},{"taxonomy":"product_tag","embeddable":true,"href":"https:\/\/www.bonelinks.com\/de\/wp-json\/wp\/v2\/product_tag?post=21476"}],"curies":[{"name":"wp","href":"https:\/\/api.w.org\/{rel}","templated":true}]}}