{"id":21471,"date":"2023-01-09T21:01:35","date_gmt":"2023-01-10T05:01:35","guid":{"rendered":"https:\/\/www.bonelinks.com\/product\/sc-lichtwellenleiter-stecker\/"},"modified":"2024-02-02T06:32:59","modified_gmt":"2024-02-02T14:32:59","slug":"sc-fiber-optic-connector","status":"publish","type":"product","link":"https:\/\/www.bonelinks.com\/de\/product\/sc-fiber-optic-connector\/","title":{"rendered":"SC-Lichtwellenleiter-Stecker"},"content":{"rendered":"<h2 style=\"text-align: left; font-size: 18px;\"><strong>SC-Fasersteckverbinder<\/strong><\/h2>\n<p>Verbinden Sie ganz einfach mit SC-Glasfasersteckern &#8211; die erste Wahl f\u00fcr die Verbindung von zwei Glasfaserkabeln. Dank ihres einfachen Push-Pull-Designs werden diese Steckverbinder in FTTH-Anwendungen (Fiber to the Home) sowohl in der Datenkommunikation als auch in der Telekommunikation weithin bevorzugt. Sie sind auch ein Muss f\u00fcr GBIC-Module, was sie zu einer vielseitigen und zuverl\u00e4ssigen Option f\u00fcr Ihre Konnektivit\u00e4tsanforderungen macht.<\/p>\n<h2 style=\"text-align: left; font-size: 18px;\"><strong>Merkmal<\/strong><\/h2>\n<ul>\n<li>Push-Pull-Verriegelungsmechanismus: Einfach zu installieren mit einem sicheren Schloss f\u00fcr Stabilit\u00e4t.<\/li>\n<li>Geringe Einf\u00fcgungsd\u00e4mpfung: Bewahrt die Signalintegrit\u00e4t \u00fcber gro\u00dfe Entfernungen, typischerweise weniger als 0,5 dB.<\/li>\n<li>Langlebiges Design: H\u00e4lt h\u00e4ufiges An- und Abstecken aus.<\/li>\n<li>Kompatibilit\u00e4t: Vielseitig einsetzbar, kompatibel mit einer breiten Palette von Ger\u00e4ten f\u00fcr verschiedene Anwendungen.<\/li>\n<\/ul>\n<h2 style=\"text-align: left; font-size: 18px;\"><strong>Anmeldung<\/strong><\/h2>\n<ul>\n<li>Telekommunikationsnetze<\/li>\n<li>Internet-Diensteanbieter<\/li>\n<li>Kabelfernsehen<\/li>\n<li>Milit\u00e4rische Kommunikation<\/li>\n<li>Industrielle Ausr\u00fcstung<\/li>\n<\/ul>\n<h2 style=\"text-align: left; font-size: 18px;\"><strong>Suchen Sie nach weiteren Glasfasersteckern?<\/strong><\/h2>\n<p>Suchen Sie weitere Optionen? Entdecken Sie unsere umfangreiche Auswahl an <strong><a href=\"https:\/\/www.bonelinks.com\/de\/china-fiber-optic-connector-supplier\/\" target=\"_blank\" rel=\"noopener\">faseroptischen Steckern <\/a><\/strong>f\u00fcr eine nahtlose Vernetzung.<\/p>\n","protected":false},"excerpt":{"rendered":"<p>Der SC-Glasfaserstecker ist eine der h\u00e4ufigsten Verbindungsvorrichtungen in Singlemode-Netzwerken und wird h\u00e4ufig an optischen Transceivern verwendet. Bei 100Base-FX sind die Stecker meist vom Typ SC. Er verwendet eine 2,5-mm-H\u00fclse, die sich von ST\/FC unterscheidet. Es handelt sich um eine Steckvorrichtung, die nicht gedreht werden muss, d. h. um eine quadratische Snap-in-Schnittstelle. Der Kern des SC-Steckers befindet sich im Inneren des Steckers.<br \/>\nSC ist die Abk\u00fcrzung f\u00fcr Square Connector. Seine Form ist rechteckig. Dieser Steckertyp ist erschwinglich, leicht zu stecken und zu l\u00f6sen, hat geringe Schwankungen der Einf\u00fcgungsd\u00e4mpfung, eine hohe Druckfestigkeit und eine hohe Installationsdichte. Aufgrund seiner vielen Vorteile ist es weit verbreitet.<\/p>\n","protected":false},"featured_media":16761,"template":"","meta":{"site-sidebar-layout":"default","site-content-layout":"default","ast-site-content-layout":"default","site-content-style":"default","site-sidebar-style":"default","ast-global-header-display":"","ast-banner-title-visibility":"","ast-main-header-display":"","ast-hfb-above-header-display":"","ast-hfb-below-header-display":"","ast-hfb-mobile-header-display":"","site-post-title":"","ast-breadcrumbs-content":"","ast-featured-img":"","footer-sml-layout":"","ast-disable-related-posts":"","theme-transparent-header-meta":"default","adv-header-id-meta":"","stick-header-meta":"default","header-above-stick-meta":"","header-main-stick-meta":"","header-below-stick-meta":"","astra-migrate-meta-layouts":"set","ast-page-background-enabled":"default","ast-page-background-meta":{"desktop":{"background-color":"","background-image":"","background-repeat":"repeat","background-position":"center center","background-size":"auto","background-attachment":"scroll","background-type":"","background-media":"","overlay-type":"","overlay-color":"","overlay-opacity":"","overlay-gradient":""},"tablet":{"background-color":"","background-image":"","background-repeat":"repeat","background-position":"center center","background-size":"auto","background-attachment":"scroll","background-type":"","background-media":"","overlay-type":"","overlay-color":"","overlay-opacity":"","overlay-gradient":""},"mobile":{"background-color":"","background-image":"","background-repeat":"repeat","background-position":"center center","background-size":"auto","background-attachment":"scroll","background-type":"","background-media":"","overlay-type":"","overlay-color":"","overlay-opacity":"","overlay-gradient":""}},"ast-content-background-meta":{"desktop":{"background-color":"var(--ast-global-color-5)","background-image":"","background-repeat":"repeat","background-position":"center center","background-size":"auto","background-attachment":"scroll","background-type":"","background-media":"","overlay-type":"","overlay-color":"","overlay-opacity":"","overlay-gradient":""},"tablet":{"background-color":"var(--ast-global-color-5)","background-image":"","background-repeat":"repeat","background-position":"center center","background-size":"auto","background-attachment":"scroll","background-type":"","background-media":"","overlay-type":"","overlay-color":"","overlay-opacity":"","overlay-gradient":""},"mobile":{"background-color":"var(--ast-global-color-5)","background-image":"","background-repeat":"repeat","background-position":"center center","background-size":"auto","background-attachment":"scroll","background-type":"","background-media":"","overlay-type":"","overlay-color":"","overlay-opacity":"","overlay-gradient":""}}},"product_brand":[],"product_cat":[233],"product_tag":[],"class_list":{"0":"post-21471","1":"product","2":"type-product","3":"status-publish","4":"has-post-thumbnail","6":"product_cat-fiber-optic-connectors-de","7":"desktop-align-left","8":"tablet-align-left","9":"mobile-align-left","10":"ast-product-gallery-layout-vertical","11":"ast-product-gallery-with-no-image","12":"ast-product-tabs-layout-vertical","13":"ast-qv-on-image","15":"first","16":"instock","17":"shipping-taxable","18":"product-type-simple"},"_links":{"self":[{"href":"https:\/\/www.bonelinks.com\/de\/wp-json\/wp\/v2\/product\/21471","targetHints":{"allow":["GET"]}}],"collection":[{"href":"https:\/\/www.bonelinks.com\/de\/wp-json\/wp\/v2\/product"}],"about":[{"href":"https:\/\/www.bonelinks.com\/de\/wp-json\/wp\/v2\/types\/product"}],"version-history":[{"count":2,"href":"https:\/\/www.bonelinks.com\/de\/wp-json\/wp\/v2\/product\/21471\/revisions"}],"predecessor-version":[{"id":24924,"href":"https:\/\/www.bonelinks.com\/de\/wp-json\/wp\/v2\/product\/21471\/revisions\/24924"}],"wp:featuredmedia":[{"embeddable":true,"href":"https:\/\/www.bonelinks.com\/de\/wp-json\/wp\/v2\/media\/16761"}],"wp:attachment":[{"href":"https:\/\/www.bonelinks.com\/de\/wp-json\/wp\/v2\/media?parent=21471"}],"wp:term":[{"taxonomy":"product_brand","embeddable":true,"href":"https:\/\/www.bonelinks.com\/de\/wp-json\/wp\/v2\/product_brand?post=21471"},{"taxonomy":"product_cat","embeddable":true,"href":"https:\/\/www.bonelinks.com\/de\/wp-json\/wp\/v2\/product_cat?post=21471"},{"taxonomy":"product_tag","embeddable":true,"href":"https:\/\/www.bonelinks.com\/de\/wp-json\/wp\/v2\/product_tag?post=21471"}],"curies":[{"name":"wp","href":"https:\/\/api.w.org\/{rel}","templated":true}]}}