{"id":21469,"date":"2023-01-09T21:22:12","date_gmt":"2023-01-10T05:22:12","guid":{"rendered":"https:\/\/www.bonelinks.com\/product\/lc-stecker\/"},"modified":"2024-02-02T06:32:45","modified_gmt":"2024-02-02T14:32:45","slug":"lc-fiber-optic-connector","status":"publish","type":"product","link":"https:\/\/www.bonelinks.com\/de\/product\/lc-fiber-optic-connector\/","title":{"rendered":"LC-Stecker"},"content":{"rendered":"<h1 style=\"text-align: left; font-size: 18px;\"><strong>LC-Stecker: L\u00f6sung mit kleinem Formfaktor f\u00fcr LC-Fasern<\/strong><\/h1>\n<p>Der LC-Faserstecker ist ein kompakter und effizienter SFF-Stecker (Small Form Factor), der speziell f\u00fcr den Anschluss von LC-Fasern entwickelt wurde und eine zuverl\u00e4ssige L\u00f6sung f\u00fcr verschiedene optische Netzwerkanwendungen darstellt.<\/p>\n<p>Was ist dann die LC-Schnittstelle? Das Akronym LC wurde urspr\u00fcnglich von Lucent Technologies f\u00fcr TelCo-Umgebungen entwickelt und steht in erster Linie f\u00fcr Lucent Connector. Au\u00dferdem kann sich LC auch auf Little Connector und Local Connector beziehen, was seine Vielseitigkeit in verschiedenen Kontexten unterstreicht. Die optischen Produkte verwenden herk\u00f6mmliche Steckerkomponenten, sind jedoch mit einer 1,25-mm-Keramikferrule ausgestattet, was ihre Leistung und Anpassungsf\u00e4higkeit erh\u00f6ht.<\/p>\n<h2 style=\"text-align: left; font-size: 18px;\"><strong>Hauptmerkmale von LC-Steckverbindern<\/strong><\/h2>\n<ul>\n<li>Kleiner Formfaktor (SFF) Design: Der kompakte Formfaktor des LC-Glasfasersteckers erm\u00f6glicht eine effiziente Nutzung des begrenzten Platzes, wodurch er sich ideal f\u00fcr Umgebungen mit hoher Dichte eignet, in denen zahlreiche Glasfaserverbindungen erforderlich sind.<\/li>\n<li>Entwickelt f\u00fcr LC-Fasern: Es wurde speziell f\u00fcr die Verbindung von LC-Fasern entwickelt und gew\u00e4hrleistet eine pr\u00e4zise und sichere Verbindung f\u00fcr eine zuverl\u00e4ssige Daten\u00fcbertragung.<\/li>\n<li>Das Erbe des Lucent-Steckers: Dieser urspr\u00fcnglich von Lucent Technologies entwickelte Steckverbinder zeichnet sich durch seine Zuverl\u00e4ssigkeit und Qualit\u00e4t aus und ist daher in Telekommunikationsumgebungen eine bew\u00e4hrte Wahl.<\/li>\n<li>Vielseitiges Akronym: Obwohl das Akronym LC in erster Linie f\u00fcr Lucent Connector steht, wird es auch mit Little Connector und Local Connector assoziiert, was die Anpassungsf\u00e4higkeit des Steckers an verschiedene optische Netzwerkszenarien und Anwendungen verdeutlicht.<\/li>\n<li>Verwendet herk\u00f6mmliche Komponenten: Die Produkte enthalten standardisierte Anschlusskomponenten, die die Kompatibilit\u00e4t mit der vorhandenen Infrastruktur und Ausr\u00fcstung gew\u00e4hrleisten. Diese Funktion vereinfacht die Integration und minimiert den Bedarf an umfangreichen \u00c4nderungen.<\/li>\n<li>1,25-mm-Keramikh\u00fclse: Eines der besonderen Merkmale ist die Verwendung einer 1,25-mm-Keramikh\u00fclse. Diese kleinere Ferrulengr\u00f6\u00dfe erm\u00f6glicht eine h\u00f6here Verbindungsdichte und erleichtert die pr\u00e4zise Ausrichtung zwischen den Fasern.<\/li>\n<\/ul>\n<h2 style=\"text-align: left; font-size: 18px;\"><strong>Spezifikation von LC-Fasersteckern<\/strong><\/h2>\n<p>Der Stecker ist in Singlemode- oder Multimode-Konfigurationen als Simplex oder Duplex erh\u00e4ltlich. Es unterst\u00fctzt 900 \u03bcm gepufferte Fasern oder 2-3mm ummantelte Fasern. Die typische Einf\u00fcgungsd\u00e4mpfung des Steckers betr\u00e4gt 0,2 dB sowohl f\u00fcr Singlemode als auch f\u00fcr Multimode, mit einer R\u00fcckflussd\u00e4mpfung des Steckers von mehr als 26 dB f\u00fcr Multimode und mehr als 50 dB f\u00fcr Singlemode.<\/p>\n<h2 style=\"text-align: left; font-size: 18px;\"><strong>Vorteile von LC-Steckverbindern <\/strong><\/h2>\n<ul>\n<li>Konnektivit\u00e4t mit hoher Dichte: Das kompakte Design erm\u00f6glicht eine effiziente Raumnutzung und ist daher ideal f\u00fcr Anwendungen, die eine hohe Dichte an Glasfaserverbindungen erfordern, wie z. B. Rechenzentren und optische Telekommunikationsnetzwerke.<\/li>\n<li>Zuverl\u00e4ssige Leistung: LC-Faserstecker bieten aufgrund ihrer Tradition und der Einhaltung von Industriestandards eine zuverl\u00e4ssige und konsistente Verbindung f\u00fcr eine unterbrechungsfreie Daten\u00fcbertragung.<\/li>\n<li>Einfache Integration: Durch die Verwendung herk\u00f6mmlicher Steckverbinderkomponenten lassen sich LC-Steckverbinder nahtlos in die bestehende Infrastruktur integrieren, was die Installationszeit verk\u00fcrzt und Upgrades oder \u00c4nderungen vereinfacht.<\/li>\n<li>Pr\u00e4zise Faserausrichtung: Die 1,25-mm-Keramikferrule gew\u00e4hrleistet eine pr\u00e4zise Ausrichtung der LC-Fasern, was zu geringen Einf\u00fcgungsd\u00e4mpfungen und minimaler Signalverschlechterung f\u00fchrt, was wiederum eine zuverl\u00e4ssige und hochwertige Daten\u00fcbertragung gew\u00e4hrleistet.<\/li>\n<\/ul>\n<h2 style=\"text-align: left; font-size: 18px;\"><strong>Anmeldung <\/strong><\/h2>\n<p>Bonelinks bieten eine robuste und zuverl\u00e4ssige L\u00f6sung f\u00fcr verschiedene Gigabit-Ethernet-Anwendungen, darunter Telekommunikationsr\u00e4ume mit hoher Dichte, LANs, \u00f6ffentliche Netzwerke und Fiber-to-the-Desk-Konfigurationen. Diese Glasfasersteckverbinder wurden speziell f\u00fcr die Anforderungen optischer Netzwerke in Backbone-, horizontalen und Arbeitsbereichsanwendungen entwickelt, die Hochgeschwindigkeitsdaten\u00fcbertragungen erfordern.<\/p>\n<p>Mit ihrem hochdichten Design und der Verwendung von 1,25 mm Ferrulen verdoppeln Bonelinks LC-Steckverbinder effektiv die Portdichte im Vergleich zu SC-Steckverbindern und reduzieren so den Platzbedarf in Racks, Geh\u00e4usen, Panels und Frontplatten. Unsere Produktoptionen umfassen LC-LC-Steckverbinder, ST-LC-Steckverbinder, usw. Bonelinks ist auch stolz darauf, seine Auswahl an Edelstahl-Ferrule-Verbindern und Edelstahl-Mini-Faseroptik-Verbindern anbieten zu k\u00f6nnen, die in der Medizin, der Industrie und bei Laseranwendungen eingesetzt werden.<\/p>\n<h2 style=\"text-align: left; font-size: 18px;\"><strong>Suchen Sie nach weiteren Glasfasersteckern?<\/strong><\/h2>\n<p>Suchen Sie weitere Optionen? Entdecken Sie unsere umfangreiche Auswahl an <strong><a href=\"https:\/\/www.bonelinks.com\/de\/china-fiber-optic-connector-supplier\/\" target=\"_blank\" rel=\"noopener\">faseroptischen Steckern <\/a><\/strong>f\u00fcr eine nahtlose Vernetzung.<\/p>\n","protected":false},"excerpt":{"rendered":"<p>Der LC-Stecker \u00e4hnelt dem <a href=\"https:\/\/www.bonelinks.com\/product\/sc-fiber-optic-connector\/\" target=\"_blank\" rel=\"noopener\">SC-Stecker<\/a>, ist aber kleiner als dieser. Er ist mit einem einfach zu bedienenden modularen RJ-Verriegelungsmechanismus ausgestattet, d. h. mit einer einrastenden (kleinen) quadratischen Schnittstelle. LC-Glasfaserstecker sind in Singlemode-Netzwerken weit verbreitet und werden in der Regel bei optischen Transceivern zur Unterst\u00fctzung der Gigabit-Ethernet-\u00dcbertragung verwendet. Nach der aktuellen Marktbelegung zu urteilen, ist die Position des LC-Fasersteckers sehr stabil und spielt eine wichtige Rolle im Umfeld der Glasfaserverbindungen.<\/p>\n<p>Bislang liegen die Vorteile von LC-Glasfasersteckern ebenfalls auf der Hand.<\/p>\n<ul>\n<li>Der erste ist die Gr\u00f6\u00dfe des Steckers, die nur halb so gro\u00df ist wie die von normalen SC- und FC-Schnittstellen. Auf diese Weise kann im Glasfaserverteiler die Dichte der Glasfaserstecker erh\u00f6ht und Platz gespart werden.<\/li>\n<li>Zweitens hat das Verbindungsdesign die Eigenschaft, nicht zu blockieren, was die Stabilit\u00e4t des Ausziehwiderstands erh\u00f6ht und die Haltbarkeit der Schnittstellenverbindung verbessert.<\/li>\n<li>Da es sich um einen weit verbreiteten Glasfaserstecker handelt, ist er wegen seiner vielf\u00e4ltigen Anpassungsm\u00f6glichkeiten und der einfachen und zeitsparenden Installation sehr beliebt.<\/li>\n<\/ul>\n","protected":false},"featured_media":16791,"template":"","meta":{"site-sidebar-layout":"default","site-content-layout":"default","ast-site-content-layout":"default","site-content-style":"default","site-sidebar-style":"default","ast-global-header-display":"","ast-banner-title-visibility":"","ast-main-header-display":"","ast-hfb-above-header-display":"","ast-hfb-below-header-display":"","ast-hfb-mobile-header-display":"","site-post-title":"","ast-breadcrumbs-content":"","ast-featured-img":"","footer-sml-layout":"","ast-disable-related-posts":"","theme-transparent-header-meta":"default","adv-header-id-meta":"","stick-header-meta":"default","header-above-stick-meta":"","header-main-stick-meta":"","header-below-stick-meta":"","astra-migrate-meta-layouts":"set","ast-page-background-enabled":"default","ast-page-background-meta":{"desktop":{"background-color":"","background-image":"","background-repeat":"repeat","background-position":"center center","background-size":"auto","background-attachment":"scroll","background-type":"","background-media":"","overlay-type":"","overlay-color":"","overlay-opacity":"","overlay-gradient":""},"tablet":{"background-color":"","background-image":"","background-repeat":"repeat","background-position":"center center","background-size":"auto","background-attachment":"scroll","background-type":"","background-media":"","overlay-type":"","overlay-color":"","overlay-opacity":"","overlay-gradient":""},"mobile":{"background-color":"","background-image":"","background-repeat":"repeat","background-position":"center center","background-size":"auto","background-attachment":"scroll","background-type":"","background-media":"","overlay-type":"","overlay-color":"","overlay-opacity":"","overlay-gradient":""}},"ast-content-background-meta":{"desktop":{"background-color":"var(--ast-global-color-5)","background-image":"","background-repeat":"repeat","background-position":"center center","background-size":"auto","background-attachment":"scroll","background-type":"","background-media":"","overlay-type":"","overlay-color":"","overlay-opacity":"","overlay-gradient":""},"tablet":{"background-color":"var(--ast-global-color-5)","background-image":"","background-repeat":"repeat","background-position":"center center","background-size":"auto","background-attachment":"scroll","background-type":"","background-media":"","overlay-type":"","overlay-color":"","overlay-opacity":"","overlay-gradient":""},"mobile":{"background-color":"var(--ast-global-color-5)","background-image":"","background-repeat":"repeat","background-position":"center center","background-size":"auto","background-attachment":"scroll","background-type":"","background-media":"","overlay-type":"","overlay-color":"","overlay-opacity":"","overlay-gradient":""}}},"product_brand":[],"product_cat":[233],"product_tag":[],"class_list":{"0":"post-21469","1":"product","2":"type-product","3":"status-publish","4":"has-post-thumbnail","6":"product_cat-fiber-optic-connectors-de","7":"desktop-align-left","8":"tablet-align-left","9":"mobile-align-left","10":"ast-product-gallery-layout-vertical","11":"ast-product-gallery-with-no-image","12":"ast-product-tabs-layout-vertical","13":"ast-qv-on-image","15":"first","16":"instock","17":"shipping-taxable","18":"product-type-simple"},"_links":{"self":[{"href":"https:\/\/www.bonelinks.com\/de\/wp-json\/wp\/v2\/product\/21469","targetHints":{"allow":["GET"]}}],"collection":[{"href":"https:\/\/www.bonelinks.com\/de\/wp-json\/wp\/v2\/product"}],"about":[{"href":"https:\/\/www.bonelinks.com\/de\/wp-json\/wp\/v2\/types\/product"}],"version-history":[{"count":3,"href":"https:\/\/www.bonelinks.com\/de\/wp-json\/wp\/v2\/product\/21469\/revisions"}],"predecessor-version":[{"id":24923,"href":"https:\/\/www.bonelinks.com\/de\/wp-json\/wp\/v2\/product\/21469\/revisions\/24923"}],"wp:featuredmedia":[{"embeddable":true,"href":"https:\/\/www.bonelinks.com\/de\/wp-json\/wp\/v2\/media\/16791"}],"wp:attachment":[{"href":"https:\/\/www.bonelinks.com\/de\/wp-json\/wp\/v2\/media?parent=21469"}],"wp:term":[{"taxonomy":"product_brand","embeddable":true,"href":"https:\/\/www.bonelinks.com\/de\/wp-json\/wp\/v2\/product_brand?post=21469"},{"taxonomy":"product_cat","embeddable":true,"href":"https:\/\/www.bonelinks.com\/de\/wp-json\/wp\/v2\/product_cat?post=21469"},{"taxonomy":"product_tag","embeddable":true,"href":"https:\/\/www.bonelinks.com\/de\/wp-json\/wp\/v2\/product_tag?post=21469"}],"curies":[{"name":"wp","href":"https:\/\/api.w.org\/{rel}","templated":true}]}}