{"id":21446,"date":"2023-01-09T21:42:44","date_gmt":"2023-01-10T05:42:44","guid":{"rendered":"https:\/\/www.bonelinks.com\/product\/sma905-lichtwellenleiter-steckverbinder\/"},"modified":"2024-02-02T06:30:40","modified_gmt":"2024-02-02T14:30:40","slug":"sma905-fiber-optic-connectors","status":"publish","type":"product","link":"https:\/\/www.bonelinks.com\/de\/product\/sma905-fiber-optic-connectors\/","title":{"rendered":"SMA905 Lichtwellenleiter-Steckverbinder"},"content":{"rendered":"<h2 style=\"text-align: left; font-size: 18px;\"><strong>SMA905 Steckverbinder, Ferrule aus Edelstahl<\/strong><\/h2>\n<p>Erleben Sie zuverl\u00e4ssige Verbindungen mit unseren SMA905-Steckverbindern mit Edelstahlferrulen, die speziell f\u00fcr Fasern mit gro\u00dfem Kern entwickelt wurden. Sie haben die Wahl zwischen Standard- und Sechskant-Steckverbindern, die beide mit wichtigen Komponenten wie einer Zugentlastungsmanschette, einer Crimph\u00fclse f\u00fcr \u00d83 mm-Schl\u00e4uche und einer Steckerkappe ausgestattet sind.<\/p>\n<p>Diese Steckverbinder sind aus hochwertigem 304-Edelstahl gefertigt, um den Anforderungen extremer Umgebungen standzuhalten, und gew\u00e4hrleisten einen kontinuierlichen und zuverl\u00e4ssigen Einsatz. Sie sind f\u00fcr 1,0 x 2,2 mm POF zugeschnitten und lassen sich nahtlos in vorhandene SMA-Hardware integrieren. Verbessern Sie Ihre Konnektivit\u00e4t mit der Langlebigkeit und Kompatibilit\u00e4t unserer SMA905-Steckverbinder, die alle \u00fcber eine zuverl\u00e4ssige Ferrule aus Edelstahl verf\u00fcgen.<\/p>\n<h2 style=\"text-align: left; font-size: 18px;\"><strong>Spezifikationen<\/strong><\/h2>\n<ul>\n<li>Material der H\u00fclse: Rostfreier Stahl<\/li>\n<li>Material der Mutter: Rostfreier Stahl<\/li>\n<li>RoHS- und REACH-konform<\/li>\n<li>Kundenspezifische ID-Gr\u00f6\u00dfen bis zu 800 um<\/li>\n<\/ul>\n<h2 style=\"text-align: left; font-size: 18px;\"><strong>Anwendungen<\/strong><\/h2>\n<ul>\n<li>Datenkommunikation<\/li>\n<li>Sensor-Anwendungen<\/li>\n<li>Medizinisch \/ Chirurgisch<\/li>\n<\/ul>\n<h2 style=\"text-align: left; font-size: 18px;\"><strong>Suchen Sie nach weiteren Glasfasersteckern?<\/strong><\/h2>\n<p>Suchen Sie weitere Optionen? Entdecken Sie unsere umfangreiche Auswahl an <strong><a href=\"https:\/\/www.bonelinks.com\/de\/china-fiber-optic-connector-supplier\/\" target=\"_blank\" rel=\"noopener\">faseroptischen Steckern <\/a><\/strong>f\u00fcr eine nahtlose Vernetzung.<\/p>\n","protected":false},"excerpt":{"rendered":"<p>SMA905 Glasfasersteckverbinder, auch bekannt als FSMA-Steckverbinder, sind in der Industrie f\u00fcr Glasfaserverbindungssysteme weithin anerkannt. Es wird h\u00e4ufig in milit\u00e4rischen, industriellen und medizinischen Anwendungen eingesetzt. Unsere SMA905-Lichtwellenleiter-Steckverbinder verf\u00fcgen \u00fcber eine \u00dcberwurfmutter mit Gewinde und eine Ferrule aus rostfreiem Stahl und k\u00f6nnen eine Vielzahl von Multimode-Fasern aufnehmen.<\/p>\n","protected":false},"featured_media":16811,"template":"","meta":{"site-sidebar-layout":"default","site-content-layout":"default","ast-site-content-layout":"default","site-content-style":"default","site-sidebar-style":"default","ast-global-header-display":"","ast-banner-title-visibility":"","ast-main-header-display":"","ast-hfb-above-header-display":"","ast-hfb-below-header-display":"","ast-hfb-mobile-header-display":"","site-post-title":"","ast-breadcrumbs-content":"","ast-featured-img":"","footer-sml-layout":"","ast-disable-related-posts":"","theme-transparent-header-meta":"default","adv-header-id-meta":"","stick-header-meta":"default","header-above-stick-meta":"","header-main-stick-meta":"","header-below-stick-meta":"","astra-migrate-meta-layouts":"set","ast-page-background-enabled":"default","ast-page-background-meta":{"desktop":{"background-color":"","background-image":"","background-repeat":"repeat","background-position":"center center","background-size":"auto","background-attachment":"scroll","background-type":"","background-media":"","overlay-type":"","overlay-color":"","overlay-opacity":"","overlay-gradient":""},"tablet":{"background-color":"","background-image":"","background-repeat":"repeat","background-position":"center center","background-size":"auto","background-attachment":"scroll","background-type":"","background-media":"","overlay-type":"","overlay-color":"","overlay-opacity":"","overlay-gradient":""},"mobile":{"background-color":"","background-image":"","background-repeat":"repeat","background-position":"center center","background-size":"auto","background-attachment":"scroll","background-type":"","background-media":"","overlay-type":"","overlay-color":"","overlay-opacity":"","overlay-gradient":""}},"ast-content-background-meta":{"desktop":{"background-color":"var(--ast-global-color-5)","background-image":"","background-repeat":"repeat","background-position":"center center","background-size":"auto","background-attachment":"scroll","background-type":"","background-media":"","overlay-type":"","overlay-color":"","overlay-opacity":"","overlay-gradient":""},"tablet":{"background-color":"var(--ast-global-color-5)","background-image":"","background-repeat":"repeat","background-position":"center center","background-size":"auto","background-attachment":"scroll","background-type":"","background-media":"","overlay-type":"","overlay-color":"","overlay-opacity":"","overlay-gradient":""},"mobile":{"background-color":"var(--ast-global-color-5)","background-image":"","background-repeat":"repeat","background-position":"center center","background-size":"auto","background-attachment":"scroll","background-type":"","background-media":"","overlay-type":"","overlay-color":"","overlay-opacity":"","overlay-gradient":""}}},"product_brand":[],"product_cat":[233],"product_tag":[],"class_list":{"0":"post-21446","1":"product","2":"type-product","3":"status-publish","4":"has-post-thumbnail","6":"product_cat-fiber-optic-connectors-de","7":"desktop-align-left","8":"tablet-align-left","9":"mobile-align-left","10":"ast-product-gallery-layout-vertical","11":"ast-product-gallery-with-no-image","12":"ast-product-tabs-layout-vertical","13":"ast-qv-on-image","15":"first","16":"instock","17":"shipping-taxable","18":"product-type-simple"},"_links":{"self":[{"href":"https:\/\/www.bonelinks.com\/de\/wp-json\/wp\/v2\/product\/21446","targetHints":{"allow":["GET"]}}],"collection":[{"href":"https:\/\/www.bonelinks.com\/de\/wp-json\/wp\/v2\/product"}],"about":[{"href":"https:\/\/www.bonelinks.com\/de\/wp-json\/wp\/v2\/types\/product"}],"version-history":[{"count":3,"href":"https:\/\/www.bonelinks.com\/de\/wp-json\/wp\/v2\/product\/21446\/revisions"}],"predecessor-version":[{"id":24920,"href":"https:\/\/www.bonelinks.com\/de\/wp-json\/wp\/v2\/product\/21446\/revisions\/24920"}],"wp:featuredmedia":[{"embeddable":true,"href":"https:\/\/www.bonelinks.com\/de\/wp-json\/wp\/v2\/media\/16811"}],"wp:attachment":[{"href":"https:\/\/www.bonelinks.com\/de\/wp-json\/wp\/v2\/media?parent=21446"}],"wp:term":[{"taxonomy":"product_brand","embeddable":true,"href":"https:\/\/www.bonelinks.com\/de\/wp-json\/wp\/v2\/product_brand?post=21446"},{"taxonomy":"product_cat","embeddable":true,"href":"https:\/\/www.bonelinks.com\/de\/wp-json\/wp\/v2\/product_cat?post=21446"},{"taxonomy":"product_tag","embeddable":true,"href":"https:\/\/www.bonelinks.com\/de\/wp-json\/wp\/v2\/product_tag?post=21446"}],"curies":[{"name":"wp","href":"https:\/\/api.w.org\/{rel}","templated":true}]}}