{"id":21444,"date":"2023-01-30T18:43:48","date_gmt":"2023-01-31T02:43:48","guid":{"rendered":"https:\/\/www.bonelinks.com\/product\/fc-fc-patchkabel\/"},"modified":"2024-02-02T06:28:24","modified_gmt":"2024-02-02T14:28:24","slug":"fc-to-fc-fiber-optic-patch-cable","status":"publish","type":"product","link":"https:\/\/www.bonelinks.com\/de\/product\/fc-to-fc-fiber-optic-patch-cable\/","title":{"rendered":"FC FC Patchkabel"},"content":{"rendered":"<h1 style=\"text-align: left; font-size: 18px;\"><strong>FC FC Fiber Patch Cord<\/strong><\/h1>\n<p>FC FC Patch Cord ist ein passives Kommunikationskabel mit beidseitig vorkonfektionierten FC-Glasfasersteckern, ideal f\u00fcr die Verbindung von CCTV-, CATV- oder Rundfunksystemverbindungen. Bonelinks bietet eine breite Palette von FC zu FC Glasfaser-Patchkabel mit Optionen.<\/p>\n<ul>\n<li>Single-Mode und Multi-Mode: Gelb ummantelte Glasfaserkabel werden f\u00fcr die \u00dcbertragung von Singlemode-Signalen verwendet, w\u00e4hrend orange oder violett ummantelte Kabel f\u00fcr optische Multimode-Signale verwendet werden.<\/li>\n<li>Anpassungsm\u00f6glichkeiten: Bonelinks bietet kundenspezifische Anpassungen f\u00fcr Kabell\u00e4nge, Faserkontakt-Endfl\u00e4che, Druckinformationen und Verpackungsanforderungen. Sie bieten auch komplette FC-Steckverbinder, Adapter, D\u00e4mpfungsglieder und voll ausgestattete FC-Patchpanels an.<\/li>\n<li>Erh\u00f6hter Schutz: F\u00fcr den Einsatz in Rechenzentren oder Serverr\u00e4umen sind spiralarmierte Glasfaserkabel mit Anti-Rodent- und Anti-Stepping-Eigenschaften erh\u00e4ltlich, die eine stabile \u00dcbertragung und lange Lebensdauer gew\u00e4hrleisten.<\/li>\n<\/ul>\n<p>Bonelinks hat eine t\u00e4gliche Kapazit\u00e4t von 10.000 vorkonfektionierten FC-Glasfaser-Patchkabeln, und alle Bestellungen werden innerhalb von 3-5 Tagen produziert und versandt, um den Kunden eine optimale Leistung zu garantieren.<\/p>\n<h2 style=\"text-align: left; font-size: 18px;\"><strong>Eigenschaften von FC FC Patch Cord<\/strong><\/h2>\n<ul>\n<li>Zugsicherer Mantel: Das Patchkabel verf\u00fcgt \u00fcber eine zugfeste Ummantelung, die zus\u00e4tzlichen Schutz gegen versehentliches Abziehen des Kabels bietet.<\/li>\n<li>Geringe Einf\u00fcged\u00e4mpfung, hohe R\u00fcckflussd\u00e4mpfung: Gew\u00e4hrleistet eine effiziente \u00dcbertragung mit minimalem Signalverlust und starker Signalreflexion.<\/li>\n<li>100%ige Qualit\u00e4tskontrolle: Jedes Patchkabel wird einer gr\u00fcndlichen Qualit\u00e4tskontrolle unterzogen, um optimale Leistung und Zuverl\u00e4ssigkeit zu gew\u00e4hrleisten.<\/li>\n<li>Anpassbare Optionen: Die Kunden haben die M\u00f6glichkeit, L\u00e4nge, Faserdurchmesser und Steckertyp an ihre spezifischen Anforderungen anzupassen.<\/li>\n<\/ul>\n<h2 style=\"text-align: left; font-size: 18px;\"><strong>Anwendung von FC FC Patch Cord<\/strong><\/h2>\n<ul>\n<li>Telekommunikation<\/li>\n<li>Datacom (Rechenzentren)<\/li>\n<li>Transceiver-Konnektivit\u00e4t<\/li>\n<\/ul>\n<h2 style=\"text-align: left; font-size: 18px;\"><strong>Suchen Sie nach einer gr\u00f6\u00dferen Auswahl an Glasfaser-Patchkabeln?<\/strong><\/h2>\n<p>M\u00f6chten Sie mehr Optionen f\u00fcr Glasfaser-Patchkabel? Entdecken Sie unsere Auswahl an <span style=\"color: #0054a6;\"><strong><a style=\"color: #0054a6;\" href=\"https:\/\/www.bonelinks.com\/de\/fc-fiber-cable\/\" target=\"_blank\" rel=\"noopener\">FC-Glasfaser-Patchkabeln <\/a><\/strong><\/span>f\u00fcr nahtlose Netzwerke.<\/p>\n<p>Sind Sie auf der Suche nach ma\u00dfgeschneiderten und speziell angefertigten Glasfaser-Patchkabeln? Entdecken Sie unseren speziellen Bereich \u00fcber<a href=\"https:\/\/www.bonelinks.com\/de\/custom-fiber-optic-cables\/\" target=\"_blank\" rel=\"noopener\"><span style=\"color: #0054a6;\"><strong> Kundenspezifische Glasfaserkabel <\/strong><\/span><\/a>f\u00fcr ma\u00dfgeschneiderte Konnektivit\u00e4tsl\u00f6sungen.<\/p>\n<ul>\n<li>Einzelhandel oder Gro\u00dfhandel &#8211; wir haben alles f\u00fcr Sie!<\/li>\n<li>Nicht sicher, was Sie kaufen sollen? Wir bieten fachkundige Beratung.<\/li>\n<li>Kleines MOQ: Sie brauchen nicht mehr zu kaufen, als Sie wollen.<\/li>\n<li>Konkurrenzf\u00e4hige Preise: Sie erhalten jedes Mal ein gutes Preis-Leistungs-Verh\u00e4ltnis.<\/li>\n<li>Prompte Lieferung: Ihre Geschwindigkeit, unsere Priorit\u00e4t.<\/li>\n<li>Kundenorientiert: Wir schneiden unsere Dienstleistungen auf Ihre Bed\u00fcrfnisse zu.<\/li>\n<\/ul>\n<p><strong>Verbinden Sie sich mit uns!<\/strong><br \/>\nWenn Sie Probleme bei der Suche nach dem richtigen <span style=\"color: #0054a6;\"><strong><a style=\"color: #0054a6;\" href=\"https:\/\/www.bonelinks.com\/de\/fiber-optic-patch-cord-supplier\/\" target=\"_blank\" rel=\"noopener\">Glasfaser-Patchkabel <\/a><\/strong><\/span>f\u00fcr Ihre Bed\u00fcrfnisse zu finden, oder wenn Sie einen Expertenrat ben\u00f6tigen, k\u00f6nnen Sie mit einem Klick<a href=\"https:\/\/www.bonelinks.com\/de\/contact-us\/\" target=\"_blank\" rel=\"noopener\"><strong><span style=\"color: #0054a6;\"> mit uns chatten <\/span><\/strong><\/a>in Sekundenschnelle. Ihre Zufriedenheit ist unsere Priorit\u00e4t. Wir sind bereit, Sie in jeder Hinsicht zu unterst\u00fctzen. <strong>Keine Sorge, \u00fcberm\u00e4\u00dfiges Nachdenken ist nicht erforderlich. Wir sind hier und bereit, Ihnen zu helfen.<\/strong><\/p>\n","protected":false},"excerpt":{"rendered":"<p>FC FC Patch Cord ist ein beliebtes passives Kommunikationskabel mit FC-Glasfasersteckern an beiden Enden. Es bietet vorkonfektionierte Verbindungen f\u00fcr Innen- oder Au\u00dfen-Glasfaserkabel in CCTV-, CATV- und Rundfunksystemen. Bonelinks bietet eine gro\u00dfe Auswahl an FC zu FC Glasfaser-Patchkabeln mit Optionen f\u00fcr L\u00e4nge, Mantelmaterial, Politur und Kabeldurchmesser.<\/p>\n","protected":false},"featured_media":17026,"template":"","meta":{"site-sidebar-layout":"default","site-content-layout":"default","ast-site-content-layout":"default","site-content-style":"default","site-sidebar-style":"default","ast-global-header-display":"","ast-banner-title-visibility":"","ast-main-header-display":"","ast-hfb-above-header-display":"","ast-hfb-below-header-display":"","ast-hfb-mobile-header-display":"","site-post-title":"","ast-breadcrumbs-content":"","ast-featured-img":"","footer-sml-layout":"","ast-disable-related-posts":"","theme-transparent-header-meta":"default","adv-header-id-meta":"","stick-header-meta":"default","header-above-stick-meta":"","header-main-stick-meta":"","header-below-stick-meta":"","astra-migrate-meta-layouts":"set","ast-page-background-enabled":"default","ast-page-background-meta":{"desktop":{"background-color":"","background-image":"","background-repeat":"repeat","background-position":"center center","background-size":"auto","background-attachment":"scroll","background-type":"","background-media":"","overlay-type":"","overlay-color":"","overlay-opacity":"","overlay-gradient":""},"tablet":{"background-color":"","background-image":"","background-repeat":"repeat","background-position":"center center","background-size":"auto","background-attachment":"scroll","background-type":"","background-media":"","overlay-type":"","overlay-color":"","overlay-opacity":"","overlay-gradient":""},"mobile":{"background-color":"","background-image":"","background-repeat":"repeat","background-position":"center center","background-size":"auto","background-attachment":"scroll","background-type":"","background-media":"","overlay-type":"","overlay-color":"","overlay-opacity":"","overlay-gradient":""}},"ast-content-background-meta":{"desktop":{"background-color":"var(--ast-global-color-5)","background-image":"","background-repeat":"repeat","background-position":"center center","background-size":"auto","background-attachment":"scroll","background-type":"","background-media":"","overlay-type":"","overlay-color":"","overlay-opacity":"","overlay-gradient":""},"tablet":{"background-color":"var(--ast-global-color-5)","background-image":"","background-repeat":"repeat","background-position":"center center","background-size":"auto","background-attachment":"scroll","background-type":"","background-media":"","overlay-type":"","overlay-color":"","overlay-opacity":"","overlay-gradient":""},"mobile":{"background-color":"var(--ast-global-color-5)","background-image":"","background-repeat":"repeat","background-position":"center center","background-size":"auto","background-attachment":"scroll","background-type":"","background-media":"","overlay-type":"","overlay-color":"","overlay-opacity":"","overlay-gradient":""}}},"product_brand":[],"product_cat":[228,459],"product_tag":[],"class_list":{"0":"post-21444","1":"product","2":"type-product","3":"status-publish","4":"has-post-thumbnail","6":"product_cat-fiber-patch-cord-de","7":"product_cat-fc-fiber-patch-cord-de","8":"pa_connector-type-fc-fc-de","9":"desktop-align-left","10":"tablet-align-left","11":"mobile-align-left","12":"ast-product-gallery-layout-vertical","13":"ast-product-gallery-with-no-image","14":"ast-product-tabs-layout-vertical","15":"ast-qv-on-image","17":"first","18":"instock","19":"shipping-taxable","20":"product-type-simple"},"_links":{"self":[{"href":"https:\/\/www.bonelinks.com\/de\/wp-json\/wp\/v2\/product\/21444","targetHints":{"allow":["GET"]}}],"collection":[{"href":"https:\/\/www.bonelinks.com\/de\/wp-json\/wp\/v2\/product"}],"about":[{"href":"https:\/\/www.bonelinks.com\/de\/wp-json\/wp\/v2\/types\/product"}],"version-history":[{"count":3,"href":"https:\/\/www.bonelinks.com\/de\/wp-json\/wp\/v2\/product\/21444\/revisions"}],"predecessor-version":[{"id":24917,"href":"https:\/\/www.bonelinks.com\/de\/wp-json\/wp\/v2\/product\/21444\/revisions\/24917"}],"wp:featuredmedia":[{"embeddable":true,"href":"https:\/\/www.bonelinks.com\/de\/wp-json\/wp\/v2\/media\/17026"}],"wp:attachment":[{"href":"https:\/\/www.bonelinks.com\/de\/wp-json\/wp\/v2\/media?parent=21444"}],"wp:term":[{"taxonomy":"product_brand","embeddable":true,"href":"https:\/\/www.bonelinks.com\/de\/wp-json\/wp\/v2\/product_brand?post=21444"},{"taxonomy":"product_cat","embeddable":true,"href":"https:\/\/www.bonelinks.com\/de\/wp-json\/wp\/v2\/product_cat?post=21444"},{"taxonomy":"product_tag","embeddable":true,"href":"https:\/\/www.bonelinks.com\/de\/wp-json\/wp\/v2\/product_tag?post=21444"}],"curies":[{"name":"wp","href":"https:\/\/api.w.org\/{rel}","templated":true}]}}