{"id":21428,"date":"2023-01-30T20:38:50","date_gmt":"2023-01-31T04:38:50","guid":{"rendered":"https:\/\/www.bonelinks.com\/product\/faser-schrumpfschlauch-faser-verbindungsschlauch\/"},"modified":"2024-02-02T06:20:23","modified_gmt":"2024-02-02T14:20:23","slug":"fiber-optical-heat-shrink-tube","status":"publish","type":"product","link":"https:\/\/www.bonelinks.com\/de\/product\/fiber-optical-heat-shrink-tube\/","title":{"rendered":"Faser-Schrumpfschlauch Faser-Verbindungsschlauch"},"content":{"rendered":"<h1 style=\"text-align: left; font-size: 18px;\"><strong>Faser-Schrumpfschlauch: Schutz und Verst\u00e4rkung von Glasfasersplei\u00dfungen<\/strong><\/h1>\n<p>Schrumpfschl\u00e4uche sind ein w\u00e4rmeschrumpfendes Produkt. W\u00e4rmeschrumpfende Produkte sind Produkte, die, wie der Name schon sagt, schrumpfen, wenn sie W\u00e4rme ausgesetzt werden. Diese Produkte werden durch Strecken von Kunststoffen wie Polyolefin w\u00e4hrend des Produktionsprozesses hergestellt.<\/p>\n<p>Der Schrumpfschlauch f\u00fcr Glasfasern ist eine wichtige Komponente zum Schutz von Glasfasersplei\u00dfverbindungen. Er besteht aus vernetztem Polyolefin, einem Hei\u00dfschmelzrohr und einem Stahlstab. Dieses Rohr dient dem Schutz und der strukturellen Unterst\u00fctzung von Glasfasersplei\u00dfungen. Wiederherstellung der Faserbeschichtung, um die mechanische Festigkeit im Bereich der Schmelzverbindung und die optischen \u00dcbertragungseigenschaften zu erhalten. Der innere Thermoschmelzschlauch aus einem hochwertigen Polymer sorgt f\u00fcr eine gleichm\u00e4\u00dfige und blasenfreie Schrumpfung. Das vernetzte Polyolefin bietet Temperaturbest\u00e4ndigkeit, Festigkeit und Dehnungseigenschaften. Der Stahlstab verhindert ein Verziehen und eine Besch\u00e4digung der inneren Faser w\u00e4hrend der Hochtemperaturerw\u00e4rmung.<\/p>\n<ul>\n<li>Stahlstange: Stabilisieren und sch\u00fctzen die Verbindung<\/li>\n<li>Innerer Schlauch: Schrumpfung bei Erw\u00e4rmung zur Herstellung der Verbindung<\/li>\n<li>\u00c4u\u00dferes Rohr: Schrumpfschlauch um die Stahlstange und das Innenrohr, um die Stahlstange und das Innenrohr fest zusammenzuhalten.<\/li>\n<\/ul>\n<p style=\"text-align: left; font-size: 18px;\"><strong><span style=\"font-size: 18px;\"><img fetchpriority=\"high\" decoding=\"async\" class=\"alignnone wp-image-7995\" src=\"https:\/\/www.bonelinks.com\/wp-content\/uploads\/2023\/01\/heat-shrink-tube.jpg\" alt=\"Schrumpfschlauch\" width=\"500\" height=\"470\" srcset=\"https:\/\/www.bonelinks.com\/wp-content\/uploads\/2023\/01\/heat-shrink-tube.jpg 1000w, https:\/\/www.bonelinks.com\/wp-content\/uploads\/2023\/01\/heat-shrink-tube-300x282.jpg 300w, https:\/\/www.bonelinks.com\/wp-content\/uploads\/2023\/01\/heat-shrink-tube-768x722.jpg 768w, https:\/\/www.bonelinks.com\/wp-content\/uploads\/2023\/01\/heat-shrink-tube-650x611.jpg 650w\" sizes=\"(max-width: 500px) 100vw, 500px\" \/><\/span><\/strong><\/p>\n<table style=\"width: 100%;\" border=\"1\" cellspacing=\"0\" cellpadding=\"8\">\n<thead>\n<tr>\n<th colspan=\"7\">Gro\u00dfer Einzelfaser-W\u00e4rmeschrumpfschlauch<\/th>\n<\/tr>\n<tr>\n<th colspan=\"2\">Splei\u00dfschutzh\u00fclsen (nach dem Schrumpfen)<\/th>\n<th colspan=\"2\">Verschmelzungsrohre<\/th>\n<th colspan=\"2\">Stahlstab<\/th>\n<th>Packen Sie<\/th>\n<\/tr>\n<\/thead>\n<tbody>\n<tr>\n<td>\u00c4u\u00dferer Durchmesser (mm)<\/td>\n<td>L\u00e4nge (mm)<\/td>\n<td>Innendurchmesser (mm)<\/td>\n<td>L\u00e4nge (mm)<\/td>\n<td>\u00c4u\u00dferer Durchmesser (mm)<\/td>\n<td>L\u00e4nge (mm)<\/td>\n<td>St\u00fcck\/Beutel<\/td>\n<\/tr>\n<tr>\n<td>2.9\u00b10.1<\/td>\n<td>60\u00b10.5<\/td>\n<td>1.5\u00b10.1<\/td>\n<td>60\u00b10.5<\/td>\n<td>1.5<\/td>\n<td>55<\/td>\n<td>100<\/td>\n<\/tr>\n<tr>\n<td>2.9\u00b10.1<\/td>\n<td>45\u00b10.5<\/td>\n<td>1.5\u00b10.1<\/td>\n<td>45\u00b10.5<\/td>\n<td>1.5<\/td>\n<td>40<\/td>\n<td>100<\/td>\n<\/tr>\n<tr>\n<td>2.9\u00b10.1<\/td>\n<td>40\u00b10.5<\/td>\n<td>1.5\u00b10.1<\/td>\n<td>40\u00b10.5<\/td>\n<td>1.5<\/td>\n<td>35<\/td>\n<td>100<\/td>\n<\/tr>\n<\/tbody>\n<\/table>\n<table style=\"width: 100%;\" border=\"1\" cellspacing=\"0\" cellpadding=\"8\">\n<thead>\n<tr>\n<th colspan=\"7\">Standard-Einfachfaser-Schrumpfschlauch<\/th>\n<\/tr>\n<tr>\n<th colspan=\"2\">Splei\u00dfschutzh\u00fclsen (nach dem Schrumpfen)<\/th>\n<th colspan=\"2\">Verschmelzungsrohre<\/th>\n<th colspan=\"2\">Stahlstab<\/th>\n<th>Packen Sie<\/th>\n<\/tr>\n<\/thead>\n<tbody>\n<tr>\n<td>\u00c4u\u00dferer Durchmesser (mm)<\/td>\n<td>L\u00e4nge (mm)<\/td>\n<td>Innendurchmesser (mm)<\/td>\n<td>L\u00e4nge (mm)<\/td>\n<td>\u00c4u\u00dferer Durchmesser (mm)<\/td>\n<td>L\u00e4nge (mm)<\/td>\n<td>St\u00fcck\/Beutel<\/td>\n<\/tr>\n<tr>\n<td>2.6\u00b10.1<\/td>\n<td>60\u00b10.5<\/td>\n<td>1.5\u00b10.1<\/td>\n<td>60\u00b10.5<\/td>\n<td>1.2<\/td>\n<td>55<\/td>\n<td>100<\/td>\n<\/tr>\n<tr>\n<td>2.6\u00b10.1<\/td>\n<td>45\u00b10.5<\/td>\n<td>1.5\u00b10.1<\/td>\n<td>45\u00b10.5<\/td>\n<td>1.2<\/td>\n<td>40<\/td>\n<td>100<\/td>\n<\/tr>\n<tr>\n<td>2.6\u00b10.1<\/td>\n<td>40\u00b10.5<\/td>\n<td>1.5\u00b10.1<\/td>\n<td>40\u00b10.5<\/td>\n<td>1.2<\/td>\n<td>35<\/td>\n<td>100<\/td>\n<\/tr>\n<\/tbody>\n<\/table>\n<table style=\"width: 100%;\" border=\"1\" cellspacing=\"0\" cellpadding=\"8\">\n<thead>\n<tr>\n<th colspan=\"7\">Kleiner Einzelfaser-Schrumpfschlauch<\/th>\n<\/tr>\n<tr>\n<th colspan=\"2\">Splei\u00dfschutzh\u00fclsen (nach dem Schrumpfen)<\/th>\n<th colspan=\"2\">Verschmelzungsrohre<\/th>\n<th colspan=\"2\">Stahlstab<\/th>\n<th>Packen Sie<\/th>\n<\/tr>\n<\/thead>\n<tbody>\n<tr>\n<td>\u00c4u\u00dferer Durchmesser (mm)<\/td>\n<td>L\u00e4nge (mm)<\/td>\n<td>Innendurchmesser (mm)<\/td>\n<td>L\u00e4nge (mm)<\/td>\n<td>\u00c4u\u00dferer Durchmesser (mm)<\/td>\n<td>L\u00e4nge (mm)<\/td>\n<td>St\u00fcck\/Beutel<\/td>\n<\/tr>\n<tr>\n<td>2.4\u00b10.1<\/td>\n<td>60\u00b10.5<\/td>\n<td>1.4\u00b10.1<\/td>\n<td>60\u00b10.5<\/td>\n<td>1<\/td>\n<td>55<\/td>\n<td>100<\/td>\n<\/tr>\n<tr>\n<td>2.4\u00b10.1<\/td>\n<td>45\u00b10.5<\/td>\n<td>1.4\u00b10.1<\/td>\n<td>45\u00b10.5<\/td>\n<td>1<\/td>\n<td>40<\/td>\n<td>100<\/td>\n<\/tr>\n<tr>\n<td>2.4\u00b10.1<\/td>\n<td>40\u00b10.5<\/td>\n<td>1.4\u00b10.1<\/td>\n<td>40\u00b10.5<\/td>\n<td>1<\/td>\n<td>35<\/td>\n<td>100<\/td>\n<\/tr>\n<tr>\n<td>2.2-2.3<\/td>\n<td>45\u00b10.5<\/td>\n<td>1.2\u00b10.1<\/td>\n<td>45\u00b10.5<\/td>\n<td>1<\/td>\n<td>40<\/td>\n<td>100<\/td>\n<\/tr>\n<\/tbody>\n<\/table>\n<table style=\"width: 100%;\" border=\"1\" cellspacing=\"0\" cellpadding=\"8\">\n<thead>\n<tr>\n<th colspan=\"7\">Mikro-Einzel-Faser-W\u00e4rmeschrumpfschlauch<\/th>\n<\/tr>\n<tr>\n<th colspan=\"2\">Splei\u00dfschutzh\u00fclsen (nach dem Schrumpfen)<\/th>\n<th colspan=\"2\">Verschmelzungsrohre<\/th>\n<th colspan=\"2\">Stahlstab<\/th>\n<th>Packen Sie<\/th>\n<\/tr>\n<\/thead>\n<tbody>\n<tr>\n<td>\u00c4u\u00dferer Durchmesser (mm)<\/td>\n<td>L\u00e4nge (mm)<\/td>\n<td>Innendurchmesser (mm)<\/td>\n<td>L\u00e4nge (mm)<\/td>\n<td>\u00c4u\u00dferer Durchmesser (mm)<\/td>\n<td>L\u00e4nge (mm)<\/td>\n<td>St\u00fcck\/Beutel<\/td>\n<\/tr>\n<tr>\n<td>1.5-1.6<\/td>\n<td>25\u00b10.5<\/td>\n<td>0.6\u00b10.1<\/td>\n<td>25\u00b10.5<\/td>\n<td>0.6<\/td>\n<td>25<\/td>\n<td>100<\/td>\n<\/tr>\n<tr>\n<td>1.5-1.6<\/td>\n<td>30\u00b10.5<\/td>\n<td>0.6\u00b10.1<\/td>\n<td>30\u00b10.5<\/td>\n<td>0.6<\/td>\n<td>30<\/td>\n<td>100<\/td>\n<\/tr>\n<tr>\n<td>1.5-1.6<\/td>\n<td>35\u00b10.5<\/td>\n<td>0.6\u00b10.1<\/td>\n<td>35\u00b10.5<\/td>\n<td>0.6<\/td>\n<td>35<\/td>\n<td>100<\/td>\n<\/tr>\n<\/tbody>\n<\/table>\n<h2><strong style=\"font-size: 18px;\"><span style=\"font-size: 18px;\">Eigenschaften<\/span><\/strong><\/h2>\n<h2 style=\"text-align: left; font-size: 18px;\"><\/h2>\n<ul>\n<li>Hochwertiges Material: Hergestellt aus vernetztem Polyolefin, Hei\u00dfschmelzrohren und rostfreiem, verst\u00e4rktem Stahl (Quarz oder Keramik).<\/li>\n<li>Dichtungsstruktur: Gew\u00e4hrleistet eine zuverl\u00e4ssige Splei\u00dfleistung in verschiedenen Temperatur- und Feuchtigkeitsumgebungen.<\/li>\n<li>Transparentes Kunststoffrohr und Stab aus rostfreiem Stahl: Bietet Sichtbarkeit und Festigkeit zum Schutz von Fusions-Glasfasersplei\u00dfstellen.<\/li>\n<li>Durchsichtige Muffe: Einfaches Erkennen von Splei\u00dfen vor dem Schrumpfen.<\/li>\n<li>W\u00e4rmeaktiviertes Ged\u00e4chtnis: Die H\u00fclsen schrumpfen unter Hitzeeinwirkung zusammen, schlie\u00dfen die Luft aus und halten den Stab fest an seinem Platz.<\/li>\n<li>Anpassbare Farboptionen: W\u00e4hlen Sie bequem die Farbe des Glasfaser-Splei\u00dfschutzes f\u00fcr personalisierte Installationen.<\/li>\n<\/ul>\n<h2 style=\"text-align: left; font-size: 18px;\"><strong><span style=\"font-size: 18px;\">Vorteile<\/span><\/strong><\/h2>\n<ul>\n<li>Ausgezeichnete Hitzebest\u00e4ndigkeit: Die Schmelzsplei\u00dfschutzh\u00fclse ist f\u00fcr hohe Temperaturen ausgelegt und sehr hitze- und flammenbest\u00e4ndig.<\/li>\n<li>Langlebigkeit: Diese Rohre sind aus hochwertigem Material gefertigt, das einen hervorragenden Schutz f\u00fcr Glasfaserkabel bietet.<\/li>\n<li>Feuchtigkeitsbest\u00e4ndigkeit: Die Fusionssplei\u00dfschutzmuffe ist \u00e4u\u00dferst feuchtigkeitsbest\u00e4ndig und kann Kabel vor Wasser und anderen Fl\u00fcssigkeiten sch\u00fctzen.<\/li>\n<li>Einfach zu verwenden: Die Fusionssplei\u00dfschutzmuffe ist einfach zu installieren und erfordert keine speziellen Werkzeuge oder Ger\u00e4te.<\/li>\n<li>Erh\u00e4lt die optische \u00dcbertragungsleistung: Stellt sicher, dass die \u00dcbertragungsf\u00e4higkeit der optischen Faser erhalten bleibt.<\/li>\n<li>Zuverl\u00e4ssiger Schutz: Bietet einen sicheren Schutz beim Splei\u00dfen.<\/li>\n<li>Stressvermeidung: Verhindert wirksam die Beanspruchung der Splei\u00dfe w\u00e4hrend der Arbeit vor Ort und im Werk.<\/li>\n<li>Schutz vor Abrieb: Sch\u00fctzt die empfindlichen Glasfasern vor Abrieb und sorgt daf\u00fcr, dass die Splei\u00dfe intakt und sicher bleiben.<\/li>\n<\/ul>\n<div class=\"mceTemp\"><\/div>\n<figure id=\"attachment_7999\" aria-describedby=\"caption-attachment-7999\" style=\"width: 600px\" class=\"wp-caption alignnone\"><img decoding=\"async\" class=\"wp-image-7999\" src=\"https:\/\/www.bonelinks.com\/wp-content\/uploads\/2023\/01\/Durable-and-Weather-Resistance-.jpg\" alt=\"Faserschrumpfschlauch Langlebig und witterungsbest\u00e4ndig\" width=\"600\" height=\"371\" srcset=\"https:\/\/www.bonelinks.com\/wp-content\/uploads\/2023\/01\/Durable-and-Weather-Resistance-.jpg 970w, https:\/\/www.bonelinks.com\/wp-content\/uploads\/2023\/01\/Durable-and-Weather-Resistance--300x186.jpg 300w, https:\/\/www.bonelinks.com\/wp-content\/uploads\/2023\/01\/Durable-and-Weather-Resistance--768x475.jpg 768w, https:\/\/www.bonelinks.com\/wp-content\/uploads\/2023\/01\/Durable-and-Weather-Resistance--650x402.jpg 650w\" sizes=\"(max-width: 600px) 100vw, 600px\" \/><figcaption id=\"caption-attachment-7999\" class=\"wp-caption-text\">Langlebig und witterungsbest\u00e4ndig<\/figcaption><\/figure>\n<h2 style=\"text-align: left; font-size: 18px;\"><strong>Funktion<\/strong><\/h2>\n<ul>\n<li>Schutz der Kabel: Glasfaser-Schrumpfschl\u00e4uche werden verwendet, um Kabel vor Umwelteinfl\u00fcssen wie Feuchtigkeit und Hitze zu sch\u00fctzen. Diese Schl\u00e4uche bieten eine zus\u00e4tzliche Schutzschicht f\u00fcr das Glasfaserkabel, die dazu beitragen kann, die Lebensdauer des Kabels zu verl\u00e4ngern und seine Leistungsf\u00e4higkeit zu erhalten. Die Schl\u00e4uche sind au\u00dferdem resistent gegen UV-Strahlen, die die Kabelm\u00e4ntel mit der Zeit spr\u00f6de werden lassen und Risse verursachen k\u00f6nnen.<\/li>\n<li>Splei\u00dfen und Anschlie\u00dfen: Schutzh\u00fclsen f\u00fcr optische Fusionssplei\u00dfe werden h\u00e4ufig bei Splei\u00df- und Abschlussanwendungen verwendet. Wenn zwei Glasfaserkabel zusammengesplei\u00dft werden, wird ein Schrumpfschlauch verwendet, um die Splei\u00dfstelle vor \u00e4u\u00dferen Einfl\u00fcssen zu sch\u00fctzen, die Signalverluste oder Sch\u00e4den verursachen k\u00f6nnen. Das Gleiche gilt f\u00fcr Abschlusspunkte, an denen der Schlauch zum Schutz der freiliegenden Enden des Glasfaserkabels verwendet wird.<\/li>\n<li>Isolierung: Die Schutzmuffe f\u00fcr optische Fusionssplei\u00dfe bietet eine hervorragende Isolierung f\u00fcr Glasfaserkabel. Sie dienen dazu, die Kabel vor externen W\u00e4rmequellen zu sch\u00fctzen, die Signalverluste oder Sch\u00e4den verursachen k\u00f6nnen. Die Schl\u00e4uche dienen auch dazu, das Eindringen von Wasser zu verhindern, das die Leistung des Kabels beeintr\u00e4chtigen kann.<\/li>\n<li>Reparatur: Die Schmelzsplei\u00dfschutzmuffe wird zur Reparatur besch\u00e4digter Glasfaserkabel verwendet. Wenn ein Kabel besch\u00e4digt ist, wird der Schrumpfschlauch verwendet, um die besch\u00e4digte Stelle abzudecken und das Kabel vor weiteren Sch\u00e4den zu sch\u00fctzen. Das Rohr tr\u00e4gt auch dazu bei, die Integrit\u00e4t des Kabels zu erhalten und Signalverluste zu verhindern.<\/li>\n<\/ul>\n<figure id=\"attachment_7998\" aria-describedby=\"caption-attachment-7998\" style=\"width: 600px\" class=\"wp-caption alignnone\"><img decoding=\"async\" class=\"wp-image-7998\" src=\"https:\/\/www.bonelinks.com\/wp-content\/uploads\/2023\/01\/protect-fiber.jpg\" alt=\"Schutz von Faserverbindungspunkten\" width=\"600\" height=\"371\" srcset=\"https:\/\/www.bonelinks.com\/wp-content\/uploads\/2023\/01\/protect-fiber.jpg 970w, https:\/\/www.bonelinks.com\/wp-content\/uploads\/2023\/01\/protect-fiber-300x186.jpg 300w, https:\/\/www.bonelinks.com\/wp-content\/uploads\/2023\/01\/protect-fiber-768x475.jpg 768w, https:\/\/www.bonelinks.com\/wp-content\/uploads\/2023\/01\/protect-fiber-650x402.jpg 650w\" sizes=\"(max-width: 600px) 100vw, 600px\" \/><figcaption id=\"caption-attachment-7998\" class=\"wp-caption-text\">Schutz von Faserverbindungspunkten<\/figcaption><\/figure>\n<h2 style=\"text-align: left; font-size: 18px;\"><strong>Anmeldung<br \/>\n<\/strong><\/h2>\n<p>Das LWL-Schmelzschutzrohr findet breite Anwendung in verschiedenen LWL-Kommunikationsger\u00e4ten, wie Splei\u00dfk\u00e4sten, Anschlussk\u00e4sten, Verteilerk\u00e4sten und Verbindungsdosen. Ihr Hauptzweck besteht darin, die Splei\u00dfstelle zu sch\u00fctzen und gleichzeitig die mechanische Festigkeit der Faser zu erh\u00f6hen. Durch die Minimierung des Risikos einer Besch\u00e4digung der Fasern w\u00e4hrend der Installation werden zuverl\u00e4ssige und dauerhafte Verbindungen gew\u00e4hrleistet. Au\u00dferdem erm\u00f6glicht die transparente Beschaffenheit des Rohrs eine einfache Visualisierung der Faserverschmelzung w\u00e4hrend des Splei\u00dfvorgangs.<\/p>\n<p><img loading=\"lazy\" decoding=\"async\" class=\"alignnone size-full wp-image-7997\" src=\"https:\/\/www.bonelinks.com\/wp-content\/uploads\/2023\/01\/heat-shrink-tube-application.jpg\" alt=\"Anwendung von Schrumpfschl\u00e4uchen\" width=\"450\" height=\"450\" srcset=\"https:\/\/www.bonelinks.com\/wp-content\/uploads\/2023\/01\/heat-shrink-tube-application.jpg 450w, https:\/\/www.bonelinks.com\/wp-content\/uploads\/2023\/01\/heat-shrink-tube-application-300x300.jpg 300w, https:\/\/www.bonelinks.com\/wp-content\/uploads\/2023\/01\/heat-shrink-tube-application-80x80.jpg 80w, https:\/\/www.bonelinks.com\/wp-content\/uploads\/2023\/01\/heat-shrink-tube-application-100x100.jpg 100w\" sizes=\"(max-width: 450px) 100vw, 450px\" \/><\/p>\n<ul>\n<li>Faseroptische Kabel: Schmelzsplei\u00dfschutzh\u00fclsen werden bei der Herstellung von Glasfaserkabeln verwendet. Die Schl\u00e4uche werden zum Schutz und zur Isolierung der Glasfaseranschl\u00fcsse und -splei\u00dfe verwendet. Der Schrumpfschlauch wird \u00fcber den Stecker oder die Splei\u00dfung geschoben und dann erhitzt, um den Schlauch fest um den Stecker oder die Splei\u00dfung zu schrumpfen. Dadurch entsteht eine starke, sch\u00fctzende Dichtung, die das Eindringen von Feuchtigkeit, Staub und anderen Verunreinigungen in den Stecker oder die Splei\u00dfung verhindert.<\/li>\n<li>Telekommunikation: Schmelzsplei\u00dfschutzmuffe, die in der Telekommunikation zum Schutz und zur Isolierung von Glasfasersteckern und -splei\u00dfen verwendet wird. Sie werden in Anwendungen wie lokalen Netzen (LANs), Weitverkehrsnetzen (WANs) und Glasfasernetzen (FTTH) eingesetzt. Die Schl\u00e4uche werden auch zur Reparatur besch\u00e4digter Glasfaserkabel verwendet und erm\u00f6glichen eine schnelle und einfache Behebung von Kabelbr\u00fcchen.<\/li>\n<li>Datenzentren: Fusionssplei\u00dfschutzmuffen werden in Datenzentren zum Schutz und zur Isolierung von Glasfaseranschl\u00fcssen und -splei\u00dfen verwendet. Sie werden zum Anschluss von Servern, Speicherger\u00e4ten und anderen Netzwerkger\u00e4ten verwendet und gew\u00e4hrleisten eine schnelle und zuverl\u00e4ssige Daten\u00fcbertragung. Die Rohre werden auch bei der Aufr\u00fcstung von Rechenzentren verwendet und erm\u00f6glichen die einfache Installation neuer Glasfaserkabel und -stecker.<\/li>\n<\/ul>\n<h2 style=\"text-align: left; font-size: 18px;\"><strong>Verpacken<\/strong><\/h2>\n<h2 style=\"text-align: left; font-size: 18px;\"><strong><img loading=\"lazy\" decoding=\"async\" class=\"alignnone size-full wp-image-7994\" src=\"https:\/\/www.bonelinks.com\/wp-content\/uploads\/2023\/01\/heat-shrink-tube.jpeg\" alt=\"Schrumpfschlauch\" width=\"761\" height=\"238\" srcset=\"https:\/\/www.bonelinks.com\/wp-content\/uploads\/2023\/01\/heat-shrink-tube.jpeg 761w, https:\/\/www.bonelinks.com\/wp-content\/uploads\/2023\/01\/heat-shrink-tube-300x94.jpeg 300w, https:\/\/www.bonelinks.com\/wp-content\/uploads\/2023\/01\/heat-shrink-tube-650x203.jpeg 650w\" sizes=\"(max-width: 761px) 100vw, 761px\" \/><\/strong><\/h2>\n<h2 style=\"text-align: left; font-size: 18px;\"><strong>Verwendung des Fusionsschutzrohrs <\/strong><\/h2>\n<p>Um den Fusionsschutzschlauch in einer Fusionssplei\u00dfmaschine zu verwenden, muss zun\u00e4chst die Au\u00dfenhaut des Glasfaserkabels abgezogen werden. Anschlie\u00dfend wird das Glasfaserkabel befestigt, wobei auf das Kernb\u00fcndelrohr zu achten ist. Die optische Faser wird dann gesch\u00e4lt und durch das Fiber Optic Fusion Protection Tube gef\u00fchrt, wobei darauf zu achten ist, dass die verschiedenfarbigen Fasern getrennt werden. Anschlie\u00dfend wird das Ger\u00e4t eingeschaltet und der entsprechende Fusionsmodus ausgew\u00e4hlt. Die vorbereitete Glasfaserendfl\u00e4che wird entsprechend der Faser geschnitten, und die Windschutzscheibe wird ge\u00f6ffnet, um die Faser aus dem Glasfaser-Fusionssplei\u00dfer zu entfernen. Die Fusionssplei\u00dfschutzh\u00fclse wird dann an die Stelle der Faserfusionssplei\u00dfstelle gebracht, in die Heizung gestellt und erhitzt. Nach dem Erhitzen wird die Faser aus dem Heizger\u00e4t entnommen und die gesplei\u00dfte Faser in die Splei\u00dfwanne f\u00fcr Glasfasern gelegt. Die Faser wird an der Ablage, dem Splei\u00dfkasten, dem Anschlusskasten usw. befestigt. Schlie\u00dflich ist der Vorgang abgeschlossen.<\/p>\n<p><img loading=\"lazy\" decoding=\"async\" class=\"alignnone size-full wp-image-7996\" src=\"https:\/\/www.bonelinks.com\/wp-content\/uploads\/2023\/01\/heat-shrink-tubing.jpg\" alt=\"Schrumpfschlauch\" width=\"450\" height=\"450\" srcset=\"https:\/\/www.bonelinks.com\/wp-content\/uploads\/2023\/01\/heat-shrink-tubing.jpg 450w, https:\/\/www.bonelinks.com\/wp-content\/uploads\/2023\/01\/heat-shrink-tubing-300x300.jpg 300w, https:\/\/www.bonelinks.com\/wp-content\/uploads\/2023\/01\/heat-shrink-tubing-80x80.jpg 80w, https:\/\/www.bonelinks.com\/wp-content\/uploads\/2023\/01\/heat-shrink-tubing-100x100.jpg 100w\" sizes=\"(max-width: 450px) 100vw, 450px\" \/><\/p>\n<p>Durch die Verwendung des Glasfaser-Schrumpfschlauchs w\u00e4hrend des Schmelzsplei\u00dfprozesses werden die Integrit\u00e4t und Zuverl\u00e4ssigkeit von Glasfaserverbindungen verbessert und eine optimale Leistung in Kommunikationsnetzwerken gew\u00e4hrleistet.<\/p>\n<p><img loading=\"lazy\" decoding=\"async\" class=\"alignnone size-full wp-image-5817\" src=\"https:\/\/www.bonelinks.com\/wp-content\/uploads\/2023\/01\/how-to-use-Fiber-Optical-Heat-Shrink-Tube.jpg\" alt=\"wie man den faseroptischen Schrumpfschlauch verwendet\" width=\"970\" height=\"600\" srcset=\"https:\/\/www.bonelinks.com\/wp-content\/uploads\/2023\/01\/how-to-use-Fiber-Optical-Heat-Shrink-Tube.jpg 970w, https:\/\/www.bonelinks.com\/wp-content\/uploads\/2023\/01\/how-to-use-Fiber-Optical-Heat-Shrink-Tube-300x186.jpg 300w, https:\/\/www.bonelinks.com\/wp-content\/uploads\/2023\/01\/how-to-use-Fiber-Optical-Heat-Shrink-Tube-768x475.jpg 768w, https:\/\/www.bonelinks.com\/wp-content\/uploads\/2023\/01\/how-to-use-Fiber-Optical-Heat-Shrink-Tube-650x402.jpg 650w\" sizes=\"(max-width: 970px) 100vw, 970px\" \/><\/p>\n","protected":false},"excerpt":{"rendered":"<p>Faser-Schrumpfschl\u00e4uche, die auch als Faser-Splei\u00dfschl\u00e4uche, Fusionsschutzschl\u00e4uche oder Splei\u00dfschutzschl\u00e4uche bezeichnet werden, spielen eine entscheidende Rolle in modernen Kommunikationsnetzen. Diese speziellen Schl\u00e4uche dienen dem Schutz und der Sicherung von Glasfasern und bilden eine dauerhafte und zuverl\u00e4ssige Schicht, die den rauen Umgebungsbedingungen in der Telekommunikation standh\u00e4lt.<\/p>\n<p>Die Schrumpfschl\u00e4uche haben folgende Eigenschaften:<\/p>\n<ul>\n<li>Vernetztes Polyolefin und Hei\u00dfschmelzmaterial mit einem Stab aus rostfreiem, verst\u00e4rktem Stahl.<\/li>\n<li>Bewahrt die optische \u00dcbertragungsleistung und bietet sicheren Schutz f\u00fcr die Splei\u00dfung von Lichtwellenleitern.<\/li>\n<li>Einfache Installation zur Vermeidung von Fasersch\u00e4den.<\/li>\n<li>Dichtungsstruktur f\u00fcr zuverl\u00e4ssiges Splei\u00dfen bei unterschiedlichen Umgebungsbedingungen.<\/li>\n<li>Feuchtigkeitsresistenz f\u00fcr verbesserten Schutz der Umwelt.<\/li>\n<li>Durchsichtige Muffe zur einfachen Erkennung von Splei\u00dfen vor dem Schrumpfen.<\/li>\n<li>Anpassbare Farboptionen f\u00fcr bequeme Installation und Identifizierung.<\/li>\n<li>Erh\u00e4ltlich mit Einzelfasern und Faserb\u00e4ndern. Ma\u00dfgeschneiderte Designs sind auf Anfrage erh\u00e4ltlich.<\/li>\n<\/ul>\n<p>Erleben Sie den Komfort, die Zuverl\u00e4ssigkeit und die Leistung unserer Schrumpfschl\u00e4uche, die speziell f\u00fcr Ihre Bed\u00fcrfnisse beim Splei\u00dfen von Glasfasern entwickelt wurden.<\/p>\n","protected":false},"featured_media":17186,"template":"","meta":{"site-sidebar-layout":"default","site-content-layout":"default","ast-site-content-layout":"default","site-content-style":"default","site-sidebar-style":"default","ast-global-header-display":"","ast-banner-title-visibility":"","ast-main-header-display":"","ast-hfb-above-header-display":"","ast-hfb-below-header-display":"","ast-hfb-mobile-header-display":"","site-post-title":"","ast-breadcrumbs-content":"","ast-featured-img":"","footer-sml-layout":"","ast-disable-related-posts":"","theme-transparent-header-meta":"default","adv-header-id-meta":"","stick-header-meta":"default","header-above-stick-meta":"","header-main-stick-meta":"","header-below-stick-meta":"","astra-migrate-meta-layouts":"set","ast-page-background-enabled":"default","ast-page-background-meta":{"desktop":{"background-color":"","background-image":"","background-repeat":"repeat","background-position":"center center","background-size":"auto","background-attachment":"scroll","background-type":"","background-media":"","overlay-type":"","overlay-color":"","overlay-opacity":"","overlay-gradient":""},"tablet":{"background-color":"","background-image":"","background-repeat":"repeat","background-position":"center center","background-size":"auto","background-attachment":"scroll","background-type":"","background-media":"","overlay-type":"","overlay-color":"","overlay-opacity":"","overlay-gradient":""},"mobile":{"background-color":"","background-image":"","background-repeat":"repeat","background-position":"center center","background-size":"auto","background-attachment":"scroll","background-type":"","background-media":"","overlay-type":"","overlay-color":"","overlay-opacity":"","overlay-gradient":""}},"ast-content-background-meta":{"desktop":{"background-color":"var(--ast-global-color-5)","background-image":"","background-repeat":"repeat","background-position":"center center","background-size":"auto","background-attachment":"scroll","background-type":"","background-media":"","overlay-type":"","overlay-color":"","overlay-opacity":"","overlay-gradient":""},"tablet":{"background-color":"var(--ast-global-color-5)","background-image":"","background-repeat":"repeat","background-position":"center center","background-size":"auto","background-attachment":"scroll","background-type":"","background-media":"","overlay-type":"","overlay-color":"","overlay-opacity":"","overlay-gradient":""},"mobile":{"background-color":"var(--ast-global-color-5)","background-image":"","background-repeat":"repeat","background-position":"center center","background-size":"auto","background-attachment":"scroll","background-type":"","background-media":"","overlay-type":"","overlay-color":"","overlay-opacity":"","overlay-gradient":""}}},"product_brand":[],"product_cat":[256],"product_tag":[],"class_list":{"0":"post-21428","1":"product","2":"type-product","3":"status-publish","4":"has-post-thumbnail","6":"product_cat-fiber-optic-accessory-de","7":"desktop-align-left","8":"tablet-align-left","9":"mobile-align-left","10":"ast-product-gallery-layout-vertical","11":"ast-product-gallery-with-no-image","12":"ast-product-tabs-layout-vertical","13":"ast-qv-on-image","15":"first","16":"instock","17":"shipping-taxable","18":"product-type-simple"},"_links":{"self":[{"href":"https:\/\/www.bonelinks.com\/de\/wp-json\/wp\/v2\/product\/21428","targetHints":{"allow":["GET"]}}],"collection":[{"href":"https:\/\/www.bonelinks.com\/de\/wp-json\/wp\/v2\/product"}],"about":[{"href":"https:\/\/www.bonelinks.com\/de\/wp-json\/wp\/v2\/types\/product"}],"version-history":[{"count":2,"href":"https:\/\/www.bonelinks.com\/de\/wp-json\/wp\/v2\/product\/21428\/revisions"}],"predecessor-version":[{"id":24612,"href":"https:\/\/www.bonelinks.com\/de\/wp-json\/wp\/v2\/product\/21428\/revisions\/24612"}],"wp:featuredmedia":[{"embeddable":true,"href":"https:\/\/www.bonelinks.com\/de\/wp-json\/wp\/v2\/media\/17186"}],"wp:attachment":[{"href":"https:\/\/www.bonelinks.com\/de\/wp-json\/wp\/v2\/media?parent=21428"}],"wp:term":[{"taxonomy":"product_brand","embeddable":true,"href":"https:\/\/www.bonelinks.com\/de\/wp-json\/wp\/v2\/product_brand?post=21428"},{"taxonomy":"product_cat","embeddable":true,"href":"https:\/\/www.bonelinks.com\/de\/wp-json\/wp\/v2\/product_cat?post=21428"},{"taxonomy":"product_tag","embeddable":true,"href":"https:\/\/www.bonelinks.com\/de\/wp-json\/wp\/v2\/product_tag?post=21428"}],"curies":[{"name":"wp","href":"https:\/\/api.w.org\/{rel}","templated":true}]}}