{"id":21406,"date":"2023-01-30T19:53:34","date_gmt":"2023-01-31T03:53:34","guid":{"rendered":"https:\/\/www.bonelinks.com\/product\/lichtwellenleiter-schnellverbinder\/"},"modified":"2024-02-02T06:23:17","modified_gmt":"2024-02-02T14:23:17","slug":"fiber-optic-fast-connector","status":"publish","type":"product","link":"https:\/\/www.bonelinks.com\/de\/product\/fiber-optic-fast-connector\/","title":{"rendered":"Lichtwellenleiter-Schnellverbinder"},"content":{"rendered":"","protected":false},"excerpt":{"rendered":"<p class=\"p1\">LWL-Schnellverbinder, auch LWL-Schnellverbinder genannt, ist eine vormontierte und polierte Keramik-Ferrule f\u00fcr FTTx- oder FTTH-integrierte Verkabelung im Bereich der Indoor-LWL-Drop-Cable direkt installierten und konfektionierten LWL-Steckverbinder. Der Glasfaserschnellanschluss besteht haupts\u00e4chlich aus Kunststoffteilen, einer Faseranpassungsfl\u00fcssigkeit und einer Keramikferrule. Die 250-um-Faser wird entlang der V-Rille des Dropkabels abisoliert, das Faserende wird mit einem Messer flach abgeschnitten und dann in den Schnellverbinder eingef\u00fchrt.<\/p>\n<p class=\"p1\">Bonelinks verf\u00fcgt \u00fcber eine stabile t\u00e4gliche Produktionskapazit\u00e4t von 30.000 St\u00fcck und einen stabilen Lagerbestand, um dringende Bestellungen zu erf\u00fcllen. Alle Bonelinks SC-, LC- und FC-Schnellverbinder sind mit einer 2-Jahres-Garantie und einem lebenslangen Wartungsservice ausgestattet.<\/p>\n","protected":false},"featured_media":17086,"template":"","meta":{"site-sidebar-layout":"default","site-content-layout":"default","ast-site-content-layout":"default","site-content-style":"default","site-sidebar-style":"default","ast-global-header-display":"","ast-banner-title-visibility":"","ast-main-header-display":"","ast-hfb-above-header-display":"","ast-hfb-below-header-display":"","ast-hfb-mobile-header-display":"","site-post-title":"","ast-breadcrumbs-content":"","ast-featured-img":"","footer-sml-layout":"","ast-disable-related-posts":"","theme-transparent-header-meta":"default","adv-header-id-meta":"","stick-header-meta":"default","header-above-stick-meta":"","header-main-stick-meta":"","header-below-stick-meta":"","astra-migrate-meta-layouts":"set","ast-page-background-enabled":"default","ast-page-background-meta":{"desktop":{"background-color":"","background-image":"","background-repeat":"repeat","background-position":"center center","background-size":"auto","background-attachment":"scroll","background-type":"","background-media":"","overlay-type":"","overlay-color":"","overlay-opacity":"","overlay-gradient":""},"tablet":{"background-color":"","background-image":"","background-repeat":"repeat","background-position":"center center","background-size":"auto","background-attachment":"scroll","background-type":"","background-media":"","overlay-type":"","overlay-color":"","overlay-opacity":"","overlay-gradient":""},"mobile":{"background-color":"","background-image":"","background-repeat":"repeat","background-position":"center center","background-size":"auto","background-attachment":"scroll","background-type":"","background-media":"","overlay-type":"","overlay-color":"","overlay-opacity":"","overlay-gradient":""}},"ast-content-background-meta":{"desktop":{"background-color":"var(--ast-global-color-5)","background-image":"","background-repeat":"repeat","background-position":"center center","background-size":"auto","background-attachment":"scroll","background-type":"","background-media":"","overlay-type":"","overlay-color":"","overlay-opacity":"","overlay-gradient":""},"tablet":{"background-color":"var(--ast-global-color-5)","background-image":"","background-repeat":"repeat","background-position":"center center","background-size":"auto","background-attachment":"scroll","background-type":"","background-media":"","overlay-type":"","overlay-color":"","overlay-opacity":"","overlay-gradient":""},"mobile":{"background-color":"var(--ast-global-color-5)","background-image":"","background-repeat":"repeat","background-position":"center center","background-size":"auto","background-attachment":"scroll","background-type":"","background-media":"","overlay-type":"","overlay-color":"","overlay-opacity":"","overlay-gradient":""}}},"product_brand":[],"product_cat":[256],"product_tag":[],"class_list":{"0":"post-21406","1":"product","2":"type-product","3":"status-publish","4":"has-post-thumbnail","6":"product_cat-fiber-optic-accessory-de","7":"desktop-align-left","8":"tablet-align-left","9":"mobile-align-left","10":"ast-product-gallery-layout-vertical","11":"ast-product-gallery-with-no-image","12":"ast-product-tabs-layout-vertical","13":"ast-qv-on-image","15":"first","16":"instock","17":"shipping-taxable","18":"product-type-simple"},"_links":{"self":[{"href":"https:\/\/www.bonelinks.com\/de\/wp-json\/wp\/v2\/product\/21406","targetHints":{"allow":["GET"]}}],"collection":[{"href":"https:\/\/www.bonelinks.com\/de\/wp-json\/wp\/v2\/product"}],"about":[{"href":"https:\/\/www.bonelinks.com\/de\/wp-json\/wp\/v2\/types\/product"}],"version-history":[{"count":2,"href":"https:\/\/www.bonelinks.com\/de\/wp-json\/wp\/v2\/product\/21406\/revisions"}],"predecessor-version":[{"id":24622,"href":"https:\/\/www.bonelinks.com\/de\/wp-json\/wp\/v2\/product\/21406\/revisions\/24622"}],"wp:featuredmedia":[{"embeddable":true,"href":"https:\/\/www.bonelinks.com\/de\/wp-json\/wp\/v2\/media\/17086"}],"wp:attachment":[{"href":"https:\/\/www.bonelinks.com\/de\/wp-json\/wp\/v2\/media?parent=21406"}],"wp:term":[{"taxonomy":"product_brand","embeddable":true,"href":"https:\/\/www.bonelinks.com\/de\/wp-json\/wp\/v2\/product_brand?post=21406"},{"taxonomy":"product_cat","embeddable":true,"href":"https:\/\/www.bonelinks.com\/de\/wp-json\/wp\/v2\/product_cat?post=21406"},{"taxonomy":"product_tag","embeddable":true,"href":"https:\/\/www.bonelinks.com\/de\/wp-json\/wp\/v2\/product_tag?post=21406"}],"curies":[{"name":"wp","href":"https:\/\/api.w.org\/{rel}","templated":true}]}}