{"id":21405,"date":"2023-01-30T20:01:55","date_gmt":"2023-01-31T04:01:55","guid":{"rendered":"https:\/\/www.bonelinks.com\/product\/faseraufhaengungsklammer\/"},"modified":"2024-02-02T06:23:04","modified_gmt":"2024-02-02T14:23:04","slug":"fiber-optic-cable-suspension-clamp","status":"publish","type":"product","link":"https:\/\/www.bonelinks.com\/de\/product\/fiber-optic-cable-suspension-clamp\/","title":{"rendered":"Faseraufh\u00e4ngungsklammer"},"content":{"rendered":"<h1 style=\"text-align: left; font-size: 18px;\"><strong>Aufh\u00e4ngeklemme f\u00fcr Glasfaserkabel <\/strong><\/h1>\n<p>Die Faseraufh\u00e4ngeklemme ist eine hervorragende Option f\u00fcr die Installation von ADSS-Lichtwellenleiterkabeln (All Dielectric Self-Support) in der N\u00e4he von stromf\u00fchrenden Bereichen an Versorgungsmasten. Diese Schelle ist speziell f\u00fcr die Schwimmermontage konzipiert und wird idealerweise mit einer geschlossenen Ringmutter verwendet.<\/p>\n<h2 style=\"text-align: left; font-size: 18px;\"><strong>Eigenschaften<\/strong><\/h2>\n<ul>\n<li>Konzipiert f\u00fcr Glasfaser-Luftkabelinstallationen<\/li>\n<li>Konstruiert mit einem J-Haken aus Metall und einer Gummiklemme<\/li>\n<li>Kabeldurchmesser Bereich: 5~18mm<\/li>\n<li>Bietet eine breite Palette von Greifkapazit\u00e4ten und mechanischer Best\u00e4ndigkeit<\/li>\n<li>Kann mit Edelstahlband und Pigtailhaken oder Halterungen an einem Mast oder an der Wand montiert werden<\/li>\n<\/ul>\n<h2 style=\"text-align: left; font-size: 18px;\"><strong>Anwendungen<\/strong><\/h2>\n<ul>\n<li>Fiber To The Home (FTTH)-Installationen<\/li>\n<li>Lokale Netzwerke (LANs)<\/li>\n<li>Telekommunikationsnetze<\/li>\n<\/ul>\n<h2 style=\"text-align: left; font-size: 18px;\"><strong>Wie sichert die Fiber Suspension Clamp Ihre Netzwerkverbindungen?<\/strong><\/h2>\n<p>Glasfaserkabelhaken bestehen aus einer thermoplastisch geformten Schale. Die innere Klemme besteht aus zwei isolierten Kunststoffkeilen, die eine sichere Aufh\u00e4ngung \u00fcber Kopf erm\u00f6glichen, ohne den Kabelmantel oder die internen Fasern zu besch\u00e4digen. Der Haken ist mit zwei Enden aus rostfreiem Stahl vervollst\u00e4ndigt, die auf die Schale gepresst sind und ein Band aus rostfreiem Stahldraht mit dem Kunststoffteil verbinden.<\/p>\n<h2 style=\"text-align: left; font-size: 18px;\"><strong>Warum sollten Sie sich f\u00fcr unsere Faseraufh\u00e4ngungsschelle entscheiden?<\/strong><\/h2>\n<p>Bonelinks ber\u00fccksichtigt bei der Empfehlung von Seilhaken das \u00f6rtliche Klima, die Seilparameter, die Spannweite der Aufh\u00e4ngung und andere Faktoren. Dies gew\u00e4hrleistet einen professionellen Service und die Auswahl der richtigen Gr\u00f6\u00dfe, um den Kunden zum Erfolg zu verhelfen.<\/p>\n<p>Durch den Einsatz von Glasfaserkabelaufh\u00e4ngungen wird der Schutz und die Stabilit\u00e4t von nicht selbsttragenden Glasfaserkabeln verbessert. Dar\u00fcber hinaus verbessert die Installation von Mehrfachhaken an Masten die \u00dcbertragungseffizienz und senkt die Betriebskosten des Projekts, insbesondere in schwierigen geografischen Gebieten. Bonelinks bietet ma\u00dfgeschneiderte L\u00f6sungen, um die richtige Hakenauswahl f\u00fcr spezifische Anforderungen zu gew\u00e4hrleisten.<\/p>\n","protected":false},"excerpt":{"rendered":"<p>Fiber Suspension Clamp, auch bekannt als Glasfaserhaken, wird \u00fcblicherweise zum Schutz von nicht selbsttragenden Freileitungs-Glasfaserkabeln im Freien, einschlie\u00dflich ADSS-Kabeln, verwendet. Sie sorgt daf\u00fcr, dass das Kabel den richtigen Biegeradius beibeh\u00e4lt, was seine Lebensdauer verl\u00e4ngert. Dar\u00fcber hinaus k\u00f6nnen durch die Verwendung von geteilten festen Halterungen mehrere Kabelhaken an Masten installiert werden, was die \u00dcbertragungseffizienz verbessert und die Projektkosten reduziert, insbesondere in abgelegenen oder bergigen Gebieten.<\/p>\n","protected":false},"featured_media":17106,"template":"","meta":{"site-sidebar-layout":"default","site-content-layout":"default","ast-site-content-layout":"default","site-content-style":"default","site-sidebar-style":"default","ast-global-header-display":"","ast-banner-title-visibility":"","ast-main-header-display":"","ast-hfb-above-header-display":"","ast-hfb-below-header-display":"","ast-hfb-mobile-header-display":"","site-post-title":"","ast-breadcrumbs-content":"","ast-featured-img":"","footer-sml-layout":"","ast-disable-related-posts":"","theme-transparent-header-meta":"default","adv-header-id-meta":"","stick-header-meta":"default","header-above-stick-meta":"","header-main-stick-meta":"","header-below-stick-meta":"","astra-migrate-meta-layouts":"set","ast-page-background-enabled":"default","ast-page-background-meta":{"desktop":{"background-color":"","background-image":"","background-repeat":"repeat","background-position":"center center","background-size":"auto","background-attachment":"scroll","background-type":"","background-media":"","overlay-type":"","overlay-color":"","overlay-opacity":"","overlay-gradient":""},"tablet":{"background-color":"","background-image":"","background-repeat":"repeat","background-position":"center center","background-size":"auto","background-attachment":"scroll","background-type":"","background-media":"","overlay-type":"","overlay-color":"","overlay-opacity":"","overlay-gradient":""},"mobile":{"background-color":"","background-image":"","background-repeat":"repeat","background-position":"center center","background-size":"auto","background-attachment":"scroll","background-type":"","background-media":"","overlay-type":"","overlay-color":"","overlay-opacity":"","overlay-gradient":""}},"ast-content-background-meta":{"desktop":{"background-color":"var(--ast-global-color-5)","background-image":"","background-repeat":"repeat","background-position":"center center","background-size":"auto","background-attachment":"scroll","background-type":"","background-media":"","overlay-type":"","overlay-color":"","overlay-opacity":"","overlay-gradient":""},"tablet":{"background-color":"var(--ast-global-color-5)","background-image":"","background-repeat":"repeat","background-position":"center center","background-size":"auto","background-attachment":"scroll","background-type":"","background-media":"","overlay-type":"","overlay-color":"","overlay-opacity":"","overlay-gradient":""},"mobile":{"background-color":"var(--ast-global-color-5)","background-image":"","background-repeat":"repeat","background-position":"center center","background-size":"auto","background-attachment":"scroll","background-type":"","background-media":"","overlay-type":"","overlay-color":"","overlay-opacity":"","overlay-gradient":""}}},"product_brand":[],"product_cat":[256],"product_tag":[],"class_list":{"0":"post-21405","1":"product","2":"type-product","3":"status-publish","4":"has-post-thumbnail","6":"product_cat-fiber-optic-accessory-de","7":"desktop-align-left","8":"tablet-align-left","9":"mobile-align-left","10":"ast-product-gallery-layout-vertical","11":"ast-product-gallery-with-no-image","12":"ast-product-tabs-layout-vertical","13":"ast-qv-on-image","15":"first","16":"instock","17":"shipping-taxable","18":"product-type-simple"},"_links":{"self":[{"href":"https:\/\/www.bonelinks.com\/de\/wp-json\/wp\/v2\/product\/21405","targetHints":{"allow":["GET"]}}],"collection":[{"href":"https:\/\/www.bonelinks.com\/de\/wp-json\/wp\/v2\/product"}],"about":[{"href":"https:\/\/www.bonelinks.com\/de\/wp-json\/wp\/v2\/types\/product"}],"version-history":[{"count":2,"href":"https:\/\/www.bonelinks.com\/de\/wp-json\/wp\/v2\/product\/21405\/revisions"}],"predecessor-version":[{"id":24619,"href":"https:\/\/www.bonelinks.com\/de\/wp-json\/wp\/v2\/product\/21405\/revisions\/24619"}],"wp:featuredmedia":[{"embeddable":true,"href":"https:\/\/www.bonelinks.com\/de\/wp-json\/wp\/v2\/media\/17106"}],"wp:attachment":[{"href":"https:\/\/www.bonelinks.com\/de\/wp-json\/wp\/v2\/media?parent=21405"}],"wp:term":[{"taxonomy":"product_brand","embeddable":true,"href":"https:\/\/www.bonelinks.com\/de\/wp-json\/wp\/v2\/product_brand?post=21405"},{"taxonomy":"product_cat","embeddable":true,"href":"https:\/\/www.bonelinks.com\/de\/wp-json\/wp\/v2\/product_cat?post=21405"},{"taxonomy":"product_tag","embeddable":true,"href":"https:\/\/www.bonelinks.com\/de\/wp-json\/wp\/v2\/product_tag?post=21405"}],"curies":[{"name":"wp","href":"https:\/\/api.w.org\/{rel}","templated":true}]}}