{"id":21371,"date":"2023-06-28T19:40:52","date_gmt":"2023-06-29T03:40:52","guid":{"rendered":"https:\/\/www.bonelinks.com\/product\/lc-zu-lc-multimode-glasfaser-patchkabel\/"},"modified":"2024-02-02T06:14:13","modified_gmt":"2024-02-02T14:14:13","slug":"lc-to-lc-fiber-patch-cable-multimode","status":"publish","type":"product","link":"https:\/\/www.bonelinks.com\/de\/product\/lc-to-lc-fiber-patch-cable-multimode\/","title":{"rendered":"LC zu LC Multimode Glasfaser Patchkabel"},"content":{"rendered":"<h1 style=\"text-align: left; font-size: 18px;\"><strong>LC zu LC Multimode-Glasfaser-Patchkabel: Hohe Packungsdichte und zuverl\u00e4ssige Leistung<\/strong><\/h1>\n<p>LC-zu-LC-Multimode-Glasfaser-Patchkabel ist der branchenweit am h\u00e4ufigsten verwendete Glasfaserkabeltyp. Ausgestattet mit LC-Glasfaseranschl\u00fcssen an beiden Enden, ist es die bevorzugte Wahl f\u00fcr hochdichte und zuverl\u00e4ssige Glasfaserverbindungen. Dieses Kabel eignet sich perfekt f\u00fcr 10\/40\/100G-Ethernet-Verbindungen, einschlie\u00dflich 10G SR-, 10G LRM- und SFP+-Transceiver. Er ist speziell f\u00fcr Fast Ethernet, Fiber Channel, Gigabit Ethernet, Rechenzentren, Bildungseinrichtungen, LANs, SANs, kommerzielle Anwendungen und Asynchronous Transfer Mode (ATM) konzipiert. Es unterst\u00fctzt Video-, Daten- und Sprachdienste. Jedes Kabel wird einzeln getestet, zertifiziert und hat eine lebenslange Garantie f\u00fcr garantierte Kompatibilit\u00e4t und 100%ige Zuverl\u00e4ssigkeit.<\/p>\n<table width=\"1104\">\n<tbody>\n<tr>\n<td width=\"160\"><strong>LC zu LC Multimode Glasfaser Patchkabel <\/strong><\/td>\n<td width=\"131\"><strong>Durchmesser<\/strong><\/td>\n<td width=\"121\"><strong>Farbe der Jacke<\/strong><\/td>\n<td width=\"127\"><strong>Optische Quelle<\/strong><\/td>\n<td width=\"143\"><strong>Bandbreite<\/strong><\/td>\n<td width=\"134\"><strong>Fast Ethernet<\/strong><\/td>\n<td width=\"72\"><strong>1GbE<\/strong><\/td>\n<td width=\"72\"><strong>10GbE<\/strong><\/td>\n<td width=\"72\"><strong>40GbE<\/strong><\/td>\n<td width=\"72\"><strong>100GbE<\/strong><\/td>\n<\/tr>\n<tr>\n<td width=\"160\">OM1<\/td>\n<td width=\"131\">62,5\/125\u00b5m<\/td>\n<td width=\"121\">Orange<\/td>\n<td width=\"127\">LED<\/td>\n<td width=\"143\">200MHz*km<\/td>\n<td width=\"134\">2000m<\/td>\n<td width=\"72\">275m<\/td>\n<td width=\"72\">33m<\/td>\n<td width=\"72\">\/<\/td>\n<td width=\"72\">\/<\/td>\n<\/tr>\n<tr>\n<td width=\"160\">OM2<\/td>\n<td width=\"131\">50\/125\u00b5m<\/td>\n<td width=\"121\">Orange<\/td>\n<td width=\"127\">LED<\/td>\n<td width=\"143\">500MHz*km<\/td>\n<td width=\"134\">2000m<\/td>\n<td width=\"72\">550m<\/td>\n<td width=\"72\">82m<\/td>\n<td width=\"72\">\/<\/td>\n<td width=\"72\">\/<\/td>\n<\/tr>\n<tr>\n<td width=\"160\">OM3<\/td>\n<td width=\"131\">50\/125\u00b5m<\/td>\n<td width=\"121\">Aqua<\/td>\n<td width=\"127\">VSCEL<\/td>\n<td width=\"143\">2000MHz*km<\/td>\n<td width=\"134\">2000m<\/td>\n<td width=\"72\">\/<\/td>\n<td width=\"72\">300m<\/td>\n<td width=\"72\">100m<\/td>\n<td width=\"72\">70m<\/td>\n<\/tr>\n<tr>\n<td width=\"160\">OM4<\/td>\n<td width=\"131\">50\/125\u00b5m<\/td>\n<td width=\"121\">Violett<\/td>\n<td width=\"127\">VSCEL<\/td>\n<td width=\"143\">4700MHz*km<\/td>\n<td width=\"134\">2000m<\/td>\n<td width=\"72\">\/<\/td>\n<td width=\"72\">550m<\/td>\n<td width=\"72\">150m<\/td>\n<td width=\"72\">150m<\/td>\n<\/tr>\n<\/tbody>\n<\/table>\n<p><img fetchpriority=\"high\" decoding=\"async\" class=\"alignnone size-full wp-image-7133\" src=\"https:\/\/www.bonelinks.com\/wp-content\/uploads\/2023\/06\/multimode-LC-LC-patch-cords.jpg\" alt=\"Multimode-LC-LC-Verbindungsschn\u00fcre\" width=\"800\" height=\"348\" srcset=\"https:\/\/www.bonelinks.com\/wp-content\/uploads\/2023\/06\/multimode-LC-LC-patch-cords.jpg 800w, https:\/\/www.bonelinks.com\/wp-content\/uploads\/2023\/06\/multimode-LC-LC-patch-cords-300x131.jpg 300w, https:\/\/www.bonelinks.com\/wp-content\/uploads\/2023\/06\/multimode-LC-LC-patch-cords-768x334.jpg 768w, https:\/\/www.bonelinks.com\/wp-content\/uploads\/2023\/06\/multimode-LC-LC-patch-cords-650x283.jpg 650w\" sizes=\"(max-width: 800px) 100vw, 800px\" \/><\/p>\n<h2 style=\"text-align: left; font-size: 18px;\"><strong>Meistverkauftes LC zu LC Multimode Fiber Patch Kabel bei Bonelinks<\/strong><\/h2>\n<table>\n<tbody>\n<tr>\n<th class=\"header\">LC zu LC Multimode Glasfaser Patchkabel<\/th>\n<th class=\"header\">OM2 Faser LC auf LC<\/th>\n<th class=\"header\">OM3 Faser LC auf LC<\/th>\n<th class=\"header\">OM4 Faser LC auf LC<\/th>\n<\/tr>\n<tr>\n<td>Anzahl der Fasern<\/td>\n<td>simplex, duplex<\/td>\n<td>simplex, duplex<\/td>\n<td>simplex, duplex<\/td>\n<\/tr>\n<tr>\n<td>Faser-Modus<\/td>\n<td>Multimode<\/td>\n<td>Multimode<\/td>\n<td>Multimode<\/td>\n<\/tr>\n<tr>\n<td>Datenrate<\/td>\n<td>1G\/10GB<\/td>\n<td>10G\/40G\/100GB<\/td>\n<td>10G\/40G\/100GB<\/td>\n<\/tr>\n<tr>\n<td>Anschluss<\/td>\n<td>LC UPC zu LC UPC<\/td>\n<td>LC UPC zu LC UPC<\/td>\n<td>LC UPC zu LC UPC<\/td>\n<\/tr>\n<tr>\n<td>Einf\u00fcged\u00e4mpfung<\/td>\n<td>\u22640,3dB<\/td>\n<td>\u22640,3dB<\/td>\n<td>\u22640,3dB<\/td>\n<\/tr>\n<tr>\n<td>R\u00fcckflussd\u00e4mpfung<\/td>\n<td>\u226530dB<\/td>\n<td>\u226530dB<\/td>\n<td>\u226530dB<\/td>\n<\/tr>\n<tr>\n<td>L\u00e4nge<\/td>\n<td>1m, 2m, 3m, 5m, 10m oder kundenspezifisch<\/td>\n<td>1m, 2m, 3m, 5m, 10m oder kundenspezifisch<\/td>\n<td>1m, 2m, 3m, 5m, 10m oder kundenspezifisch<\/td>\n<\/tr>\n<tr>\n<td>Jacke<\/td>\n<td>LSZH, OFNR, PVC<\/td>\n<td>LSZH, OFNR, PVC<\/td>\n<td>LSZH, OFNR, PVC<\/td>\n<\/tr>\n<\/tbody>\n<\/table>\n<h2 style=\"text-align: left; font-size: 18px;\"><strong>Eigenschaften von LC zu LC Multimode Glasfaser Patchkabel<\/strong><\/h2>\n<ul>\n<li>Hochgeschwindigkeits\u00fcbertragungen mit hoher Bandbreite \u00fcber Gigabit-Ethernet\/Glasfasernetzwerke<\/li>\n<li>Widerstandsf\u00e4hig gegen Zug, Dehnung und St\u00f6\u00dfe bei der Kabelinstallation und -wartung<\/li>\n<li>Geringe Einf\u00fcgungsd\u00e4mpfung und hohe R\u00fcckflussd\u00e4mpfung<\/li>\n<li>Werkseitig konfektioniert und getestet f\u00fcr zuverl\u00e4ssige Leistung<\/li>\n<li>Gute Austauschbarkeit, Haltbarkeit und Wiederholbarkeit<\/li>\n<li>Ausgezeichnete Anpassungsf\u00e4higkeit an die Umwelt<\/li>\n<li>Entspricht den internationalen Telekommunikationsstandards<\/li>\n<li>Erm\u00f6glicht Hochgeschwindigkeits\u00fcbertragung<\/li>\n<\/ul>\n<h2 style=\"text-align: left; font-size: 18px;\"><strong>Anwendungen von LC zu LC Multimode Glasfaser Patchkabel<\/strong><\/h2>\n<ul>\n<li>Hochgeschwindigkeitsdaten\u00fcbertragung in datenintensiven Anwendungen<\/li>\n<li>Breitbandige Systeme<\/li>\n<li>Telekommunikation und Datenkommunikation<\/li>\n<li>Vielseitig f\u00fcr Inneninstallationen: Geeignet f\u00fcr Netzwerkschrankverbindungen, Deckenverkabelung und Unterflurverkabelung in Rechenzentren.<\/li>\n<\/ul>\n<h2 style=\"text-align: left; font-size: 18px;\"><strong>Suchen Sie nach einer gr\u00f6\u00dferen Auswahl an Glasfaser-Patchkabeln?<\/strong><\/h2>\n<p>M\u00f6chten Sie mehr Optionen f\u00fcr Glasfaser-Patchkabel? Entdecken Sie unsere Auswahl an <span style=\"color: #0054a6;\"><strong><a style=\"color: #0054a6;\" href=\"https:\/\/www.bonelinks.com\/de\/lc-fibre-patch-leads\/\" target=\"_blank\" rel=\"noopener\">LC-Faser-Patchkabeln, <\/a><\/strong><\/span><a title=\"LC zu LC Faser Patchkabel\" href=\"https:\/\/www.bonelinks.com\/de\/lc-to-lc-fiber-patch-cable\/\" target=\"_blank\" rel=\"noopener\"><strong><span style=\"color: #0054a6;\">LC-LC-Faser-Patchkabel, <\/span><\/strong><\/a><strong><span style=\"color: #0054a6;\"><a style=\"color: #0054a6;\" href=\"https:\/\/www.bonelinks.com\/de\/multimode-fibre-patch-leads\/\" target=\"_blank\" rel=\"noopener\">Multimode-Glasfaser-Patchkabel <\/a><\/span><\/strong>f\u00fcr nahtlose Vernetzung.<\/p>\n<p>Sind Sie auf der Suche nach ma\u00dfgeschneiderten und speziell angefertigten Glasfaser-Patchkabeln? Entdecken Sie unseren speziellen Bereich \u00fcber<a href=\"https:\/\/www.bonelinks.com\/de\/custom-fiber-optic-cables\/\" target=\"_blank\" rel=\"noopener\"><span style=\"color: #0054a6;\"><strong> Kundenspezifische Glasfaserkabel <\/strong><\/span><\/a>f\u00fcr ma\u00dfgeschneiderte Konnektivit\u00e4tsl\u00f6sungen.<\/p>\n<ul>\n<li>Einzelhandel oder Gro\u00dfhandel &#8211; wir haben alles f\u00fcr Sie!<\/li>\n<li>Nicht sicher, was Sie kaufen sollen? Wir bieten fachkundige Beratung.<\/li>\n<li>Kleines MOQ: Sie brauchen nicht mehr zu kaufen, als Sie wollen.<\/li>\n<li>Konkurrenzf\u00e4hige Preise: Sie erhalten jedes Mal ein gutes Preis-Leistungs-Verh\u00e4ltnis.<\/li>\n<li>Prompte Lieferung: Ihre Geschwindigkeit, unsere Priorit\u00e4t.<\/li>\n<li>Kundenorientiert: Wir schneiden unsere Dienstleistungen auf Ihre Bed\u00fcrfnisse zu.<\/li>\n<\/ul>\n<p><strong>Verbinden Sie sich mit uns!<\/strong><br \/>\nWenn Sie Probleme bei der Suche nach dem richtigen <span style=\"color: #0054a6;\"><strong><a style=\"color: #0054a6;\" href=\"https:\/\/www.bonelinks.com\/de\/fiber-optic-patch-cord-supplier\/\" target=\"_blank\" rel=\"noopener\">Glasfaser-Patchkabel <\/a><\/strong><\/span>f\u00fcr Ihre Bed\u00fcrfnisse zu finden, oder wenn Sie einen Expertenrat ben\u00f6tigen, k\u00f6nnen Sie mit einem Klick<a href=\"https:\/\/www.bonelinks.com\/de\/contact-us\/\" target=\"_blank\" rel=\"noopener\"><strong><span style=\"color: #0054a6;\"> mit uns chatten <\/span><\/strong><\/a>in Sekundenschnelle. Ihre Zufriedenheit ist unsere Priorit\u00e4t. Wir sind bereit, Sie in jeder Hinsicht zu unterst\u00fctzen. <strong>Keine Sorge, \u00fcberm\u00e4\u00dfiges Nachdenken ist nicht erforderlich. Wir sind hier und bereit, Ihnen zu helfen.<\/strong><\/p>\n","protected":false},"excerpt":{"rendered":"<p>LC zu LC Multimode-Glasfaser-Patchkabel sind in der Industrie weit verbreitet und bieten eine hohe Dichte und zuverl\u00e4ssige Leistung. Er ist ideal f\u00fcr 10\/40\/100G-Ethernet-Verbindungen und unterst\u00fctzt 10G SR, 10G LRM und SFP+-Transceiver. Speziell entwickelt f\u00fcr Fast Ethernet, Fiber Channel, Gigabit Ethernet und verschiedene Anwendungen. Jedes Kabel wird einzeln getestet, zertifiziert und mit einer lebenslangen Garantie versehen, um Kompatibilit\u00e4t und Zuverl\u00e4ssigkeit zu gew\u00e4hrleisten.<\/p>\n","protected":false},"featured_media":17866,"template":"","meta":{"site-sidebar-layout":"default","site-content-layout":"default","ast-site-content-layout":"default","site-content-style":"default","site-sidebar-style":"default","ast-global-header-display":"","ast-banner-title-visibility":"","ast-main-header-display":"","ast-hfb-above-header-display":"","ast-hfb-below-header-display":"","ast-hfb-mobile-header-display":"","site-post-title":"","ast-breadcrumbs-content":"","ast-featured-img":"","footer-sml-layout":"","ast-disable-related-posts":"","theme-transparent-header-meta":"default","adv-header-id-meta":"","stick-header-meta":"default","header-above-stick-meta":"","header-main-stick-meta":"","header-below-stick-meta":"","astra-migrate-meta-layouts":"set","ast-page-background-enabled":"default","ast-page-background-meta":{"desktop":{"background-color":"","background-image":"","background-repeat":"repeat","background-position":"center center","background-size":"auto","background-attachment":"scroll","background-type":"","background-media":"","overlay-type":"","overlay-color":"","overlay-opacity":"","overlay-gradient":""},"tablet":{"background-color":"","background-image":"","background-repeat":"repeat","background-position":"center center","background-size":"auto","background-attachment":"scroll","background-type":"","background-media":"","overlay-type":"","overlay-color":"","overlay-opacity":"","overlay-gradient":""},"mobile":{"background-color":"","background-image":"","background-repeat":"repeat","background-position":"center center","background-size":"auto","background-attachment":"scroll","background-type":"","background-media":"","overlay-type":"","overlay-color":"","overlay-opacity":"","overlay-gradient":""}},"ast-content-background-meta":{"desktop":{"background-color":"var(--ast-global-color-5)","background-image":"","background-repeat":"repeat","background-position":"center center","background-size":"auto","background-attachment":"scroll","background-type":"","background-media":"","overlay-type":"","overlay-color":"","overlay-opacity":"","overlay-gradient":""},"tablet":{"background-color":"var(--ast-global-color-5)","background-image":"","background-repeat":"repeat","background-position":"center center","background-size":"auto","background-attachment":"scroll","background-type":"","background-media":"","overlay-type":"","overlay-color":"","overlay-opacity":"","overlay-gradient":""},"mobile":{"background-color":"var(--ast-global-color-5)","background-image":"","background-repeat":"repeat","background-position":"center center","background-size":"auto","background-attachment":"scroll","background-type":"","background-media":"","overlay-type":"","overlay-color":"","overlay-opacity":"","overlay-gradient":""}}},"product_brand":[],"product_cat":[228,237,230],"product_tag":[],"class_list":{"0":"post-21371","1":"product","2":"type-product","3":"status-publish","4":"has-post-thumbnail","6":"product_cat-fiber-patch-cord-de","7":"product_cat-lc-fiber-patch-cord-de","8":"product_cat-multimode-fiber-patch-cord-de","9":"pa_connector-type-lc-lc-de","10":"pa_fiber-type-multimode-de","11":"desktop-align-left","12":"tablet-align-left","13":"mobile-align-left","14":"ast-product-gallery-layout-vertical","15":"ast-product-gallery-with-no-image","16":"ast-product-tabs-layout-vertical","17":"ast-qv-on-image","19":"first","20":"instock","21":"shipping-taxable","22":"product-type-simple"},"_links":{"self":[{"href":"https:\/\/www.bonelinks.com\/de\/wp-json\/wp\/v2\/product\/21371","targetHints":{"allow":["GET"]}}],"collection":[{"href":"https:\/\/www.bonelinks.com\/de\/wp-json\/wp\/v2\/product"}],"about":[{"href":"https:\/\/www.bonelinks.com\/de\/wp-json\/wp\/v2\/types\/product"}],"version-history":[{"count":3,"href":"https:\/\/www.bonelinks.com\/de\/wp-json\/wp\/v2\/product\/21371\/revisions"}],"predecessor-version":[{"id":24903,"href":"https:\/\/www.bonelinks.com\/de\/wp-json\/wp\/v2\/product\/21371\/revisions\/24903"}],"wp:featuredmedia":[{"embeddable":true,"href":"https:\/\/www.bonelinks.com\/de\/wp-json\/wp\/v2\/media\/17866"}],"wp:attachment":[{"href":"https:\/\/www.bonelinks.com\/de\/wp-json\/wp\/v2\/media?parent=21371"}],"wp:term":[{"taxonomy":"product_brand","embeddable":true,"href":"https:\/\/www.bonelinks.com\/de\/wp-json\/wp\/v2\/product_brand?post=21371"},{"taxonomy":"product_cat","embeddable":true,"href":"https:\/\/www.bonelinks.com\/de\/wp-json\/wp\/v2\/product_cat?post=21371"},{"taxonomy":"product_tag","embeddable":true,"href":"https:\/\/www.bonelinks.com\/de\/wp-json\/wp\/v2\/product_tag?post=21371"}],"curies":[{"name":"wp","href":"https:\/\/api.w.org\/{rel}","templated":true}]}}