{"id":21347,"date":"2023-07-03T01:26:20","date_gmt":"2023-07-03T09:26:20","guid":{"rendered":"https:\/\/www.bonelinks.com\/product\/doppeltes-sc-glasfaser-patchkabel-om4\/"},"modified":"2024-02-02T06:08:31","modified_gmt":"2024-02-02T14:08:31","slug":"dual-sc-fibre-patch-lead-om4","status":"publish","type":"product","link":"https:\/\/www.bonelinks.com\/de\/product\/dual-sc-fibre-patch-lead-om4\/","title":{"rendered":"Doppeltes SC-Glasfaser-Patchkabel OM4"},"content":{"rendered":"<h1 style=\"text-align: left; font-size: 18px;\"><strong>Hochgeschwindigkeits-Doppel-SC-Glasfaser-Patchkabel OM4<\/strong><\/h1>\n<p>Unser hochwertiges Multimode Duplex OM4 Glasfaser-Patchkabel (50\/125\u00b5m) ist f\u00fcr Hochgeschwindigkeits-Daten\u00fcbertragungen in 100 Gigabit Ethernet-Netzwerken konzipiert. Mit keramischen Aderendh\u00fclsen, einem 50\/125-\u00b5m-Kern und zwei SC-Steckern erm\u00f6glicht es eine schnelle Installation in Umgebungen mit hoher Kabeldichte. Er unterst\u00fctzt 10\/40\/100G Ethernet-Verbindungen und ist ideal f\u00fcr die Verwendung mit 10G SR-, 10G LRM-, 40G BIDI SR- und SFP+-Transceivern. Es wurde auf niedrige Einf\u00fcgungs- und R\u00fcckflussd\u00e4mpfung getestet und gew\u00e4hrleistet eine hervorragende Leistung. Die Farbe Erika-Violett macht es leicht, es von anderen Kabeln zu unterscheiden.<\/p>\n<table>\n<caption><strong>OM4 Link Distance Unterst\u00fctzung<\/strong><\/caption>\n<tbody>\n<tr>\n<th>Transceiver-Bezeichnung<\/th>\n<th>OM4 (Maximale Entfernung in Metern)<\/th>\n<\/tr>\n<tr>\n<td style=\"text-align: center;\">10GBASE-SR<\/td>\n<td style=\"text-align: center;\">550<\/td>\n<\/tr>\n<tr>\n<td style=\"text-align: center;\">10GBASE-LX4<\/td>\n<td style=\"text-align: center;\">300<\/td>\n<\/tr>\n<tr>\n<td style=\"text-align: center;\">10GBASE-LRM<\/td>\n<td style=\"text-align: center;\">220<\/td>\n<\/tr>\n<tr>\n<td style=\"text-align: center;\">40GBASE-SR4<\/td>\n<td style=\"text-align: center;\">125<\/td>\n<\/tr>\n<tr>\n<td style=\"text-align: center;\">100GBASE-SR10<\/td>\n<td style=\"text-align: center;\">125<\/td>\n<\/tr>\n<\/tbody>\n<\/table>\n<p><strong>Eigenschaften von Dual SC Glasfaser Patchkabel OM4<\/strong><\/p>\n<ul>\n<li>Multimode-Faserkonstruktion &#8211; Kern und Mantel mit 50\/125 Durchmesser<\/li>\n<li>Unterst\u00fctzt Daten\u00fcbertragungsraten von bis zu 10 Gbit\/s, 40 Gbit\/s und 100 Gbit\/s<\/li>\n<li>Abw\u00e4rtskompatibel mit bestehenden OM2 und OM3 50\/125 MMF-Ger\u00e4ten<\/li>\n<li>10GBase-SR SFP+, 40Gbase-SR4 QSFP+ und 100Gbase-SR10 QSFP28-kompatibel<\/li>\n<li>Pr\u00e4zisions-Zirkoniumdioxid-H\u00fclsen<\/li>\n<li>Ultra Physischer Kontakt<\/li>\n<li>Individuell getestet<\/li>\n<\/ul>\n<h2 style=\"text-align: left; font-size: 18px;\"><strong>Anwendungsbereiche des Dual SC Fibre Patch Lead OM4<\/strong><\/h2>\n<ul>\n<li>10\/40\/100 Gigabit-Ethernet<\/li>\n<li>Datenspeicherung<\/li>\n<li>\u00c4ltere LANs<\/li>\n<\/ul>\n<p><img fetchpriority=\"high\" decoding=\"async\" class=\"alignnone size-full wp-image-7181\" src=\"https:\/\/www.bonelinks.com\/wp-content\/uploads\/2023\/07\/dual-sc-patch-lead-application.png\" alt=\"duale sc patch lead anwendung\" width=\"714\" height=\"260\" srcset=\"https:\/\/www.bonelinks.com\/wp-content\/uploads\/2023\/07\/dual-sc-patch-lead-application.png 714w, https:\/\/www.bonelinks.com\/wp-content\/uploads\/2023\/07\/dual-sc-patch-lead-application-300x109.png 300w, https:\/\/www.bonelinks.com\/wp-content\/uploads\/2023\/07\/dual-sc-patch-lead-application-650x237.png 650w\" sizes=\"(max-width: 714px) 100vw, 714px\" \/><\/p>\n<h2 style=\"text-align: left; font-size: 18px;\"><strong>Suchen Sie nach einer gr\u00f6\u00dferen Auswahl an Glasfaser-Patchkabeln?<\/strong><\/h2>\n<p>M\u00f6chten Sie mehr Optionen f\u00fcr Glasfaser-Patchkabel? Entdecken Sie unsere Auswahl an <a title=\"SC-Faser-Patchkabel\" href=\"https:\/\/www.bonelinks.com\/de\/sc-fibre-patch-leads\/\" target=\"_blank\" rel=\"noopener\"><strong><span style=\"color: #0054a6;\">SC-Glasfaser-Patchkabeln, <\/span><\/strong><\/a><strong><span style=\"color: #0054a6;\"><a style=\"color: #0054a6;\" href=\"https:\/\/www.bonelinks.com\/de\/multimode-fibre-patch-leads\/\" target=\"_blank\" rel=\"noopener\">Multimode-Glasfaser-Patchkabeln <\/a><\/span><\/strong>f\u00fcr nahtlose Netzwerke.<\/p>\n<p>Sind Sie auf der Suche nach ma\u00dfgeschneiderten und speziell angefertigten Glasfaser-Patchkabeln? Entdecken Sie unseren speziellen Bereich \u00fcber<a href=\"https:\/\/www.bonelinks.com\/de\/custom-fiber-optic-cables\/\" target=\"_blank\" rel=\"noopener\"><span style=\"color: #0054a6;\"><strong> Kundenspezifische Glasfaserkabel <\/strong><\/span><\/a>f\u00fcr ma\u00dfgeschneiderte Konnektivit\u00e4tsl\u00f6sungen.<\/p>\n<ul>\n<li>Einzelhandel oder Gro\u00dfhandel &#8211; wir haben alles f\u00fcr Sie!<\/li>\n<li>Nicht sicher, was Sie kaufen sollen? Wir bieten fachkundige Beratung.<\/li>\n<li>Kleines MOQ: Sie brauchen nicht mehr zu kaufen, als Sie wollen.<\/li>\n<li>Konkurrenzf\u00e4hige Preise: Sie erhalten jedes Mal ein gutes Preis-Leistungs-Verh\u00e4ltnis.<\/li>\n<li>Prompte Lieferung: Ihre Geschwindigkeit, unsere Priorit\u00e4t.<\/li>\n<li>Kundenorientiert: Wir schneiden unsere Dienstleistungen auf Ihre Bed\u00fcrfnisse zu.<\/li>\n<\/ul>\n<p><strong>Verbinden Sie sich mit uns!<\/strong><br \/>\nWenn Sie Probleme bei der Suche nach dem richtigen <span style=\"color: #0054a6;\"><strong><a style=\"color: #0054a6;\" href=\"https:\/\/www.bonelinks.com\/de\/fiber-optic-patch-cord-supplier\/\" target=\"_blank\" rel=\"noopener\">Glasfaser-Patchkabel <\/a><\/strong><\/span>f\u00fcr Ihre Bed\u00fcrfnisse zu finden, oder wenn Sie einen Expertenrat ben\u00f6tigen, k\u00f6nnen Sie mit einem Klick<a href=\"https:\/\/www.bonelinks.com\/de\/contact-us\/\" target=\"_blank\" rel=\"noopener\"><strong><span style=\"color: #0054a6;\"> mit uns chatten <\/span><\/strong><\/a>in Sekundenschnelle. Ihre Zufriedenheit ist unsere Priorit\u00e4t. Wir sind bereit, Sie in jeder Hinsicht zu unterst\u00fctzen. <strong>Keine Sorge, \u00fcberm\u00e4\u00dfiges Nachdenken ist nicht erforderlich. Wir sind hier und bereit, Ihnen zu helfen.<\/strong><\/p>\n","protected":false},"excerpt":{"rendered":"<p>Dual SC Fibre Patch Lead OM4 mit Keramikferrulen und 50\/125 Micron Kern f\u00fcr 100 Gigabit Ethernet Netzwerke. Geeignet f\u00fcr Kabelumgebungen mit hoher Dichte und doppelten SC-Steckern.<\/p>\n<ul>\n<li>Optischer Multimode 4 (OM4) kompatibel f\u00fcr 100-Gigabit-Ethernet-Unterst\u00fctzung<\/li>\n<li>10GBase-SR SFP+, 40Gbase-SR4 QSFP+ und 100Gbase-SR10 QSFP28-kompatibel<\/li>\n<li>100%ige Kontrolle der optischen Eigenschaften vor dem Versand<\/li>\n<\/ul>\n","protected":false},"featured_media":18046,"template":"","meta":{"site-sidebar-layout":"default","site-content-layout":"default","ast-site-content-layout":"default","site-content-style":"default","site-sidebar-style":"default","ast-global-header-display":"","ast-banner-title-visibility":"","ast-main-header-display":"","ast-hfb-above-header-display":"","ast-hfb-below-header-display":"","ast-hfb-mobile-header-display":"","site-post-title":"","ast-breadcrumbs-content":"","ast-featured-img":"","footer-sml-layout":"","ast-disable-related-posts":"","theme-transparent-header-meta":"default","adv-header-id-meta":"","stick-header-meta":"default","header-above-stick-meta":"","header-main-stick-meta":"","header-below-stick-meta":"","astra-migrate-meta-layouts":"set","ast-page-background-enabled":"default","ast-page-background-meta":{"desktop":{"background-color":"","background-image":"","background-repeat":"repeat","background-position":"center center","background-size":"auto","background-attachment":"scroll","background-type":"","background-media":"","overlay-type":"","overlay-color":"","overlay-opacity":"","overlay-gradient":""},"tablet":{"background-color":"","background-image":"","background-repeat":"repeat","background-position":"center center","background-size":"auto","background-attachment":"scroll","background-type":"","background-media":"","overlay-type":"","overlay-color":"","overlay-opacity":"","overlay-gradient":""},"mobile":{"background-color":"","background-image":"","background-repeat":"repeat","background-position":"center center","background-size":"auto","background-attachment":"scroll","background-type":"","background-media":"","overlay-type":"","overlay-color":"","overlay-opacity":"","overlay-gradient":""}},"ast-content-background-meta":{"desktop":{"background-color":"var(--ast-global-color-5)","background-image":"","background-repeat":"repeat","background-position":"center center","background-size":"auto","background-attachment":"scroll","background-type":"","background-media":"","overlay-type":"","overlay-color":"","overlay-opacity":"","overlay-gradient":""},"tablet":{"background-color":"var(--ast-global-color-5)","background-image":"","background-repeat":"repeat","background-position":"center center","background-size":"auto","background-attachment":"scroll","background-type":"","background-media":"","overlay-type":"","overlay-color":"","overlay-opacity":"","overlay-gradient":""},"mobile":{"background-color":"var(--ast-global-color-5)","background-image":"","background-repeat":"repeat","background-position":"center center","background-size":"auto","background-attachment":"scroll","background-type":"","background-media":"","overlay-type":"","overlay-color":"","overlay-opacity":"","overlay-gradient":""}}},"product_brand":[],"product_cat":[228,230,280],"product_tag":[],"class_list":{"0":"post-21347","1":"product","2":"type-product","3":"status-publish","4":"has-post-thumbnail","6":"product_cat-fiber-patch-cord-de","7":"product_cat-multimode-fiber-patch-cord-de","8":"product_cat-sc-fiber-patch-cord-de","9":"pa_connector-type-sc-de","10":"pa_fiber-type-50-125-om4-de","11":"desktop-align-left","12":"tablet-align-left","13":"mobile-align-left","14":"ast-product-gallery-layout-vertical","15":"ast-product-gallery-with-no-image","16":"ast-product-tabs-layout-vertical","17":"ast-qv-on-image","19":"first","20":"instock","21":"shipping-taxable","22":"product-type-simple"},"_links":{"self":[{"href":"https:\/\/www.bonelinks.com\/de\/wp-json\/wp\/v2\/product\/21347","targetHints":{"allow":["GET"]}}],"collection":[{"href":"https:\/\/www.bonelinks.com\/de\/wp-json\/wp\/v2\/product"}],"about":[{"href":"https:\/\/www.bonelinks.com\/de\/wp-json\/wp\/v2\/types\/product"}],"version-history":[{"count":3,"href":"https:\/\/www.bonelinks.com\/de\/wp-json\/wp\/v2\/product\/21347\/revisions"}],"predecessor-version":[{"id":24898,"href":"https:\/\/www.bonelinks.com\/de\/wp-json\/wp\/v2\/product\/21347\/revisions\/24898"}],"wp:featuredmedia":[{"embeddable":true,"href":"https:\/\/www.bonelinks.com\/de\/wp-json\/wp\/v2\/media\/18046"}],"wp:attachment":[{"href":"https:\/\/www.bonelinks.com\/de\/wp-json\/wp\/v2\/media?parent=21347"}],"wp:term":[{"taxonomy":"product_brand","embeddable":true,"href":"https:\/\/www.bonelinks.com\/de\/wp-json\/wp\/v2\/product_brand?post=21347"},{"taxonomy":"product_cat","embeddable":true,"href":"https:\/\/www.bonelinks.com\/de\/wp-json\/wp\/v2\/product_cat?post=21347"},{"taxonomy":"product_tag","embeddable":true,"href":"https:\/\/www.bonelinks.com\/de\/wp-json\/wp\/v2\/product_tag?post=21347"}],"curies":[{"name":"wp","href":"https:\/\/api.w.org\/{rel}","templated":true}]}}