{"id":21330,"date":"2023-07-03T19:06:08","date_gmt":"2023-07-04T03:06:08","guid":{"rendered":"https:\/\/www.bonelinks.com\/product\/sc-sc-multimode-duplex-glasfaser-patchkabel\/"},"modified":"2024-02-02T05:12:41","modified_gmt":"2024-02-02T13:12:41","slug":"sc-sc-multimode-duplex-fibre-patch-leads","status":"publish","type":"product","link":"https:\/\/www.bonelinks.com\/de\/product\/sc-sc-multimode-duplex-fibre-patch-leads\/","title":{"rendered":"SC SC Multimode Duplex Glasfaser Patchkabel"},"content":{"rendered":"<h1 style=\"text-align: left; font-size: 18px;\"><strong>SC SC Multimode Duplex Glasfaser Patchkabel f\u00fcr zukunftssichere Bandbreitenanforderungen<\/strong><\/h1>\n<p>Der st\u00e4ndig steigende Bandbreitenbedarf stellt eine st\u00e4ndige Herausforderung f\u00fcr moderne Local Area Networks (LANs) dar. Bonelinks adressiert dieses Problem mit seinen SC SC Multimode Duplex Glasfaser Patchkabeln. Diese Patchkabel sind an beiden Enden mit SC-Steckern ausgestattet, die Verbindungen mit hoher Bandbreite zwischen Glasfaser-Netzwerkger\u00e4ten erm\u00f6glichen. Diese Duplex-Glasfaserkabel mit minimalem Lichtverlust sind ideal f\u00fcr 100\/1000BASE-SX-Transceiver, Fast-Ethernet-, Gigabit-Ethernet- und Fibre-Channel-Anwendungen.<\/p>\n<p>Jedes Patchkabel wird sorgf\u00e4ltig aus hochwertigen Glasfasern und keramischen Aderendh\u00fclsen hergestellt und f\u00fcr maximale Leistung maschinell poliert. Unsere Multimode SC-SC-Glasfaser-Patchkabel verf\u00fcgen \u00fcber einen Au\u00dfenmantel aus PVC\/LSZH\/OFNR. Sie k\u00f6nnen zwischen 62,5\/125 (OM1), 50\/125 (OM2), Enhanced 50\/125 (OM3) und 50\/125 (OM4) Kabeln w\u00e4hlen.<\/p>\n<table width=\"1104\">\n<tbody>\n<tr>\n<td width=\"160\"><strong>SC SC Multimode Duplex Glasfaser Patchkabel Typen<\/strong><\/td>\n<td width=\"131\"><strong>Durchmesser<\/strong><\/td>\n<td width=\"121\"><strong>Farbe der Jacke<\/strong><\/td>\n<td width=\"127\"><strong>Optische Quelle<\/strong><\/td>\n<td width=\"143\"><strong>Bandbreite<\/strong><\/td>\n<td width=\"134\"><strong>Fast Ethernet<\/strong><\/td>\n<td width=\"72\"><strong>1GbE<\/strong><\/td>\n<td width=\"72\"><strong>10GbE<\/strong><\/td>\n<td width=\"72\"><strong>40GbE<\/strong><\/td>\n<td width=\"72\"><strong>100GbE<\/strong><\/td>\n<\/tr>\n<tr>\n<td width=\"160\">OM1<\/td>\n<td width=\"131\">62,5\/125\u00b5m<\/td>\n<td width=\"121\">Orange<\/td>\n<td width=\"127\">LED<\/td>\n<td width=\"143\">200MHz*km<\/td>\n<td width=\"134\">2000m<\/td>\n<td width=\"72\">275m<\/td>\n<td width=\"72\">33m<\/td>\n<td width=\"72\">\/<\/td>\n<td width=\"72\">\/<\/td>\n<\/tr>\n<tr>\n<td width=\"160\">OM2<\/td>\n<td width=\"131\">50\/125\u00b5m<\/td>\n<td width=\"121\">Orange<\/td>\n<td width=\"127\">LED<\/td>\n<td width=\"143\">500MHz*km<\/td>\n<td width=\"134\">2000m<\/td>\n<td width=\"72\">550m<\/td>\n<td width=\"72\">82m<\/td>\n<td width=\"72\">\/<\/td>\n<td width=\"72\">\/<\/td>\n<\/tr>\n<tr>\n<td width=\"160\">OM3<\/td>\n<td width=\"131\">50\/125\u00b5m<\/td>\n<td width=\"121\">Aqua<\/td>\n<td width=\"127\">VSCEL<\/td>\n<td width=\"143\">2000MHz*km<\/td>\n<td width=\"134\">2000m<\/td>\n<td width=\"72\">\/<\/td>\n<td width=\"72\">300m<\/td>\n<td width=\"72\">100m<\/td>\n<td width=\"72\">70m<\/td>\n<\/tr>\n<tr>\n<td width=\"160\">OM4<\/td>\n<td width=\"131\">50\/125\u00b5m<\/td>\n<td width=\"121\">Violett<\/td>\n<td width=\"127\">VSCEL<\/td>\n<td width=\"143\">4700MHz*km<\/td>\n<td width=\"134\">2000m<\/td>\n<td width=\"72\">\/<\/td>\n<td width=\"72\">550m<\/td>\n<td width=\"72\">150m<\/td>\n<td width=\"72\">150m<\/td>\n<\/tr>\n<\/tbody>\n<\/table>\n<p>Um eine optimale Leistung zu gew\u00e4hrleisten, wird jedes Multimode-Faserduplexkabel einzeln getestet und zertifiziert, um akzeptable Grenzwerte f\u00fcr die optische Einf\u00fcged\u00e4mpfung einzuhalten. Dies gew\u00e4hrleistet Kompatibilit\u00e4t und 100%ige Zuverl\u00e4ssigkeit. Mit seiner nahezu unbegrenzten Bandbreite bietet das Multimode Duplex Glasfaser Patchkabel von Bonelinks eine \u00fcberlegene L\u00f6sung, die die st\u00e4ndig wachsenden technologischen Anforderungen bis weit in die Zukunft hinein erf\u00fcllen kann.<\/p>\n<h2 style=\"text-align: left; font-size: 18px;\"><strong>Meistverkaufte SC SC Multimode Duplex Glasfaser Patchkabel bei Bonelinks<\/strong><\/h2>\n<table>\n<tbody>\n<tr>\n<th class=\"header\">SC SC Multimode Duplex Glasfaser Patchkabel<\/th>\n<th class=\"header\">OM2-Faser SC auf SC<\/th>\n<th class=\"header\">OM3 Faser SC auf SC<\/th>\n<th class=\"header\">OM4 Faser SC auf SC<\/th>\n<\/tr>\n<tr>\n<td>Anzahl der Fasern<\/td>\n<td>Duplex<\/td>\n<td>Duplex<\/td>\n<td>Duplex<\/td>\n<\/tr>\n<tr>\n<td>Faser-Modus<\/td>\n<td>Multimode<\/td>\n<td>Multimode<\/td>\n<td>Multimode<\/td>\n<\/tr>\n<tr>\n<td>Datenrate<\/td>\n<td>1G\/10GB<\/td>\n<td>10G\/40G\/100GB<\/td>\n<td>10G\/40G\/100GB<\/td>\n<\/tr>\n<tr>\n<td>Anschluss<\/td>\n<td>SC UPC zu SC UPC<\/td>\n<td>SC UPC zu SC UPC<\/td>\n<td>SC UPC zu SC UPC<\/td>\n<\/tr>\n<tr>\n<td>Einf\u00fcged\u00e4mpfung<\/td>\n<td>\u22640,3dB<\/td>\n<td>\u22640,3dB<\/td>\n<td>\u22640,3dB<\/td>\n<\/tr>\n<tr>\n<td>R\u00fcckflussd\u00e4mpfung<\/td>\n<td>\u226530dB<\/td>\n<td>\u226530dB<\/td>\n<td>\u226530dB<\/td>\n<\/tr>\n<tr>\n<td>L\u00e4nge<\/td>\n<td>1m, 2m, 3m, 5m, 10m oder kundenspezifisch<\/td>\n<td>1m, 2m, 3m, 5m, 10m oder kundenspezifisch<\/td>\n<td>1m, 2m, 3m, 5m, 10m oder kundenspezifisch<\/td>\n<\/tr>\n<tr>\n<td>Jacke<\/td>\n<td>LSZH, OFNR, PVC<\/td>\n<td>LSZH, OFNR, PVC<\/td>\n<td>LSZH, OFNR, PVC<\/td>\n<\/tr>\n<\/tbody>\n<\/table>\n<h2 style=\"text-align: left; font-size: 18px;\"><strong>Eigenschaften von SC SC Multimode Duplex Glasfaser Patchkabeln<\/strong><\/h2>\n<ul>\n<li>SC-zu-SC-Steckertyp mit polierter Ultra Physical Contact (UPC)-Faser f\u00fcr optimale Leistung<\/li>\n<li>Duplex-Anschl\u00fcsse bieten zwei Fasern zum gleichzeitigen Senden und Empfangen von Daten<\/li>\n<li>Das Zip Cord-Design sorgt f\u00fcr h\u00f6here Zuverl\u00e4ssigkeit und maximale Produktivit\u00e4t<\/li>\n<li>Erh\u00e4ltlich in OM1, OM2, OM3 und OM4 Multimode-Varianten f\u00fcr unterschiedliche Netzwerkanforderungen<\/li>\n<li>Jedes Patchkabel wird vor dem Versand einer gr\u00fcndlichen Pr\u00fcfung seiner optischen Eigenschaften unterzogen, um eine hervorragende Leistung zu gew\u00e4hrleisten.<\/li>\n<\/ul>\n<h2 style=\"text-align: left; font-size: 18px;\"><strong>Anwendungen von SC-Multimode-Duplex-Glasfaserverbindungskabeln<\/strong><\/h2>\n<ul>\n<li>Fernverkehrsnetze<\/li>\n<li>Telekommunikation\/Datenkommunikation<\/li>\n<li>Breitband-Systeme<\/li>\n<li>Datenanwendungen<\/li>\n<\/ul>\n<h2 style=\"text-align: left; font-size: 18px;\"><strong>Suchen Sie nach einer gr\u00f6\u00dferen Auswahl an Glasfaser-Patchkabeln?<\/strong><\/h2>\n<p>M\u00f6chten Sie mehr Optionen f\u00fcr Glasfaser-Patchkabel? Entdecken Sie unsere Auswahl an <a title=\"SC-Faser-Patchkabel\" href=\"https:\/\/www.bonelinks.com\/de\/sc-fibre-patch-leads\/\" target=\"_blank\" rel=\"noopener\"><strong><span style=\"color: #0054a6;\">SC-Glasfaser-Patchkabeln, <\/span><\/strong><\/a><strong><span style=\"color: #0054a6;\"><a style=\"color: #0054a6;\" href=\"https:\/\/www.bonelinks.com\/de\/multimode-fibre-patch-leads\/\" target=\"_blank\" rel=\"noopener\">Multimode-Glasfaser-Patchkabeln <\/a><\/span><\/strong>f\u00fcr nahtlose Netzwerke.<\/p>\n<p>Sind Sie auf der Suche nach ma\u00dfgeschneiderten und speziell angefertigten Glasfaser-Patchkabeln? Entdecken Sie unseren speziellen Bereich \u00fcber<a href=\"https:\/\/www.bonelinks.com\/de\/custom-fiber-optic-cables\/\" target=\"_blank\" rel=\"noopener\"><span style=\"color: #0054a6;\"><strong> Kundenspezifische Glasfaserkabel <\/strong><\/span><\/a>f\u00fcr ma\u00dfgeschneiderte Konnektivit\u00e4tsl\u00f6sungen.<\/p>\n<ul>\n<li>Einzelhandel oder Gro\u00dfhandel &#8211; wir haben alles f\u00fcr Sie!<\/li>\n<li>Nicht sicher, was Sie kaufen sollen? Wir bieten fachkundige Beratung.<\/li>\n<li>Kleines MOQ: Sie brauchen nicht mehr zu kaufen, als Sie wollen.<\/li>\n<li>Konkurrenzf\u00e4hige Preise: Sie erhalten jedes Mal ein gutes Preis-Leistungs-Verh\u00e4ltnis.<\/li>\n<li>Prompte Lieferung: Ihre Geschwindigkeit, unsere Priorit\u00e4t.<\/li>\n<li>Kundenorientiert: Wir schneiden unsere Dienstleistungen auf Ihre Bed\u00fcrfnisse zu.<\/li>\n<\/ul>\n<p><strong>Verbinden Sie sich mit uns!<\/strong><br \/>\nWenn Sie Probleme bei der Suche nach dem richtigen <span style=\"color: #0054a6;\"><strong><a style=\"color: #0054a6;\" href=\"https:\/\/www.bonelinks.com\/de\/fiber-optic-patch-cord-supplier\/\" target=\"_blank\" rel=\"noopener\">Glasfaser-Patchkabel <\/a><\/strong><\/span>f\u00fcr Ihre Bed\u00fcrfnisse zu finden, oder wenn Sie einen Expertenrat ben\u00f6tigen, k\u00f6nnen Sie mit einem Klick<a href=\"https:\/\/www.bonelinks.com\/de\/contact-us\/\" target=\"_blank\" rel=\"noopener\"><strong><span style=\"color: #0054a6;\"> mit uns chatten <\/span><\/strong><\/a>in Sekundenschnelle. Ihre Zufriedenheit ist unsere Priorit\u00e4t. Wir sind bereit, Sie in jeder Hinsicht zu unterst\u00fctzen. <strong>Keine Sorge, \u00fcberm\u00e4\u00dfiges Nachdenken ist nicht erforderlich. Wir sind hier und bereit, Ihnen zu helfen.<\/strong><\/p>\n","protected":false},"excerpt":{"rendered":"<p>SC SC Multimode-Duplex-Glasfaser-Patchkabel bieten Hochgeschwindigkeitsverbindungen f\u00fcr Glasfasernetzwerkger\u00e4te, gew\u00e4hrleisten minimalen Lichtverlust und bieten mehrere Kabeloptionen.<\/p>\n<ul>\n<li>Erh\u00e4ltlich in OM1, OM2, OM3 und OM4 Multimode in einer Vielzahl von L\u00e4ngen<\/li>\n<li>Vollst\u00e4ndig kompatibel mit Netzwerkger\u00e4ten f\u00fcr nahtlose Integration<\/li>\n<li>100%ige Kontrolle der optischen Eigenschaften vor dem Versand<\/li>\n<\/ul>\n","protected":false},"featured_media":17821,"template":"","meta":{"site-sidebar-layout":"default","site-content-layout":"default","ast-site-content-layout":"default","site-content-style":"default","site-sidebar-style":"default","ast-global-header-display":"","ast-banner-title-visibility":"","ast-main-header-display":"","ast-hfb-above-header-display":"","ast-hfb-below-header-display":"","ast-hfb-mobile-header-display":"","site-post-title":"","ast-breadcrumbs-content":"","ast-featured-img":"","footer-sml-layout":"","ast-disable-related-posts":"","theme-transparent-header-meta":"default","adv-header-id-meta":"","stick-header-meta":"default","header-above-stick-meta":"","header-main-stick-meta":"","header-below-stick-meta":"","astra-migrate-meta-layouts":"set","ast-page-background-enabled":"default","ast-page-background-meta":{"desktop":{"background-color":"","background-image":"","background-repeat":"repeat","background-position":"center center","background-size":"auto","background-attachment":"scroll","background-type":"","background-media":"","overlay-type":"","overlay-color":"","overlay-opacity":"","overlay-gradient":""},"tablet":{"background-color":"","background-image":"","background-repeat":"repeat","background-position":"center center","background-size":"auto","background-attachment":"scroll","background-type":"","background-media":"","overlay-type":"","overlay-color":"","overlay-opacity":"","overlay-gradient":""},"mobile":{"background-color":"","background-image":"","background-repeat":"repeat","background-position":"center center","background-size":"auto","background-attachment":"scroll","background-type":"","background-media":"","overlay-type":"","overlay-color":"","overlay-opacity":"","overlay-gradient":""}},"ast-content-background-meta":{"desktop":{"background-color":"var(--ast-global-color-5)","background-image":"","background-repeat":"repeat","background-position":"center center","background-size":"auto","background-attachment":"scroll","background-type":"","background-media":"","overlay-type":"","overlay-color":"","overlay-opacity":"","overlay-gradient":""},"tablet":{"background-color":"var(--ast-global-color-5)","background-image":"","background-repeat":"repeat","background-position":"center center","background-size":"auto","background-attachment":"scroll","background-type":"","background-media":"","overlay-type":"","overlay-color":"","overlay-opacity":"","overlay-gradient":""},"mobile":{"background-color":"var(--ast-global-color-5)","background-image":"","background-repeat":"repeat","background-position":"center center","background-size":"auto","background-attachment":"scroll","background-type":"","background-media":"","overlay-type":"","overlay-color":"","overlay-opacity":"","overlay-gradient":""}}},"product_brand":[],"product_cat":[228,230,280],"product_tag":[],"class_list":{"0":"post-21330","1":"product","2":"type-product","3":"status-publish","4":"has-post-thumbnail","6":"product_cat-fiber-patch-cord-de","7":"product_cat-multimode-fiber-patch-cord-de","8":"product_cat-sc-fiber-patch-cord-de","9":"pa_connector-type-sc-sc-de","10":"pa_fiber-type-multimode-de","11":"desktop-align-left","12":"tablet-align-left","13":"mobile-align-left","14":"ast-product-gallery-layout-vertical","15":"ast-product-gallery-with-no-image","16":"ast-product-tabs-layout-vertical","17":"ast-qv-on-image","19":"first","20":"instock","21":"shipping-taxable","22":"product-type-simple"},"_links":{"self":[{"href":"https:\/\/www.bonelinks.com\/de\/wp-json\/wp\/v2\/product\/21330","targetHints":{"allow":["GET"]}}],"collection":[{"href":"https:\/\/www.bonelinks.com\/de\/wp-json\/wp\/v2\/product"}],"about":[{"href":"https:\/\/www.bonelinks.com\/de\/wp-json\/wp\/v2\/types\/product"}],"version-history":[{"count":3,"href":"https:\/\/www.bonelinks.com\/de\/wp-json\/wp\/v2\/product\/21330\/revisions"}],"predecessor-version":[{"id":24892,"href":"https:\/\/www.bonelinks.com\/de\/wp-json\/wp\/v2\/product\/21330\/revisions\/24892"}],"wp:featuredmedia":[{"embeddable":true,"href":"https:\/\/www.bonelinks.com\/de\/wp-json\/wp\/v2\/media\/17821"}],"wp:attachment":[{"href":"https:\/\/www.bonelinks.com\/de\/wp-json\/wp\/v2\/media?parent=21330"}],"wp:term":[{"taxonomy":"product_brand","embeddable":true,"href":"https:\/\/www.bonelinks.com\/de\/wp-json\/wp\/v2\/product_brand?post=21330"},{"taxonomy":"product_cat","embeddable":true,"href":"https:\/\/www.bonelinks.com\/de\/wp-json\/wp\/v2\/product_cat?post=21330"},{"taxonomy":"product_tag","embeddable":true,"href":"https:\/\/www.bonelinks.com\/de\/wp-json\/wp\/v2\/product_tag?post=21330"}],"curies":[{"name":"wp","href":"https:\/\/api.w.org\/{rel}","templated":true}]}}