{"id":21327,"date":"2023-07-04T06:19:54","date_gmt":"2023-07-04T14:19:54","guid":{"rendered":"https:\/\/www.bonelinks.com\/product\/lc-auf-st-glasfaser-patchkabel-mm\/"},"modified":"2024-02-02T05:06:46","modified_gmt":"2024-02-02T13:06:46","slug":"lc-to-st-fibre-patch-lead-mm","status":"publish","type":"product","link":"https:\/\/www.bonelinks.com\/de\/product\/lc-to-st-fibre-patch-lead-mm\/","title":{"rendered":"LC auf ST Glasfaser Patchkabel MM"},"content":{"rendered":"<h1 style=\"text-align: left; font-size: 18px;\"><strong>Kompaktes LC-zu-ST-Glasfaser-Patchkabel MM: Zuverl\u00e4ssige Verbindung f\u00fcr Hochgeschwindigkeitsnetze<\/strong><\/h1>\n<p>Das LC-zu-ST-Glasfaser-Patchkabel MM ist f\u00fcr kompakte und hochdichte Umgebungen konzipiert. Dieses Kabel ist an einem Ende mit einem SFF-LC-Stecker mit 1,25-mm-Keramikferrule und am anderen Ende mit einem robusten ST-Stecker aus rostfreiem Stahl ausgestattet, um die notwendige Verbindung zwischen Glasfaser-Netzwerkger\u00e4ten in Hochgeschwindigkeitsnetzwerken herzustellen. Die zugfeste Ummantelung gew\u00e4hrleistet Langlebigkeit und sch\u00fctzt die beliebte Multimode-Faser vor elektrischen St\u00f6rungen.<\/p>\n<p>Unsere LC-zu-ST-Glasfaser-Patchkabel sind in den Multimode-Spezifikationen OM1 (62,5\/125), OM2 (50\/125), OM3 (50\/125) und OM4 (50\/125) erh\u00e4ltlich. Diese Faserkabel werden in unserer hochmodernen Fabrik f\u00fcr Faseranschl\u00fcsse hergestellt und unterliegen einer strengen Qualit\u00e4tskontrolle. Jedes LC-zu-ST-Glasfaser-Patchkabel MM ist zu 100 % getestet und \u00fcbertrifft die hohen Standards, die f\u00fcr au\u00dfergew\u00f6hnlich schnelle Datenanwendungen erforderlich sind.<\/p>\n<table width=\"1104\">\n<tbody>\n<tr>\n<td width=\"160\"><strong>LC auf ST Glasfaser Patchkabel MM Typen<\/strong><\/td>\n<td width=\"131\"><strong>Durchmesser<\/strong><\/td>\n<td width=\"121\"><strong>Farbe der Jacke<\/strong><\/td>\n<td width=\"127\"><strong>Optische Quelle<\/strong><\/td>\n<td width=\"143\"><strong>Bandbreite<\/strong><\/td>\n<td width=\"134\"><strong>Fast Ethernet<\/strong><\/td>\n<td width=\"72\"><strong>1GbE<\/strong><\/td>\n<td width=\"72\"><strong>10GbE<\/strong><\/td>\n<td width=\"72\"><strong>40GbE<\/strong><\/td>\n<td width=\"72\"><strong>100GbE<\/strong><\/td>\n<\/tr>\n<tr>\n<td width=\"160\">OM1<\/td>\n<td width=\"131\">62,5\/125\u00b5m<\/td>\n<td width=\"121\">Orange<\/td>\n<td width=\"127\">LED<\/td>\n<td width=\"143\">200MHz*km<\/td>\n<td width=\"134\">2000m<\/td>\n<td width=\"72\">275m<\/td>\n<td width=\"72\">33m<\/td>\n<td width=\"72\">\/<\/td>\n<td width=\"72\">\/<\/td>\n<\/tr>\n<tr>\n<td width=\"160\">OM2<\/td>\n<td width=\"131\">50\/125\u00b5m<\/td>\n<td width=\"121\">Orange<\/td>\n<td width=\"127\">LED<\/td>\n<td width=\"143\">500MHz*km<\/td>\n<td width=\"134\">2000m<\/td>\n<td width=\"72\">550m<\/td>\n<td width=\"72\">82m<\/td>\n<td width=\"72\">\/<\/td>\n<td width=\"72\">\/<\/td>\n<\/tr>\n<tr>\n<td width=\"160\">OM3<\/td>\n<td width=\"131\">50\/125\u00b5m<\/td>\n<td width=\"121\">Aqua<\/td>\n<td width=\"127\">VSCEL<\/td>\n<td width=\"143\">2000MHz*km<\/td>\n<td width=\"134\">2000m<\/td>\n<td width=\"72\">\/<\/td>\n<td width=\"72\">300m<\/td>\n<td width=\"72\">100m<\/td>\n<td width=\"72\">70m<\/td>\n<\/tr>\n<tr>\n<td width=\"160\">OM4<\/td>\n<td width=\"131\">50\/125\u00b5m<\/td>\n<td width=\"121\">Violett<\/td>\n<td width=\"127\">VSCEL<\/td>\n<td width=\"143\">4700MHz*km<\/td>\n<td width=\"134\">2000m<\/td>\n<td width=\"72\">\/<\/td>\n<td width=\"72\">550m<\/td>\n<td width=\"72\">150m<\/td>\n<td width=\"72\">150m<\/td>\n<\/tr>\n<\/tbody>\n<\/table>\n<h2 style=\"text-align: left; font-size: 18px;\"><strong>Meistverkauftes LC zu ST Glasfaser Patchkabel MM bei Bonelinks<\/strong><\/h2>\n<table>\n<tbody>\n<tr>\n<th class=\"header\">LC auf ST Glasfaser Patchkabel MM<\/th>\n<th class=\"header\">OM2 Faser LC auf ST<\/th>\n<th class=\"header\">OM3 Faser LC auf ST<\/th>\n<th class=\"header\">OM4 Faser LC auf ST<\/th>\n<\/tr>\n<tr>\n<td>Anzahl der Fasern<\/td>\n<td>Simplex, Duplex<\/td>\n<td>Simplex, Duplex<\/td>\n<td>Simplex, Duplex<\/td>\n<\/tr>\n<tr>\n<td>Faser-Modus<\/td>\n<td>Multimode<\/td>\n<td>Multimode<\/td>\n<td>Multimode<\/td>\n<\/tr>\n<tr>\n<td>Datenrate<\/td>\n<td>1G\/10GB<\/td>\n<td>10G\/40G\/100GB<\/td>\n<td>10G\/40G\/100GB<\/td>\n<\/tr>\n<tr>\n<td>Anschluss<\/td>\n<td>LC UPC zu ST UPC<\/td>\n<td>LC UPC zu ST UPC<\/td>\n<td>LC UPC zu ST UPC<\/td>\n<\/tr>\n<tr>\n<td>Einf\u00fcged\u00e4mpfung<\/td>\n<td>\u22640,3dB<\/td>\n<td>\u22640,3dB<\/td>\n<td>\u22640,3dB<\/td>\n<\/tr>\n<tr>\n<td>R\u00fcckflussd\u00e4mpfung<\/td>\n<td>\u226530dB<\/td>\n<td>\u226530dB<\/td>\n<td>\u226530dB<\/td>\n<\/tr>\n<tr>\n<td>L\u00e4nge<\/td>\n<td>1m, 2m, 3m, 5m, 10m oder kundenspezifisch<\/td>\n<td>1m, 2m, 3m, 5m, 10m oder kundenspezifisch<\/td>\n<td>1m, 2m, 3m, 5m, 10m oder kundenspezifisch<\/td>\n<\/tr>\n<tr>\n<td>Jacke<\/td>\n<td>LSZH, OFNR, PVC<\/td>\n<td>LSZH, OFNR, PVC<\/td>\n<td>LSZH, OFNR, PVC<\/td>\n<\/tr>\n<\/tbody>\n<\/table>\n<h2 style=\"text-align: left; font-size: 18px;\"><strong>Eigenschaften von LC auf ST Glasfaser Patchkabel MM<\/strong><\/h2>\n<ul>\n<li>Snap-in-LC-Stecker und Twist-on\/Twist-off-ST-Stecker f\u00fcr bequeme Einrichtung<\/li>\n<li>Erh\u00e4ltlich als OM1-, OM2-, OM3- und OM4-Optionen f\u00fcr spezifische Netzwerkanforderungen<\/li>\n<li>Erh\u00e4ltlich in verschiedenen L\u00e4ngen, von 0,5 bis 10 m, mit Anpassungsm\u00f6glichkeiten<\/li>\n<li>Gr\u00fcndlich getestet f\u00fcr optimale Leistung und Zuverl\u00e4ssigkeit<\/li>\n<li>Geringe Einf\u00fcgungsd\u00e4mpfung und hohe R\u00fcckreflexionsd\u00e4mpfung<\/li>\n<li>Stabile Leistung und hohe Zuverl\u00e4ssigkeit<\/li>\n<\/ul>\n<h2 style=\"text-align: left; font-size: 18px;\"><strong>Anwendungen von LC-zu-ST-Glasfaser-Patchkabel MM<\/strong><\/h2>\n<ul>\n<li>Ideale L\u00f6sung f\u00fcr Datenanwendungen, die eine Hochgeschwindigkeitsdaten\u00fcbertragung erfordern<\/li>\n<li>Breitbandige Systeme<\/li>\n<li>Telekommunikation\/Datenkommunikation<\/li>\n<\/ul>\n<h2 style=\"text-align: left; font-size: 18px;\"><strong>Suchen Sie nach einer gr\u00f6\u00dferen Auswahl an Glasfaser-Patchkabeln?<\/strong><\/h2>\n<p>M\u00f6chten Sie mehr Optionen f\u00fcr Glasfaser-Patchkabel? Entdecken Sie unsere Auswahl an <span style=\"color: #0054a6;\"><br \/>\n<strong><a style=\"color: #0054a6;\" href=\"https:\/\/www.bonelinks.com\/de\/lc-fibre-patch-leads\/\" target=\"_blank\" rel=\"noopener\">LC-Faser-Patchkabeln, <\/a><\/strong><\/span><a title=\"ST-Faser-Patchkabel\" href=\"https:\/\/www.bonelinks.com\/de\/st-fibre-patch-leads\/\" target=\"_blank\" rel=\"noopener\"><strong><span style=\"color: #0054a6;\">ST-Faser-Patchkabel,<\/span><\/strong> <\/a><strong><span style=\"color: #0054a6;\"><a style=\"color: #0054a6;\" href=\"https:\/\/www.bonelinks.com\/de\/st-lc-fiber-patch-cable\/\" target=\"_blank\" rel=\"noopener\">ST-LC-Faser-Patchkabel,<\/a><\/span> <span style=\"color: #0054a6;\"><a style=\"color: #0054a6;\" href=\"https:\/\/www.bonelinks.com\/de\/multimode-fibre-patch-leads\/\" target=\"_blank\" rel=\"noopener\">Multimode-Faser-Patchkabel<\/a> <\/span><\/strong>f\u00fcr nahtlose Netzwerke.<\/p>\n<p>Sind Sie auf der Suche nach ma\u00dfgeschneiderten und speziell angefertigten Glasfaser-Patchkabeln? Entdecken Sie unseren speziellen Bereich \u00fcber<a href=\"https:\/\/www.bonelinks.com\/de\/custom-fiber-optic-cables\/\" target=\"_blank\" rel=\"noopener\"><span style=\"color: #0054a6;\"><strong> Kundenspezifische Glasfaserkabel <\/strong><\/span><\/a>f\u00fcr ma\u00dfgeschneiderte Konnektivit\u00e4tsl\u00f6sungen.<\/p>\n<ul>\n<li>Einzelhandel oder Gro\u00dfhandel &#8211; wir haben alles f\u00fcr Sie!<\/li>\n<li>Nicht sicher, was Sie kaufen sollen? Wir bieten fachkundige Beratung.<\/li>\n<li>Kleines MOQ: Sie brauchen nicht mehr zu kaufen, als Sie wollen.<\/li>\n<li>Konkurrenzf\u00e4hige Preise: Sie erhalten jedes Mal ein gutes Preis-Leistungs-Verh\u00e4ltnis.<\/li>\n<li>Prompte Lieferung: Ihre Geschwindigkeit, unsere Priorit\u00e4t.<\/li>\n<li>Kundenorientiert: Wir schneiden unsere Dienstleistungen auf Ihre Bed\u00fcrfnisse zu.<\/li>\n<\/ul>\n<p><strong>Verbinden Sie sich mit uns!<\/strong><br \/>\nWenn Sie Probleme bei der Suche nach dem richtigen <span style=\"color: #0054a6;\"><strong><a style=\"color: #0054a6;\" href=\"https:\/\/www.bonelinks.com\/de\/fiber-optic-patch-cord-supplier\/\" target=\"_blank\" rel=\"noopener\">Glasfaser-Patchkabel <\/a><\/strong><\/span>f\u00fcr Ihre Bed\u00fcrfnisse zu finden, oder wenn Sie einen Expertenrat ben\u00f6tigen, k\u00f6nnen Sie mit einem Klick<a href=\"https:\/\/www.bonelinks.com\/de\/contact-us\/\" target=\"_blank\" rel=\"noopener\"><strong><span style=\"color: #0054a6;\"> mit uns chatten <\/span><\/strong><\/a>in Sekundenschnelle. Ihre Zufriedenheit ist unsere Priorit\u00e4t. Wir sind bereit, Sie in jeder Hinsicht zu unterst\u00fctzen. <strong>Keine Sorge, \u00fcberm\u00e4\u00dfiges Nachdenken ist nicht erforderlich. Wir sind hier und bereit, Ihnen zu helfen.<\/strong><\/p>\n","protected":false},"excerpt":{"rendered":"<p>LC auf ST Glasfaser Patchkabel MM ist ideal f\u00fcr Hochgeschwindigkeitsnetzwerke in kompakten Umgebungen. Es verf\u00fcgt \u00fcber eine auszugsichere Ummantelung f\u00fcr Multimode-Fasern, LC-Steckverbinder mit SFF-Keramikferrule (1,25 mm) und langlebige ST-Steckverbinder aus Edelstahl.<\/p>\n<ul>\n<li>OM1, OM2, OM3, OM4 Optionen<\/li>\n<li>Snap-in-LC-Stecker und Twist-on\/Twist-off-ST-Stecker f\u00fcr bequeme Einrichtung<\/li>\n<li>Erh\u00e4ltlich in verschiedenen L\u00e4ngen, von 0,5 bis 10 m, mit Anpassungsm\u00f6glichkeiten<\/li>\n<li>Jedes Kabel wird gr\u00fcndlich getestet<\/li>\n<\/ul>\n","protected":false},"featured_media":17046,"template":"","meta":{"site-sidebar-layout":"default","site-content-layout":"default","ast-site-content-layout":"default","site-content-style":"default","site-sidebar-style":"default","ast-global-header-display":"","ast-banner-title-visibility":"","ast-main-header-display":"","ast-hfb-above-header-display":"","ast-hfb-below-header-display":"","ast-hfb-mobile-header-display":"","site-post-title":"","ast-breadcrumbs-content":"","ast-featured-img":"","footer-sml-layout":"","ast-disable-related-posts":"","theme-transparent-header-meta":"default","adv-header-id-meta":"","stick-header-meta":"default","header-above-stick-meta":"","header-main-stick-meta":"","header-below-stick-meta":"","astra-migrate-meta-layouts":"set","ast-page-background-enabled":"default","ast-page-background-meta":{"desktop":{"background-color":"","background-image":"","background-repeat":"repeat","background-position":"center center","background-size":"auto","background-attachment":"scroll","background-type":"","background-media":"","overlay-type":"","overlay-color":"","overlay-opacity":"","overlay-gradient":""},"tablet":{"background-color":"","background-image":"","background-repeat":"repeat","background-position":"center center","background-size":"auto","background-attachment":"scroll","background-type":"","background-media":"","overlay-type":"","overlay-color":"","overlay-opacity":"","overlay-gradient":""},"mobile":{"background-color":"","background-image":"","background-repeat":"repeat","background-position":"center center","background-size":"auto","background-attachment":"scroll","background-type":"","background-media":"","overlay-type":"","overlay-color":"","overlay-opacity":"","overlay-gradient":""}},"ast-content-background-meta":{"desktop":{"background-color":"var(--ast-global-color-5)","background-image":"","background-repeat":"repeat","background-position":"center center","background-size":"auto","background-attachment":"scroll","background-type":"","background-media":"","overlay-type":"","overlay-color":"","overlay-opacity":"","overlay-gradient":""},"tablet":{"background-color":"var(--ast-global-color-5)","background-image":"","background-repeat":"repeat","background-position":"center center","background-size":"auto","background-attachment":"scroll","background-type":"","background-media":"","overlay-type":"","overlay-color":"","overlay-opacity":"","overlay-gradient":""},"mobile":{"background-color":"var(--ast-global-color-5)","background-image":"","background-repeat":"repeat","background-position":"center center","background-size":"auto","background-attachment":"scroll","background-type":"","background-media":"","overlay-type":"","overlay-color":"","overlay-opacity":"","overlay-gradient":""}}},"product_brand":[],"product_cat":[228,237,230,261],"product_tag":[],"class_list":{"0":"post-21327","1":"product","2":"type-product","3":"status-publish","4":"has-post-thumbnail","6":"product_cat-fiber-patch-cord-de","7":"product_cat-lc-fiber-patch-cord-de","8":"product_cat-multimode-fiber-patch-cord-de","9":"product_cat-st-fiber-patch-cord-de","10":"pa_connector-type-lc-st-de","11":"pa_fiber-type-multimode-de","12":"desktop-align-left","13":"tablet-align-left","14":"mobile-align-left","15":"ast-product-gallery-layout-vertical","16":"ast-product-gallery-with-no-image","17":"ast-product-tabs-layout-vertical","18":"ast-qv-on-image","20":"first","21":"instock","22":"shipping-taxable","23":"product-type-simple"},"_links":{"self":[{"href":"https:\/\/www.bonelinks.com\/de\/wp-json\/wp\/v2\/product\/21327","targetHints":{"allow":["GET"]}}],"collection":[{"href":"https:\/\/www.bonelinks.com\/de\/wp-json\/wp\/v2\/product"}],"about":[{"href":"https:\/\/www.bonelinks.com\/de\/wp-json\/wp\/v2\/types\/product"}],"version-history":[{"count":3,"href":"https:\/\/www.bonelinks.com\/de\/wp-json\/wp\/v2\/product\/21327\/revisions"}],"predecessor-version":[{"id":24887,"href":"https:\/\/www.bonelinks.com\/de\/wp-json\/wp\/v2\/product\/21327\/revisions\/24887"}],"wp:featuredmedia":[{"embeddable":true,"href":"https:\/\/www.bonelinks.com\/de\/wp-json\/wp\/v2\/media\/17046"}],"wp:attachment":[{"href":"https:\/\/www.bonelinks.com\/de\/wp-json\/wp\/v2\/media?parent=21327"}],"wp:term":[{"taxonomy":"product_brand","embeddable":true,"href":"https:\/\/www.bonelinks.com\/de\/wp-json\/wp\/v2\/product_brand?post=21327"},{"taxonomy":"product_cat","embeddable":true,"href":"https:\/\/www.bonelinks.com\/de\/wp-json\/wp\/v2\/product_cat?post=21327"},{"taxonomy":"product_tag","embeddable":true,"href":"https:\/\/www.bonelinks.com\/de\/wp-json\/wp\/v2\/product_tag?post=21327"}],"curies":[{"name":"wp","href":"https:\/\/api.w.org\/{rel}","templated":true}]}}