{"id":21313,"date":"2023-07-05T02:46:09","date_gmt":"2023-07-05T10:46:09","guid":{"rendered":"https:\/\/www.bonelinks.com\/product\/lc-lc-multimode-duplex-glasfaser-patchkabel\/"},"modified":"2024-02-02T04:56:28","modified_gmt":"2024-02-02T12:56:28","slug":"lc-lc-multimode-duplex-fibre-patch-leads","status":"publish","type":"product","link":"https:\/\/www.bonelinks.com\/de\/product\/lc-lc-multimode-duplex-fibre-patch-leads\/","title":{"rendered":"LC LC Multimode Duplex Glasfaser Patchkabel"},"content":{"rendered":"<h1 style=\"text-align: left; font-size: 18px;\"><strong>Hochleistungs-LC-Multimode-Duplex-Glasfaser-Patchkabel f\u00fcr schnelle und zuverl\u00e4ssige Daten\u00fcbertragungen<\/strong><\/h1>\n<p>LC LC Multimode Duplex Glasfaser Patchkabel sind hochwertige Produkte, die f\u00fcr schnelle und zuverl\u00e4ssige Daten\u00fcbertragungen entwickelt wurden. Es verf\u00fcgt \u00fcber zwei LC-Anschl\u00fcsse an jedem Ende, die ein Splei\u00dfen \u00fcberfl\u00fcssig machen und eine schnelle Einrichtung erm\u00f6glichen. Die LC-Steckverbinder bieten aufgrund ihres geringeren Durchmessers eine h\u00f6here Anwendungsdichte.<\/p>\n<p>Dieses Glasfaser-Patchkabel ist ideal f\u00fcr Backbone-Netzwerke und bietet Hochgeschwindigkeits-Daten\u00fcbertragungen mit hoher Bandbreite \u00fcber Gigabit-Ethernet- und Fiber-Channel-Netzwerke. Es verwendet Multimode-Fasern mit einem gr\u00f6\u00dferen Durchmesser und einer h\u00f6heren Lichtsammelkapazit\u00e4t, wodurch es sich f\u00fcr die Daten\u00fcbertragung \u00fcber kurze Entfernungen in B\u00fcrogeb\u00e4uden eignet.<\/p>\n<p>Bonelinks LC LC Multimode Duplex Glasfaser Patchkabel wird unter Verwendung von Komponenten h\u00f6chster Qualit\u00e4t hergestellt, einschlie\u00dflich eines OFNR\/LSZH\/PVC Au\u00dfenmantels. Es ist in einer Auswahl von 62,5\/125 (OM1), 50\/125 (OM2), Enhanced 50\/125 (OM3) und 50\/125 (OM4) Kabeln erh\u00e4ltlich. Jedes Kabel wird einzeln getestet und zertifiziert, um sicherzustellen, dass es die zul\u00e4ssigen Grenzwerte f\u00fcr die optische Einf\u00fcged\u00e4mpfung einh\u00e4lt und somit Kompatibilit\u00e4t und 100 %ige Zuverl\u00e4ssigkeit garantiert.<\/p>\n<table width=\"1104\">\n<tbody>\n<tr>\n<td width=\"160\"><strong>LC LC Multimode Duplex Glasfaser Patchkabel Typen<\/strong><\/td>\n<td width=\"131\"><strong>Durchmesser<\/strong><\/td>\n<td width=\"121\"><strong>Farbe der Jacke<\/strong><\/td>\n<td width=\"127\"><strong>Optische Quelle<\/strong><\/td>\n<td width=\"143\"><strong>Bandbreite<\/strong><\/td>\n<td width=\"134\"><strong>Fast Ethernet<\/strong><\/td>\n<td width=\"72\"><strong>1GbE<\/strong><\/td>\n<td width=\"72\"><strong>10GbE<\/strong><\/td>\n<td width=\"72\"><strong>40GbE<\/strong><\/td>\n<td width=\"72\"><strong>100GbE<\/strong><\/td>\n<\/tr>\n<tr>\n<td width=\"160\">OM1<\/td>\n<td width=\"131\">62,5\/125\u00b5m<\/td>\n<td width=\"121\">Orange<\/td>\n<td width=\"127\">LED<\/td>\n<td width=\"143\">200MHz*km<\/td>\n<td width=\"134\">2000m<\/td>\n<td width=\"72\">275m<\/td>\n<td width=\"72\">33m<\/td>\n<td width=\"72\">\/<\/td>\n<td width=\"72\">\/<\/td>\n<\/tr>\n<tr>\n<td width=\"160\">OM2<\/td>\n<td width=\"131\">50\/125\u00b5m<\/td>\n<td width=\"121\">Orange<\/td>\n<td width=\"127\">LED<\/td>\n<td width=\"143\">500MHz*km<\/td>\n<td width=\"134\">2000m<\/td>\n<td width=\"72\">550m<\/td>\n<td width=\"72\">82m<\/td>\n<td width=\"72\">\/<\/td>\n<td width=\"72\">\/<\/td>\n<\/tr>\n<tr>\n<td width=\"160\">OM3<\/td>\n<td width=\"131\">50\/125\u00b5m<\/td>\n<td width=\"121\">Aqua<\/td>\n<td width=\"127\">VSCEL<\/td>\n<td width=\"143\">2000MHz*km<\/td>\n<td width=\"134\">2000m<\/td>\n<td width=\"72\">\/<\/td>\n<td width=\"72\">300m<\/td>\n<td width=\"72\">100m<\/td>\n<td width=\"72\">70m<\/td>\n<\/tr>\n<tr>\n<td width=\"160\">OM4<\/td>\n<td width=\"131\">50\/125\u00b5m<\/td>\n<td width=\"121\">Violett<\/td>\n<td width=\"127\">VSCEL<\/td>\n<td width=\"143\">4700MHz*km<\/td>\n<td width=\"134\">2000m<\/td>\n<td width=\"72\">\/<\/td>\n<td width=\"72\">550m<\/td>\n<td width=\"72\">150m<\/td>\n<td width=\"72\">150m<\/td>\n<\/tr>\n<\/tbody>\n<\/table>\n<h2 style=\"text-align: left; font-size: 18px;\"><strong>Meistverkaufte LC LC Multimode Duplex Glasfaser Patchkabel bei Bonelinks<\/strong><\/h2>\n<table>\n<tbody>\n<tr>\n<th class=\"header\">LC LC Multimode Duplex Glasfaser Patchkabel<\/th>\n<th class=\"header\">OM2 Faser LC auf LC<\/th>\n<th class=\"header\">OM3 Faser LC auf LC<\/th>\n<th class=\"header\">OM4 Faser LC auf LC<\/th>\n<\/tr>\n<tr>\n<td>Anzahl der Fasern<\/td>\n<td>Duplex<\/td>\n<td>Duplex<\/td>\n<td>Duplex<\/td>\n<\/tr>\n<tr>\n<td>Faser-Modus<\/td>\n<td>Multimode<\/td>\n<td>Multimode<\/td>\n<td>Multimode<\/td>\n<\/tr>\n<tr>\n<td>Datenrate<\/td>\n<td>1G\/10GB<\/td>\n<td>10G\/40G\/100GB<\/td>\n<td>10G\/40G\/100GB<\/td>\n<\/tr>\n<tr>\n<td>Anschluss<\/td>\n<td>LC UPC zu LC UPC<\/td>\n<td>LC UPC zu LC UPC<\/td>\n<td>LC UPC zu LC UPC<\/td>\n<\/tr>\n<tr>\n<td>Einf\u00fcged\u00e4mpfung<\/td>\n<td>\u22640,3dB<\/td>\n<td>\u22640,3dB<\/td>\n<td>\u22640,3dB<\/td>\n<\/tr>\n<tr>\n<td>R\u00fcckflussd\u00e4mpfung<\/td>\n<td>UPC\u226530dB<\/td>\n<td>UPC\u226530dB<\/td>\n<td>UPC\u226530dB<\/td>\n<\/tr>\n<tr>\n<td>L\u00e4nge<\/td>\n<td>1m, 2m, 3m, 5m, 10m oder kundenspezifisch<\/td>\n<td>1m, 2m, 3m, 5m, 10m oder kundenspezifisch<\/td>\n<td>1m, 2m, 3m, 5m, 10m oder kundenspezifisch<\/td>\n<\/tr>\n<tr>\n<td>Jacke<\/td>\n<td>LSZH, OFNR, PVC<\/td>\n<td>LSZH, OFNR, PVC<\/td>\n<td>LSZH, OFNR, PVC<\/td>\n<\/tr>\n<\/tbody>\n<\/table>\n<h2 style=\"text-align: left; font-size: 18px;\"><strong>Eigenschaften von LC LC Multimode Duplex Glasfaser Patchkabeln<\/strong><\/h2>\n<ul>\n<li>Zwei LC-Stecker an jedem Ende f\u00fcr schnellen Einsatz<\/li>\n<li>Multimode-Glasfaser zur Daten\u00fcbertragung \u00fcber kurze Entfernungen<\/li>\n<li>Multimode-Lichtwellenleiter-Patchkabel f\u00fcr Hochgeschwindigkeits-Datenverbindungen<\/li>\n<li>Erh\u00e4ltlich in OM1, OM2, OM3 und OM4 Multimode in einer Vielzahl von L\u00e4ngen<\/li>\n<li>Alle Kabel werden zu 100% auf Einf\u00fcgungsd\u00e4mpfung und R\u00fcckreflexion getestet<\/li>\n<\/ul>\n<h2 style=\"text-align: left; font-size: 18px;\"><strong>Anwendungen von LC-Multimode-Duplex-Glasfaserverbindungskabeln<\/strong><\/h2>\n<ul>\n<li>Ideale L\u00f6sung f\u00fcr Datenanwendungen, die eine Hochgeschwindigkeitsdaten\u00fcbertragung erfordern<\/li>\n<li>Breitbandige Systeme<\/li>\n<li>Telekommunikation \/ Datenkommunikation<\/li>\n<\/ul>\n<h2 style=\"text-align: left; font-size: 18px;\"><strong>Suchen Sie nach einer gr\u00f6\u00dferen Auswahl an Glasfaser-Patchkabeln?<\/strong><\/h2>\n<p>M\u00f6chten Sie mehr Optionen f\u00fcr Glasfaser-Patchkabel? Entdecken Sie unsere Auswahl an <span style=\"color: #0054a6;\"><strong><a style=\"color: #0054a6;\" href=\"https:\/\/www.bonelinks.com\/de\/lc-fibre-patch-leads\/\" target=\"_blank\" rel=\"noopener\">LC-Faser-Patchkabeln, <\/a><\/strong><\/span><a title=\"LC zu LC Faser Patchkabel\" href=\"https:\/\/www.bonelinks.com\/de\/lc-to-lc-fiber-patch-cable\/\" target=\"_blank\" rel=\"noopener\"><strong><span style=\"color: #0054a6;\">LC zu LC Faser Patchkabel, <\/span><\/strong><\/a><strong><span style=\"color: #0054a6;\"><a style=\"color: #0054a6;\" href=\"https:\/\/www.bonelinks.com\/de\/multimode-fibre-patch-leads\/\" target=\"_blank\" rel=\"noopener\">Multimode-Faser-Patchkabel, <\/a><\/span><\/strong><span style=\"color: #0054a6;\"><strong><a style=\"color: #0054a6;\" href=\"https:\/\/www.bonelinks.com\/de\/lc-duplex-fiber-patch-cable\/\" target=\"_blank\" rel=\"noopener\">LC-Duplex-Glasfaser-Patch-Kabeln <\/a><\/strong><\/span>f\u00fcr nahtlose Vernetzung.<\/p>\n<p>Sind Sie auf der Suche nach ma\u00dfgeschneiderten und speziell angefertigten Glasfaser-Patchkabeln? Entdecken Sie unseren speziellen Bereich \u00fcber<a href=\"https:\/\/www.bonelinks.com\/de\/custom-fiber-optic-cables\/\" target=\"_blank\" rel=\"noopener\"><span style=\"color: #0054a6;\"><strong> Kundenspezifische Glasfaserkabel <\/strong><\/span><\/a>f\u00fcr ma\u00dfgeschneiderte Konnektivit\u00e4tsl\u00f6sungen.<\/p>\n<ul>\n<li>Einzelhandel oder Gro\u00dfhandel &#8211; wir haben alles f\u00fcr Sie!<\/li>\n<li>Nicht sicher, was Sie kaufen sollen? Wir bieten fachkundige Beratung.<\/li>\n<li>Kleines MOQ: Sie brauchen nicht mehr zu kaufen, als Sie wollen.<\/li>\n<li>Konkurrenzf\u00e4hige Preise: Sie erhalten jedes Mal ein gutes Preis-Leistungs-Verh\u00e4ltnis.<\/li>\n<li>Prompte Lieferung: Ihre Geschwindigkeit, unsere Priorit\u00e4t.<\/li>\n<li>Kundenorientiert: Wir schneiden unsere Dienstleistungen auf Ihre Bed\u00fcrfnisse zu.<\/li>\n<\/ul>\n<p><strong>Verbinden Sie sich mit uns!<\/strong><br \/>\nWenn Sie Probleme bei der Suche nach dem richtigen <span style=\"color: #0054a6;\"><strong><a style=\"color: #0054a6;\" href=\"https:\/\/www.bonelinks.com\/de\/fiber-optic-patch-cord-supplier\/\" target=\"_blank\" rel=\"noopener\">Glasfaser-Patchkabel <\/a><\/strong><\/span>f\u00fcr Ihre Bed\u00fcrfnisse zu finden, oder wenn Sie einen Expertenrat ben\u00f6tigen, k\u00f6nnen Sie mit einem Klick<a href=\"https:\/\/www.bonelinks.com\/de\/contact-us\/\" target=\"_blank\" rel=\"noopener\"><strong><span style=\"color: #0054a6;\"> mit uns chatten <\/span><\/strong><\/a>in Sekundenschnelle. Ihre Zufriedenheit ist unsere Priorit\u00e4t. Wir sind bereit, Sie in jeder Hinsicht zu unterst\u00fctzen. <strong>Keine Sorge, \u00fcberm\u00e4\u00dfiges Nachdenken ist nicht erforderlich. Wir sind hier und bereit, Ihnen zu helfen.<\/strong><\/p>\n","protected":false},"excerpt":{"rendered":"<p>LC Multimode-Duplex-Glasfaser-Patchkabel mit zwei LC-Steckern an jedem Ende erm\u00f6glichen eine schnelle Einrichtung ohne Splei\u00dfen. Ideal f\u00fcr Hochgeschwindigkeitsdaten\u00fcbertragungen \u00fcber Gigabit-Ethernet- und Fiber-Channel-Netzwerke.<\/p>\n<ul>\n<li>LC-Duplex-Steckverbinder<\/li>\n<li>Multimode-Lichtwellenleiter-Patchkabel f\u00fcr Hochgeschwindigkeits-Datenverbindungen<\/li>\n<li>Abw\u00e4rtskompatibel mit vorhandener Netzwerkausr\u00fcstung<\/li>\n<li>100% optisch getestet<\/li>\n<\/ul>\n","protected":false},"featured_media":17866,"template":"","meta":{"site-sidebar-layout":"default","site-content-layout":"default","ast-site-content-layout":"default","site-content-style":"default","site-sidebar-style":"default","ast-global-header-display":"","ast-banner-title-visibility":"","ast-main-header-display":"","ast-hfb-above-header-display":"","ast-hfb-below-header-display":"","ast-hfb-mobile-header-display":"","site-post-title":"","ast-breadcrumbs-content":"","ast-featured-img":"","footer-sml-layout":"","ast-disable-related-posts":"","theme-transparent-header-meta":"default","adv-header-id-meta":"","stick-header-meta":"default","header-above-stick-meta":"","header-main-stick-meta":"","header-below-stick-meta":"","astra-migrate-meta-layouts":"set","ast-page-background-enabled":"default","ast-page-background-meta":{"desktop":{"background-color":"","background-image":"","background-repeat":"repeat","background-position":"center center","background-size":"auto","background-attachment":"scroll","background-type":"","background-media":"","overlay-type":"","overlay-color":"","overlay-opacity":"","overlay-gradient":""},"tablet":{"background-color":"","background-image":"","background-repeat":"repeat","background-position":"center center","background-size":"auto","background-attachment":"scroll","background-type":"","background-media":"","overlay-type":"","overlay-color":"","overlay-opacity":"","overlay-gradient":""},"mobile":{"background-color":"","background-image":"","background-repeat":"repeat","background-position":"center center","background-size":"auto","background-attachment":"scroll","background-type":"","background-media":"","overlay-type":"","overlay-color":"","overlay-opacity":"","overlay-gradient":""}},"ast-content-background-meta":{"desktop":{"background-color":"var(--ast-global-color-5)","background-image":"","background-repeat":"repeat","background-position":"center center","background-size":"auto","background-attachment":"scroll","background-type":"","background-media":"","overlay-type":"","overlay-color":"","overlay-opacity":"","overlay-gradient":""},"tablet":{"background-color":"var(--ast-global-color-5)","background-image":"","background-repeat":"repeat","background-position":"center center","background-size":"auto","background-attachment":"scroll","background-type":"","background-media":"","overlay-type":"","overlay-color":"","overlay-opacity":"","overlay-gradient":""},"mobile":{"background-color":"var(--ast-global-color-5)","background-image":"","background-repeat":"repeat","background-position":"center center","background-size":"auto","background-attachment":"scroll","background-type":"","background-media":"","overlay-type":"","overlay-color":"","overlay-opacity":"","overlay-gradient":""}}},"product_brand":[],"product_cat":[228,237,230],"product_tag":[],"class_list":{"0":"post-21313","1":"product","2":"type-product","3":"status-publish","4":"has-post-thumbnail","6":"product_cat-fiber-patch-cord-de","7":"product_cat-lc-fiber-patch-cord-de","8":"product_cat-multimode-fiber-patch-cord-de","9":"pa_connector-type-lc-lc-de","10":"pa_fiber-type-multimode-de","11":"desktop-align-left","12":"tablet-align-left","13":"mobile-align-left","14":"ast-product-gallery-layout-vertical","15":"ast-product-gallery-with-no-image","16":"ast-product-tabs-layout-vertical","17":"ast-qv-on-image","19":"first","20":"instock","21":"shipping-taxable","22":"product-type-simple"},"_links":{"self":[{"href":"https:\/\/www.bonelinks.com\/de\/wp-json\/wp\/v2\/product\/21313","targetHints":{"allow":["GET"]}}],"collection":[{"href":"https:\/\/www.bonelinks.com\/de\/wp-json\/wp\/v2\/product"}],"about":[{"href":"https:\/\/www.bonelinks.com\/de\/wp-json\/wp\/v2\/types\/product"}],"version-history":[{"count":3,"href":"https:\/\/www.bonelinks.com\/de\/wp-json\/wp\/v2\/product\/21313\/revisions"}],"predecessor-version":[{"id":24877,"href":"https:\/\/www.bonelinks.com\/de\/wp-json\/wp\/v2\/product\/21313\/revisions\/24877"}],"wp:featuredmedia":[{"embeddable":true,"href":"https:\/\/www.bonelinks.com\/de\/wp-json\/wp\/v2\/media\/17866"}],"wp:attachment":[{"href":"https:\/\/www.bonelinks.com\/de\/wp-json\/wp\/v2\/media?parent=21313"}],"wp:term":[{"taxonomy":"product_brand","embeddable":true,"href":"https:\/\/www.bonelinks.com\/de\/wp-json\/wp\/v2\/product_brand?post=21313"},{"taxonomy":"product_cat","embeddable":true,"href":"https:\/\/www.bonelinks.com\/de\/wp-json\/wp\/v2\/product_cat?post=21313"},{"taxonomy":"product_tag","embeddable":true,"href":"https:\/\/www.bonelinks.com\/de\/wp-json\/wp\/v2\/product_tag?post=21313"}],"curies":[{"name":"wp","href":"https:\/\/api.w.org\/{rel}","templated":true}]}}