{"id":21273,"date":"2023-07-05T07:16:53","date_gmt":"2023-07-05T15:16:53","guid":{"rendered":"https:\/\/www.bonelinks.com\/product\/lc-glasfaser-om2-patchkabel\/"},"modified":"2024-02-02T04:54:02","modified_gmt":"2024-02-02T12:54:02","slug":"lc-fibre-om2-patch-leads","status":"publish","type":"product","link":"https:\/\/www.bonelinks.com\/de\/product\/lc-fibre-om2-patch-leads\/","title":{"rendered":"LC-Glasfaser OM2 Patchkabel"},"content":{"rendered":"<h1 style=\"text-align: left; font-size: 18px;\"><strong>LC-Glasfaser-OM2-Patchkabel f\u00fcr schnelle und zuverl\u00e4ssige Daten\u00fcbertragung<\/strong><\/h1>\n<p>Bonelinks LC Fibre OM2 Patch Leads sind mit einem langlebigen SFF Keramik Ferrule LC Stecker ausgestattet, der zuverl\u00e4ssige und leistungsstarke Verbindungen garantiert. Diese Patchkabel verf\u00fcgen \u00fcber zip-cord-verst\u00e4rkte Multimode-Glasfaserkabel mit hoher Bandbreite und hochwertigen optischen Glasfasern. Diese Patchkabel sind f\u00fcr eine schnelle, verlustarme Daten\u00fcbertragung konzipiert und eignen sich ideal f\u00fcr verschiedene Anwendungen.<\/p>\n<p>Die LC-Glasfaser-OM2-Patchkabel sind mit LC-Steckern (Lucent Connector) ausgestattet, die aufgrund ihres geringeren Durchmessers eine h\u00f6here Anwendungsdichte erm\u00f6glichen. Der LC-Stecker ist als Standard in der Glasfaserindustrie weithin anerkannt und bietet schnelle, einfache und zuverl\u00e4ssige Verbindungen.<\/p>\n<p>Die OM2-Multimode-Faser mit einer Kerngr\u00f6\u00dfe von 50 Mikrometern und einem \u00e4u\u00dferen Mantel-Durchmesser von 125 Mikrometern ist ideal f\u00fcr Fast Ethernet, Gigabit Ethernet, Rechenzentren und andere Hochgeschwindigkeits-Datenanwendungen. Es unterst\u00fctzt l\u00e4ngere \u00dcbertragungsstrecken mit geringerem Verlust im Vergleich zu 62,5\/125\u00b5m OM1-Glasfaserkabeln.<\/p>\n<p>Bonelinks bietet ein umfangreiches Sortiment an LC-Glasfaser-OM2-Patchkabeln an, die Flexibilit\u00e4t mit Optionen f\u00fcr verschiedene L\u00e4ngen, Mantelmaterialien und Faserzahlen bieten. W\u00e4hlen Sie die Patchkabel, die Ihren spezifischen Anforderungen entsprechen, um eine nahtlose und effiziente Datenverbindung zu gew\u00e4hrleisten.<\/p>\n<h2 style=\"text-align: left; font-size: 18px;\"><strong>Merkmale von LC-Glasfaser-OM2-Patchkabeln<\/strong><\/h2>\n<ul>\n<li>50\/125 OM2-Faser<\/li>\n<li>1.25 Keramik-Ferrule LC-Stecker<\/li>\n<li>Erh\u00e4ltlich in verschiedenen Kabell\u00e4ngen<\/li>\n<li>100% getestet auf Einf\u00fcgungsd\u00e4mpfung und R\u00fcckreflexion<\/li>\n<\/ul>\n<h2 style=\"text-align: left; font-size: 18px;\"><strong>Anwendungen von LC-Faser-OM2-Patchkabeln<\/strong><\/h2>\n<ul>\n<li>Telekommunikation<\/li>\n<li>Datacom (Rechenzentren)<\/li>\n<li>Transceiver-Konnektivit\u00e4t<\/li>\n<\/ul>\n<h2 style=\"text-align: left; font-size: 18px;\"><strong>Suchen Sie nach einer gr\u00f6\u00dferen Auswahl an Glasfaser-Patchkabeln?<\/strong><\/h2>\n<p>M\u00f6chten Sie mehr Optionen f\u00fcr Glasfaser-Patchkabel? Entdecken Sie unsere Auswahl an <span style=\"color: #0054a6;\"><strong><a style=\"color: #0054a6;\" href=\"https:\/\/www.bonelinks.com\/de\/lc-fibre-patch-leads\/\" target=\"_blank\" rel=\"noopener\">LC-Glasfaser-Patchkabeln, <\/a><\/strong><\/span><strong><span style=\"color: #0054a6;\"><a style=\"color: #0054a6;\" href=\"https:\/\/www.bonelinks.com\/de\/multimode-fibre-patch-leads\/\" target=\"_blank\" rel=\"noopener\">Multimode-Glasfaser-Patchkabel <\/a><\/span><\/strong>f\u00fcr nahtlose Netzwerke.<\/p>\n<p>Sind Sie auf der Suche nach ma\u00dfgeschneiderten und speziell angefertigten Glasfaser-Patchkabeln? Entdecken Sie unseren speziellen Bereich \u00fcber<a href=\"https:\/\/www.bonelinks.com\/de\/custom-fiber-optic-cables\/\" target=\"_blank\" rel=\"noopener\"><span style=\"color: #0054a6;\"><strong> Kundenspezifische Glasfaserkabel <\/strong><\/span><\/a>f\u00fcr ma\u00dfgeschneiderte Konnektivit\u00e4tsl\u00f6sungen.<\/p>\n<ul>\n<li>Einzelhandel oder Gro\u00dfhandel &#8211; wir haben alles f\u00fcr Sie!<\/li>\n<li>Nicht sicher, was Sie kaufen sollen? Wir bieten fachkundige Beratung.<\/li>\n<li>Kleines MOQ: Sie brauchen nicht mehr zu kaufen, als Sie wollen.<\/li>\n<li>Konkurrenzf\u00e4hige Preise: Sie erhalten jedes Mal ein gutes Preis-Leistungs-Verh\u00e4ltnis.<\/li>\n<li>Prompte Lieferung: Ihre Geschwindigkeit, unsere Priorit\u00e4t.<\/li>\n<li>Kundenorientiert: Wir schneiden unsere Dienstleistungen auf Ihre Bed\u00fcrfnisse zu.<\/li>\n<\/ul>\n<p><strong>Verbinden Sie sich mit uns!<\/strong><br \/>\nWenn Sie Probleme bei der Suche nach dem richtigen <span style=\"color: #0054a6;\"><strong><a style=\"color: #0054a6;\" href=\"https:\/\/www.bonelinks.com\/de\/fiber-optic-patch-cord-supplier\/\" target=\"_blank\" rel=\"noopener\">Glasfaser-Patchkabel <\/a><\/strong><\/span>f\u00fcr Ihre Bed\u00fcrfnisse zu finden, oder wenn Sie einen Expertenrat ben\u00f6tigen, k\u00f6nnen Sie mit einem Klick<a href=\"https:\/\/www.bonelinks.com\/de\/contact-us\/\" target=\"_blank\" rel=\"noopener\"><strong><span style=\"color: #0054a6;\"> mit uns chatten <\/span><\/strong><\/a>in Sekundenschnelle. Ihre Zufriedenheit ist unsere Priorit\u00e4t. Wir sind bereit, Sie in jeder Hinsicht zu unterst\u00fctzen. <strong>Keine Sorge, \u00fcberm\u00e4\u00dfiges Nachdenken ist nicht erforderlich. Wir sind hier und bereit, Ihnen zu helfen.<\/strong><\/p>\n","protected":false},"excerpt":{"rendered":"<p>LC-Glasfaser-OM2-Patchkabel verf\u00fcgen \u00fcber langlebige Small Form Factor (SFF) LC-Stecker mit Keramikferrule. Die Multimode-Faser mit hoher Bandbreite gew\u00e4hrleistet eine schnelle, verlustarme Daten\u00fcbertragung mit Zip-Cord-Verst\u00e4rkung.<\/p>\n<ul>\n<li>Multimode OM2 50\/125 Mikron Glas mit orangefarbenem Mantel<\/li>\n<li>1.25 Keramik-Ferrule LC-Stecker<\/li>\n<li>Ideale L\u00f6sung f\u00fcr Hochgeschwindigkeitsdaten\u00fcbertragung<\/li>\n<li>100% kontrolliert, um Qualit\u00e4t zu gew\u00e4hrleisten<\/li>\n<\/ul>\n","protected":false},"featured_media":16446,"template":"","meta":{"site-sidebar-layout":"default","site-content-layout":"default","ast-site-content-layout":"default","site-content-style":"default","site-sidebar-style":"default","ast-global-header-display":"","ast-banner-title-visibility":"","ast-main-header-display":"","ast-hfb-above-header-display":"","ast-hfb-below-header-display":"","ast-hfb-mobile-header-display":"","site-post-title":"","ast-breadcrumbs-content":"","ast-featured-img":"","footer-sml-layout":"","ast-disable-related-posts":"","theme-transparent-header-meta":"default","adv-header-id-meta":"","stick-header-meta":"default","header-above-stick-meta":"","header-main-stick-meta":"","header-below-stick-meta":"","astra-migrate-meta-layouts":"set","ast-page-background-enabled":"default","ast-page-background-meta":{"desktop":{"background-color":"","background-image":"","background-repeat":"repeat","background-position":"center center","background-size":"auto","background-attachment":"scroll","background-type":"","background-media":"","overlay-type":"","overlay-color":"","overlay-opacity":"","overlay-gradient":""},"tablet":{"background-color":"","background-image":"","background-repeat":"repeat","background-position":"center center","background-size":"auto","background-attachment":"scroll","background-type":"","background-media":"","overlay-type":"","overlay-color":"","overlay-opacity":"","overlay-gradient":""},"mobile":{"background-color":"","background-image":"","background-repeat":"repeat","background-position":"center center","background-size":"auto","background-attachment":"scroll","background-type":"","background-media":"","overlay-type":"","overlay-color":"","overlay-opacity":"","overlay-gradient":""}},"ast-content-background-meta":{"desktop":{"background-color":"var(--ast-global-color-5)","background-image":"","background-repeat":"repeat","background-position":"center center","background-size":"auto","background-attachment":"scroll","background-type":"","background-media":"","overlay-type":"","overlay-color":"","overlay-opacity":"","overlay-gradient":""},"tablet":{"background-color":"var(--ast-global-color-5)","background-image":"","background-repeat":"repeat","background-position":"center center","background-size":"auto","background-attachment":"scroll","background-type":"","background-media":"","overlay-type":"","overlay-color":"","overlay-opacity":"","overlay-gradient":""},"mobile":{"background-color":"var(--ast-global-color-5)","background-image":"","background-repeat":"repeat","background-position":"center center","background-size":"auto","background-attachment":"scroll","background-type":"","background-media":"","overlay-type":"","overlay-color":"","overlay-opacity":"","overlay-gradient":""}}},"product_brand":[],"product_cat":[228,237,230],"product_tag":[],"class_list":{"0":"post-21273","1":"product","2":"type-product","3":"status-publish","4":"has-post-thumbnail","6":"product_cat-fiber-patch-cord-de","7":"product_cat-lc-fiber-patch-cord-de","8":"product_cat-multimode-fiber-patch-cord-de","9":"pa_connector-type-lc-de","10":"pa_fiber-type-50-125-om2-de","11":"desktop-align-left","12":"tablet-align-left","13":"mobile-align-left","14":"ast-product-gallery-layout-vertical","15":"ast-product-gallery-with-no-image","16":"ast-product-tabs-layout-vertical","17":"ast-qv-on-image","19":"first","20":"instock","21":"shipping-taxable","22":"product-type-simple"},"_links":{"self":[{"href":"https:\/\/www.bonelinks.com\/de\/wp-json\/wp\/v2\/product\/21273","targetHints":{"allow":["GET"]}}],"collection":[{"href":"https:\/\/www.bonelinks.com\/de\/wp-json\/wp\/v2\/product"}],"about":[{"href":"https:\/\/www.bonelinks.com\/de\/wp-json\/wp\/v2\/types\/product"}],"version-history":[{"count":3,"href":"https:\/\/www.bonelinks.com\/de\/wp-json\/wp\/v2\/product\/21273\/revisions"}],"predecessor-version":[{"id":24875,"href":"https:\/\/www.bonelinks.com\/de\/wp-json\/wp\/v2\/product\/21273\/revisions\/24875"}],"wp:featuredmedia":[{"embeddable":true,"href":"https:\/\/www.bonelinks.com\/de\/wp-json\/wp\/v2\/media\/16446"}],"wp:attachment":[{"href":"https:\/\/www.bonelinks.com\/de\/wp-json\/wp\/v2\/media?parent=21273"}],"wp:term":[{"taxonomy":"product_brand","embeddable":true,"href":"https:\/\/www.bonelinks.com\/de\/wp-json\/wp\/v2\/product_brand?post=21273"},{"taxonomy":"product_cat","embeddable":true,"href":"https:\/\/www.bonelinks.com\/de\/wp-json\/wp\/v2\/product_cat?post=21273"},{"taxonomy":"product_tag","embeddable":true,"href":"https:\/\/www.bonelinks.com\/de\/wp-json\/wp\/v2\/product_tag?post=21273"}],"curies":[{"name":"wp","href":"https:\/\/api.w.org\/{rel}","templated":true}]}}