{"id":21271,"date":"2023-07-05T18:11:48","date_gmt":"2023-07-06T02:11:48","guid":{"rendered":"https:\/\/www.bonelinks.com\/product\/10g-multimode-lc-lc-glasfaser-patch\/"},"modified":"2024-02-02T04:52:16","modified_gmt":"2024-02-02T12:52:16","slug":"10g-multimode-lc-lc-fibre-patch","status":"publish","type":"product","link":"https:\/\/www.bonelinks.com\/de\/product\/10g-multimode-lc-lc-fibre-patch\/","title":{"rendered":"10g Multimode LC-LC Glasfaser Patch"},"content":{"rendered":"<h1 style=\"text-align: left; font-size: 18px;\"><strong>10g Multimode LC-LC-Glasfaser-Patch: L\u00f6sung f\u00fcr hohe Bandbreiten bei 10-Gigabit-Ethernet<\/strong><\/h1>\n<p>Bonelinks pr\u00e4sentiert das 10g Multimode LC-LC Fibre Patch, ein hochwertiges Kabel, das speziell f\u00fcr 10 Gigabit Ethernet Anwendungen entwickelt wurde. Dieses laseroptimierte Multimode-Glasfaserkabel (LOMMF) verf\u00fcgt \u00fcber ein 50\/125 OM3 Multimode-Glasfaserdesign, das im Vergleich zu herk\u00f6mmlichen 62,5\/125\u00b5m Multimode-Glasfaserkabeln eine deutlich h\u00f6here Bandbreite bietet. Er ist ideal f\u00fcr 10GBase-SR- und 10GBase-LRM-Verbindungen in Rechenzentren. Die LC-Steckverbinder, bekannt als Lucent Connectors, gew\u00e4hrleisten zuverl\u00e4ssige Verbindungen mit hoher Dichte und Kompatibilit\u00e4t mit Plug-and-Play-Ger\u00e4ten wie SFP-Modulen und XFP-Transceivern.<\/p>\n<p>Unser 10g Multimode LC-LC Fibre Patch wird aus hochwertigen Glasfasern und Keramiksteckern hergestellt. Es wird strengen Tests unterzogen, um eine niedrige Einf\u00fcgungs- und R\u00fcckflussd\u00e4mpfung zu gew\u00e4hrleisten, was eine \u00fcberragende Leistung und hervorragende Qualit\u00e4t garantiert. Das Kabel bietet die notwendige Abw\u00e4rtskompatibilit\u00e4t und den Headroom zur Unterst\u00fctzung von LED-, Laser- und VCSEL-Lichtquellen und ist damit eine ideale L\u00f6sung f\u00fcr 10-Gigabit-Ethernet-Netzwerke und anspruchsvolle Anwendungen.<\/p>\n<h2 style=\"text-align: left; font-size: 18px;\"><strong>Merkmale des 10g Multimode LC-LC Glasfaser Patch<\/strong><\/h2>\n<ul>\n<li>LC\/LC-Stecker<\/li>\n<li>LOMMF, Laser-optimierte Aqua-Faser f\u00fcr LED\/VCSEL-Laserlichtquellen und 10-Gigabit-Anwendungen<\/li>\n<li>OM3 f\u00fcr 10G-Ethernet-Anwendungen geeignet<\/li>\n<li>Maximale 10G-Entfernung von 300 m bei 850 nm<\/li>\n<li>Zum Anschluss von Patchpanels und\/oder Netzwerkger\u00e4ten, die eine 50\/125-Multimode-Verkabelung ben\u00f6tigen<\/li>\n<li>100%ige Kontrolle der optischen Eigenschaften vor dem Versand<\/li>\n<li>Erh\u00e4ltlich in verschiedenen L\u00e4ngen<\/li>\n<\/ul>\n<h2 style=\"text-align: left; font-size: 18px;\"><strong>Anwendungen von 10g Multimode LC-LC Fibre Patch<\/strong><\/h2>\n<ul>\n<li>10 Gigabit-Ethernet<\/li>\n<li>Datenspeicherung<\/li>\n<li>LANs<\/li>\n<\/ul>\n<h2 style=\"text-align: left; font-size: 18px;\"><strong>Suchen Sie nach einer gr\u00f6\u00dferen Auswahl an Glasfaser-Patchkabeln?<\/strong><\/h2>\n<p>M\u00f6chten Sie mehr Optionen f\u00fcr Glasfaser-Patchkabel? Entdecken Sie unsere Auswahl an <span style=\"color: #0054a6;\"><strong><a style=\"color: #0054a6;\" href=\"https:\/\/www.bonelinks.com\/de\/lc-fibre-patch-leads\/\" target=\"_blank\" rel=\"noopener\">LC-Faser-Patchkabeln, <\/a><\/strong><\/span><a title=\"LC zu LC Faser Patchkabel\" href=\"https:\/\/www.bonelinks.com\/de\/lc-to-lc-fiber-patch-cable\/\" target=\"_blank\" rel=\"noopener\"><strong><span style=\"color: #0054a6;\">LC-LC-Faser-Patchkabel, <\/span><\/strong><\/a><strong><span style=\"color: #0054a6;\"><a style=\"color: #0054a6;\" href=\"https:\/\/www.bonelinks.com\/de\/multimode-fibre-patch-leads\/\" target=\"_blank\" rel=\"noopener\">Multimode-Glasfaser-Patchkabel <\/a><\/span><\/strong>f\u00fcr nahtlose Vernetzung.<\/p>\n<p>Sind Sie auf der Suche nach ma\u00dfgeschneiderten und speziell angefertigten Glasfaser-Patchkabeln? Entdecken Sie unseren speziellen Bereich \u00fcber<a href=\"https:\/\/www.bonelinks.com\/de\/custom-fiber-optic-cables\/\" target=\"_blank\" rel=\"noopener\"><span style=\"color: #0054a6;\"><strong> Kundenspezifische Glasfaserkabel <\/strong><\/span><\/a>f\u00fcr ma\u00dfgeschneiderte Konnektivit\u00e4tsl\u00f6sungen.<\/p>\n<ul>\n<li>Einzelhandel oder Gro\u00dfhandel &#8211; wir haben alles f\u00fcr Sie!<\/li>\n<li>Nicht sicher, was Sie kaufen sollen? Wir bieten fachkundige Beratung.<\/li>\n<li>Kleines MOQ: Sie brauchen nicht mehr zu kaufen, als Sie wollen.<\/li>\n<li>Konkurrenzf\u00e4hige Preise: Sie erhalten jedes Mal ein gutes Preis-Leistungs-Verh\u00e4ltnis.<\/li>\n<li>Prompte Lieferung: Ihre Geschwindigkeit, unsere Priorit\u00e4t.<\/li>\n<li>Kundenorientiert: Wir schneiden unsere Dienstleistungen auf Ihre Bed\u00fcrfnisse zu.<\/li>\n<\/ul>\n<p><strong>Verbinden Sie sich mit uns!<\/strong><br \/>\nWenn Sie Probleme bei der Suche nach dem richtigen <span style=\"color: #0054a6;\"><strong><a style=\"color: #0054a6;\" href=\"https:\/\/www.bonelinks.com\/de\/fiber-optic-patch-cord-supplier\/\" target=\"_blank\" rel=\"noopener\">Glasfaser-Patchkabel <\/a><\/strong><\/span>f\u00fcr Ihre Bed\u00fcrfnisse zu finden, oder wenn Sie einen Expertenrat ben\u00f6tigen, k\u00f6nnen Sie mit einem Klick<a href=\"https:\/\/www.bonelinks.com\/de\/contact-us\/\" target=\"_blank\" rel=\"noopener\"><strong><span style=\"color: #0054a6;\"> mit uns chatten <\/span><\/strong><\/a>in Sekundenschnelle. Ihre Zufriedenheit ist unsere Priorit\u00e4t. Wir sind bereit, Sie in jeder Hinsicht zu unterst\u00fctzen. <strong>Keine Sorge, \u00fcberm\u00e4\u00dfiges Nachdenken ist nicht erforderlich. Wir sind hier und bereit, Ihnen zu helfen.<\/strong><\/p>\n","protected":false},"excerpt":{"rendered":"<p>Bonelinks 10g Multimode LC-LC Fibre Patch ist ein hochwertiges Kabel mit hoher Bandbreite, das f\u00fcr 10 Gigabit Ethernet Anwendungen entwickelt wurde. Mit langlebigen LC-Steckern f\u00fcr hervorragende Leistung.<\/p>\n<ul>\n<li>OM3 f\u00fcr 10G-Ethernet-Anwendungen geeignet<\/li>\n<li>Abw\u00e4rtskompatibel mit vorhandenen 50\/125-Fasern<\/li>\n<li>Erh\u00e4ltlich in verschiedenen L\u00e4ngen<\/li>\n<li>100%ige Kontrolle der optischen Eigenschaften vor dem Versand<\/li>\n<\/ul>\n","protected":false},"featured_media":17866,"template":"","meta":{"site-sidebar-layout":"default","site-content-layout":"default","ast-site-content-layout":"default","site-content-style":"default","site-sidebar-style":"default","ast-global-header-display":"","ast-banner-title-visibility":"","ast-main-header-display":"","ast-hfb-above-header-display":"","ast-hfb-below-header-display":"","ast-hfb-mobile-header-display":"","site-post-title":"","ast-breadcrumbs-content":"","ast-featured-img":"","footer-sml-layout":"","ast-disable-related-posts":"","theme-transparent-header-meta":"default","adv-header-id-meta":"","stick-header-meta":"default","header-above-stick-meta":"","header-main-stick-meta":"","header-below-stick-meta":"","astra-migrate-meta-layouts":"set","ast-page-background-enabled":"default","ast-page-background-meta":{"desktop":{"background-color":"","background-image":"","background-repeat":"repeat","background-position":"center center","background-size":"auto","background-attachment":"scroll","background-type":"","background-media":"","overlay-type":"","overlay-color":"","overlay-opacity":"","overlay-gradient":""},"tablet":{"background-color":"","background-image":"","background-repeat":"repeat","background-position":"center center","background-size":"auto","background-attachment":"scroll","background-type":"","background-media":"","overlay-type":"","overlay-color":"","overlay-opacity":"","overlay-gradient":""},"mobile":{"background-color":"","background-image":"","background-repeat":"repeat","background-position":"center center","background-size":"auto","background-attachment":"scroll","background-type":"","background-media":"","overlay-type":"","overlay-color":"","overlay-opacity":"","overlay-gradient":""}},"ast-content-background-meta":{"desktop":{"background-color":"var(--ast-global-color-5)","background-image":"","background-repeat":"repeat","background-position":"center center","background-size":"auto","background-attachment":"scroll","background-type":"","background-media":"","overlay-type":"","overlay-color":"","overlay-opacity":"","overlay-gradient":""},"tablet":{"background-color":"var(--ast-global-color-5)","background-image":"","background-repeat":"repeat","background-position":"center center","background-size":"auto","background-attachment":"scroll","background-type":"","background-media":"","overlay-type":"","overlay-color":"","overlay-opacity":"","overlay-gradient":""},"mobile":{"background-color":"var(--ast-global-color-5)","background-image":"","background-repeat":"repeat","background-position":"center center","background-size":"auto","background-attachment":"scroll","background-type":"","background-media":"","overlay-type":"","overlay-color":"","overlay-opacity":"","overlay-gradient":""}}},"product_brand":[],"product_cat":[228,237,230],"product_tag":[],"class_list":{"0":"post-21271","1":"product","2":"type-product","3":"status-publish","4":"has-post-thumbnail","6":"product_cat-fiber-patch-cord-de","7":"product_cat-lc-fiber-patch-cord-de","8":"product_cat-multimode-fiber-patch-cord-de","9":"pa_connector-type-lc-lc-de","10":"pa_fiber-type-50-125-om3-de","11":"desktop-align-left","12":"tablet-align-left","13":"mobile-align-left","14":"ast-product-gallery-layout-vertical","15":"ast-product-gallery-with-no-image","16":"ast-product-tabs-layout-vertical","17":"ast-qv-on-image","19":"first","20":"instock","21":"shipping-taxable","22":"product-type-simple"},"_links":{"self":[{"href":"https:\/\/www.bonelinks.com\/de\/wp-json\/wp\/v2\/product\/21271","targetHints":{"allow":["GET"]}}],"collection":[{"href":"https:\/\/www.bonelinks.com\/de\/wp-json\/wp\/v2\/product"}],"about":[{"href":"https:\/\/www.bonelinks.com\/de\/wp-json\/wp\/v2\/types\/product"}],"version-history":[{"count":3,"href":"https:\/\/www.bonelinks.com\/de\/wp-json\/wp\/v2\/product\/21271\/revisions"}],"predecessor-version":[{"id":24873,"href":"https:\/\/www.bonelinks.com\/de\/wp-json\/wp\/v2\/product\/21271\/revisions\/24873"}],"wp:featuredmedia":[{"embeddable":true,"href":"https:\/\/www.bonelinks.com\/de\/wp-json\/wp\/v2\/media\/17866"}],"wp:attachment":[{"href":"https:\/\/www.bonelinks.com\/de\/wp-json\/wp\/v2\/media?parent=21271"}],"wp:term":[{"taxonomy":"product_brand","embeddable":true,"href":"https:\/\/www.bonelinks.com\/de\/wp-json\/wp\/v2\/product_brand?post=21271"},{"taxonomy":"product_cat","embeddable":true,"href":"https:\/\/www.bonelinks.com\/de\/wp-json\/wp\/v2\/product_cat?post=21271"},{"taxonomy":"product_tag","embeddable":true,"href":"https:\/\/www.bonelinks.com\/de\/wp-json\/wp\/v2\/product_tag?post=21271"}],"curies":[{"name":"wp","href":"https:\/\/api.w.org\/{rel}","templated":true}]}}