{"id":21269,"date":"2023-07-05T23:26:45","date_gmt":"2023-07-06T07:26:45","guid":{"rendered":"https:\/\/www.bonelinks.com\/product\/om4-lc-lc-glasfaser-patchkabel\/"},"modified":"2024-02-02T04:44:17","modified_gmt":"2024-02-02T12:44:17","slug":"om4-lc-lc-fibre-optic-patch-cable","status":"publish","type":"product","link":"https:\/\/www.bonelinks.com\/de\/product\/om4-lc-lc-fibre-optic-patch-cable\/","title":{"rendered":"OM4 LC-LC Glasfaser-Patchkabel"},"content":{"rendered":"<h1 style=\"text-align: left; font-size: 18px;\"><strong>OM4 LC-LC Glasfaser-Patchkabel f\u00fcr zuverl\u00e4ssige High-Speed-Verbindungen<\/strong><\/h1>\n<p>Unser OM4 LC-LC-Glasfaser-Patchkabel ist mit hochwertigen Glasfasern und LC-Steckern ausgestattet, die eine hervorragende Leistung und Zuverl\u00e4ssigkeit gew\u00e4hrleisten. Es wird strengen Tests auf niedrige Einf\u00fcge- und R\u00fcckflussd\u00e4mpfung unterzogen, was es zu einer idealen Wahl f\u00fcr 10G- und 40G-Hochgeschwindigkeits-Ethernet-Verbindungen macht.<\/p>\n<p>Dieses laseroptimierte Multimode-Glasfaserkabel (LOMMF) unterst\u00fctzt 10GBase-SR-, 40GBase-SR4- und 100GBase-SR10-Verbindungen und bietet eine hohe Bandbreite und au\u00dfergew\u00f6hnliche Leistung. Durch die Abw\u00e4rtskompatibilit\u00e4t mit bestehenden 50\/125-Multimode-Ger\u00e4ten bietet es eine kosteng\u00fcnstige L\u00f6sung ohne Qualit\u00e4tseinbu\u00dfen.<\/p>\n<p>Die LC-Stecker an beiden Enden des Patchkabels erm\u00f6glichen aufgrund ihres geringeren Durchmessers Anwendungen mit h\u00f6herer Dichte. Diese Steckverbinder, die allgemein als Lucent Connection oder Little Connector bekannt sind, bieten eine &#8222;Schnapp&#8220;-Konstruktion mit einem Ferrule-Durchmesser von 1,25 mm und entsprechen der Norm IEC 61754-20.<\/p>\n<p>Jedes OM4-Glasfaserkabel wird einzeln getestet und zertifiziert, um die zul\u00e4ssigen Grenzwerte f\u00fcr die optische Einf\u00fcged\u00e4mpfung einzuhalten und so Kompatibilit\u00e4t und 100%ige Zuverl\u00e4ssigkeit zu gew\u00e4hrleisten. Unsere Patchkabel werden w\u00e4hrend der Produktion strengen Kontrollen und Tests unterzogen, um Leistung und Schutz in jeder Anwendung zu gew\u00e4hrleisten. Vertrauen Sie auf die Leistung und Zuverl\u00e4ssigkeit unseres OM4 LC-LC Glasfaser-Patchkabels, das f\u00fcr Hochgeschwindigkeitsverbindungen f\u00fcr Ihre kritischen Daten\u00fcbertragungsanforderungen entwickelt wurde.<\/p>\n<table>\n<caption><strong>OM4 Link Distance Unterst\u00fctzung<\/strong><\/caption>\n<tbody>\n<tr>\n<th>Transceiver-Bezeichnung<\/th>\n<th>OM4 (Maximale Entfernung in Metern)<\/th>\n<\/tr>\n<tr>\n<td style=\"text-align: center;\">10GBASE-SR<\/td>\n<td style=\"text-align: center;\">550<\/td>\n<\/tr>\n<tr>\n<td style=\"text-align: center;\">10GBASE-LX4<\/td>\n<td style=\"text-align: center;\">300<\/td>\n<\/tr>\n<tr>\n<td style=\"text-align: center;\">10GBASE-LRM<\/td>\n<td style=\"text-align: center;\">220<\/td>\n<\/tr>\n<tr>\n<td style=\"text-align: center;\">40GBASE-SR4<\/td>\n<td style=\"text-align: center;\">125<\/td>\n<\/tr>\n<tr>\n<td style=\"text-align: center;\">100GBASE-SR10<\/td>\n<td style=\"text-align: center;\">125<\/td>\n<\/tr>\n<\/tbody>\n<\/table>\n<h2 style=\"text-align: left; font-size: 18px;\"><strong>Eigenschaften des OM4 LC-LC Glasfaser-Patchkabels<\/strong><\/h2>\n<ul>\n<li>LC\/LC-Steckverbinder mit polierten UPC-Keramikferrulen f\u00fcr Einf\u00fcgungsd\u00e4mpfung unter 0,3 dB<\/li>\n<li>OM4-Multimode-Patchkabel kompatibel mit LED- und VCSEL-Lichtquellen<\/li>\n<li>Laser-optimierte Multimode-Faser (LOMMF) f\u00fcr verbesserte Leistung<\/li>\n<li>Unterst\u00fctzt 10GBase-SR SFP+, 40GBase-SR4 QSFP+ und 100GBase-SR10 QSFP28<\/li>\n<li>Daten\u00fcbertragungsraten von bis zu 10 Gbit\/s, 40 Gbit\/s und 100 Gbit\/s<\/li>\n<li>Abw\u00e4rtskompatibel mit bestehenden OM2 und OM3 50\/125 MMF-Ger\u00e4ten<\/li>\n<li>Violette Farbe zur einfachen Identifizierung, zur Unterscheidung von orangefarbenen OM1\/OM2 und aquafarbenen OM3-Verkabelungen<\/li>\n<li>100% getestet, um optimale Leistung und Zuverl\u00e4ssigkeit zu gew\u00e4hrleisten<\/li>\n<\/ul>\n<h2 style=\"text-align: left; font-size: 18px;\"><strong>Anwendungen von OM4 LC-LC Glasfaser-Patchkabel<\/strong><\/h2>\n<p>Einsatz in 40\/100-Gigabit-Ethernet- und Fiber-Channel-Anwendungen<br \/>\nHochgeschwindigkeits-Konnektivit\u00e4t f\u00fcr Anwendungen mit hoher Packungsdichte<\/p>\n<h2 style=\"text-align: left; font-size: 18px;\"><strong>Suchen Sie nach einer gr\u00f6\u00dferen Auswahl an Glasfaser-Patchkabeln?<\/strong><\/h2>\n<p>M\u00f6chten Sie mehr Optionen f\u00fcr Glasfaser-Patchkabel? Entdecken Sie unsere Auswahl an <span style=\"color: #0054a6;\"><strong><a style=\"color: #0054a6;\" href=\"https:\/\/www.bonelinks.com\/de\/lc-fibre-patch-leads\/\" target=\"_blank\" rel=\"noopener\">LC-Faser-Patchkabeln, <\/a><\/strong><\/span><a title=\"LC zu LC Faser Patchkabel\" href=\"https:\/\/www.bonelinks.com\/de\/lc-to-lc-fiber-patch-cable\/\" target=\"_blank\" rel=\"noopener\"><strong><span style=\"color: #0054a6;\">LC-LC-Faser-Patchkabel, <\/span><\/strong><\/a><strong><span style=\"color: #0054a6;\"><a style=\"color: #0054a6;\" href=\"https:\/\/www.bonelinks.com\/de\/multimode-fibre-patch-leads\/\" target=\"_blank\" rel=\"noopener\">Multimode-Glasfaser-Patchkabel <\/a><\/span><\/strong>f\u00fcr nahtlose Vernetzung.<\/p>\n<p>Sind Sie auf der Suche nach ma\u00dfgeschneiderten und speziell angefertigten Glasfaser-Patchkabeln? Entdecken Sie unseren speziellen Bereich \u00fcber<a href=\"https:\/\/www.bonelinks.com\/de\/custom-fiber-optic-cables\/\" target=\"_blank\" rel=\"noopener\"><span style=\"color: #0054a6;\"><strong> Kundenspezifische Glasfaserkabel <\/strong><\/span><\/a>f\u00fcr ma\u00dfgeschneiderte Konnektivit\u00e4tsl\u00f6sungen.<\/p>\n<ul>\n<li>Einzelhandel oder Gro\u00dfhandel &#8211; wir haben alles f\u00fcr Sie!<\/li>\n<li>Nicht sicher, was Sie kaufen sollen? Wir bieten fachkundige Beratung.<\/li>\n<li>Kleines MOQ: Sie brauchen nicht mehr zu kaufen, als Sie wollen.<\/li>\n<li>Konkurrenzf\u00e4hige Preise: Sie erhalten jedes Mal ein gutes Preis-Leistungs-Verh\u00e4ltnis.<\/li>\n<li>Prompte Lieferung: Ihre Geschwindigkeit, unsere Priorit\u00e4t.<\/li>\n<li>Kundenorientiert: Wir schneiden unsere Dienstleistungen auf Ihre Bed\u00fcrfnisse zu.<\/li>\n<\/ul>\n<p><strong>Verbinden Sie sich mit uns!<\/strong><br \/>\nWenn Sie Probleme bei der Suche nach dem richtigen <span style=\"color: #0054a6;\"><strong><a style=\"color: #0054a6;\" href=\"https:\/\/www.bonelinks.com\/de\/fiber-optic-patch-cord-supplier\/\" target=\"_blank\" rel=\"noopener\">Glasfaser-Patchkabel <\/a><\/strong><\/span>f\u00fcr Ihre Bed\u00fcrfnisse zu finden, oder wenn Sie einen Expertenrat ben\u00f6tigen, k\u00f6nnen Sie mit einem Klick<a href=\"https:\/\/www.bonelinks.com\/de\/contact-us\/\" target=\"_blank\" rel=\"noopener\"><strong><span style=\"color: #0054a6;\"> mit uns chatten <\/span><\/strong><\/a>in Sekundenschnelle. Ihre Zufriedenheit ist unsere Priorit\u00e4t. Wir sind bereit, Sie in jeder Hinsicht zu unterst\u00fctzen. <strong>Keine Sorge, \u00fcberm\u00e4\u00dfiges Nachdenken ist nicht erforderlich. Wir sind hier und bereit, Ihnen zu helfen.<\/strong><\/p>\n","protected":false},"excerpt":{"rendered":"<p>OM4 LC-LC Glasfaser-Patchkabel mit hochwertiger Glasfaser und LC-LC Steckern. Streng gepr\u00fcft auf Leistung und Kompatibilit\u00e4t. Ideal f\u00fcr 10GBase-SR, 40GBase-SR BiDi, SFP+ und QSFP+ Verbindungen.<\/p>\n<ul>\n<li>LC\/LC-Steckverbinder mit polierten UPC-Keramikferrulen f\u00fcr Einf\u00fcgungsd\u00e4mpfung unter 0,3 dB<\/li>\n<li>Unterst\u00fctzt Daten\u00fcbertragungsraten von bis zu 10 Gbit\/s, 40 Gbit\/s und 100 Gbit\/s<\/li>\n<li>Abw\u00e4rtskompatibel mit bestehenden OM2 und OM3 50\/125 MMF-Ger\u00e4ten<\/li>\n<li>Jedes Kabel wird zu 100 % getestet, um eine optimale Leistung zu gew\u00e4hrleisten.<\/li>\n<\/ul>\n","protected":false},"featured_media":19326,"template":"","meta":{"site-sidebar-layout":"default","site-content-layout":"default","ast-site-content-layout":"default","site-content-style":"default","site-sidebar-style":"default","ast-global-header-display":"","ast-banner-title-visibility":"","ast-main-header-display":"","ast-hfb-above-header-display":"","ast-hfb-below-header-display":"","ast-hfb-mobile-header-display":"","site-post-title":"","ast-breadcrumbs-content":"","ast-featured-img":"","footer-sml-layout":"","ast-disable-related-posts":"","theme-transparent-header-meta":"default","adv-header-id-meta":"","stick-header-meta":"default","header-above-stick-meta":"","header-main-stick-meta":"","header-below-stick-meta":"","astra-migrate-meta-layouts":"set","ast-page-background-enabled":"default","ast-page-background-meta":{"desktop":{"background-color":"","background-image":"","background-repeat":"repeat","background-position":"center center","background-size":"auto","background-attachment":"scroll","background-type":"","background-media":"","overlay-type":"","overlay-color":"","overlay-opacity":"","overlay-gradient":""},"tablet":{"background-color":"","background-image":"","background-repeat":"repeat","background-position":"center center","background-size":"auto","background-attachment":"scroll","background-type":"","background-media":"","overlay-type":"","overlay-color":"","overlay-opacity":"","overlay-gradient":""},"mobile":{"background-color":"","background-image":"","background-repeat":"repeat","background-position":"center center","background-size":"auto","background-attachment":"scroll","background-type":"","background-media":"","overlay-type":"","overlay-color":"","overlay-opacity":"","overlay-gradient":""}},"ast-content-background-meta":{"desktop":{"background-color":"var(--ast-global-color-5)","background-image":"","background-repeat":"repeat","background-position":"center center","background-size":"auto","background-attachment":"scroll","background-type":"","background-media":"","overlay-type":"","overlay-color":"","overlay-opacity":"","overlay-gradient":""},"tablet":{"background-color":"var(--ast-global-color-5)","background-image":"","background-repeat":"repeat","background-position":"center center","background-size":"auto","background-attachment":"scroll","background-type":"","background-media":"","overlay-type":"","overlay-color":"","overlay-opacity":"","overlay-gradient":""},"mobile":{"background-color":"var(--ast-global-color-5)","background-image":"","background-repeat":"repeat","background-position":"center center","background-size":"auto","background-attachment":"scroll","background-type":"","background-media":"","overlay-type":"","overlay-color":"","overlay-opacity":"","overlay-gradient":""}}},"product_brand":[],"product_cat":[228,237,230],"product_tag":[],"class_list":{"0":"post-21269","1":"product","2":"type-product","3":"status-publish","4":"has-post-thumbnail","6":"product_cat-fiber-patch-cord-de","7":"product_cat-lc-fiber-patch-cord-de","8":"product_cat-multimode-fiber-patch-cord-de","9":"pa_connector-type-lc-lc-de","10":"pa_fiber-type-50-125-om4-de","11":"desktop-align-left","12":"tablet-align-left","13":"mobile-align-left","14":"ast-product-gallery-layout-vertical","15":"ast-product-gallery-with-no-image","16":"ast-product-tabs-layout-vertical","17":"ast-qv-on-image","19":"first","20":"instock","21":"shipping-taxable","22":"product-type-simple"},"_links":{"self":[{"href":"https:\/\/www.bonelinks.com\/de\/wp-json\/wp\/v2\/product\/21269","targetHints":{"allow":["GET"]}}],"collection":[{"href":"https:\/\/www.bonelinks.com\/de\/wp-json\/wp\/v2\/product"}],"about":[{"href":"https:\/\/www.bonelinks.com\/de\/wp-json\/wp\/v2\/types\/product"}],"version-history":[{"count":3,"href":"https:\/\/www.bonelinks.com\/de\/wp-json\/wp\/v2\/product\/21269\/revisions"}],"predecessor-version":[{"id":24866,"href":"https:\/\/www.bonelinks.com\/de\/wp-json\/wp\/v2\/product\/21269\/revisions\/24866"}],"wp:featuredmedia":[{"embeddable":true,"href":"https:\/\/www.bonelinks.com\/de\/wp-json\/wp\/v2\/media\/19326"}],"wp:attachment":[{"href":"https:\/\/www.bonelinks.com\/de\/wp-json\/wp\/v2\/media?parent=21269"}],"wp:term":[{"taxonomy":"product_brand","embeddable":true,"href":"https:\/\/www.bonelinks.com\/de\/wp-json\/wp\/v2\/product_brand?post=21269"},{"taxonomy":"product_cat","embeddable":true,"href":"https:\/\/www.bonelinks.com\/de\/wp-json\/wp\/v2\/product_cat?post=21269"},{"taxonomy":"product_tag","embeddable":true,"href":"https:\/\/www.bonelinks.com\/de\/wp-json\/wp\/v2\/product_tag?post=21269"}],"curies":[{"name":"wp","href":"https:\/\/api.w.org\/{rel}","templated":true}]}}