{"id":21267,"date":"2023-07-07T22:37:34","date_gmt":"2023-07-08T06:37:34","guid":{"rendered":"https:\/\/www.bonelinks.com\/product\/mpo-zu-lc-8-faser-om3-50-125-breakout-kabel-40g-100g\/"},"modified":"2024-02-02T04:40:32","modified_gmt":"2024-02-02T12:40:32","slug":"mpo-to-lc-8-fiber-om3-50-125-breakout-cable-40g-100g","status":"publish","type":"product","link":"https:\/\/www.bonelinks.com\/de\/product\/mpo-to-lc-8-fiber-om3-50-125-breakout-cable-40g-100g\/","title":{"rendered":"MPO zu LC 8 Faser OM3 50\/125 Breakout Kabel 40g 100g"},"content":{"rendered":"<h1 style=\"text-align: left; font-size: 18px;\"><strong> MPO zu LC 8 Faser OM3 50\/125 Breakout Kabel 40g 100g: Vielseitige Anschlussm\u00f6glichkeiten f\u00fcr Netzwerke mit hoher Packungsdichte<\/strong><\/h1>\n<p>Das MPO-Breakout-Kabel besteht aus einer MPO-Buchse an einem Ende und 4xLC-Duplex-Fasersteckern am anderen Ende. Es eignet sich f\u00fcr die Verbindung von 100G QSFP28 SR4 zu 25G SFP28 SR oder 40G QSFP SR4 zu 10G SFP+ SR Transceivern. 8 Fasern OM3 MPO zu 4xLC Duplex Kabel entsprechen der Polarit\u00e4t der Methode B (Cross-Connect).<\/p>\n<p>Im Vergleich zu herk\u00f6mmlichen Glasfaser-Verkabelungsl\u00f6sungen bietet das MPO zu LC OM3 50\/125 Breakout-Kabel eine h\u00f6here Flexibilit\u00e4t und platzsparende Vorteile. Es bietet effiziente Konnektivit\u00e4t und unterst\u00fctzt gleichzeitig sehr hohe Datenraten, wie 40-Gigabit- und 100-Gigabit-Ethernet.<\/p>\n<p>Kundenspezifische Anpassungsm\u00f6glichkeiten sind verf\u00fcgbar, einschlie\u00dflich unterschiedlich langer LC-Schw\u00e4nze in gestaffelten oder nicht gestaffelten Konfigurationen. Jedes MPO-zu-LC-Breakout-Kabel wird umfassenden Tests unterzogen und mit robusten Komponenten hergestellt, um eine lange Lebensdauer zu gew\u00e4hrleisten. Zus\u00e4tzlich kann auf Anfrage ein MTP\u00ae-Stecker f\u00fcr spezielle Anforderungen geliefert werden.<\/p>\n<h2 style=\"text-align: left; font-size: 18px;\"><strong>Eigenschaften von MPO zu LC 8 Fiber OM3 50\/125 Breakout Kabel 40g 100g<\/strong><\/h2>\n<ul>\n<li>8-Faser<\/li>\n<li>50\/125\u00b5m Aqua OM3 Kabel<\/li>\n<li>MPO (Buchse) auf LC-Stecker<\/li>\n<li>40g 100g Daten\u00fcbertragung<\/li>\n<li>Werkseitig konfektioniert f\u00fcr gleichbleibende Qualit\u00e4t und hohe Leistung, was die Installationszeit verk\u00fcrzt<\/li>\n<li>100% getestet, um niedrige Einf\u00fcgungsd\u00e4mpfung und hohe R\u00fcckflussd\u00e4mpfung zu gew\u00e4hrleisten<\/li>\n<li>Optimierte Leistung mit Optionen f\u00fcr Elite-MTP- und diskrete Premium-Anschl\u00fcsse<\/li>\n<li>Kundenspezifische Konfigurationen f\u00fcr spezifische Anforderungen verf\u00fcgbar<\/li>\n<\/ul>\n<h2 style=\"text-align: left; font-size: 18px;\"><strong>Anwendungen von MPO auf LC 8 Fiber OM3 50\/125 Breakout 40g 100g<\/strong><\/h2>\n<ul>\n<li>Optische Vermittlung von Interframe-Verbindungen<\/li>\n<li>High-Density-Glasfaserkartenrandzugang<\/li>\n<li>40G- und 100G-Verbindungen<\/li>\n<li>Verkabelung von Rechenzentren<\/li>\n<\/ul>\n<h2 style=\"text-align: left; font-size: 18px;\"><strong>Suchen Sie nach weiteren MTP\/MPO-Kabeln?<\/strong><\/h2>\n<p>M\u00f6chten Sie mehr Optionen f\u00fcr MTP\/MPO-Kabel? Entdecken Sie unsere Auswahl an <span style=\"color: #0054a6;\"><strong><a style=\"color: #0054a6;\" href=\"https:\/\/www.bonelinks.com\/de\/8-fiber-mpo-cable\/\" target=\"_blank\" rel=\"noopener\">8-Faser-MTP\/MPO-Kabeln <\/a><\/strong><\/span>und <a title=\"MPO\/MTP zu LC Breakout-Kabel\" href=\"https:\/\/www.bonelinks.com\/de\/mpo-breakout-cable\/\" target=\"_blank\" rel=\"noopener\"><strong><span style=\"color: #0054a6;\">MPO\/MTP-zu-LC-Breakout-Kabeln<\/span><\/strong> <\/a>f\u00fcr nahtlose Vernetzung.<\/p>\n<p>Sind Sie auf der Suche nach ma\u00dfgeschneiderten und speziell angefertigten MPO-Patchkabeln? Entdecken Sie unseren speziellen Bereich \u00fcber<a href=\"https:\/\/www.bonelinks.com\/de\/custom-fiber-optic-cables\/\" target=\"_blank\" rel=\"noopener\"><span style=\"color: #0054a6;\"><strong> Kundenspezifische Glasfaserkabel <\/strong><\/span><\/a>f\u00fcr ma\u00dfgeschneiderte Konnektivit\u00e4tsl\u00f6sungen.<\/p>\n<ul>\n<li>Einzelhandel oder Gro\u00dfhandel &#8211; wir haben alles f\u00fcr Sie!<\/li>\n<li>Nicht sicher, was Sie kaufen sollen? Wir bieten fachkundige Beratung.<\/li>\n<li>Kleines MOQ: Sie brauchen nicht mehr zu kaufen, als Sie wollen.<\/li>\n<li>Konkurrenzf\u00e4hige Preise: Sie erhalten jedes Mal ein gutes Preis-Leistungs-Verh\u00e4ltnis.<\/li>\n<li>Prompte Lieferung: Ihre Geschwindigkeit, unsere Priorit\u00e4t.<\/li>\n<li>Kundenorientiert: Wir schneiden unsere Dienstleistungen auf Ihre Bed\u00fcrfnisse zu.<\/li>\n<\/ul>\n<p><strong>Verbinden Sie sich mit uns!<\/strong><br \/>\nWenn Sie Probleme bei der Suche nach dem richtigen <span style=\"color: #0054a6;\"><strong><a style=\"color: #0054a6;\" href=\"https:\/\/www.bonelinks.com\/de\/fiber-optic-patch-cord-supplier\/\" target=\"_blank\" rel=\"noopener\">Glasfaser-Patchkabel <\/a><\/strong><\/span>f\u00fcr Ihre Bed\u00fcrfnisse zu finden, oder wenn Sie einen Expertenrat ben\u00f6tigen, k\u00f6nnen Sie mit einem Klick<a href=\"https:\/\/www.bonelinks.com\/de\/contact-us\/\" target=\"_blank\" rel=\"noopener\"><strong><span style=\"color: #0054a6;\"> mit uns chatten <\/span><\/strong><\/a>in Sekundenschnelle. Ihre Zufriedenheit ist unsere Priorit\u00e4t. Wir sind bereit, Sie in jeder Hinsicht zu unterst\u00fctzen. <strong>Keine Sorge, \u00fcberm\u00e4\u00dfiges Nachdenken ist nicht erforderlich. Wir sind hier und bereit, Ihnen zu helfen.<\/strong><\/p>\n","protected":false},"excerpt":{"rendered":"<p>MPO zu LC 8 Fiber OM3 50\/125 Breakout Kabel 40g 100g erm\u00f6glicht den Anschluss eines QSFP+ oder QSFP28 Transceivers an 4 SFP+ oder LC Ports und bietet eine flexible und platzsparende L\u00f6sung f\u00fcr hohe Datenraten.<\/p>\n<ul>\n<li>Ideal f\u00fcr 40G SR4- oder 100G SR4-Anwendungen<\/li>\n<li>Optimierte Leistung &#8211; erh\u00e4ltlich als Elite MTP und diskreter Premium-Anschluss<\/li>\n<li>Kundenspezifische Konfigurationen verf\u00fcgbar<\/li>\n<\/ul>\n","protected":false},"featured_media":16596,"template":"","meta":{"site-sidebar-layout":"default","site-content-layout":"default","ast-site-content-layout":"default","site-content-style":"default","site-sidebar-style":"default","ast-global-header-display":"","ast-banner-title-visibility":"","ast-main-header-display":"","ast-hfb-above-header-display":"","ast-hfb-below-header-display":"","ast-hfb-mobile-header-display":"","site-post-title":"","ast-breadcrumbs-content":"","ast-featured-img":"","footer-sml-layout":"","ast-disable-related-posts":"","theme-transparent-header-meta":"default","adv-header-id-meta":"","stick-header-meta":"default","header-above-stick-meta":"","header-main-stick-meta":"","header-below-stick-meta":"","astra-migrate-meta-layouts":"set","ast-page-background-enabled":"default","ast-page-background-meta":{"desktop":{"background-color":"","background-image":"","background-repeat":"repeat","background-position":"center center","background-size":"auto","background-attachment":"scroll","background-type":"","background-media":"","overlay-type":"","overlay-color":"","overlay-opacity":"","overlay-gradient":""},"tablet":{"background-color":"","background-image":"","background-repeat":"repeat","background-position":"center center","background-size":"auto","background-attachment":"scroll","background-type":"","background-media":"","overlay-type":"","overlay-color":"","overlay-opacity":"","overlay-gradient":""},"mobile":{"background-color":"","background-image":"","background-repeat":"repeat","background-position":"center center","background-size":"auto","background-attachment":"scroll","background-type":"","background-media":"","overlay-type":"","overlay-color":"","overlay-opacity":"","overlay-gradient":""}},"ast-content-background-meta":{"desktop":{"background-color":"var(--ast-global-color-5)","background-image":"","background-repeat":"repeat","background-position":"center center","background-size":"auto","background-attachment":"scroll","background-type":"","background-media":"","overlay-type":"","overlay-color":"","overlay-opacity":"","overlay-gradient":""},"tablet":{"background-color":"var(--ast-global-color-5)","background-image":"","background-repeat":"repeat","background-position":"center center","background-size":"auto","background-attachment":"scroll","background-type":"","background-media":"","overlay-type":"","overlay-color":"","overlay-opacity":"","overlay-gradient":""},"mobile":{"background-color":"var(--ast-global-color-5)","background-image":"","background-repeat":"repeat","background-position":"center center","background-size":"auto","background-attachment":"scroll","background-type":"","background-media":"","overlay-type":"","overlay-color":"","overlay-opacity":"","overlay-gradient":""}}},"product_brand":[],"product_cat":[228,237,262,230],"product_tag":[],"class_list":{"0":"post-21267","1":"product","2":"type-product","3":"status-publish","4":"has-post-thumbnail","6":"product_cat-fiber-patch-cord-de","7":"product_cat-lc-fiber-patch-cord-de","8":"product_cat-mpo-patch-cord-de","9":"product_cat-multimode-fiber-patch-cord-de","10":"pa_connector-type-mpo-lc-de","11":"pa_fiber-type-50-125-om3-de","12":"desktop-align-left","13":"tablet-align-left","14":"mobile-align-left","15":"ast-product-gallery-layout-vertical","16":"ast-product-gallery-with-no-image","17":"ast-product-tabs-layout-vertical","18":"ast-qv-on-image","20":"first","21":"instock","22":"shipping-taxable","23":"product-type-simple"},"_links":{"self":[{"href":"https:\/\/www.bonelinks.com\/de\/wp-json\/wp\/v2\/product\/21267","targetHints":{"allow":["GET"]}}],"collection":[{"href":"https:\/\/www.bonelinks.com\/de\/wp-json\/wp\/v2\/product"}],"about":[{"href":"https:\/\/www.bonelinks.com\/de\/wp-json\/wp\/v2\/types\/product"}],"version-history":[{"count":3,"href":"https:\/\/www.bonelinks.com\/de\/wp-json\/wp\/v2\/product\/21267\/revisions"}],"predecessor-version":[{"id":24862,"href":"https:\/\/www.bonelinks.com\/de\/wp-json\/wp\/v2\/product\/21267\/revisions\/24862"}],"wp:featuredmedia":[{"embeddable":true,"href":"https:\/\/www.bonelinks.com\/de\/wp-json\/wp\/v2\/media\/16596"}],"wp:attachment":[{"href":"https:\/\/www.bonelinks.com\/de\/wp-json\/wp\/v2\/media?parent=21267"}],"wp:term":[{"taxonomy":"product_brand","embeddable":true,"href":"https:\/\/www.bonelinks.com\/de\/wp-json\/wp\/v2\/product_brand?post=21267"},{"taxonomy":"product_cat","embeddable":true,"href":"https:\/\/www.bonelinks.com\/de\/wp-json\/wp\/v2\/product_cat?post=21267"},{"taxonomy":"product_tag","embeddable":true,"href":"https:\/\/www.bonelinks.com\/de\/wp-json\/wp\/v2\/product_tag?post=21267"}],"curies":[{"name":"wp","href":"https:\/\/api.w.org\/{rel}","templated":true}]}}