{"id":21235,"date":"2023-07-08T01:55:35","date_gmt":"2023-07-08T09:55:35","guid":{"rendered":"https:\/\/www.bonelinks.com\/product\/mpo-zu-lc-12-faser-50-125-multimode-om3-breakout-kabel\/"},"modified":"2024-02-02T03:58:46","modified_gmt":"2024-02-02T11:58:46","slug":"mpo-to-lc-12-fiber-50-125-multimode-om3-breakout-cable","status":"publish","type":"product","link":"https:\/\/www.bonelinks.com\/de\/product\/mpo-to-lc-12-fiber-50-125-multimode-om3-breakout-cable\/","title":{"rendered":"MPO zu LC 12 Faser 50\/125 Multimode OM3 Breakout Kabel"},"content":{"rendered":"<h1 style=\"text-align: left; font-size: 18px;\"><strong> High-Density MPO zu LC 12 Fiber 50\/125 Multimode OM3 Breakout Kabel: Effiziente Netzwerkverbindung<\/strong><\/h1>\n<p>Das MPO zu LC 12 Fiber 50\/125 Multimode OM3 Breakout Kabel ist ein werkseitig vorkonfektioniertes Kabel, das gleichbleibende Qualit\u00e4t, schnelle Installation und vereinfachtes Kabelmanagement bietet. Es verf\u00fcgt \u00fcber eine MPO-Buchse und 6x LC UPC-Duplex-Glasfaseranschl\u00fcsse. Die Steckverbinder sind mit UPC-Politur versehen, um die Oberfl\u00e4che zu verbessern und die R\u00fcckreflexion zu verringern.<\/p>\n<p>Diese Breakout-Kabel sind ideal f\u00fcr direkte Verbindungen zwischen Transceivern oder Patchpanels mit LC-Ports und MPO-Backbone\/Trunks. Sie bieten den Vorteil, dass eine einzige MPO-Trunk-Baugruppe von mehreren SFP+-Transceivern aus betrieben werden kann, wodurch Einf\u00fcgungsverluste, die durch mehrere Steckverbinder verursacht werden, minimiert werden. Sie helfen auch bei der Migration von 10G- auf 40G-\u00dcbertragungsraten, z. B. mit einer QSFP+ auf 4x SFP+-L\u00f6sung.<\/p>\n<p>Der MTP\u00ae-Stecker ist auf Anfrage erh\u00e4ltlich. Jedes MPO-zu-LC-Breakout-Kabel kann mit gepinnten (m\u00e4nnlichen) oder nicht gepinnten (weiblichen) Steckern in jeder beliebigen Kombination angepasst werden, um Netzwerkkompatibilit\u00e4t zu gew\u00e4hrleisten. Kabell\u00e4ngen sind auf Anfrage erh\u00e4ltlich. Jedes Breakout-Kabel wird umfassenden Tests unterzogen und besteht aus robusten Komponenten f\u00fcr eine zuverl\u00e4ssige Leistung.<\/p>\n<h2 style=\"text-align: left; font-size: 18px;\"><strong>Eigenschaften von MPO zu LC 12 Fiber 50\/125 Multimode OM3 Breakout Kabel <\/strong><\/h2>\n<ul>\n<li style=\"list-style-type: none;\">\n<ul>\n<li>Laser-optimierte Multimode 50\/125 OM3-Faser<\/li>\n<li>MPO-Buchse auf 6 x LC-Duplex-Kabelbaum<\/li>\n<li>Direkte Verbindung zwischen Transceivern und MPO (MTP) Trunks<\/li>\n<li>Ideal f\u00fcr Anwendungen mit hoher Packungsdichte<\/li>\n<li>Werkskonfektionierung f\u00fcr gleichbleibende Qualit\u00e4t, hohe Leistung und k\u00fcrzere Installationszeiten<\/li>\n<li>100% getestet f\u00fcr niedrige Einf\u00fcgungsd\u00e4mpfung und hohe R\u00fcckflussd\u00e4mpfung<\/li>\n<li>Optimierte Leistung &#8211; erh\u00e4ltlich als Elite MTP und diskreter Premium-Anschluss<\/li>\n<li>Kundenspezifische Konfigurationen verf\u00fcgbar<\/li>\n<\/ul>\n<\/li>\n<\/ul>\n<h2 style=\"text-align: left; font-size: 18px;\"><strong>Anwendungen von MPO zu LC 12 Fiber 50\/125 Multimode OM3 Breakout Kabel <\/strong><\/h2>\n<ul>\n<li>Optische Vermittlung von Interframe-Verbindungen<\/li>\n<li>High-Density-Glasfaserkartenrandzugang<\/li>\n<li>40G- und 10G-Verbindungen<\/li>\n<li>Rechenzentrum-Verkabelung<\/li>\n<\/ul>\n<h2 style=\"text-align: left; font-size: 18px;\"><strong>Suchen Sie nach weiteren MTP\/MPO-Kabeln?<\/strong><\/h2>\n<p>M\u00f6chten Sie mehr Optionen f\u00fcr MTP\/MPO-Kabel? Entdecken Sie unsere Auswahl an <span style=\"color: #0054a6;\"><strong><a style=\"color: #0054a6;\" href=\"https:\/\/www.bonelinks.com\/de\/mpo-12-fiber-cable\/\" target=\"_blank\" rel=\"noopener\">12-Faser MTP\/MPO-Kabeln <\/a><\/strong><\/span>und <a title=\"MPO\/MTP zu LC Breakout-Kabel\" href=\"https:\/\/www.bonelinks.com\/de\/mpo-breakout-cable\/\" target=\"_blank\" rel=\"noopener\"><strong><span style=\"color: #0054a6;\">MPO\/MTP-zu-LC-Breakout-Kabeln<\/span><\/strong> <\/a>f\u00fcr nahtlose Vernetzung.<\/p>\n<p>Sind Sie auf der Suche nach ma\u00dfgeschneiderten und speziell angefertigten MPO-Patchkabeln? Entdecken Sie unseren speziellen Bereich \u00fcber<a href=\"https:\/\/www.bonelinks.com\/de\/custom-fiber-optic-cables\/\" target=\"_blank\" rel=\"noopener\"><span style=\"color: #0054a6;\"><strong> Kundenspezifische Glasfaserkabel <\/strong><\/span><\/a>f\u00fcr ma\u00dfgeschneiderte Konnektivit\u00e4tsl\u00f6sungen.<\/p>\n<ul>\n<li>Einzelhandel oder Gro\u00dfhandel &#8211; wir haben alles f\u00fcr Sie!<\/li>\n<li>Nicht sicher, was Sie kaufen sollen? Wir bieten fachkundige Beratung.<\/li>\n<li>Kleines MOQ: Sie brauchen nicht mehr zu kaufen, als Sie wollen.<\/li>\n<li>Konkurrenzf\u00e4hige Preise: Sie erhalten jedes Mal ein gutes Preis-Leistungs-Verh\u00e4ltnis.<\/li>\n<li>Prompte Lieferung: Ihre Geschwindigkeit, unsere Priorit\u00e4t.<\/li>\n<li>Kundenorientiert: Wir schneiden unsere Dienstleistungen auf Ihre Bed\u00fcrfnisse zu.<\/li>\n<\/ul>\n<p><strong>Verbinden Sie sich mit uns!<\/strong><br \/>\nWenn Sie Probleme bei der Suche nach dem richtigen <span style=\"color: #0054a6;\"><strong><a style=\"color: #0054a6;\" href=\"https:\/\/www.bonelinks.com\/de\/fiber-optic-patch-cord-supplier\/\" target=\"_blank\" rel=\"noopener\">Glasfaser-Patchkabel <\/a><\/strong><\/span>f\u00fcr Ihre Bed\u00fcrfnisse zu finden, oder wenn Sie einen Expertenrat ben\u00f6tigen, k\u00f6nnen Sie mit einem Klick<a href=\"https:\/\/www.bonelinks.com\/de\/contact-us\/\" target=\"_blank\" rel=\"noopener\"><strong><span style=\"color: #0054a6;\"> mit uns chatten <\/span><\/strong><\/a>in Sekundenschnelle. Ihre Zufriedenheit ist unsere Priorit\u00e4t. Wir sind bereit, Sie in jeder Hinsicht zu unterst\u00fctzen. <strong>Keine Sorge, \u00fcberm\u00e4\u00dfiges Nachdenken ist nicht erforderlich. Wir sind hier und bereit, Ihnen zu helfen.<\/strong><\/p>\n","protected":false},"excerpt":{"rendered":"<p>Das werkseitig vorkonfektionierte MPO-auf-LC-12-Faser-OM3-Breakout-Kabel bietet gleichbleibende Qualit\u00e4t und schnelle Installation. Perfekt f\u00fcr Netzwerke mit hoher Dichte, die leistungsstarke Glasfaserverbindungen und nahtloses Kabelmanagement erm\u00f6glichen.<\/p>\n<ul>\n<li>Laser-optimierte Multimode-OM3-Faser<\/li>\n<li>MPO-Buchse auf 6 x LC-Duplex-Kabelbaum<\/li>\n<li>Direkte Verbindung zwischen Transceivern und MPO (MTP) Trunks<\/li>\n<li>Erh\u00e4ltlich mit Elite MTP und diskretem Premium-Stecker<\/li>\n<\/ul>\n","protected":false},"featured_media":17926,"template":"","meta":{"site-sidebar-layout":"default","site-content-layout":"default","ast-site-content-layout":"default","site-content-style":"default","site-sidebar-style":"default","ast-global-header-display":"","ast-banner-title-visibility":"","ast-main-header-display":"","ast-hfb-above-header-display":"","ast-hfb-below-header-display":"","ast-hfb-mobile-header-display":"","site-post-title":"","ast-breadcrumbs-content":"","ast-featured-img":"","footer-sml-layout":"","ast-disable-related-posts":"","theme-transparent-header-meta":"default","adv-header-id-meta":"","stick-header-meta":"default","header-above-stick-meta":"","header-main-stick-meta":"","header-below-stick-meta":"","astra-migrate-meta-layouts":"set","ast-page-background-enabled":"default","ast-page-background-meta":{"desktop":{"background-color":"","background-image":"","background-repeat":"repeat","background-position":"center center","background-size":"auto","background-attachment":"scroll","background-type":"","background-media":"","overlay-type":"","overlay-color":"","overlay-opacity":"","overlay-gradient":""},"tablet":{"background-color":"","background-image":"","background-repeat":"repeat","background-position":"center center","background-size":"auto","background-attachment":"scroll","background-type":"","background-media":"","overlay-type":"","overlay-color":"","overlay-opacity":"","overlay-gradient":""},"mobile":{"background-color":"","background-image":"","background-repeat":"repeat","background-position":"center center","background-size":"auto","background-attachment":"scroll","background-type":"","background-media":"","overlay-type":"","overlay-color":"","overlay-opacity":"","overlay-gradient":""}},"ast-content-background-meta":{"desktop":{"background-color":"var(--ast-global-color-5)","background-image":"","background-repeat":"repeat","background-position":"center center","background-size":"auto","background-attachment":"scroll","background-type":"","background-media":"","overlay-type":"","overlay-color":"","overlay-opacity":"","overlay-gradient":""},"tablet":{"background-color":"var(--ast-global-color-5)","background-image":"","background-repeat":"repeat","background-position":"center center","background-size":"auto","background-attachment":"scroll","background-type":"","background-media":"","overlay-type":"","overlay-color":"","overlay-opacity":"","overlay-gradient":""},"mobile":{"background-color":"var(--ast-global-color-5)","background-image":"","background-repeat":"repeat","background-position":"center center","background-size":"auto","background-attachment":"scroll","background-type":"","background-media":"","overlay-type":"","overlay-color":"","overlay-opacity":"","overlay-gradient":""}}},"product_brand":[],"product_cat":[228,237,262,230],"product_tag":[],"class_list":{"0":"post-21235","1":"product","2":"type-product","3":"status-publish","4":"has-post-thumbnail","6":"product_cat-fiber-patch-cord-de","7":"product_cat-lc-fiber-patch-cord-de","8":"product_cat-mpo-patch-cord-de","9":"product_cat-multimode-fiber-patch-cord-de","10":"pa_connector-type-mpo-lc-de","11":"pa_fiber-type-50-125-om3-de","12":"desktop-align-left","13":"tablet-align-left","14":"mobile-align-left","15":"ast-product-gallery-layout-vertical","16":"ast-product-gallery-with-no-image","17":"ast-product-tabs-layout-vertical","18":"ast-qv-on-image","20":"first","21":"instock","22":"shipping-taxable","23":"product-type-simple"},"_links":{"self":[{"href":"https:\/\/www.bonelinks.com\/de\/wp-json\/wp\/v2\/product\/21235","targetHints":{"allow":["GET"]}}],"collection":[{"href":"https:\/\/www.bonelinks.com\/de\/wp-json\/wp\/v2\/product"}],"about":[{"href":"https:\/\/www.bonelinks.com\/de\/wp-json\/wp\/v2\/types\/product"}],"version-history":[{"count":3,"href":"https:\/\/www.bonelinks.com\/de\/wp-json\/wp\/v2\/product\/21235\/revisions"}],"predecessor-version":[{"id":24858,"href":"https:\/\/www.bonelinks.com\/de\/wp-json\/wp\/v2\/product\/21235\/revisions\/24858"}],"wp:featuredmedia":[{"embeddable":true,"href":"https:\/\/www.bonelinks.com\/de\/wp-json\/wp\/v2\/media\/17926"}],"wp:attachment":[{"href":"https:\/\/www.bonelinks.com\/de\/wp-json\/wp\/v2\/media?parent=21235"}],"wp:term":[{"taxonomy":"product_brand","embeddable":true,"href":"https:\/\/www.bonelinks.com\/de\/wp-json\/wp\/v2\/product_brand?post=21235"},{"taxonomy":"product_cat","embeddable":true,"href":"https:\/\/www.bonelinks.com\/de\/wp-json\/wp\/v2\/product_cat?post=21235"},{"taxonomy":"product_tag","embeddable":true,"href":"https:\/\/www.bonelinks.com\/de\/wp-json\/wp\/v2\/product_tag?post=21235"}],"curies":[{"name":"wp","href":"https:\/\/api.w.org\/{rel}","templated":true}]}}