{"id":21221,"date":"2023-07-10T02:44:04","date_gmt":"2023-07-10T10:44:04","guid":{"rendered":"https:\/\/www.bonelinks.com\/product\/12-fiber-om4-mpo-trunk-kabel\/"},"modified":"2024-02-02T03:48:51","modified_gmt":"2024-02-02T11:48:51","slug":"12-fiber-om4-mpo-trunk-cable","status":"publish","type":"product","link":"https:\/\/www.bonelinks.com\/de\/product\/12-fiber-om4-mpo-trunk-cable\/","title":{"rendered":"12 Fiber OM4 MPO Trunk Kabel"},"content":{"rendered":"<h1 style=\"text-align: left; font-size: 18px;\"><strong>Hochdichtes 12-Faser-OM4-MPO-Trunk-Kabel: Rationalisierte Konnektivit\u00e4t <\/strong><\/h1>\n<p>Das 12 Fiber OM4 MPO Trunk Cable verf\u00fcgt \u00fcber mehrere 12-Faser-MPO-Buchsen und laseroptimierte Multimode (LOMMF) OM4-Glasfaserkabel. Das Kabel folgt der Methode B (Cross-Connect) Polarit\u00e4t f\u00fcr Kompatibilit\u00e4t.<\/p>\n<p>Unsere 12 Fiber MPO Trunks Kabel bieten eine umfassende OM4 Backbone Verkabelungsl\u00f6sung f\u00fcr Ihr gesamtes System. Diese High-Count-Trunk-Kabel sind mit 12-poligen MPO-Steckern vorkonfektioniert und erm\u00f6glichen den einfachen und effizienten Einsatz einer gro\u00dfen Anzahl von Fasern in einem einzigen Kabel (von 12 bis 144 Fasern, auf Anfrage erh\u00e4ltlich). Die Trunks k\u00f6nnen nahtlos an jede MPO-Kassette oder jeden Verteiler angeschlossen werden und sind mit allen MPO-Systemen auf dem Markt voll kompatibel. Die MPO-12-Konfiguration unterst\u00fctzt auch MPO-8-Fasersysteme und ist damit ideal f\u00fcr parallele optische 8-Faser-Multimode-Transceiver-Anwendungen, einschlie\u00dflich direkter 40G QSFP+ SR4\/CSR4- und 100G QSFP28 SR4-Optik-Verbindungen.<\/p>\n<p>Das OM4 MPO Trunk-Kabel unterst\u00fctzt die Wellenl\u00e4ngen 850nm und 1310nm mit einer D\u00e4mpfung von 2,5dB\/km bei 850nm und 0,6dB\/km bei 1310nm, was eine optimale Leistung \u00fcber kurze Distanzen gew\u00e4hrleistet. Bei Entfernungen von bis zu 150 Metern erreicht das Kabel eine maximale \u00dcbertragungsrate von 40Gbit\/s, w\u00e4hrend die maximale Entfernung f\u00fcr eine Datenrate von 100Gbit\/s 100 Meter betr\u00e4gt.<\/p>\n<p>Das 12 Fiber OM4 MPO Trunk Kabel ist wahlweise mit einem LSZH, OFNR oder OFNP Mantel erh\u00e4ltlich. Optionale MTP\u00ae-Stecker, benutzerdefinierte L\u00e4ngen und Polarit\u00e4tskonfigurationen sind ebenfalls erh\u00e4ltlich und bieten Flexibilit\u00e4t, um Ihre spezifischen Netzwerkanforderungen zu erf\u00fcllen.<\/p>\n<h2 style=\"text-align: left; font-size: 18px;\"><strong>Eigenschaften von 12 Fiber OM4 MPO Trunk Kabel <\/strong><\/h2>\n<ul>\n<li>MPO(Buchse)-MPO(Buchse) Steckverbinder<\/li>\n<li>Laser-optimierte Multimode-OM4-Faser<\/li>\n<li>Entwickelt f\u00fcr 40G QSFP+ SR4\/CSR4, 100G QSFP28 SR4 Optiken<\/li>\n<li>Optimiert f\u00fcr High-Density Fiber Patching in Rechenzentren<\/li>\n<li>Hochwertige OM4-MPO-Steckverbinder, garantiert durch das 3D-Interferometer<\/li>\n<li>Niedriges IL und stabile Signal\u00fcbertragung f\u00fcr die Sicherheit Ihres Netzwerks<\/li>\n<li>Kundenspezifische Optionen, wie L\u00e4nge, Polarit\u00e4t, Ummantelung, sind verf\u00fcgbar.<\/li>\n<\/ul>\n<h2 style=\"text-align: left; font-size: 18px;\"><strong>Anwendungen von 12 Fiber OM4 MPO Trunk Kabel <\/strong><\/h2>\n<ul>\n<li>Optische Vermittlung von Interframe-Verbindungen<\/li>\n<li>High-Density-Glasfaserkartenrandzugang<\/li>\n<li>10G\/40G\/100G-Verbindung<\/li>\n<li>Rechenzentrum-Verkabelung<\/li>\n<\/ul>\n<h2 style=\"text-align: left; font-size: 18px;\"><strong>Suchen Sie nach weiteren MTP\/MPO-Kabeln?<\/strong><\/h2>\n<p>M\u00f6chten Sie mehr Optionen f\u00fcr MTP\/MPO-Kabel? Entdecken Sie unsere Auswahl an <span style=\"color: #0054a6;\"><strong><a style=\"color: #0054a6;\" href=\"https:\/\/www.bonelinks.com\/de\/mpo-12-fiber-cable\/\" target=\"_blank\" rel=\"noopener\">12-Faser MTP\/MPO-Kabeln <\/a><\/strong><\/span>und <a href=\"https:\/\/www.bonelinks.com\/de\/mpo-trunk-cable\/\" target=\"_blank\" rel=\"noopener\"><strong><span style=\"color: #0054a6;\">MPO-zu-MPO\/MTP-zu-MTP-Glasfaserkabeln<\/span><\/strong> <\/a>f\u00fcr eine nahtlose Vernetzung.<\/p>\n<p>Sind Sie auf der Suche nach ma\u00dfgeschneiderten und speziell angefertigten MPO-Patchkabeln? Entdecken Sie unseren speziellen Bereich \u00fcber<a href=\"https:\/\/www.bonelinks.com\/de\/custom-fiber-optic-cables\/\" target=\"_blank\" rel=\"noopener\"><span style=\"color: #0054a6;\"><strong> Kundenspezifische Glasfaserkabel <\/strong><\/span><\/a>f\u00fcr ma\u00dfgeschneiderte Konnektivit\u00e4tsl\u00f6sungen.<\/p>\n<ul>\n<li>Einzelhandel oder Gro\u00dfhandel &#8211; wir haben alles f\u00fcr Sie!<\/li>\n<li>Nicht sicher, was Sie kaufen sollen? Wir bieten fachkundige Beratung.<\/li>\n<li>Kleines MOQ: Sie brauchen nicht mehr zu kaufen, als Sie wollen.<\/li>\n<li>Konkurrenzf\u00e4hige Preise: Sie erhalten jedes Mal ein gutes Preis-Leistungs-Verh\u00e4ltnis.<\/li>\n<li>Prompte Lieferung: Ihre Geschwindigkeit, unsere Priorit\u00e4t.<\/li>\n<li>Kundenorientiert: Wir schneiden unsere Dienstleistungen auf Ihre Bed\u00fcrfnisse zu.<\/li>\n<\/ul>\n<p><strong>Verbinden Sie sich mit uns!<\/strong><br \/>\nWenn Sie Probleme bei der Suche nach dem richtigen <span style=\"color: #0054a6;\"><strong><a style=\"color: #0054a6;\" href=\"https:\/\/www.bonelinks.com\/de\/fiber-optic-patch-cord-supplier\/\" target=\"_blank\" rel=\"noopener\">Glasfaser-Patchkabel <\/a><\/strong><\/span>f\u00fcr Ihre Bed\u00fcrfnisse zu finden, oder wenn Sie einen Expertenrat ben\u00f6tigen, k\u00f6nnen Sie mit einem Klick<a href=\"https:\/\/www.bonelinks.com\/de\/contact-us\/\" target=\"_blank\" rel=\"noopener\"><strong><span style=\"color: #0054a6;\"> mit uns chatten <\/span><\/strong><\/a>in Sekundenschnelle. Ihre Zufriedenheit ist unsere Priorit\u00e4t. Wir sind bereit, Sie in jeder Hinsicht zu unterst\u00fctzen. <strong>Keine Sorge, \u00fcberm\u00e4\u00dfiges Nachdenken ist nicht erforderlich. Wir sind hier und bereit, Ihnen zu helfen.<\/strong><\/p>\n","protected":false},"excerpt":{"rendered":"<p>12 Fiber OM4 MPO Trunk Cable bietet gleichbleibende Qualit\u00e4t, schnelle Installation und vereinfachtes Kabelmanagement. Er ist ideal f\u00fcr Anwendungen mit hoher Dichte, unterst\u00fctzt verschiedene MPO-Systeme und bietet eine zuverl\u00e4ssige Leistung.<\/p>\n<ul>\n<li>MPO(Buchse)-MPO(Buchse) Steckverbinder<\/li>\n<li>Laser-optimierte Multimode-OM4-Faser<\/li>\n<li>Entwickelt f\u00fcr 40G QSFP+ SR4\/CSR4, 100G QSFP28 SR4 Optiken<\/li>\n<li>Kundenspezifische Optionen, wie L\u00e4nge, Polarit\u00e4t, Ummantelung, sind verf\u00fcgbar.<\/li>\n<\/ul>\n","protected":false},"featured_media":16631,"template":"","meta":{"site-sidebar-layout":"default","site-content-layout":"default","ast-site-content-layout":"default","site-content-style":"default","site-sidebar-style":"default","ast-global-header-display":"","ast-banner-title-visibility":"","ast-main-header-display":"","ast-hfb-above-header-display":"","ast-hfb-below-header-display":"","ast-hfb-mobile-header-display":"","site-post-title":"","ast-breadcrumbs-content":"","ast-featured-img":"","footer-sml-layout":"","ast-disable-related-posts":"","theme-transparent-header-meta":"default","adv-header-id-meta":"","stick-header-meta":"default","header-above-stick-meta":"","header-main-stick-meta":"","header-below-stick-meta":"","astra-migrate-meta-layouts":"set","ast-page-background-enabled":"default","ast-page-background-meta":{"desktop":{"background-color":"","background-image":"","background-repeat":"repeat","background-position":"center center","background-size":"auto","background-attachment":"scroll","background-type":"","background-media":"","overlay-type":"","overlay-color":"","overlay-opacity":"","overlay-gradient":""},"tablet":{"background-color":"","background-image":"","background-repeat":"repeat","background-position":"center center","background-size":"auto","background-attachment":"scroll","background-type":"","background-media":"","overlay-type":"","overlay-color":"","overlay-opacity":"","overlay-gradient":""},"mobile":{"background-color":"","background-image":"","background-repeat":"repeat","background-position":"center center","background-size":"auto","background-attachment":"scroll","background-type":"","background-media":"","overlay-type":"","overlay-color":"","overlay-opacity":"","overlay-gradient":""}},"ast-content-background-meta":{"desktop":{"background-color":"var(--ast-global-color-5)","background-image":"","background-repeat":"repeat","background-position":"center center","background-size":"auto","background-attachment":"scroll","background-type":"","background-media":"","overlay-type":"","overlay-color":"","overlay-opacity":"","overlay-gradient":""},"tablet":{"background-color":"var(--ast-global-color-5)","background-image":"","background-repeat":"repeat","background-position":"center center","background-size":"auto","background-attachment":"scroll","background-type":"","background-media":"","overlay-type":"","overlay-color":"","overlay-opacity":"","overlay-gradient":""},"mobile":{"background-color":"var(--ast-global-color-5)","background-image":"","background-repeat":"repeat","background-position":"center center","background-size":"auto","background-attachment":"scroll","background-type":"","background-media":"","overlay-type":"","overlay-color":"","overlay-opacity":"","overlay-gradient":""}}},"product_brand":[],"product_cat":[228,262,230],"product_tag":[],"class_list":{"0":"post-21221","1":"product","2":"type-product","3":"status-publish","4":"has-post-thumbnail","6":"product_cat-fiber-patch-cord-de","7":"product_cat-mpo-patch-cord-de","8":"product_cat-multimode-fiber-patch-cord-de","9":"pa_connector-type-mpo-mpo-de","10":"pa_fiber-type-50-125-om4-de","11":"desktop-align-left","12":"tablet-align-left","13":"mobile-align-left","14":"ast-product-gallery-layout-vertical","15":"ast-product-gallery-with-no-image","16":"ast-product-tabs-layout-vertical","17":"ast-qv-on-image","19":"first","20":"instock","21":"shipping-taxable","22":"product-type-simple"},"_links":{"self":[{"href":"https:\/\/www.bonelinks.com\/de\/wp-json\/wp\/v2\/product\/21221","targetHints":{"allow":["GET"]}}],"collection":[{"href":"https:\/\/www.bonelinks.com\/de\/wp-json\/wp\/v2\/product"}],"about":[{"href":"https:\/\/www.bonelinks.com\/de\/wp-json\/wp\/v2\/types\/product"}],"version-history":[{"count":3,"href":"https:\/\/www.bonelinks.com\/de\/wp-json\/wp\/v2\/product\/21221\/revisions"}],"predecessor-version":[{"id":24850,"href":"https:\/\/www.bonelinks.com\/de\/wp-json\/wp\/v2\/product\/21221\/revisions\/24850"}],"wp:featuredmedia":[{"embeddable":true,"href":"https:\/\/www.bonelinks.com\/de\/wp-json\/wp\/v2\/media\/16631"}],"wp:attachment":[{"href":"https:\/\/www.bonelinks.com\/de\/wp-json\/wp\/v2\/media?parent=21221"}],"wp:term":[{"taxonomy":"product_brand","embeddable":true,"href":"https:\/\/www.bonelinks.com\/de\/wp-json\/wp\/v2\/product_brand?post=21221"},{"taxonomy":"product_cat","embeddable":true,"href":"https:\/\/www.bonelinks.com\/de\/wp-json\/wp\/v2\/product_cat?post=21221"},{"taxonomy":"product_tag","embeddable":true,"href":"https:\/\/www.bonelinks.com\/de\/wp-json\/wp\/v2\/product_tag?post=21221"}],"curies":[{"name":"wp","href":"https:\/\/api.w.org\/{rel}","templated":true}]}}