{"id":21220,"date":"2023-07-10T00:57:21","date_gmt":"2023-07-10T08:57:21","guid":{"rendered":"https:\/\/www.bonelinks.com\/product\/12-faser-om3-mpo-auf-mpo-kabel\/"},"modified":"2024-02-02T03:46:45","modified_gmt":"2024-02-02T11:46:45","slug":"12-fiber-om3-mpo-trunk-cable","status":"publish","type":"product","link":"https:\/\/www.bonelinks.com\/de\/product\/12-fiber-om3-mpo-trunk-cable\/","title":{"rendered":"12 Faser OM3 MPO auf MPO Kabel"},"content":{"rendered":"<h1 style=\"text-align: left; font-size: 18px;\"><strong> Hochdichtes 12-Faser-OM3-MPO-auf-MPO-Kabel: Optimale Konnektivit\u00e4t<\/strong><\/h1>\n<p>Das 12 Fiber OM3 MPO zu MPO Kabel verf\u00fcgt \u00fcber hochleistungsf\u00e4hige OM3 MPO-12 Buchsen und bietet optimale Funktionalit\u00e4t und Zuverl\u00e4ssigkeit. Der MPO-12-Steckverbinder ist kompakt, \u00e4hnlich gro\u00df wie ein SC-Steckverbinder, bietet aber die bis zu 12-fache Dichte, was zu erheblichen Platz- und Kosteneinsparungen f\u00fchrt.<\/p>\n<p>Das 12 Fiber Multimode OM3 MPO zu MPO Kabel besteht aus hochwertigen Fasern und verf\u00fcgt \u00fcber MPO Buchsen zu MPO Buchsen. Der MPO-Stecker verf\u00fcgt \u00fcber einen federbelasteten Schiebemechanismus f\u00fcr sichere und zuverl\u00e4ssige Verbindungen. Dieses MPO-Kabel mit Methode B (Crossover) Polarit\u00e4t eignet sich f\u00fcr parallele optische 8-Faser-Multimode-Transceiver-Anwendungen, einschlie\u00dflich 40G QSFP+ SR4, eSR4 und 100G QSFP28 SR4-Verbindungen. Er unterst\u00fctzt MPO-8-Glasfasersysteme und verbessert so die Skalierbarkeit bei Netzwerkerweiterungen.<\/p>\n<p>Dieses OM3 MPO-zu-MPO-Kabel mit einer 50\/125-Konfiguration und einem Durchmesser von 3,0 mm erm\u00f6glicht Hochgeschwindigkeits\u00fcbertragungen. Es kann eine maximale \u00dcbertragungsrate von 40Gbit\/s bei Entfernungen von bis zu 100 Metern und 100Gbit\/s bei Entfernungen von bis zu 70 Metern erreichen, wenn es mit 850nm 40G QSFP+ Modulen verwendet wird.<\/p>\n<p>Jedes MPO zu MPO Kabel ist werkseitig vorkonfektioniert, getestet und mit einem Pr\u00fcfbericht verpackt, um h\u00f6chste Qualit\u00e4t zu gew\u00e4hrleisten. Erh\u00e4ltlich sind die Ummantelungen LSZH, OFNR oder OFNP. Optionale MTP-Stecker sind auf Anfrage ebenfalls erh\u00e4ltlich.<\/p>\n<h2 style=\"text-align: left; font-size: 18px;\"><strong>Eigenschaften von 12 Fiber OM3 MPO auf MPO Kabel <\/strong><\/h2>\n<ul>\n<li>MPO(Buchse)-MPO(Buchse) Steckverbinder<\/li>\n<li>50\/125\u00b5m Aqua OM3 Kabel<\/li>\n<li>Entwickelt f\u00fcr 40G QSFP+ SR4\/CSR4, 100G QSFP28 SR4 Optiken<\/li>\n<li>Optimiert f\u00fcr High-Density Fiber Patching in Rechenzentren<\/li>\n<li>Hochwertige OM3-MPO-Steckverbinder, garantiert durch das 3D-Interferometer<\/li>\n<li>Bietet 0,6dB Standard &amp; 0,35dB Elite geringen Verlust f\u00fcr Kunden nach Wahl<\/li>\n<li>Kundenspezifische Optionen, wie L\u00e4nge, Polarit\u00e4t, Ummantelung, sind verf\u00fcgbar.<\/li>\n<\/ul>\n<h2 style=\"text-align: left; font-size: 18px;\"><strong>Anwendungen von 12 Fiber OM3 MPO auf MPO Kabel <\/strong><\/h2>\n<ul>\n<li>Optische Vermittlung von Interframe-Verbindungen<\/li>\n<li>High-Density-Glasfaserkartenrandzugang<\/li>\n<li>10G\/40G\/100G-Verbindung<\/li>\n<li>Rechenzentrum-Verkabelung<\/li>\n<\/ul>\n<h2 style=\"text-align: left; font-size: 18px;\"><strong>Suchen Sie nach weiteren MTP\/MPO-Kabeln?<\/strong><\/h2>\n<p>M\u00f6chten Sie mehr Optionen f\u00fcr MTP\/MPO-Kabel? Entdecken Sie unsere Auswahl an <span style=\"color: #0054a6;\"><strong><a style=\"color: #0054a6;\" href=\"https:\/\/www.bonelinks.com\/de\/mpo-12-fiber-cable\/\" target=\"_blank\" rel=\"noopener\">12-Faser MTP\/MPO-Kabeln <\/a><\/strong><\/span>und <a href=\"https:\/\/www.bonelinks.com\/de\/mpo-trunk-cable\/\" target=\"_blank\" rel=\"noopener\"><strong><span style=\"color: #0054a6;\">MPO-zu-MPO\/MTP-zu-MTP-Glasfaserkabeln<\/span><\/strong> <\/a>f\u00fcr eine nahtlose Vernetzung.<\/p>\n<p>Sind Sie auf der Suche nach ma\u00dfgeschneiderten und speziell angefertigten MPO-Patchkabeln? Entdecken Sie unseren speziellen Bereich \u00fcber<a href=\"https:\/\/www.bonelinks.com\/de\/custom-fiber-optic-cables\/\" target=\"_blank\" rel=\"noopener\"><span style=\"color: #0054a6;\"><strong> Kundenspezifische Glasfaserkabel <\/strong><\/span><\/a>f\u00fcr ma\u00dfgeschneiderte Konnektivit\u00e4tsl\u00f6sungen.<\/p>\n<ul>\n<li>Einzelhandel oder Gro\u00dfhandel &#8211; wir haben alles f\u00fcr Sie!<\/li>\n<li>Nicht sicher, was Sie kaufen sollen? Wir bieten fachkundige Beratung.<\/li>\n<li>Kleines MOQ: Sie brauchen nicht mehr zu kaufen, als Sie wollen.<\/li>\n<li>Konkurrenzf\u00e4hige Preise: Sie erhalten jedes Mal ein gutes Preis-Leistungs-Verh\u00e4ltnis.<\/li>\n<li>Prompte Lieferung: Ihre Geschwindigkeit, unsere Priorit\u00e4t.<\/li>\n<li>Kundenorientiert: Wir schneiden unsere Dienstleistungen auf Ihre Bed\u00fcrfnisse zu.<\/li>\n<\/ul>\n<p><strong>Verbinden Sie sich mit uns!<\/strong><br \/>\nWenn Sie Probleme bei der Suche nach dem richtigen <span style=\"color: #0054a6;\"><strong><a style=\"color: #0054a6;\" href=\"https:\/\/www.bonelinks.com\/de\/fiber-optic-patch-cord-supplier\/\" target=\"_blank\" rel=\"noopener\">Glasfaser-Patchkabel <\/a><\/strong><\/span>f\u00fcr Ihre Bed\u00fcrfnisse zu finden, oder wenn Sie einen Expertenrat ben\u00f6tigen, k\u00f6nnen Sie mit einem Klick<a href=\"https:\/\/www.bonelinks.com\/de\/contact-us\/\" target=\"_blank\" rel=\"noopener\"><strong><span style=\"color: #0054a6;\"> mit uns chatten <\/span><\/strong><\/a>in Sekundenschnelle. Ihre Zufriedenheit ist unsere Priorit\u00e4t. Wir sind bereit, Sie in jeder Hinsicht zu unterst\u00fctzen. <strong>Keine Sorge, \u00fcberm\u00e4\u00dfiges Nachdenken ist nicht erforderlich. Wir sind hier und bereit, Ihnen zu helfen.<\/strong><\/p>\n","protected":false},"excerpt":{"rendered":"<p>12 Fiber OM3 MPO zu MPO Kabel bietet eine hohe Anschlussdichte mit zuverl\u00e4ssiger Leistung. Es ist ideal f\u00fcr Rechenzentren und Glasfasernetze und bietet Platz- und Kosteneinsparungen.<\/p>\n<ul>\n<li>MPO(Female)-MPO(Female) Steckverbinder 50\/125\u00b5m aqua OM3 Kabel<\/li>\n<li>Typ B-Polarit\u00e4t f\u00fcr 40G\/100G QSFP28 SR4-Anschluss<\/li>\n<li>Kundenspezifische Optionen, wie L\u00e4nge, Polarit\u00e4t, Ummantelung, sind verf\u00fcgbar.<\/li>\n<li>100% getestet auf niedrige Einf\u00fcgungsd\u00e4mpfung und hohe R\u00fcckflussd\u00e4mpfung<\/li>\n<\/ul>\n","protected":false},"featured_media":16611,"template":"","meta":{"site-sidebar-layout":"default","site-content-layout":"default","ast-site-content-layout":"default","site-content-style":"default","site-sidebar-style":"default","ast-global-header-display":"","ast-banner-title-visibility":"","ast-main-header-display":"","ast-hfb-above-header-display":"","ast-hfb-below-header-display":"","ast-hfb-mobile-header-display":"","site-post-title":"","ast-breadcrumbs-content":"","ast-featured-img":"","footer-sml-layout":"","ast-disable-related-posts":"","theme-transparent-header-meta":"default","adv-header-id-meta":"","stick-header-meta":"default","header-above-stick-meta":"","header-main-stick-meta":"","header-below-stick-meta":"","astra-migrate-meta-layouts":"set","ast-page-background-enabled":"default","ast-page-background-meta":{"desktop":{"background-color":"","background-image":"","background-repeat":"repeat","background-position":"center center","background-size":"auto","background-attachment":"scroll","background-type":"","background-media":"","overlay-type":"","overlay-color":"","overlay-opacity":"","overlay-gradient":""},"tablet":{"background-color":"","background-image":"","background-repeat":"repeat","background-position":"center center","background-size":"auto","background-attachment":"scroll","background-type":"","background-media":"","overlay-type":"","overlay-color":"","overlay-opacity":"","overlay-gradient":""},"mobile":{"background-color":"","background-image":"","background-repeat":"repeat","background-position":"center center","background-size":"auto","background-attachment":"scroll","background-type":"","background-media":"","overlay-type":"","overlay-color":"","overlay-opacity":"","overlay-gradient":""}},"ast-content-background-meta":{"desktop":{"background-color":"var(--ast-global-color-5)","background-image":"","background-repeat":"repeat","background-position":"center center","background-size":"auto","background-attachment":"scroll","background-type":"","background-media":"","overlay-type":"","overlay-color":"","overlay-opacity":"","overlay-gradient":""},"tablet":{"background-color":"var(--ast-global-color-5)","background-image":"","background-repeat":"repeat","background-position":"center center","background-size":"auto","background-attachment":"scroll","background-type":"","background-media":"","overlay-type":"","overlay-color":"","overlay-opacity":"","overlay-gradient":""},"mobile":{"background-color":"var(--ast-global-color-5)","background-image":"","background-repeat":"repeat","background-position":"center center","background-size":"auto","background-attachment":"scroll","background-type":"","background-media":"","overlay-type":"","overlay-color":"","overlay-opacity":"","overlay-gradient":""}}},"product_brand":[],"product_cat":[228,262,230],"product_tag":[],"class_list":{"0":"post-21220","1":"product","2":"type-product","3":"status-publish","4":"has-post-thumbnail","6":"product_cat-fiber-patch-cord-de","7":"product_cat-mpo-patch-cord-de","8":"product_cat-multimode-fiber-patch-cord-de","9":"pa_connector-type-mpo-mpo-de","10":"pa_fiber-type-50-125-om3-de","11":"desktop-align-left","12":"tablet-align-left","13":"mobile-align-left","14":"ast-product-gallery-layout-vertical","15":"ast-product-gallery-with-no-image","16":"ast-product-tabs-layout-vertical","17":"ast-qv-on-image","19":"first","20":"instock","21":"shipping-taxable","22":"product-type-simple"},"_links":{"self":[{"href":"https:\/\/www.bonelinks.com\/de\/wp-json\/wp\/v2\/product\/21220","targetHints":{"allow":["GET"]}}],"collection":[{"href":"https:\/\/www.bonelinks.com\/de\/wp-json\/wp\/v2\/product"}],"about":[{"href":"https:\/\/www.bonelinks.com\/de\/wp-json\/wp\/v2\/types\/product"}],"version-history":[{"count":3,"href":"https:\/\/www.bonelinks.com\/de\/wp-json\/wp\/v2\/product\/21220\/revisions"}],"predecessor-version":[{"id":24848,"href":"https:\/\/www.bonelinks.com\/de\/wp-json\/wp\/v2\/product\/21220\/revisions\/24848"}],"wp:featuredmedia":[{"embeddable":true,"href":"https:\/\/www.bonelinks.com\/de\/wp-json\/wp\/v2\/media\/16611"}],"wp:attachment":[{"href":"https:\/\/www.bonelinks.com\/de\/wp-json\/wp\/v2\/media?parent=21220"}],"wp:term":[{"taxonomy":"product_brand","embeddable":true,"href":"https:\/\/www.bonelinks.com\/de\/wp-json\/wp\/v2\/product_brand?post=21220"},{"taxonomy":"product_cat","embeddable":true,"href":"https:\/\/www.bonelinks.com\/de\/wp-json\/wp\/v2\/product_cat?post=21220"},{"taxonomy":"product_tag","embeddable":true,"href":"https:\/\/www.bonelinks.com\/de\/wp-json\/wp\/v2\/product_tag?post=21220"}],"curies":[{"name":"wp","href":"https:\/\/api.w.org\/{rel}","templated":true}]}}