{"id":21210,"date":"2023-07-09T19:41:45","date_gmt":"2023-07-10T03:41:45","guid":{"rendered":"https:\/\/www.bonelinks.com\/product\/mpo-zu-lc-24-faser-om4-50-125-breakout-kabel\/"},"modified":"2024-02-02T03:53:44","modified_gmt":"2024-02-02T11:53:44","slug":"mpo-to-lc-24-fiber-om4-50-125-breakout-cable","status":"publish","type":"product","link":"https:\/\/www.bonelinks.com\/de\/product\/mpo-to-lc-24-fiber-om4-50-125-breakout-cable\/","title":{"rendered":"MPO zu LC 24 Faser OM4 50\/125 Breakout Kabel"},"content":{"rendered":"<h1 style=\"text-align: left; font-size: 18px;\"><strong> Hochdichtes MPO zu LC 24 Fiber OM4 50\/125 Breakout Kabel: Effiziente Verbindungsl\u00f6sung <\/strong><\/h1>\n<p>Das MPO zu LC 24 Fiber OM4 50\/125 Breakout Kabel wurde speziell entwickelt, um Rechenzentren und Telekommunikationsr\u00e4ume bei der Optimierung der Verbindungsdichte in Umgebungen mit begrenztem Platzangebot zu unterst\u00fctzen. Durch die Reduzierung des Kabelgewirrs k\u00f6nnen System- und Netzwerkadministratoren wertvollen Platz zur\u00fcckgewinnen und ihre Arbeitsbereiche effizient verwalten.<\/p>\n<p>Dieses Breakout-Kabel ist mit einem MPO-Stecker ausgestattet, der 24 Fasern aufnimmt und zu 24 LC-Steckern auff\u00e4chert. Der kompakte Formfaktor der Steckverbinder tr\u00e4gt zu den platzsparenden Eigenschaften des Kabels bei. Er hat eine Rollover-Polarit\u00e4t vom Typ B&#8220;, die eine ordnungsgem\u00e4\u00dfe Ausrichtung und Konnektivit\u00e4t gew\u00e4hrleistet.<\/p>\n<p>Das 24 Fiber MPO Breakout Cable wird \u00fcblicherweise f\u00fcr die Aggregation von 10x10GBASE SFP+ auf 1x100GBASE-SR4 Raten verwendet. Dar\u00fcber hinaus erm\u00f6glichen MPO-Anschl\u00fcsse die \u00dcbertragung von bis zu drei einzelnen 40G-Links (40GBASE-SR4), wenn sie mit richtig konfigurierten Transceivern gepaart sind. Au\u00dferdem erleichtert es die Faserkonsolidierung, ohne dass Konvertierungsmodule wie Faserkassetten erforderlich sind.<\/p>\n<p>Mit seiner Multimode 50\/125 OM4-Konstruktion ist dieses MPO-Breakout-Kabel eine ausgezeichnete Wahl f\u00fcr 400G-Ethernet-Anwendungen und unterst\u00fctzt Entfernungen von bis zu 100 Metern bei 850 nm. Es wird umfassenden Tests unterzogen, einschlie\u00dflich Einf\u00fcgungsd\u00e4mpfung, R\u00fcckreflexion und D\u00e4mpfungsd\u00e4mpfung, um die Industrienormen zu erf\u00fcllen oder zu \u00fcbertreffen.<\/p>\n<p>Unsere MPO zu LC 24 Fiber OM4 50\/125 Breakout Kabel sind sorgf\u00e4ltig konfektioniert und \u00fcbertreffen die Leistungsstandards der Industrie. Jedes Kabel wird umfassenden Tests unterzogen, und die Ergebnisse werden dem Produkt beigef\u00fcgt. Zu den Anpassungsoptionen geh\u00f6ren gestiftete (m\u00e4nnliche) oder nicht gestiftete (weibliche) Steckverbinder in beliebiger Kombination, um die Kompatibilit\u00e4t mit Ihren Netzwerkanforderungen zu gew\u00e4hrleisten. Die Kabell\u00e4ngen sind auf Anfrage erh\u00e4ltlich, und jedes Breakout-Kabel besteht aus robusten Komponenten f\u00fcr eine zuverl\u00e4ssige und dauerhafte Leistung.<\/p>\n<h2 style=\"text-align: left; font-size: 18px;\"><strong>Eigenschaften von MPO zu LC 24 Fiber OM4 50\/125 Breakout Kabel<\/strong><\/h2>\n<ul>\n<li>MPO-Stecker auf 24 LC-Stecker auff\u00e4chern<\/li>\n<li>F\u00fcr 400G QSFP-DD-Transceiver der n\u00e4chsten Generation<\/li>\n<li>OM 400 GbE-Kabel unterst\u00fctzt h\u00f6here Bandbreiten, die f\u00fcr Datennetzwerke der n\u00e4chsten Generation ben\u00f6tigt werden<\/li>\n<li>Die violette Ummantelung erm\u00f6glicht eine schnelle, einfache Identifizierung in einem \u00fcberf\u00fcllten Switch oder Patch Panel<\/li>\n<li>Optimierte Leistung &#8211; erh\u00e4ltlich als Elite MTP und diskreter Premium-Anschluss<\/li>\n<li>Niedriges IL und stabile Signal\u00fcbertragung f\u00fcr die Sicherheit Ihres Netzwerks<\/li>\n<li>Hochwertige MPO-Stecker und garantiert durch 3D-Interferometer<\/li>\n<li>Werkskonfektionierung f\u00fcr gleichbleibende Qualit\u00e4t, hohe Leistung und k\u00fcrzere Installationszeiten<\/li>\n<\/ul>\n<h2 style=\"text-align: left; font-size: 18px;\"><strong>Anwendungen von MPO zu LC 24 Fiber OM4 50\/125 Breakout Kabel<\/strong><\/h2>\n<ul>\n<li>Optische Vermittlung von Interframe-Verbindungen<\/li>\n<li>High-Density-Glasfaserkartenrandzugang<\/li>\n<li>Verkabelung von Rechenzentren<\/li>\n<\/ul>\n<p><img fetchpriority=\"high\" decoding=\"async\" class=\"alignnone size-full wp-image-7368\" src=\"https:\/\/www.bonelinks.com\/wp-content\/uploads\/2023\/07\/24-fiber-MPO.jpg\" alt=\"24 Faser-MPO-Breakout-Kabel\" width=\"1120\" height=\"524\" srcset=\"https:\/\/www.bonelinks.com\/wp-content\/uploads\/2023\/07\/24-fiber-MPO.jpg 1120w, https:\/\/www.bonelinks.com\/wp-content\/uploads\/2023\/07\/24-fiber-MPO-300x140.jpg 300w, https:\/\/www.bonelinks.com\/wp-content\/uploads\/2023\/07\/24-fiber-MPO-1030x482.jpg 1030w, https:\/\/www.bonelinks.com\/wp-content\/uploads\/2023\/07\/24-fiber-MPO-768x359.jpg 768w, https:\/\/www.bonelinks.com\/wp-content\/uploads\/2023\/07\/24-fiber-MPO-650x304.jpg 650w\" sizes=\"(max-width: 1120px) 100vw, 1120px\" \/><\/p>\n<h2 style=\"text-align: left; font-size: 18px;\"><strong>Suchen Sie nach weiteren MTP\/MPO-Kabeln?<\/strong><\/h2>\n<p>M\u00f6chten Sie mehr Optionen f\u00fcr MTP\/MPO-Kabel? Entdecken Sie unsere Auswahl an <span style=\"color: #0054a6;\"><strong><a style=\"color: #0054a6;\" href=\"https:\/\/www.bonelinks.com\/de\/mpo-24-fiber-cable\/\" target=\"_blank\" rel=\"noopener\">24-Faser MTP\/MPO-Kabeln <\/a><\/strong><\/span>und <a title=\"MPO\/MTP zu LC Breakout-Kabel\" href=\"https:\/\/www.bonelinks.com\/de\/mpo-breakout-cable\/\" target=\"_blank\" rel=\"noopener\"><strong><span style=\"color: #0054a6;\">MPO\/MTP-zu-LC-Breakout-Kabeln<\/span><\/strong> <\/a>f\u00fcr eine nahtlose Vernetzung.<\/p>\n<p>Sind Sie auf der Suche nach ma\u00dfgeschneiderten und speziell angefertigten MPO-Patchkabeln? Entdecken Sie unseren speziellen Bereich \u00fcber<a href=\"https:\/\/www.bonelinks.com\/de\/custom-fiber-optic-cables\/\" target=\"_blank\" rel=\"noopener\"><span style=\"color: #0054a6;\"><strong> Kundenspezifische Glasfaserkabel <\/strong><\/span><\/a>f\u00fcr ma\u00dfgeschneiderte Konnektivit\u00e4tsl\u00f6sungen.<\/p>\n<ul>\n<li>Einzelhandel oder Gro\u00dfhandel &#8211; wir haben alles f\u00fcr Sie!<\/li>\n<li>Nicht sicher, was Sie kaufen sollen? Wir bieten fachkundige Beratung.<\/li>\n<li>Kleines MOQ: Sie brauchen nicht mehr zu kaufen, als Sie wollen.<\/li>\n<li>Konkurrenzf\u00e4hige Preise: Sie erhalten jedes Mal ein gutes Preis-Leistungs-Verh\u00e4ltnis.<\/li>\n<li>Prompte Lieferung: Ihre Geschwindigkeit, unsere Priorit\u00e4t.<\/li>\n<li>Kundenorientiert: Wir schneiden unsere Dienstleistungen auf Ihre Bed\u00fcrfnisse zu.<\/li>\n<\/ul>\n<p><strong>Verbinden Sie sich mit uns!<\/strong><br \/>\nWenn Sie Probleme bei der Suche nach dem richtigen <span style=\"color: #0054a6;\"><strong><a style=\"color: #0054a6;\" href=\"https:\/\/www.bonelinks.com\/de\/fiber-optic-patch-cord-supplier\/\" target=\"_blank\" rel=\"noopener\">Glasfaser-Patchkabel <\/a><\/strong><\/span>f\u00fcr Ihre Bed\u00fcrfnisse zu finden, oder wenn Sie einen Expertenrat ben\u00f6tigen, k\u00f6nnen Sie mit einem Klick<a href=\"https:\/\/www.bonelinks.com\/de\/contact-us\/\" target=\"_blank\" rel=\"noopener\"><strong><span style=\"color: #0054a6;\"> mit uns chatten <\/span><\/strong><\/a>in Sekundenschnelle. Ihre Zufriedenheit ist unsere Priorit\u00e4t. Wir sind bereit, Sie in jeder Hinsicht zu unterst\u00fctzen. <strong>Keine Sorge, \u00fcberm\u00e4\u00dfiges Nachdenken ist nicht erforderlich. Wir sind hier und bereit, Ihnen zu helfen.<\/strong><\/p>\n","protected":false},"excerpt":{"rendered":"<p>Das MPO zu LC 24 Fiber OM4 Breakout Kabel maximiert die Verbindungsdichte in Rechenzentren und Telekommunikationsr\u00e4umen und bietet effizientes Kabelmanagement und platzsparende M\u00f6glichkeiten.<\/p>\n<ul>\n<li>MPO-Anschl\u00fcsse f\u00e4chern sich zu 24 LC-Anschl\u00fcssen auf<\/li>\n<li>F\u00fcr 400G QSFP-DD-Transceiver der n\u00e4chsten Generation<\/li>\n<li>OM4-zertifiziertes Kabel empfohlen f\u00fcr 400 Gb-Geschwindigkeiten bis zu 100 m (bei 850 nm)<\/li>\n<li>Kundenspezifische Konfigurationen verf\u00fcgbar<\/li>\n<\/ul>\n","protected":false},"featured_media":18096,"template":"","meta":{"site-sidebar-layout":"default","site-content-layout":"default","ast-site-content-layout":"default","site-content-style":"default","site-sidebar-style":"default","ast-global-header-display":"","ast-banner-title-visibility":"","ast-main-header-display":"","ast-hfb-above-header-display":"","ast-hfb-below-header-display":"","ast-hfb-mobile-header-display":"","site-post-title":"","ast-breadcrumbs-content":"","ast-featured-img":"","footer-sml-layout":"","ast-disable-related-posts":"","theme-transparent-header-meta":"default","adv-header-id-meta":"","stick-header-meta":"default","header-above-stick-meta":"","header-main-stick-meta":"","header-below-stick-meta":"","astra-migrate-meta-layouts":"set","ast-page-background-enabled":"default","ast-page-background-meta":{"desktop":{"background-color":"","background-image":"","background-repeat":"repeat","background-position":"center center","background-size":"auto","background-attachment":"scroll","background-type":"","background-media":"","overlay-type":"","overlay-color":"","overlay-opacity":"","overlay-gradient":""},"tablet":{"background-color":"","background-image":"","background-repeat":"repeat","background-position":"center center","background-size":"auto","background-attachment":"scroll","background-type":"","background-media":"","overlay-type":"","overlay-color":"","overlay-opacity":"","overlay-gradient":""},"mobile":{"background-color":"","background-image":"","background-repeat":"repeat","background-position":"center center","background-size":"auto","background-attachment":"scroll","background-type":"","background-media":"","overlay-type":"","overlay-color":"","overlay-opacity":"","overlay-gradient":""}},"ast-content-background-meta":{"desktop":{"background-color":"var(--ast-global-color-5)","background-image":"","background-repeat":"repeat","background-position":"center center","background-size":"auto","background-attachment":"scroll","background-type":"","background-media":"","overlay-type":"","overlay-color":"","overlay-opacity":"","overlay-gradient":""},"tablet":{"background-color":"var(--ast-global-color-5)","background-image":"","background-repeat":"repeat","background-position":"center center","background-size":"auto","background-attachment":"scroll","background-type":"","background-media":"","overlay-type":"","overlay-color":"","overlay-opacity":"","overlay-gradient":""},"mobile":{"background-color":"var(--ast-global-color-5)","background-image":"","background-repeat":"repeat","background-position":"center center","background-size":"auto","background-attachment":"scroll","background-type":"","background-media":"","overlay-type":"","overlay-color":"","overlay-opacity":"","overlay-gradient":""}}},"product_brand":[],"product_cat":[228,237,262,230],"product_tag":[],"class_list":{"0":"post-21210","1":"product","2":"type-product","3":"status-publish","4":"has-post-thumbnail","6":"product_cat-fiber-patch-cord-de","7":"product_cat-lc-fiber-patch-cord-de","8":"product_cat-mpo-patch-cord-de","9":"product_cat-multimode-fiber-patch-cord-de","10":"pa_connector-type-mpo-lc-de","11":"pa_fiber-type-50-125-om4-de","12":"desktop-align-left","13":"tablet-align-left","14":"mobile-align-left","15":"ast-product-gallery-layout-vertical","16":"ast-product-gallery-with-no-image","17":"ast-product-tabs-layout-vertical","18":"ast-qv-on-image","20":"first","21":"instock","22":"shipping-taxable","23":"product-type-simple"},"_links":{"self":[{"href":"https:\/\/www.bonelinks.com\/de\/wp-json\/wp\/v2\/product\/21210","targetHints":{"allow":["GET"]}}],"collection":[{"href":"https:\/\/www.bonelinks.com\/de\/wp-json\/wp\/v2\/product"}],"about":[{"href":"https:\/\/www.bonelinks.com\/de\/wp-json\/wp\/v2\/types\/product"}],"version-history":[{"count":3,"href":"https:\/\/www.bonelinks.com\/de\/wp-json\/wp\/v2\/product\/21210\/revisions"}],"predecessor-version":[{"id":24854,"href":"https:\/\/www.bonelinks.com\/de\/wp-json\/wp\/v2\/product\/21210\/revisions\/24854"}],"wp:featuredmedia":[{"embeddable":true,"href":"https:\/\/www.bonelinks.com\/de\/wp-json\/wp\/v2\/media\/18096"}],"wp:attachment":[{"href":"https:\/\/www.bonelinks.com\/de\/wp-json\/wp\/v2\/media?parent=21210"}],"wp:term":[{"taxonomy":"product_brand","embeddable":true,"href":"https:\/\/www.bonelinks.com\/de\/wp-json\/wp\/v2\/product_brand?post=21210"},{"taxonomy":"product_cat","embeddable":true,"href":"https:\/\/www.bonelinks.com\/de\/wp-json\/wp\/v2\/product_cat?post=21210"},{"taxonomy":"product_tag","embeddable":true,"href":"https:\/\/www.bonelinks.com\/de\/wp-json\/wp\/v2\/product_tag?post=21210"}],"curies":[{"name":"wp","href":"https:\/\/api.w.org\/{rel}","templated":true}]}}