{"id":21204,"date":"2023-07-10T06:59:05","date_gmt":"2023-07-10T14:59:05","guid":{"rendered":"https:\/\/www.bonelinks.com\/product\/mpo-auf-lc-24-fiber-9-125-single-mode-os2-breakout-kabel\/"},"modified":"2024-02-02T03:44:38","modified_gmt":"2024-02-02T11:44:38","slug":"mpo-to-lc-24-fiber-9-125-single-mode-os2-breakout-cable","status":"publish","type":"product","link":"https:\/\/www.bonelinks.com\/de\/product\/mpo-to-lc-24-fiber-9-125-single-mode-os2-breakout-cable\/","title":{"rendered":"MPO auf LC 24 Fiber 9\/125 Single Mode OS2 Breakout Kabel"},"content":{"rendered":"<h1 style=\"text-align: left; font-size: 18px;\"><strong> Hochwertiges MPO zu LC 24 Fiber 9\/125 Single Mode OS2 Breakout Kabel: Zuverl\u00e4ssige Daten\u00fcbertragung <\/strong><\/h1>\n<p>Das MPO zu LC 24 Fiber 9\/125 Single Mode OS2 Breakout Kabel bietet eine hochwertige L\u00f6sung f\u00fcr die schnelle und zuverl\u00e4ssige \u00dcbertragung von Lichtdaten. Durch die Verwendung von Glasfasern und Steckern bester Qualit\u00e4t gew\u00e4hrleistet dieses Kabel geringe Verluste und eine hohe Verbindungsqualit\u00e4t.<\/p>\n<p>Dieses Kabel ist mit einer Rollover-Typ-B-Polarit\u00e4t ausgestattet und wurde f\u00fcr den Anschluss an Switches und Transceiver in 40-Gb-Anwendungen entwickelt. Bei der 12-adrigen Rollover-Polarit\u00e4tskonfiguration wird das Kabel von Pin 1 an einem Steckerende zu Pin 24 am anderen Ende verdrahtet, gefolgt von 2 zu 23 und so weiter.<\/p>\n<p>An einem Ende verf\u00fcgt das Kabel \u00fcber einen MPO-Stecker, der 24 Fasern aufnimmt und in 24 Duplex-LC-Stecker \u00fcbergeht. Das 24-Faser-Kabelbaumkabel kann verwendet werden, um 12 SFP+-Module mit einem MPO-Adapterfeld und einem MPO-Trunk zu verbinden.<\/p>\n<p>Mit Singlemode-OS2-Glasfasern erm\u00f6glicht dieses Kabel die Daten\u00fcbertragung \u00fcber eine 1 Gbps-Verbindung mit einer 9\/125-Mikron-Glasfaser \u00fcber Entfernungen von bis zu 10.000 Metern bei einer Wellenl\u00e4nge von 1310nm. Bei einer 10 Gbps-Verbindung k\u00f6nnen Daten \u00fcber Entfernungen von bis zu 5.000 Metern bei 1310nm und bis zu 30.000 Metern bei 1550nm \u00fcbertragen werden.<\/p>\n<p>Jedes MPO zu LC 24 Fiber 9\/125 Single Mode OS2 Breakout Kabel bei Bonelinks ist so konfektioniert, dass es die Leistungsstandards der Industrie erf\u00fcllt und \u00fcbertrifft. Jedes Produkt wird einzeln gepr\u00fcft, um die h\u00f6chstm\u00f6gliche Qualit\u00e4t zu gew\u00e4hrleisten. Der MTP\u00ae-Stecker ist auf Anfrage erh\u00e4ltlich. Um die Kompatibilit\u00e4t mit Netzwerken zu gew\u00e4hrleisten, werden kundenspezifische Optionen f\u00fcr gepinnte (m\u00e4nnliche) oder nicht gepinnte (weibliche) Stecker angeboten. Die Kabell\u00e4ngen sind auf Anfrage erh\u00e4ltlich, um den spezifischen Installationsanforderungen gerecht zu werden.<\/p>\n<h2 style=\"text-align: left; font-size: 18px;\"><strong>Eigenschaften von MPO zu LC 24 Fiber 9\/125 Single Mode OS2 Breakout Kabel<\/strong><\/h2>\n<ul>\n<li>MPO(Female)-LC Steckverbinder<\/li>\n<li>9\/125\u00b5m OS2 Kabel<\/li>\n<li>MPO 24-Faser-Steckverbinder mit hoher Dichte f\u00fcr reduzierten Verkabelungsaufwand<\/li>\n<li>Die gelbe Ummantelung erm\u00f6glicht eine schnelle, einfache Identifizierung in einem \u00fcberf\u00fcllten Switch oder Patch Panel<\/li>\n<li>Abw\u00e4rtskompatibel mit 10\/25\/40-Gbit-Netzwerken zur Erleichterung der Zukunftssicherheit<\/li>\n<li>100% getestet auf geringe Einf\u00fcged\u00e4mpfung und R\u00fcckreflexion<\/li>\n<\/ul>\n<h2 style=\"text-align: left; font-size: 18px;\"><strong>Anwendungen von MPO auf LC 24 Fiber 9\/125 Single Mode OS2 Breakout Kabel<\/strong><\/h2>\n<ul>\n<li>Optische Vermittlung von Interframe-Verbindungen<\/li>\n<li>High-Density-Glasfaserkartenrandzugang<\/li>\n<li>Verkabelung von Rechenzentren<\/li>\n<\/ul>\n<h2 style=\"text-align: left; font-size: 18px;\"><strong>Suchen Sie nach weiteren MTP\/MPO-Kabeln?<\/strong><\/h2>\n<p>M\u00f6chten Sie mehr Optionen f\u00fcr MTP\/MPO-Kabel? Entdecken Sie unsere Auswahl an <span style=\"color: #0054a6;\"><strong><a style=\"color: #0054a6;\" href=\"https:\/\/www.bonelinks.com\/de\/mpo-24-fiber-cable\/\" target=\"_blank\" rel=\"noopener\">24-Faser MTP\/MPO-Kabeln <\/a><\/strong><\/span>und <a title=\"MPO\/MTP zu LC Breakout-Kabel\" href=\"https:\/\/www.bonelinks.com\/de\/mpo-breakout-cable\/\" target=\"_blank\" rel=\"noopener\"><strong><span style=\"color: #0054a6;\">MPO\/MTP-zu-LC-Breakout-Kabeln<\/span><\/strong> <\/a>f\u00fcr eine nahtlose Vernetzung.<\/p>\n<p>Sind Sie auf der Suche nach ma\u00dfgeschneiderten und speziell angefertigten MPO-Patchkabeln? Entdecken Sie unseren speziellen Bereich \u00fcber<a href=\"https:\/\/www.bonelinks.com\/de\/custom-fiber-optic-cables\/\" target=\"_blank\" rel=\"noopener\"><span style=\"color: #0054a6;\"><strong> Kundenspezifische Glasfaserkabel <\/strong><\/span><\/a>f\u00fcr ma\u00dfgeschneiderte Konnektivit\u00e4tsl\u00f6sungen.<\/p>\n<ul>\n<li>Einzelhandel oder Gro\u00dfhandel &#8211; wir haben alles f\u00fcr Sie!<\/li>\n<li>Nicht sicher, was Sie kaufen sollen? Wir bieten fachkundige Beratung.<\/li>\n<li>Kleines MOQ: Sie brauchen nicht mehr zu kaufen, als Sie wollen.<\/li>\n<li>Konkurrenzf\u00e4hige Preise: Sie erhalten jedes Mal ein gutes Preis-Leistungs-Verh\u00e4ltnis.<\/li>\n<li>Prompte Lieferung: Ihre Geschwindigkeit, unsere Priorit\u00e4t.<\/li>\n<li>Kundenorientiert: Wir schneiden unsere Dienstleistungen auf Ihre Bed\u00fcrfnisse zu.<\/li>\n<\/ul>\n<p><strong>Verbinden Sie sich mit uns!<\/strong><br \/>\nWenn Sie Probleme bei der Suche nach dem richtigen <span style=\"color: #0054a6;\"><strong><a style=\"color: #0054a6;\" href=\"https:\/\/www.bonelinks.com\/de\/fiber-optic-patch-cord-supplier\/\" target=\"_blank\" rel=\"noopener\">Glasfaser-Patchkabel <\/a><\/strong><\/span>f\u00fcr Ihre Bed\u00fcrfnisse zu finden, oder wenn Sie einen Expertenrat ben\u00f6tigen, k\u00f6nnen Sie mit einem Klick<a href=\"https:\/\/www.bonelinks.com\/de\/contact-us\/\" target=\"_blank\" rel=\"noopener\"><strong><span style=\"color: #0054a6;\"> mit uns chatten <\/span><\/strong><\/a>in Sekundenschnelle. Ihre Zufriedenheit ist unsere Priorit\u00e4t. Wir sind bereit, Sie in jeder Hinsicht zu unterst\u00fctzen. <strong>Keine Sorge, \u00fcberm\u00e4\u00dfiges Nachdenken ist nicht erforderlich. Wir sind hier und bereit, Ihnen zu helfen.<\/strong><\/p>\n","protected":false},"excerpt":{"rendered":"<p>Das MPO zu LC 24 Fiber OS2 Breakout Kabel gew\u00e4hrleistet eine zuverl\u00e4ssige Daten\u00fcbertragung mit geringem Verlust und hoher Verbindungsqualit\u00e4t. Ideal f\u00fcr den Anschluss von MPO-Kassetten, Transceivern und Schaltern.<\/p>\n<ul>\n<li>Ein einziger MPO-Anschluss kann auf 24 Duplex-LC-Anschl\u00fcsse aufgef\u00e4chert werden<\/li>\n<li>9\/125\u00b5m gelbes OS2-Kabel<\/li>\n<li>MPO 24-Faser-Steckverbinder mit hoher Dichte f\u00fcr reduzierten Verkabelungsaufwand<\/li>\n<li>Abw\u00e4rtskompatibel mit 10\/25\/40-Gbit-Netzwerken zur Erleichterung der Zukunftssicherheit<\/li>\n<li>Kundenspezifische Konfigurationen verf\u00fcgbar<\/li>\n<\/ul>\n","protected":false},"featured_media":18101,"template":"","meta":{"site-sidebar-layout":"default","site-content-layout":"default","ast-site-content-layout":"default","site-content-style":"default","site-sidebar-style":"default","ast-global-header-display":"","ast-banner-title-visibility":"","ast-main-header-display":"","ast-hfb-above-header-display":"","ast-hfb-below-header-display":"","ast-hfb-mobile-header-display":"","site-post-title":"","ast-breadcrumbs-content":"","ast-featured-img":"","footer-sml-layout":"","ast-disable-related-posts":"","theme-transparent-header-meta":"default","adv-header-id-meta":"","stick-header-meta":"default","header-above-stick-meta":"","header-main-stick-meta":"","header-below-stick-meta":"","astra-migrate-meta-layouts":"set","ast-page-background-enabled":"default","ast-page-background-meta":{"desktop":{"background-color":"","background-image":"","background-repeat":"repeat","background-position":"center center","background-size":"auto","background-attachment":"scroll","background-type":"","background-media":"","overlay-type":"","overlay-color":"","overlay-opacity":"","overlay-gradient":""},"tablet":{"background-color":"","background-image":"","background-repeat":"repeat","background-position":"center center","background-size":"auto","background-attachment":"scroll","background-type":"","background-media":"","overlay-type":"","overlay-color":"","overlay-opacity":"","overlay-gradient":""},"mobile":{"background-color":"","background-image":"","background-repeat":"repeat","background-position":"center center","background-size":"auto","background-attachment":"scroll","background-type":"","background-media":"","overlay-type":"","overlay-color":"","overlay-opacity":"","overlay-gradient":""}},"ast-content-background-meta":{"desktop":{"background-color":"var(--ast-global-color-5)","background-image":"","background-repeat":"repeat","background-position":"center center","background-size":"auto","background-attachment":"scroll","background-type":"","background-media":"","overlay-type":"","overlay-color":"","overlay-opacity":"","overlay-gradient":""},"tablet":{"background-color":"var(--ast-global-color-5)","background-image":"","background-repeat":"repeat","background-position":"center center","background-size":"auto","background-attachment":"scroll","background-type":"","background-media":"","overlay-type":"","overlay-color":"","overlay-opacity":"","overlay-gradient":""},"mobile":{"background-color":"var(--ast-global-color-5)","background-image":"","background-repeat":"repeat","background-position":"center center","background-size":"auto","background-attachment":"scroll","background-type":"","background-media":"","overlay-type":"","overlay-color":"","overlay-opacity":"","overlay-gradient":""}}},"product_brand":[],"product_cat":[228,237,262,239],"product_tag":[],"class_list":{"0":"post-21204","1":"product","2":"type-product","3":"status-publish","4":"has-post-thumbnail","6":"product_cat-fiber-patch-cord-de","7":"product_cat-lc-fiber-patch-cord-de","8":"product_cat-mpo-patch-cord-de","9":"product_cat-single-mode-fiber-patch-cord-de","10":"pa_connector-type-mpo-lc-de","11":"pa_fiber-type-9-125-os2-de","12":"desktop-align-left","13":"tablet-align-left","14":"mobile-align-left","15":"ast-product-gallery-layout-vertical","16":"ast-product-gallery-with-no-image","17":"ast-product-tabs-layout-vertical","18":"ast-qv-on-image","20":"first","21":"instock","22":"shipping-taxable","23":"product-type-simple"},"_links":{"self":[{"href":"https:\/\/www.bonelinks.com\/de\/wp-json\/wp\/v2\/product\/21204","targetHints":{"allow":["GET"]}}],"collection":[{"href":"https:\/\/www.bonelinks.com\/de\/wp-json\/wp\/v2\/product"}],"about":[{"href":"https:\/\/www.bonelinks.com\/de\/wp-json\/wp\/v2\/types\/product"}],"version-history":[{"count":3,"href":"https:\/\/www.bonelinks.com\/de\/wp-json\/wp\/v2\/product\/21204\/revisions"}],"predecessor-version":[{"id":24846,"href":"https:\/\/www.bonelinks.com\/de\/wp-json\/wp\/v2\/product\/21204\/revisions\/24846"}],"wp:featuredmedia":[{"embeddable":true,"href":"https:\/\/www.bonelinks.com\/de\/wp-json\/wp\/v2\/media\/18101"}],"wp:attachment":[{"href":"https:\/\/www.bonelinks.com\/de\/wp-json\/wp\/v2\/media?parent=21204"}],"wp:term":[{"taxonomy":"product_brand","embeddable":true,"href":"https:\/\/www.bonelinks.com\/de\/wp-json\/wp\/v2\/product_brand?post=21204"},{"taxonomy":"product_cat","embeddable":true,"href":"https:\/\/www.bonelinks.com\/de\/wp-json\/wp\/v2\/product_cat?post=21204"},{"taxonomy":"product_tag","embeddable":true,"href":"https:\/\/www.bonelinks.com\/de\/wp-json\/wp\/v2\/product_tag?post=21204"}],"curies":[{"name":"wp","href":"https:\/\/api.w.org\/{rel}","templated":true}]}}