{"id":21178,"date":"2023-07-10T23:55:05","date_gmt":"2023-07-11T07:55:05","guid":{"rendered":"https:\/\/www.bonelinks.com\/product\/24-fiber-os2-mpo-trunk-kabel\/"},"modified":"2024-02-02T03:39:25","modified_gmt":"2024-02-02T11:39:25","slug":"24-fiber-os2-mpo-trunk-cable","status":"publish","type":"product","link":"https:\/\/www.bonelinks.com\/de\/product\/24-fiber-os2-mpo-trunk-cable\/","title":{"rendered":"24 Fiber OS2 MPO Trunk Kabel"},"content":{"rendered":"<h1 style=\"text-align: left; font-size: 18px;\"><strong>Hochdichtes 24-Faser-OS2-MPO-Trunk-Kabel: Optimale Leistung<\/strong><\/h1>\n<p>Das 24 Fiber OS2 MPO Trunk Cable ist eine werkseitig vorkonfektionierte L\u00f6sung, die f\u00fcr Verkabelungsanforderungen mit begrenztem Platzangebot entwickelt wurde. Es verf\u00fcgt \u00fcber hochwertige Singlemode-MPO-24-Buchsen und verwendet ein optisches Kabel f\u00fcr optimale Leistung. Der MPO-24-Steckverbinder, der von der Gr\u00f6\u00dfe her mit einem SC-Steckverbinder vergleichbar ist, bietet die bis zu 24-fache Dichte, was zu erheblichen Platz- und Kosteneinsparungen f\u00fchrt. Neben der gleichbleibenden Qualit\u00e4t f\u00fcr den Benutzer erm\u00f6glicht dieses Kabel eine schnellere Installation und ein vereinfachtes Kabelmanagement.<\/p>\n<p>Die 24 Fiber MPO Kabel werden typischerweise f\u00fcr den Aufbau von hochleistungsf\u00e4higen Backend-Trunk-Verbindungen zwischen Fiber-Patch-Panels und anderen Netzwerkger\u00e4ten verwendet und eignen sich hervorragend f\u00fcr verschiedene Anwendungen. Sie unterst\u00fctzen 100G-Links (CXP-100G-SR10) zwischen zwei CXP-Transceivern oder mehrere 10G-Links (10x10GBASE-SR) von SFP+-Transceivern zu einem einzelnen 100G-Transceiver und bew\u00e4ltigen so effizient die Verkehrsanforderungen.<\/p>\n<p>Mit Singlemode-OS2-Glasfasern sorgt dieses Kabel f\u00fcr zuverl\u00e4ssige Daten\u00fcbertragungen. Bei einer 1 Gbps-Verbindung erm\u00f6glicht die 9\/125-Mikron-Glasfaser Entfernungen von bis zu 10.000 Metern bei einer Wellenl\u00e4nge von 1310nm. Bei einer 10-Gbps-Verbindung k\u00f6nnen Daten bei 1310 nm bis zu 5.000 Meter und bei 1550 nm bis zu 30.000 Meter weit \u00fcbertragen werden.<\/p>\n<p>Das 24-Faser-OS2-MPO-Trunkkabel ist je nach Bedarf mit LSZH-, OFNR- oder OFNP-Mantel erh\u00e4ltlich. Optionale MTP\u00ae-Stecker, kundenspezifische L\u00e4ngen und Polarit\u00e4tskonfigurationen bieten Flexibilit\u00e4t und Kompatibilit\u00e4t f\u00fcr unterschiedliche Netzwerkanforderungen. Jedes Kabel wird strengen Tests unterzogen, um die h\u00f6chste Qualit\u00e4t und Leistung zu gew\u00e4hrleisten.<\/p>\n<h2 style=\"text-align: left; font-size: 18px;\"><strong>Eigenschaften von 24 Fiber OS2 MPO Trunk Kabel <\/strong><\/h2>\n<ul>\n<li>MPO(Buchse)-MPO(Buchse) Stecker<\/li>\n<li>9\/125\u00b5m gelbes OS2-Kabel<\/li>\n<li>Typ B-Polarit\u00e4t f\u00fcr 100G\/400G-Anschluss<\/li>\n<li>Hochwertige MPO-24-Steckverbinder, garantiert durch das 3D-Interferometer<\/li>\n<li>Bietet 0,7dB Standard &amp; 0,35dB Elite geringen Verlust f\u00fcr Kunden nach Wahl<\/li>\n<li>Kundenspezifische Konfigurationen verf\u00fcgbar<\/li>\n<\/ul>\n<h2 style=\"text-align: left; font-size: 18px;\"><strong>Anwendungen von 24 Fiber OS2 MPO Trunk Kabel <\/strong><\/h2>\n<ul>\n<li>Optische Vermittlung von Interframe-Verbindungen<\/li>\n<li>High-Density-Glasfaserkartenrandzugang<\/li>\n<li>10G\/40G\/100G-Verbindung<\/li>\n<li>Rechenzentrum-Verkabelung<\/li>\n<\/ul>\n<h2 style=\"text-align: left; font-size: 18px;\"><strong>Suchen Sie nach weiteren MTP\/MPO-Kabeln?<\/strong><\/h2>\n<p>M\u00f6chten Sie mehr Optionen f\u00fcr MTP\/MPO-Kabel? Entdecken Sie unsere Auswahl an <span style=\"color: #0054a6;\"><strong><a style=\"color: #0054a6;\" href=\"https:\/\/www.bonelinks.com\/de\/mpo-24-fiber-cable\/\" target=\"_blank\" rel=\"noopener\">24-Faser MTP\/MPO-Kabeln <\/a><\/strong><\/span>und <a href=\"https:\/\/www.bonelinks.com\/de\/mpo-trunk-cable\/\" target=\"_blank\" rel=\"noopener\"><strong><span style=\"color: #0054a6;\">MPO-zu-MPO\/MTP-zu-MTP-Glasfaserkabeln<\/span><\/strong> <\/a>f\u00fcr eine nahtlose Vernetzung.<\/p>\n<p>Sind Sie auf der Suche nach ma\u00dfgeschneiderten und speziell angefertigten MPO-Patchkabeln? Entdecken Sie unseren speziellen Bereich \u00fcber<a href=\"https:\/\/www.bonelinks.com\/de\/custom-fiber-optic-cables\/\" target=\"_blank\" rel=\"noopener\"><span style=\"color: #0054a6;\"><strong> Kundenspezifische Glasfaserkabel <\/strong><\/span><\/a>f\u00fcr ma\u00dfgeschneiderte Konnektivit\u00e4tsl\u00f6sungen.<\/p>\n<ul>\n<li>Einzelhandel oder Gro\u00dfhandel &#8211; wir haben alles f\u00fcr Sie!<\/li>\n<li>Nicht sicher, was Sie kaufen sollen? Wir bieten fachkundige Beratung.<\/li>\n<li>Kleines MOQ: Sie brauchen nicht mehr zu kaufen, als Sie wollen.<\/li>\n<li>Konkurrenzf\u00e4hige Preise: Sie erhalten jedes Mal ein gutes Preis-Leistungs-Verh\u00e4ltnis.<\/li>\n<li>Prompte Lieferung: Ihre Geschwindigkeit, unsere Priorit\u00e4t.<\/li>\n<li>Kundenorientiert: Wir schneiden unsere Dienstleistungen auf Ihre Bed\u00fcrfnisse zu.<\/li>\n<\/ul>\n<p><strong>Verbinden Sie sich mit uns!<\/strong><br \/>\nWenn Sie Probleme bei der Suche nach dem richtigen <span style=\"color: #0054a6;\"><strong><a style=\"color: #0054a6;\" href=\"https:\/\/www.bonelinks.com\/de\/fiber-optic-patch-cord-supplier\/\" target=\"_blank\" rel=\"noopener\">Glasfaser-Patchkabel <\/a><\/strong><\/span>f\u00fcr Ihre Bed\u00fcrfnisse zu finden, oder wenn Sie einen Expertenrat ben\u00f6tigen, k\u00f6nnen Sie mit einem Klick<a href=\"https:\/\/www.bonelinks.com\/de\/contact-us\/\" target=\"_blank\" rel=\"noopener\"><strong><span style=\"color: #0054a6;\"> mit uns chatten <\/span><\/strong><\/a>in Sekundenschnelle. Ihre Zufriedenheit ist unsere Priorit\u00e4t. Wir sind bereit, Sie in jeder Hinsicht zu unterst\u00fctzen. <strong>Keine Sorge, \u00fcberm\u00e4\u00dfiges Nachdenken ist nicht erforderlich. Wir sind hier und bereit, Ihnen zu helfen.<\/strong><\/p>\n","protected":false},"excerpt":{"rendered":"<p>24 Fiber OS2 MPO Trunk Cable bietet mit seinen MPO-24-Steckern mit hoher Dichte erstklassige Leistung und platzsparende Vorteile und ist damit die ideale Wahl f\u00fcr Verkabelungen mit begrenztem Platzangebot.<\/p>\n<ul>\n<li>MPO(Buchse)-MPO(Buchse) Stecker<\/li>\n<li>9\/125\u00b5m OS2 gelbe Ummantelung erm\u00f6glicht eine schnelle, einfache Identifizierung in einem \u00fcberf\u00fcllten Switch oder Patchfeld<\/li>\n<li>Bietet 0,7dB Standard &amp; 0,35dB Elite geringen Verlust f\u00fcr Kunden nach Wahl<\/li>\n<li>Typ B-Polarit\u00e4t f\u00fcr 100G\/400G-Anschluss<\/li>\n<\/ul>\n","protected":false},"featured_media":17906,"template":"","meta":{"site-sidebar-layout":"default","site-content-layout":"default","ast-site-content-layout":"default","site-content-style":"default","site-sidebar-style":"default","ast-global-header-display":"","ast-banner-title-visibility":"","ast-main-header-display":"","ast-hfb-above-header-display":"","ast-hfb-below-header-display":"","ast-hfb-mobile-header-display":"","site-post-title":"","ast-breadcrumbs-content":"","ast-featured-img":"","footer-sml-layout":"","ast-disable-related-posts":"","theme-transparent-header-meta":"default","adv-header-id-meta":"","stick-header-meta":"default","header-above-stick-meta":"","header-main-stick-meta":"","header-below-stick-meta":"","astra-migrate-meta-layouts":"set","ast-page-background-enabled":"default","ast-page-background-meta":{"desktop":{"background-color":"","background-image":"","background-repeat":"repeat","background-position":"center center","background-size":"auto","background-attachment":"scroll","background-type":"","background-media":"","overlay-type":"","overlay-color":"","overlay-opacity":"","overlay-gradient":""},"tablet":{"background-color":"","background-image":"","background-repeat":"repeat","background-position":"center center","background-size":"auto","background-attachment":"scroll","background-type":"","background-media":"","overlay-type":"","overlay-color":"","overlay-opacity":"","overlay-gradient":""},"mobile":{"background-color":"","background-image":"","background-repeat":"repeat","background-position":"center center","background-size":"auto","background-attachment":"scroll","background-type":"","background-media":"","overlay-type":"","overlay-color":"","overlay-opacity":"","overlay-gradient":""}},"ast-content-background-meta":{"desktop":{"background-color":"var(--ast-global-color-5)","background-image":"","background-repeat":"repeat","background-position":"center center","background-size":"auto","background-attachment":"scroll","background-type":"","background-media":"","overlay-type":"","overlay-color":"","overlay-opacity":"","overlay-gradient":""},"tablet":{"background-color":"var(--ast-global-color-5)","background-image":"","background-repeat":"repeat","background-position":"center center","background-size":"auto","background-attachment":"scroll","background-type":"","background-media":"","overlay-type":"","overlay-color":"","overlay-opacity":"","overlay-gradient":""},"mobile":{"background-color":"var(--ast-global-color-5)","background-image":"","background-repeat":"repeat","background-position":"center center","background-size":"auto","background-attachment":"scroll","background-type":"","background-media":"","overlay-type":"","overlay-color":"","overlay-opacity":"","overlay-gradient":""}}},"product_brand":[],"product_cat":[228,262,239],"product_tag":[],"class_list":{"0":"post-21178","1":"product","2":"type-product","3":"status-publish","4":"has-post-thumbnail","6":"product_cat-fiber-patch-cord-de","7":"product_cat-mpo-patch-cord-de","8":"product_cat-single-mode-fiber-patch-cord-de","9":"pa_connector-type-mpo-mpo-de","10":"pa_fiber-type-9-125-os2-de","11":"desktop-align-left","12":"tablet-align-left","13":"mobile-align-left","14":"ast-product-gallery-layout-vertical","15":"ast-product-gallery-with-no-image","16":"ast-product-tabs-layout-vertical","17":"ast-qv-on-image","19":"first","20":"instock","21":"shipping-taxable","22":"product-type-simple"},"_links":{"self":[{"href":"https:\/\/www.bonelinks.com\/de\/wp-json\/wp\/v2\/product\/21178","targetHints":{"allow":["GET"]}}],"collection":[{"href":"https:\/\/www.bonelinks.com\/de\/wp-json\/wp\/v2\/product"}],"about":[{"href":"https:\/\/www.bonelinks.com\/de\/wp-json\/wp\/v2\/types\/product"}],"version-history":[{"count":3,"href":"https:\/\/www.bonelinks.com\/de\/wp-json\/wp\/v2\/product\/21178\/revisions"}],"predecessor-version":[{"id":24841,"href":"https:\/\/www.bonelinks.com\/de\/wp-json\/wp\/v2\/product\/21178\/revisions\/24841"}],"wp:featuredmedia":[{"embeddable":true,"href":"https:\/\/www.bonelinks.com\/de\/wp-json\/wp\/v2\/media\/17906"}],"wp:attachment":[{"href":"https:\/\/www.bonelinks.com\/de\/wp-json\/wp\/v2\/media?parent=21178"}],"wp:term":[{"taxonomy":"product_brand","embeddable":true,"href":"https:\/\/www.bonelinks.com\/de\/wp-json\/wp\/v2\/product_brand?post=21178"},{"taxonomy":"product_cat","embeddable":true,"href":"https:\/\/www.bonelinks.com\/de\/wp-json\/wp\/v2\/product_cat?post=21178"},{"taxonomy":"product_tag","embeddable":true,"href":"https:\/\/www.bonelinks.com\/de\/wp-json\/wp\/v2\/product_tag?post=21178"}],"curies":[{"name":"wp","href":"https:\/\/api.w.org\/{rel}","templated":true}]}}