{"id":21173,"date":"2023-07-11T01:46:00","date_gmt":"2023-07-11T09:46:00","guid":{"rendered":"https:\/\/www.bonelinks.com\/product\/mpo-24-glasfaserkabel-om4-multimode\/"},"modified":"2024-02-02T02:57:10","modified_gmt":"2024-02-02T10:57:10","slug":"24-fiber-om4-mpo-trunk-cable","status":"publish","type":"product","link":"https:\/\/www.bonelinks.com\/de\/product\/24-fiber-om4-mpo-trunk-cable\/","title":{"rendered":"MPO 24 Glasfaserkabel OM4 Multimode"},"content":{"rendered":"<h1 style=\"text-align: left; font-size: 18px;\"><strong>MPO 24 Fiber OM4 MPO auf MPO Trunk Kabel: Optimale Leistung<\/strong><\/h1>\n<p>Das MPO 24 Glasfaserkabel ist eine werkseitig vorkonfektionierte L\u00f6sung, die f\u00fcr Verkabelungsanforderungen mit begrenztem Platzangebot entwickelt wurde. Es verf\u00fcgt \u00fcber hochwertige OM4-MPO-24-Buchsen und verwendet OM4-Multimode-Fasern f\u00fcr optimale Leistung. Der MPO-24-Stecker, der von der Gr\u00f6\u00dfe her mit einem SC-Stecker vergleichbar ist, bietet eine bis zu 24-fache Dichte, was zu erheblichen Platz- und Kosteneinsparungen f\u00fchrt. Dieses Kabel bietet nicht nur eine gleichbleibende Benutzerqualit\u00e4t, sondern erm\u00f6glicht auch eine schnellere Installation und ein einfacheres Kabelmanagement.<\/p>\n<p>Die MPO 24-Glasfaserkabel werden am h\u00e4ufigsten f\u00fcr die Herstellung von hochleistungsf\u00e4higen Backend-Trunk-Verbindungen zwischen Glasfaser-Patchpanels und verschiedenen Netzwerkger\u00e4ten verwendet und zeichnen sich durch unterschiedliche Anwendungen aus. Sie eignen sich f\u00fcr den Aufbau einer 100G-Verbindung (CXP-100G-SR10) zwischen zwei CXP-Transceivern oder mehrerer 10G-Verbindungen (10x10GBASE-SR) von verschiedenen SFP+-Transceivern zu einem einzigen 100G-Transceiver, wodurch die Verkehrsanforderungen effektiv bew\u00e4ltigt werden.<\/p>\n<p>Mit OM4-Glasfasern sorgt dieses 24-Faser-MTP\/MPO-Glasfaserkabel f\u00fcr eine effiziente Daten\u00fcbertragung. Bei einer 1 Gbps-Verbindung erm\u00f6glicht die 50\/125-Mikron-Glasfaser Entfernungen von bis zu 1100 Metern bei 850nm Wellenl\u00e4nge und bis zu 550 Metern bei 1300nm. Bei einer 10-Gbps-Verbindung k\u00f6nnen Daten bei 850 nm bis zu 550 Meter weit \u00fcbertragen werden.<\/p>\n<p>Das MPO 24-Glasfaserkabel ist wahlweise mit LSZH-, OFNR- oder OFNP-Mantel erh\u00e4ltlich und bietet damit Optionen f\u00fcr spezifische Anforderungen. Optionale MTP\u00ae-Stecker, kundenspezifische L\u00e4ngen und Polarit\u00e4tskonfigurationen bieten Flexibilit\u00e4t und Kompatibilit\u00e4t f\u00fcr unterschiedliche Netzwerkanforderungen. Jedes MTP\/MPO zu MTP\/MPO Kabel wird strengen Tests unterzogen, um die h\u00f6chstm\u00f6gliche Qualit\u00e4t und Leistung zu gew\u00e4hrleisten.<\/p>\n<h2 style=\"text-align: left; font-size: 18px;\"><strong>Eigenschaften von MPO 24 Glasfaserkabel OM4 Multimode<\/strong><\/h2>\n<ul>\n<li>MPO-Steckverbinder mit Push\/Pull-Laschen<\/li>\n<li>Laser-optimierte Multimode-OM4-Faser, violett eingef\u00e4rbt zur Identifikation<\/li>\n<li>OM4-zertifiziert f\u00fcr 40\/100 Gb Ethernet-Anwendungen<\/li>\n<li>Typ-A-Polarit\u00e4t f\u00fcr 100GBASE-SR10-Verbindung<\/li>\n<li>Bietet 0,6dB Standard &amp; 0,35dB Elite geringen Verlust f\u00fcr Kunden nach Wahl<\/li>\n<li>100% getestet auf geringe Einf\u00fcged\u00e4mpfung und R\u00fcckreflexion<\/li>\n<li>Kundenspezifische Konfigurationen verf\u00fcgbar<\/li>\n<\/ul>\n<h2 style=\"text-align: left; font-size: 18px;\"><strong>Anwendungen von MPO 24 Glasfaserkabel OM4 Multimode<\/strong><\/h2>\n<ul>\n<li>Optische Vermittlung von Interframe-Verbindungen<\/li>\n<li>High-Density-Glasfaserkartenrandzugang<\/li>\n<li>10G\/40G\/100G-Verbindung<\/li>\n<li>Rechenzentrum-Verkabelung<\/li>\n<\/ul>\n<h2 style=\"text-align: left; font-size: 18px;\"><strong>Suchen Sie nach weiteren MTP\/MPO-Kabeln?<\/strong><\/h2>\n<p>M\u00f6chten Sie mehr Optionen f\u00fcr MTP\/MPO-Kabel? Entdecken Sie unsere Auswahl an <span style=\"color: #0054a6;\"><strong><a style=\"color: #0054a6;\" href=\"https:\/\/www.bonelinks.com\/de\/mpo-24-fiber-cable\/\" target=\"_blank\" rel=\"noopener\">24-Faser MTP\/MPO-Kabeln <\/a><\/strong><\/span>und <a href=\"https:\/\/www.bonelinks.com\/de\/mpo-trunk-cable\/\" target=\"_blank\" rel=\"noopener\"><strong><span style=\"color: #0054a6;\">MPO-zu-MPO\/MTP-zu-MTP-Glasfaserkabeln<\/span><\/strong> <\/a>f\u00fcr eine nahtlose Vernetzung.<\/p>\n<p>Sind Sie auf der Suche nach ma\u00dfgeschneiderten und speziell angefertigten MPO-Patchkabeln? Entdecken Sie unseren speziellen Bereich \u00fcber<a href=\"https:\/\/www.bonelinks.com\/de\/custom-fiber-optic-cables\/\" target=\"_blank\" rel=\"noopener\"><span style=\"color: #0054a6;\"><strong> Kundenspezifische Glasfaserkabel <\/strong><\/span><\/a>f\u00fcr ma\u00dfgeschneiderte Konnektivit\u00e4tsl\u00f6sungen.<\/p>\n<ul>\n<li>Einzelhandel oder Gro\u00dfhandel &#8211; wir haben alles f\u00fcr Sie!<\/li>\n<li>Nicht sicher, was Sie kaufen sollen? Wir bieten fachkundige Beratung.<\/li>\n<li>Kleines MOQ: Sie brauchen nicht mehr zu kaufen, als Sie wollen.<\/li>\n<li>Konkurrenzf\u00e4hige Preise: Sie erhalten jedes Mal ein gutes Preis-Leistungs-Verh\u00e4ltnis.<\/li>\n<li>Prompte Lieferung: Ihre Geschwindigkeit, unsere Priorit\u00e4t.<\/li>\n<li>Kundenorientiert: Wir schneiden unsere Dienstleistungen auf Ihre Bed\u00fcrfnisse zu.<\/li>\n<\/ul>\n<p><strong>Verbinden Sie sich mit uns!<\/strong><br \/>\nWenn Sie Probleme bei der Suche nach dem richtigen <span style=\"color: #0054a6;\"><strong><a style=\"color: #0054a6;\" href=\"https:\/\/www.bonelinks.com\/de\/fiber-optic-patch-cord-supplier\/\" target=\"_blank\" rel=\"noopener\">Glasfaser-Patchkabel <\/a><\/strong><\/span>f\u00fcr Ihre Bed\u00fcrfnisse zu finden, oder wenn Sie einen Expertenrat ben\u00f6tigen, k\u00f6nnen Sie mit einem Klick<a href=\"https:\/\/www.bonelinks.com\/de\/contact-us\/\" target=\"_blank\" rel=\"noopener\"><strong><span style=\"color: #0054a6;\"> mit uns chatten <\/span><\/strong><\/a>in Sekundenschnelle. Ihre Zufriedenheit ist unsere Priorit\u00e4t. Wir sind bereit, Sie in jeder Hinsicht zu unterst\u00fctzen. <strong>Keine Sorge, \u00fcberm\u00e4\u00dfiges Nachdenken ist nicht erforderlich. Wir sind hier und bereit, Ihnen zu helfen.<\/strong><\/p>\n<p>&nbsp;<\/p>\n","protected":false},"excerpt":{"rendered":"<p>MPO 24-Faserkabel bieten eine betr\u00e4chtliche Anzahl von Faserstr\u00e4ngen in einem einzigen Stecker, wodurch der Bedarf an Abschl\u00fcssen minimiert und die durch Einf\u00fcgungsd\u00e4mpfung verursachte Leistungsminderung verringert wird. Die Bedeutung von High-Density-Steckverbindern wird mit der zunehmenden Verbreitung von parallelen Optiken und den steigenden Daten\u00fcbertragungsraten von 40G, 100G oder noch h\u00f6her deutlich. 24 Glasfaser-MPO-Kabel bieten optimale Leistung und erhebliche Platzeinsparungen. Ideal f\u00fcr leistungsstarke Trunk-Verbindungen in Verkabelungsanwendungen mit begrenztem Platzangebot.<\/p>\n<ul>\n<li>MPO(Buchse)-MPO(Buchse) Stecker<\/li>\n<li>Platzsparende 24 Fasern in einem einzigen Stecker<\/li>\n<li>OM4-zertifiziert f\u00fcr 40\/100 Gb Ethernet-Anwendungen<\/li>\n<li>Bietet 0,6dB Standard &amp; 0,35dB Elite geringen Verlust f\u00fcr Kunden nach Wahl<\/li>\n<\/ul>\n","protected":false},"featured_media":16631,"template":"","meta":{"site-sidebar-layout":"default","site-content-layout":"default","ast-site-content-layout":"default","site-content-style":"default","site-sidebar-style":"default","ast-global-header-display":"","ast-banner-title-visibility":"","ast-main-header-display":"","ast-hfb-above-header-display":"","ast-hfb-below-header-display":"","ast-hfb-mobile-header-display":"","site-post-title":"","ast-breadcrumbs-content":"","ast-featured-img":"","footer-sml-layout":"","ast-disable-related-posts":"","theme-transparent-header-meta":"default","adv-header-id-meta":"","stick-header-meta":"default","header-above-stick-meta":"","header-main-stick-meta":"","header-below-stick-meta":"","astra-migrate-meta-layouts":"set","ast-page-background-enabled":"default","ast-page-background-meta":{"desktop":{"background-color":"","background-image":"","background-repeat":"repeat","background-position":"center center","background-size":"auto","background-attachment":"scroll","background-type":"","background-media":"","overlay-type":"","overlay-color":"","overlay-opacity":"","overlay-gradient":""},"tablet":{"background-color":"","background-image":"","background-repeat":"repeat","background-position":"center center","background-size":"auto","background-attachment":"scroll","background-type":"","background-media":"","overlay-type":"","overlay-color":"","overlay-opacity":"","overlay-gradient":""},"mobile":{"background-color":"","background-image":"","background-repeat":"repeat","background-position":"center center","background-size":"auto","background-attachment":"scroll","background-type":"","background-media":"","overlay-type":"","overlay-color":"","overlay-opacity":"","overlay-gradient":""}},"ast-content-background-meta":{"desktop":{"background-color":"var(--ast-global-color-5)","background-image":"","background-repeat":"repeat","background-position":"center center","background-size":"auto","background-attachment":"scroll","background-type":"","background-media":"","overlay-type":"","overlay-color":"","overlay-opacity":"","overlay-gradient":""},"tablet":{"background-color":"var(--ast-global-color-5)","background-image":"","background-repeat":"repeat","background-position":"center center","background-size":"auto","background-attachment":"scroll","background-type":"","background-media":"","overlay-type":"","overlay-color":"","overlay-opacity":"","overlay-gradient":""},"mobile":{"background-color":"var(--ast-global-color-5)","background-image":"","background-repeat":"repeat","background-position":"center center","background-size":"auto","background-attachment":"scroll","background-type":"","background-media":"","overlay-type":"","overlay-color":"","overlay-opacity":"","overlay-gradient":""}}},"product_brand":[],"product_cat":[228,262,230],"product_tag":[],"class_list":{"0":"post-21173","1":"product","2":"type-product","3":"status-publish","4":"has-post-thumbnail","6":"product_cat-fiber-patch-cord-de","7":"product_cat-mpo-patch-cord-de","8":"product_cat-multimode-fiber-patch-cord-de","9":"pa_connector-type-mpo-mpo-de","10":"pa_fiber-type-50-125-om4-de","11":"desktop-align-left","12":"tablet-align-left","13":"mobile-align-left","14":"ast-product-gallery-layout-vertical","15":"ast-product-gallery-with-no-image","16":"ast-product-tabs-layout-vertical","17":"ast-qv-on-image","19":"first","20":"instock","21":"shipping-taxable","22":"product-type-simple"},"_links":{"self":[{"href":"https:\/\/www.bonelinks.com\/de\/wp-json\/wp\/v2\/product\/21173","targetHints":{"allow":["GET"]}}],"collection":[{"href":"https:\/\/www.bonelinks.com\/de\/wp-json\/wp\/v2\/product"}],"about":[{"href":"https:\/\/www.bonelinks.com\/de\/wp-json\/wp\/v2\/types\/product"}],"version-history":[{"count":3,"href":"https:\/\/www.bonelinks.com\/de\/wp-json\/wp\/v2\/product\/21173\/revisions"}],"predecessor-version":[{"id":24835,"href":"https:\/\/www.bonelinks.com\/de\/wp-json\/wp\/v2\/product\/21173\/revisions\/24835"}],"wp:featuredmedia":[{"embeddable":true,"href":"https:\/\/www.bonelinks.com\/de\/wp-json\/wp\/v2\/media\/16631"}],"wp:attachment":[{"href":"https:\/\/www.bonelinks.com\/de\/wp-json\/wp\/v2\/media?parent=21173"}],"wp:term":[{"taxonomy":"product_brand","embeddable":true,"href":"https:\/\/www.bonelinks.com\/de\/wp-json\/wp\/v2\/product_brand?post=21173"},{"taxonomy":"product_cat","embeddable":true,"href":"https:\/\/www.bonelinks.com\/de\/wp-json\/wp\/v2\/product_cat?post=21173"},{"taxonomy":"product_tag","embeddable":true,"href":"https:\/\/www.bonelinks.com\/de\/wp-json\/wp\/v2\/product_tag?post=21173"}],"curies":[{"name":"wp","href":"https:\/\/api.w.org\/{rel}","templated":true}]}}