{"id":21170,"date":"2023-07-14T01:22:03","date_gmt":"2023-07-14T09:22:03","guid":{"rendered":"https:\/\/www.bonelinks.com\/product\/1x3-mini-stahlfaser-plc-splitter-singlemode-sc-apc-stecker\/"},"modified":"2024-02-02T02:55:52","modified_gmt":"2024-02-02T10:55:52","slug":"1x3-mini-steel-fiber-plc-splitter-singlemode-sc-apc-connector","status":"publish","type":"product","link":"https:\/\/www.bonelinks.com\/de\/product\/1x3-mini-steel-fiber-plc-splitter-singlemode-sc-apc-connector\/","title":{"rendered":"1&#215;3 Mini Stahlfaser PLC Splitter Singlemode SC\/APC Stecker"},"content":{"rendered":"<h1 style=\"text-align: left; font-size: 18px;\"><span style=\"color: #000000;\"><strong>1x 3 Blockless Fiber PLC Splitter, Singlemode, 900\u03bcm Faser, SC\/APC Stecker<\/strong><\/span><\/h1>\n<ul>\n<li><strong>1&#215;3 PLC Optical Splitter f\u00fcr gleichm\u00e4\u00dfige Signalverteilung<\/strong><br \/>\nDer optische Splitter 1&#215;3 PLC ist ein vielseitiges Ger\u00e4t mit einem Eingang und drei Ausg\u00e4ngen, das eine gleichm\u00e4\u00dfige Signalverteilung gew\u00e4hrleistet, wobei jeder Ausgang 33,3 % des optischen Signals empf\u00e4ngt. Diese Verteilerkonfiguration ist f\u00fcr optische Power-Management-Systeme von gro\u00dfem Vorteil.<\/li>\n<li><strong>Planarer Lichtwellenschaltkreis (PLC) Splitter f\u00fcr effiziente Signalverteilung<\/strong><br \/>\nDer Planar Lightwave Circuit (PLC) Splitter, der mit Hilfe der Siliziumdioxid-Lichtwellenleitertechnologie hergestellt wird, dient als wichtiges optisches Leistungsmanagementger\u00e4t. Seine Hauptfunktion besteht darin, optische Signale von der Vermittlungsstelle (Central Office, CO) an mehrere Standorte zu verteilen und so eine nahtlose Konnektivit\u00e4t und zuverl\u00e4ssige Daten\u00fcbertragung zu erm\u00f6glichen.<\/li>\n<li><strong>Blockloser (Mini Steel) PLC-Splitter mit verbessertem Faserschutz<\/strong><br \/>\nDer blocklose (Mini Steel) PLC-Splitter \u00fcbertrifft den reinen Fasersplitter in Bezug auf den Faserschutz. Diese kompakte Variante, abgeleitet aus der Miniaturisierung von Kassettenverteilern, bietet einen robusten Faserschutz. Es wird h\u00e4ufig in Anschluss- und Verteilerk\u00e4sten sowie in Netzwerkschr\u00e4nken eingesetzt und sorgt f\u00fcr eine sichere und effiziente Signalverteilung.<\/li>\n<li><strong>Faseroptische Splitter f\u00fcr kundenspezifische L\u00f6sungen<\/strong><br \/>\nBonelinks bietet ein umfangreiches Sortiment an Glasfasersplittern, die in verschiedenen Ausf\u00fchrungen und Gr\u00f6\u00dfen erh\u00e4ltlich sind. Diese Splitter zeichnen sich dadurch aus, dass sie Licht mit minimalem Verlust aufteilen oder kombinieren und so ein effizientes optisches Signalmanagement erm\u00f6glichen. Diese Splitter werden in einem einfachen, aber zuverl\u00e4ssigen Verfahren hergestellt und sind kosteng\u00fcnstig und zuverl\u00e4ssig. Dar\u00fcber hinaus bietet Bonelinks Anpassungsm\u00f6glichkeiten, einschlie\u00dflich der Herstellung von Splittern in kundenspezifischen Faserl\u00e4ngen und der Integration von Steckern jeder Art.<\/li>\n<\/ul>\n<h2 style=\"text-align: left; font-size: 18px;\"><strong>Eigenschaften<\/strong><\/h2>\n<ul>\n<li>Gute Gleichm\u00e4\u00dfigkeit von Kanal zu Kanal<\/li>\n<li>Kompakte Bauweise<\/li>\n<li>Verwendung von hochfestem Edelstahl, der den Salzspr\u00fchnebeltest besteht<\/li>\n<li>100% 3D getestet von Daisi und Sumix<\/li>\n<li>Hoch-Tief-Temperatur-Zyklustest<\/li>\n<li>100%ige Pr\u00fcfung vor der Auslieferung<\/li>\n<li>Geringe Einf\u00fcgungsd\u00e4mpfung &amp; niedrige PDL<\/li>\n<\/ul>\n<h2 style=\"text-align: left; font-size: 18px;\"><strong>Anwendungen<\/strong><\/h2>\n<ul>\n<li>FTTx<\/li>\n<li>Kabelfernsehen (CATV)<\/li>\n<li>Lokale Netzwerke (LAN)<\/li>\n<li>Pr\u00fcfger\u00e4te<\/li>\n<li>Passive optische Netze (PON)<\/li>\n<\/ul>\n<h2 style=\"text-align: left; font-size: 18px;\"><strong>Suchen Sie nach More PLC splitter?<\/strong><\/h2>\n<p>M\u00f6chten Sie mehr Optionen f\u00fcr Fiber Splitter? Entdecken Sie unsere Auswahl an<a title=\"Mini Stahl PLC Splitter\" href=\"https:\/\/www.bonelinks.com\/de\/mini-plc-splitter\/\" target=\"_blank\" rel=\"noopener\"><strong><span style=\"color: #0054a6;\"> Mini Steel PLC Splitter <\/span><\/strong><\/a>f\u00fcr nahtlose Vernetzung.<\/p>\n<p><strong>Verbinden Sie sich mit uns!<\/strong><br \/>\nWenn Sie Schwierigkeiten bei der Suche nach dem richtigen <span style=\"color: #0054a6;\"><strong><a style=\"color: #0054a6;\" href=\"https:\/\/www.bonelinks.com\/de\/china-ftth-plc-splitter-supplier\/\" target=\"_blank\" rel=\"noopener\">Glasfaser-Splitter <\/a><\/strong><\/span>f\u00fcr Ihre Bed\u00fcrfnisse zu finden, oder wenn Sie eine fachkundige Beratung ben\u00f6tigen, k\u00f6nnen Sie mit einem Klick<a href=\"https:\/\/www.bonelinks.com\/de\/contact-us\/\" target=\"_blank\" rel=\"noopener\"><strong><span style=\"color: #0054a6;\"> mit uns chatten <\/span><\/strong><\/a>in Sekundenschnelle. Ihre Zufriedenheit ist unsere Priorit\u00e4t. Wir sind bereit, Sie in jeder Hinsicht zu unterst\u00fctzen. <strong>Keine Sorge, \u00fcberm\u00e4\u00dfiges Nachdenken ist nicht erforderlich. Wir sind hier und bereit, Ihnen zu helfen.<\/strong><\/p>\n<ul>\n<li>Einzelhandel oder Gro\u00dfhandel &#8211; wir haben alles f\u00fcr Sie!<\/li>\n<li>Nicht sicher, was Sie kaufen sollen? Wir bieten fachkundige Beratung.<\/li>\n<li>Kleines MOQ: Sie brauchen nicht mehr zu kaufen, als Sie wollen.<\/li>\n<li>Konkurrenzf\u00e4hige Preise: Sie erhalten jedes Mal ein gutes Preis-Leistungs-Verh\u00e4ltnis.<\/li>\n<li>Prompte Lieferung: Ihre Geschwindigkeit, unsere Priorit\u00e4t.<\/li>\n<li>Kundenorientiert: Wir schneiden unsere Dienstleistungen auf Ihre Bed\u00fcrfnisse zu.<\/li>\n<\/ul>\n","protected":false},"excerpt":{"rendered":"<p>Der hier angebotene PLC-Fasersplitter ist eine 1 x 3-Konfiguration in Mini-Modulbauweise. Es ist in einem robusten Stahlgeh\u00e4use mit einem Kabelau\u00dfendurchmesser von 0,9 mm untergebracht. Der PLC-Glasfasersplitter verwendet G.657.A1 Singlemode-Glasfaser und ist mit SC\/APC-Steckern ausgestattet. Er verf\u00fcgt \u00fcber drei Anschl\u00fcsse, und das Aufteilungsverh\u00e4ltnis ist mit 33,3 % gleichm\u00e4\u00dfig auf jeden Anschluss verteilt.<\/p>\n<ul>\n<li>1&#215;3 PLC Optische Splitter<\/li>\n<li>Gleichm\u00e4\u00dfige Verteilung des optischen Signals<\/li>\n<li>Kompaktes Geh\u00e4use f\u00fcr Racks, wandmontierte Boxen, optische Verteilerk\u00e4sten, usw.<\/li>\n<\/ul>\n","protected":false},"featured_media":19671,"template":"","meta":{"site-sidebar-layout":"default","site-content-layout":"default","ast-site-content-layout":"default","site-content-style":"default","site-sidebar-style":"default","ast-global-header-display":"","ast-banner-title-visibility":"","ast-main-header-display":"","ast-hfb-above-header-display":"","ast-hfb-below-header-display":"","ast-hfb-mobile-header-display":"","site-post-title":"","ast-breadcrumbs-content":"","ast-featured-img":"","footer-sml-layout":"","ast-disable-related-posts":"","theme-transparent-header-meta":"default","adv-header-id-meta":"","stick-header-meta":"default","header-above-stick-meta":"","header-main-stick-meta":"","header-below-stick-meta":"","astra-migrate-meta-layouts":"set","ast-page-background-enabled":"default","ast-page-background-meta":{"desktop":{"background-color":"","background-image":"","background-repeat":"repeat","background-position":"center center","background-size":"auto","background-attachment":"scroll","background-type":"","background-media":"","overlay-type":"","overlay-color":"","overlay-opacity":"","overlay-gradient":""},"tablet":{"background-color":"","background-image":"","background-repeat":"repeat","background-position":"center center","background-size":"auto","background-attachment":"scroll","background-type":"","background-media":"","overlay-type":"","overlay-color":"","overlay-opacity":"","overlay-gradient":""},"mobile":{"background-color":"","background-image":"","background-repeat":"repeat","background-position":"center center","background-size":"auto","background-attachment":"scroll","background-type":"","background-media":"","overlay-type":"","overlay-color":"","overlay-opacity":"","overlay-gradient":""}},"ast-content-background-meta":{"desktop":{"background-color":"var(--ast-global-color-5)","background-image":"","background-repeat":"repeat","background-position":"center center","background-size":"auto","background-attachment":"scroll","background-type":"","background-media":"","overlay-type":"","overlay-color":"","overlay-opacity":"","overlay-gradient":""},"tablet":{"background-color":"var(--ast-global-color-5)","background-image":"","background-repeat":"repeat","background-position":"center center","background-size":"auto","background-attachment":"scroll","background-type":"","background-media":"","overlay-type":"","overlay-color":"","overlay-opacity":"","overlay-gradient":""},"mobile":{"background-color":"var(--ast-global-color-5)","background-image":"","background-repeat":"repeat","background-position":"center center","background-size":"auto","background-attachment":"scroll","background-type":"","background-media":"","overlay-type":"","overlay-color":"","overlay-opacity":"","overlay-gradient":""}}},"product_brand":[],"product_cat":[305],"product_tag":[],"class_list":{"0":"post-21170","1":"product","2":"type-product","3":"status-publish","4":"has-post-thumbnail","6":"product_cat-plc-splitter-de-2","7":"pa_configuration-1x3-de","8":"pa_splitter-type-mini-modul","9":"desktop-align-left","10":"tablet-align-left","11":"mobile-align-left","12":"ast-product-gallery-layout-vertical","13":"ast-product-gallery-with-no-image","14":"ast-product-tabs-layout-vertical","15":"ast-qv-on-image","17":"first","18":"instock","19":"shipping-taxable","20":"product-type-simple"},"_links":{"self":[{"href":"https:\/\/www.bonelinks.com\/de\/wp-json\/wp\/v2\/product\/21170","targetHints":{"allow":["GET"]}}],"collection":[{"href":"https:\/\/www.bonelinks.com\/de\/wp-json\/wp\/v2\/product"}],"about":[{"href":"https:\/\/www.bonelinks.com\/de\/wp-json\/wp\/v2\/types\/product"}],"version-history":[{"count":3,"href":"https:\/\/www.bonelinks.com\/de\/wp-json\/wp\/v2\/product\/21170\/revisions"}],"predecessor-version":[{"id":24833,"href":"https:\/\/www.bonelinks.com\/de\/wp-json\/wp\/v2\/product\/21170\/revisions\/24833"}],"wp:featuredmedia":[{"embeddable":true,"href":"https:\/\/www.bonelinks.com\/de\/wp-json\/wp\/v2\/media\/19671"}],"wp:attachment":[{"href":"https:\/\/www.bonelinks.com\/de\/wp-json\/wp\/v2\/media?parent=21170"}],"wp:term":[{"taxonomy":"product_brand","embeddable":true,"href":"https:\/\/www.bonelinks.com\/de\/wp-json\/wp\/v2\/product_brand?post=21170"},{"taxonomy":"product_cat","embeddable":true,"href":"https:\/\/www.bonelinks.com\/de\/wp-json\/wp\/v2\/product_cat?post=21170"},{"taxonomy":"product_tag","embeddable":true,"href":"https:\/\/www.bonelinks.com\/de\/wp-json\/wp\/v2\/product_tag?post=21170"}],"curies":[{"name":"wp","href":"https:\/\/api.w.org\/{rel}","templated":true}]}}