{"id":21165,"date":"2023-07-10T20:40:56","date_gmt":"2023-07-11T04:40:56","guid":{"rendered":"https:\/\/www.bonelinks.com\/product\/8-fiber-om4-mpo-trunk-kabel\/"},"modified":"2024-02-02T03:41:23","modified_gmt":"2024-02-02T11:41:23","slug":"8-fiber-om4-mpo-trunk-cable","status":"publish","type":"product","link":"https:\/\/www.bonelinks.com\/de\/product\/8-fiber-om4-mpo-trunk-cable\/","title":{"rendered":"8 Fiber OM4 MPO Trunk Kabel"},"content":{"rendered":"<h1 style=\"text-align: left; font-size: 18px;\"><strong> Hochgeschwindigkeits 8 Fiber OM4 MPO Trunk Kabel: Effiziente Daten\u00fcbertragung<\/strong><\/h1>\n<p>Das 8 Fiber OM4 MPO Trunk Kabel wurde entwickelt, um die hohen Geschwindigkeitsanforderungen von Rechenzentren zu erf\u00fcllen und bietet fortschrittliche 40G\/100G\/128G Bandbreitentechnologie f\u00fcr eine effiziente Daten\u00fcbertragung. Mit seiner High-Density-Konnektivit\u00e4tsl\u00f6sung k\u00f6nnen Aufgaben effizienter erledigt werden.<\/p>\n<p>Ausgestattet mit speziell entwickelten MPO-Steckern an beiden Enden, maximiert dieses Kabel seine Hochgeschwindigkeitsf\u00e4higkeit. Die Steckverbinder verf\u00fcgen \u00fcber ein abnehmbares Geh\u00e4use und eine schwimmende Aderendh\u00fclse, was eine optimale Leistung und Flexibilit\u00e4t bei Netzwerkkonfigurationen erm\u00f6glicht.<\/p>\n<p>Die 8-Faser-MPO-Kabel werden in erster Linie f\u00fcr den Aufbau hochleistungsf\u00e4higer und zuverl\u00e4ssiger 40G-Verbindungen (40GBASE-SR4) verwendet und spielen eine entscheidende Rolle in der Paralleloptik-Technologie. Sie eignen sich f\u00fcr die erh\u00f6hte Anzahl von Fasern und hochdichten Patchpanels, die f\u00fcr Daten\u00fcbertragungsraten von 40G und mehr erforderlich sind. Dar\u00fcber hinaus erleichtern diese Kabel Back-End-Trunk-Verbindungen zwischen Glasfaser-Patch-Panels, wodurch das Durcheinander, die Kosten und die Sicherheitsrisiken, die mit einzelnen Glasfaser-Patch-Kabeln verbunden sind, reduziert werden.<\/p>\n<p>Mit OM4-Glasfasern unterst\u00fctzt dieses Kabel Daten\u00fcbertragungen \u00fcber eine 1 Gbps-Verbindung mit einer 50\/125-Mikron-Glasfaser. Bei einer Wellenl\u00e4nge von 850nm erm\u00f6glicht es eine Daten\u00fcbertragung von bis zu 1100 Metern, bei 1300nm erreicht es bei einer 1Gbps-Verbindung Entfernungen von bis zu 550 Metern. Bei einer 10-Gbps-Verbindung k\u00f6nnen Daten bei 850 nm bis zu 550 Meter weit \u00fcbertragen werden.<\/p>\n<p>Das 8-Faser-OM4-MPO-Trunkkabel ist mit einem LSZH-, OFNR- oder OFNP-Mantel erh\u00e4ltlich und bietet somit Optionen f\u00fcr spezifische Anforderungen. Optionale MTP\u00ae-Stecker, kundenspezifische L\u00e4ngen und Polarit\u00e4tskonfigurationen sind verf\u00fcgbar, um Flexibilit\u00e4t und Kompatibilit\u00e4t mit verschiedenen Netzwerkanforderungen zu gew\u00e4hrleisten. Jedes Kabel wird strengen Tests unterzogen, um die h\u00f6chstm\u00f6gliche Qualit\u00e4t zu gew\u00e4hrleisten.<\/p>\n<h2 style=\"text-align: left; font-size: 18px;\"><strong>Eigenschaften von 8 Fiber OM4 MPO Trunk Kabel <\/strong><\/h2>\n<ul>\n<li>MPO(Female)-MPO(Female) Steckverbinder<\/li>\n<li>Einfache Montage und Demontage mit Push-Pull-Verriegelung<\/li>\n<li>Laser-optimierte Multimode-OM4-Faser<\/li>\n<li>Die violette Ummantelung erm\u00f6glicht eine schnelle, einfache Identifizierung in einem \u00fcberf\u00fcllten Switch oder Patch Panel<\/li>\n<li>Die werkseitige Konfektionierung sorgt f\u00fcr gleichbleibende Qualit\u00e4t, hohe Leistung und k\u00fcrzere Installationszeiten<\/li>\n<li>Optimierte Leistung &#8211; auf Anfrage mit Elite MTP und diskretem Premium-Stecker erh\u00e4ltlich<\/li>\n<li>100% getestet auf geringe Einf\u00fcgungsd\u00e4mpfung und R\u00fcckreflexion<\/li>\n<li>Verbindungen hoher Dichte zwischen Netzwerkger\u00e4ten in Telekommunikationsr\u00e4umen<\/li>\n<\/ul>\n<h2 style=\"text-align: left; font-size: 18px;\"><strong>Anwendungen von 8 Fiber OM4 MPO Trunk Kabel <\/strong><\/h2>\n<ul>\n<li>Optische Vermittlung von Interframe-Verbindungen<\/li>\n<li>High-Density-Glasfaserkartenrandzugang<\/li>\n<li>10G\/40G\/100G-Verbindung<\/li>\n<li>Rechenzentrum-Verkabelung<\/li>\n<\/ul>\n<h2 style=\"text-align: left; font-size: 18px;\"><strong>Suchen Sie nach weiteren MTP\/MPO-Kabeln?<\/strong><\/h2>\n<p>M\u00f6chten Sie mehr Optionen f\u00fcr MTP\/MPO-Kabel? Entdecken Sie unsere Auswahl an <span style=\"color: #0054a6;\"><strong><a style=\"color: #0054a6;\" href=\"https:\/\/www.bonelinks.com\/de\/8-fiber-mpo-cable\/\" target=\"_blank\" rel=\"noopener\">8-Faser MTP\/MPO-Kabeln <\/a><\/strong><\/span>und <a href=\"https:\/\/www.bonelinks.com\/de\/mpo-trunk-cable\/\" target=\"_blank\" rel=\"noopener\"><strong><span style=\"color: #0054a6;\">MPO-zu-MPO\/MTP-zu-MTP-Glasfaserkabeln<\/span><\/strong> <\/a>f\u00fcr eine nahtlose Vernetzung.<\/p>\n<p>Sind Sie auf der Suche nach ma\u00dfgeschneiderten und speziell angefertigten MPO-Patchkabeln? Entdecken Sie unseren speziellen Bereich \u00fcber<a href=\"https:\/\/www.bonelinks.com\/de\/custom-fiber-optic-cables\/\" target=\"_blank\" rel=\"noopener\"><span style=\"color: #0054a6;\"><strong> Kundenspezifische Glasfaserkabel <\/strong><\/span><\/a>f\u00fcr ma\u00dfgeschneiderte Konnektivit\u00e4tsl\u00f6sungen.<\/p>\n<ul>\n<li>Einzelhandel oder Gro\u00dfhandel &#8211; wir haben alles f\u00fcr Sie!<\/li>\n<li>Nicht sicher, was Sie kaufen sollen? Wir bieten fachkundige Beratung.<\/li>\n<li>Kleines MOQ: Sie brauchen nicht mehr zu kaufen, als Sie wollen.<\/li>\n<li>Konkurrenzf\u00e4hige Preise: Sie erhalten jedes Mal ein gutes Preis-Leistungs-Verh\u00e4ltnis.<\/li>\n<li>Prompte Lieferung: Ihre Geschwindigkeit, unsere Priorit\u00e4t.<\/li>\n<li>Kundenorientiert: Wir schneiden unsere Dienstleistungen auf Ihre Bed\u00fcrfnisse zu.<\/li>\n<\/ul>\n<p><strong>Verbinden Sie sich mit uns!<\/strong><br \/>\nWenn Sie Probleme bei der Suche nach dem richtigen <span style=\"color: #0054a6;\"><strong><a style=\"color: #0054a6;\" href=\"https:\/\/www.bonelinks.com\/de\/fiber-optic-patch-cord-supplier\/\" target=\"_blank\" rel=\"noopener\">Glasfaser-Patchkabel <\/a><\/strong><\/span>f\u00fcr Ihre Bed\u00fcrfnisse zu finden, oder wenn Sie einen Expertenrat ben\u00f6tigen, k\u00f6nnen Sie mit einem Klick<a href=\"https:\/\/www.bonelinks.com\/de\/contact-us\/\" target=\"_blank\" rel=\"noopener\"><strong><span style=\"color: #0054a6;\"> mit uns chatten <\/span><\/strong><\/a>in Sekundenschnelle. Ihre Zufriedenheit ist unsere Priorit\u00e4t. Wir sind bereit, Sie in jeder Hinsicht zu unterst\u00fctzen. <strong>Keine Sorge, \u00fcberm\u00e4\u00dfiges Nachdenken ist nicht erforderlich. Wir sind hier und bereit, Ihnen zu helfen.<\/strong><\/p>\n","protected":false},"excerpt":{"rendered":"<p>Das 8 Fiber OM4 MPO Trunk Kabel bietet eine hochdichte Daten\u00fcbertragung f\u00fcr effiziente Aufgaben in Rechenzentren. Erleben Sie erweiterte 40G\/100G\/128G-Geschwindigkeiten und maximieren Sie die Netzwerkkonfiguration mit optimierten MPO-Anschl\u00fcssen.<\/p>\n<ul>\n<li>MPO(Female)-MPO(Female) Steckverbinder<\/li>\n<li>Laser-optimierte Multimode-OM4-Faser<\/li>\n<li>Optimierte Leistung &#8211; auf Anfrage mit Elite MTP und diskretem Premium-Stecker erh\u00e4ltlich<\/li>\n<li>100% getestet auf geringe Einf\u00fcgungsd\u00e4mpfung und R\u00fcckreflexion<\/li>\n<\/ul>\n","protected":false},"featured_media":16631,"template":"","meta":{"site-sidebar-layout":"default","site-content-layout":"default","ast-site-content-layout":"default","site-content-style":"default","site-sidebar-style":"default","ast-global-header-display":"","ast-banner-title-visibility":"","ast-main-header-display":"","ast-hfb-above-header-display":"","ast-hfb-below-header-display":"","ast-hfb-mobile-header-display":"","site-post-title":"","ast-breadcrumbs-content":"","ast-featured-img":"","footer-sml-layout":"","ast-disable-related-posts":"","theme-transparent-header-meta":"default","adv-header-id-meta":"","stick-header-meta":"default","header-above-stick-meta":"","header-main-stick-meta":"","header-below-stick-meta":"","astra-migrate-meta-layouts":"set","ast-page-background-enabled":"default","ast-page-background-meta":{"desktop":{"background-color":"","background-image":"","background-repeat":"repeat","background-position":"center center","background-size":"auto","background-attachment":"scroll","background-type":"","background-media":"","overlay-type":"","overlay-color":"","overlay-opacity":"","overlay-gradient":""},"tablet":{"background-color":"","background-image":"","background-repeat":"repeat","background-position":"center center","background-size":"auto","background-attachment":"scroll","background-type":"","background-media":"","overlay-type":"","overlay-color":"","overlay-opacity":"","overlay-gradient":""},"mobile":{"background-color":"","background-image":"","background-repeat":"repeat","background-position":"center center","background-size":"auto","background-attachment":"scroll","background-type":"","background-media":"","overlay-type":"","overlay-color":"","overlay-opacity":"","overlay-gradient":""}},"ast-content-background-meta":{"desktop":{"background-color":"var(--ast-global-color-5)","background-image":"","background-repeat":"repeat","background-position":"center center","background-size":"auto","background-attachment":"scroll","background-type":"","background-media":"","overlay-type":"","overlay-color":"","overlay-opacity":"","overlay-gradient":""},"tablet":{"background-color":"var(--ast-global-color-5)","background-image":"","background-repeat":"repeat","background-position":"center center","background-size":"auto","background-attachment":"scroll","background-type":"","background-media":"","overlay-type":"","overlay-color":"","overlay-opacity":"","overlay-gradient":""},"mobile":{"background-color":"var(--ast-global-color-5)","background-image":"","background-repeat":"repeat","background-position":"center center","background-size":"auto","background-attachment":"scroll","background-type":"","background-media":"","overlay-type":"","overlay-color":"","overlay-opacity":"","overlay-gradient":""}}},"product_brand":[],"product_cat":[228,262,230],"product_tag":[],"class_list":{"0":"post-21165","1":"product","2":"type-product","3":"status-publish","4":"has-post-thumbnail","6":"product_cat-fiber-patch-cord-de","7":"product_cat-mpo-patch-cord-de","8":"product_cat-multimode-fiber-patch-cord-de","9":"pa_connector-type-mpo-mpo-de","10":"pa_fiber-type-50-125-om4-de","11":"desktop-align-left","12":"tablet-align-left","13":"mobile-align-left","14":"ast-product-gallery-layout-vertical","15":"ast-product-gallery-with-no-image","16":"ast-product-tabs-layout-vertical","17":"ast-qv-on-image","19":"first","20":"instock","21":"shipping-taxable","22":"product-type-simple"},"_links":{"self":[{"href":"https:\/\/www.bonelinks.com\/de\/wp-json\/wp\/v2\/product\/21165","targetHints":{"allow":["GET"]}}],"collection":[{"href":"https:\/\/www.bonelinks.com\/de\/wp-json\/wp\/v2\/product"}],"about":[{"href":"https:\/\/www.bonelinks.com\/de\/wp-json\/wp\/v2\/types\/product"}],"version-history":[{"count":3,"href":"https:\/\/www.bonelinks.com\/de\/wp-json\/wp\/v2\/product\/21165\/revisions"}],"predecessor-version":[{"id":24842,"href":"https:\/\/www.bonelinks.com\/de\/wp-json\/wp\/v2\/product\/21165\/revisions\/24842"}],"wp:featuredmedia":[{"embeddable":true,"href":"https:\/\/www.bonelinks.com\/de\/wp-json\/wp\/v2\/media\/16631"}],"wp:attachment":[{"href":"https:\/\/www.bonelinks.com\/de\/wp-json\/wp\/v2\/media?parent=21165"}],"wp:term":[{"taxonomy":"product_brand","embeddable":true,"href":"https:\/\/www.bonelinks.com\/de\/wp-json\/wp\/v2\/product_brand?post=21165"},{"taxonomy":"product_cat","embeddable":true,"href":"https:\/\/www.bonelinks.com\/de\/wp-json\/wp\/v2\/product_cat?post=21165"},{"taxonomy":"product_tag","embeddable":true,"href":"https:\/\/www.bonelinks.com\/de\/wp-json\/wp\/v2\/product_tag?post=21165"}],"curies":[{"name":"wp","href":"https:\/\/api.w.org\/{rel}","templated":true}]}}