{"id":21142,"date":"2023-07-16T19:02:17","date_gmt":"2023-07-17T03:02:17","guid":{"rendered":"https:\/\/www.bonelinks.com\/product\/1x4-mini-stahl-ftth-fiber-plc-splitter-singlemode-sc-apc-stecker\/"},"modified":"2024-02-02T02:50:41","modified_gmt":"2024-02-02T10:50:41","slug":"1x4-mini-steel-ftth-fiber-plc-splitter-singlemode-sc-apc-connector","status":"publish","type":"product","link":"https:\/\/www.bonelinks.com\/de\/product\/1x4-mini-steel-ftth-fiber-plc-splitter-singlemode-sc-apc-connector\/","title":{"rendered":"1&#215;4 Mini Stahl FTTH Fiber PLC Splitter Singlemode SC\/APC Stecker"},"content":{"rendered":"<h1 style=\"text-align: left; font-size: 18px;\"><span style=\"color: #000000;\"><strong> FTTH 1&#215;4 Blockless PLC Fiber Splitter, Mini-Modul, SC\/APC<\/strong><\/span><\/h1>\n<ul>\n<li><strong>Effiziente Signalverteilung mit optischen 1&#215;4 PLC-Splittern<\/strong><br \/>\nDer optische 1&#215;4 PLC-Splitter ist eine entscheidende Komponente in optischen Leistungsmanagementsystemen. Mit einem Eingang und vier Ausg\u00e4ngen sorgt er f\u00fcr eine gleichm\u00e4\u00dfige Signalverteilung, wobei jedem Ausgang 25 % des optischen Signals zugewiesen werden. Diese Konfiguration erm\u00f6glicht eine effiziente und ausgewogene Signalverteilung \u00fcber mehrere Anschl\u00fcsse.<\/li>\n<li><strong>Planar Lightwave Circuit (PLC)-Splitter f\u00fcr optimales Signalmanagement<br \/>\n<\/strong>Planar Lightwave Circuit (PLC)-Splitter sind fortschrittliche Ger\u00e4te f\u00fcr das optische Leistungsmanagement, die mit Hilfe der Silica-Lichtwellenleitertechnologie hergestellt werden. Sie eignen sich hervorragend f\u00fcr die Verteilung optischer Signale von der zentralen Vermittlungsstelle (Central Office, CO) zu mehreren Standorten und gew\u00e4hrleisten eine effiziente und zuverl\u00e4ssige Signal\u00fcbertragung f\u00fcr eine Vielzahl von Anwendungen.<\/li>\n<li><strong>Verbesserter Faserschutz mit blocklosen PLC-Splittern<br \/>\n<\/strong>Blocklose PLC-Splitter bieten im Vergleich zu reinen Fasersplittern einen besseren Faserschutz. Als Ergebnis der Miniaturisierung von Kassettenverteilern bieten blocklose PLC-Verteiler einen verbesserten Schutz der Fasern. Sie finden breite Anwendung in verschiedenen Anschluss- und Verteilerdosen sowie Netzwerkschr\u00e4nken und sorgen f\u00fcr eine sichere und zuverl\u00e4ssige Signal\u00fcbertragung.<\/li>\n<li><strong>Vielseitige L\u00f6sungen mit Bonelinks Glasfasersplittern<br \/>\n<\/strong>Bonelinks Glasfasersplitter bieten eine gro\u00dfe Auswahl an Bauformen und Gr\u00f6\u00dfen, um unterschiedlichen Anforderungen an das Signalmanagement gerecht zu werden. Diese Splitter zeichnen sich dadurch aus, dass sie Licht mit minimalem Verlust aufteilen oder kombinieren und so eine effiziente optische Signalverteilung gew\u00e4hrleisten. Bonelinks wird in einem einfachen und zuverl\u00e4ssigen Verfahren hergestellt und liefert zuverl\u00e4ssige und kosteng\u00fcnstige Glasfasersplitter. Dar\u00fcber hinaus k\u00f6nnen die Splitter an spezifische Anforderungen angepasst werden, einschlie\u00dflich verschiedener Faserl\u00e4ngen und Anschl\u00fcsse f\u00fcr eine nahtlose Integration in verschiedene Netzwerkkonfigurationen.<\/li>\n<\/ul>\n<h2 style=\"text-align: left; font-size: 18px;\"><strong>Eigenschaften<\/strong><\/h2>\n<ul>\n<li>Kompakte Bauweise<\/li>\n<li>Verwendung von hochfestem Edelstahl, der den Salzspr\u00fchnebeltest besteht<\/li>\n<li>100% 3D getestet von Daisi und Sumix<\/li>\n<li>Hoch-Tief-Temperatur-Zyklustest<\/li>\n<li>100%ige Pr\u00fcfung vor der Auslieferung<\/li>\n<li>Geringe Einf\u00fcgungsd\u00e4mpfung &amp; niedrige PDL<\/li>\n<\/ul>\n<h2 style=\"text-align: left; font-size: 18px;\"><strong>Anwendungen<\/strong><\/h2>\n<ul>\n<li>FTTx<\/li>\n<li>Kabelfernsehen (CATV)<\/li>\n<li>Lokale Netzwerke (LAN)<\/li>\n<li>Pr\u00fcfger\u00e4te<\/li>\n<li>Passive optische Netze (PON)<\/li>\n<\/ul>\n<h2 style=\"text-align: left; font-size: 18px;\"><strong>Suchen Sie nach More PLC splitter?<\/strong><\/h2>\n<p>M\u00f6chten Sie mehr Optionen f\u00fcr Fiber Splitter? Entdecken Sie unsere Auswahl an<a title=\"Mini Stahl PLC Splitter\" href=\"https:\/\/www.bonelinks.com\/de\/mini-plc-splitter\/\" target=\"_blank\" rel=\"noopener\"><strong><span style=\"color: #0054a6;\"> Mini Steel PLC Splitter, <\/span><\/strong><\/a><a href=\"https:\/\/www.bonelinks.com\/de\/fiber-optic-splitter-1x4\/\" target=\"_blank\" rel=\"noopener\"><strong><span style=\"color: #0054a6;\">1&#215;4 Glasfaser-Splitter <\/span><\/strong><\/a>f\u00fcr die Vernetzung.<\/p>\n<p><strong>Verbinden Sie sich mit uns!<\/strong><br \/>\nWenn Sie Schwierigkeiten bei der Suche nach dem richtigen <span style=\"color: #0054a6;\"><strong><a style=\"color: #0054a6;\" href=\"https:\/\/www.bonelinks.com\/de\/china-ftth-plc-splitter-supplier\/\" target=\"_blank\" rel=\"noopener\">Glasfaser-Splitter <\/a><\/strong><\/span>f\u00fcr Ihre Bed\u00fcrfnisse zu finden, oder wenn Sie eine fachkundige Beratung ben\u00f6tigen, k\u00f6nnen Sie mit einem Klick<a href=\"https:\/\/www.bonelinks.com\/de\/contact-us\/\" target=\"_blank\" rel=\"noopener\"><strong><span style=\"color: #0054a6;\"> mit uns chatten <\/span><\/strong><\/a>in Sekundenschnelle. Ihre Zufriedenheit ist unsere Priorit\u00e4t. Wir sind bereit, Sie in jeder Hinsicht zu unterst\u00fctzen. <strong>Keine Sorge, \u00fcberm\u00e4\u00dfiges Nachdenken ist nicht erforderlich. Wir sind hier und bereit, Ihnen zu helfen.<\/strong><\/p>\n<ul>\n<li>Einzelhandel oder Gro\u00dfhandel &#8211; wir haben alles f\u00fcr Sie!<\/li>\n<li>Nicht sicher, was Sie kaufen sollen? Wir bieten fachkundige Beratung.<\/li>\n<li>Kleines MOQ: Sie brauchen nicht mehr zu kaufen, als Sie wollen.<\/li>\n<li>Konkurrenzf\u00e4hige Preise: Sie erhalten jedes Mal ein gutes Preis-Leistungs-Verh\u00e4ltnis.<\/li>\n<li>Prompte Lieferung: Ihre Geschwindigkeit, unsere Priorit\u00e4t.<\/li>\n<li>Kundenorientiert: Wir schneiden unsere Dienstleistungen auf Ihre Bed\u00fcrfnisse zu.<\/li>\n<\/ul>\n","protected":false},"excerpt":{"rendered":"<p>Der Mini-Modul-PLC-Fasersplitter mit einer 1 x 4-Konfiguration ist in einem robusten Stahlgeh\u00e4use untergebracht. Es verwendet G.657A1 Singlemode-Fasern mit einem Kabelau\u00dfendurchmesser von 0,9 mm. Das Produkt ist mit SC\/APC-Anschl\u00fcssen ausgestattet. Er bietet 1&#215;4 Ports, wobei jedem Port ein Aufteilungsverh\u00e4ltnis von 25 % zugewiesen ist.<\/p>\n<ul>\n<li>1&#215;4 PLC Optische Splitter<\/li>\n<li>Gleichm\u00e4\u00dfige Verteilung des optischen Signals<\/li>\n<li>Kompaktes Geh\u00e4use f\u00fcr Racks, wandmontierte Boxen, optische Verteilerk\u00e4sten, usw.<\/li>\n<\/ul>\n","protected":false},"featured_media":15111,"template":"","meta":{"site-sidebar-layout":"default","site-content-layout":"default","ast-site-content-layout":"default","site-content-style":"default","site-sidebar-style":"default","ast-global-header-display":"","ast-banner-title-visibility":"","ast-main-header-display":"","ast-hfb-above-header-display":"","ast-hfb-below-header-display":"","ast-hfb-mobile-header-display":"","site-post-title":"","ast-breadcrumbs-content":"","ast-featured-img":"","footer-sml-layout":"","ast-disable-related-posts":"","theme-transparent-header-meta":"default","adv-header-id-meta":"","stick-header-meta":"default","header-above-stick-meta":"","header-main-stick-meta":"","header-below-stick-meta":"","astra-migrate-meta-layouts":"set","ast-page-background-enabled":"default","ast-page-background-meta":{"desktop":{"background-color":"","background-image":"","background-repeat":"repeat","background-position":"center center","background-size":"auto","background-attachment":"scroll","background-type":"","background-media":"","overlay-type":"","overlay-color":"","overlay-opacity":"","overlay-gradient":""},"tablet":{"background-color":"","background-image":"","background-repeat":"repeat","background-position":"center center","background-size":"auto","background-attachment":"scroll","background-type":"","background-media":"","overlay-type":"","overlay-color":"","overlay-opacity":"","overlay-gradient":""},"mobile":{"background-color":"","background-image":"","background-repeat":"repeat","background-position":"center center","background-size":"auto","background-attachment":"scroll","background-type":"","background-media":"","overlay-type":"","overlay-color":"","overlay-opacity":"","overlay-gradient":""}},"ast-content-background-meta":{"desktop":{"background-color":"var(--ast-global-color-5)","background-image":"","background-repeat":"repeat","background-position":"center center","background-size":"auto","background-attachment":"scroll","background-type":"","background-media":"","overlay-type":"","overlay-color":"","overlay-opacity":"","overlay-gradient":""},"tablet":{"background-color":"var(--ast-global-color-5)","background-image":"","background-repeat":"repeat","background-position":"center center","background-size":"auto","background-attachment":"scroll","background-type":"","background-media":"","overlay-type":"","overlay-color":"","overlay-opacity":"","overlay-gradient":""},"mobile":{"background-color":"var(--ast-global-color-5)","background-image":"","background-repeat":"repeat","background-position":"center center","background-size":"auto","background-attachment":"scroll","background-type":"","background-media":"","overlay-type":"","overlay-color":"","overlay-opacity":"","overlay-gradient":""}}},"product_brand":[],"product_cat":[305],"product_tag":[],"class_list":{"0":"post-21142","1":"product","2":"type-product","3":"status-publish","4":"has-post-thumbnail","6":"product_cat-plc-splitter-de-2","7":"pa_configuration-1x4-de","8":"pa_splitter-type-mini-modul","9":"desktop-align-left","10":"tablet-align-left","11":"mobile-align-left","12":"ast-product-gallery-layout-vertical","13":"ast-product-gallery-with-no-image","14":"ast-product-tabs-layout-vertical","15":"ast-qv-on-image","17":"first","18":"instock","19":"shipping-taxable","20":"product-type-simple"},"_links":{"self":[{"href":"https:\/\/www.bonelinks.com\/de\/wp-json\/wp\/v2\/product\/21142","targetHints":{"allow":["GET"]}}],"collection":[{"href":"https:\/\/www.bonelinks.com\/de\/wp-json\/wp\/v2\/product"}],"about":[{"href":"https:\/\/www.bonelinks.com\/de\/wp-json\/wp\/v2\/types\/product"}],"version-history":[{"count":4,"href":"https:\/\/www.bonelinks.com\/de\/wp-json\/wp\/v2\/product\/21142\/revisions"}],"predecessor-version":[{"id":24827,"href":"https:\/\/www.bonelinks.com\/de\/wp-json\/wp\/v2\/product\/21142\/revisions\/24827"}],"wp:featuredmedia":[{"embeddable":true,"href":"https:\/\/www.bonelinks.com\/de\/wp-json\/wp\/v2\/media\/15111"}],"wp:attachment":[{"href":"https:\/\/www.bonelinks.com\/de\/wp-json\/wp\/v2\/media?parent=21142"}],"wp:term":[{"taxonomy":"product_brand","embeddable":true,"href":"https:\/\/www.bonelinks.com\/de\/wp-json\/wp\/v2\/product_brand?post=21142"},{"taxonomy":"product_cat","embeddable":true,"href":"https:\/\/www.bonelinks.com\/de\/wp-json\/wp\/v2\/product_cat?post=21142"},{"taxonomy":"product_tag","embeddable":true,"href":"https:\/\/www.bonelinks.com\/de\/wp-json\/wp\/v2\/product_tag?post=21142"}],"curies":[{"name":"wp","href":"https:\/\/api.w.org\/{rel}","templated":true}]}}