{"id":21116,"date":"2023-07-16T23:46:55","date_gmt":"2023-07-17T07:46:55","guid":{"rendered":"https:\/\/www.bonelinks.com\/product\/1x32-bare-fiber-plc-splitter-stahlrohr-ohne-stecker\/"},"modified":"2024-02-02T02:38:56","modified_gmt":"2024-02-02T10:38:56","slug":"1x32-bare-fiber-plc-splitter-steel-tube-no-connector","status":"publish","type":"product","link":"https:\/\/www.bonelinks.com\/de\/product\/1x32-bare-fiber-plc-splitter-steel-tube-no-connector\/","title":{"rendered":"1\u00d732 Bare Fiber PLC Splitter Stahlrohr ohne Stecker"},"content":{"rendered":"<h1 style=\"text-align: left; font-size: 18px;\"><span style=\"color: #000000;\"><strong> 1\u00d732 Bare Fiber PLC Splitter, Stahlrohr, Singlemode, 250\u03bcm Faser, ohne Stecker<\/strong><\/span><\/h1>\n<ul>\n<li><strong>Effiziente Signalverteilung mit optischen 1&#215;32 PLC-Splittern<\/strong><br \/>\nDer optische Splitter 1&#215;32 PLC ist eine wichtige Komponente in optischen Power-Management-Systemen und verf\u00fcgt \u00fcber einen Eingang und zweiunddrei\u00dfig Ausg\u00e4nge. Er gew\u00e4hrleistet eine gleichm\u00e4\u00dfige Signalverteilung, wobei jeder Ausgang 3,125 % des optischen Signals empf\u00e4ngt. Diese Konfiguration erm\u00f6glicht eine effiziente und ausgewogene Signalverteilung \u00fcber zweiunddrei\u00dfig Anschl\u00fcsse.<\/li>\n<li><strong>Planar Lightwave Circuit (PLC)-Splitter f\u00fcr optimales Signalmanagement<br \/>\n<\/strong>Planar Lightwave Circuit (PLC)-Splitter nutzen die Silica-Lichtwellenleitertechnologie, um optische Signale von der Vermittlungsstelle (Central Office, CO) effektiv an mehrere Standorte zu verteilen. Diese fortschrittlichen optischen Power-Management-Ger\u00e4te gew\u00e4hrleisten eine effiziente und zuverl\u00e4ssige Signal\u00fcbertragung in verschiedenen Anwendungen.<\/li>\n<li><strong>Kompakte und fragile Faserverteilung mit Bare Fiber Splittern<br \/>\n<\/strong>Bare Fiber Splitter wurden speziell f\u00fcr PON-Netzwerke entwickelt und k\u00f6nnen bequem in Pigtail-Kassetten, Testger\u00e4ten und WDM-Systemen installiert werden, was den Platzbedarf minimiert. Sie sind jedoch relativ empfindlich, was den Schutz der Fasern angeht, und erfordern ein komplettes Schutzdesign f\u00fcr das Geh\u00e4use und das Ger\u00e4t, um optimale Leistung und Haltbarkeit zu gew\u00e4hrleisten.<\/li>\n<li><strong>Vielseitige L\u00f6sungen mit Bonelinks Fiber Optic Splittern<\/strong><br \/>\nUnsere Glasfasersplitter bieten eine gro\u00dfe Auswahl an Bauformen und Gr\u00f6\u00dfen, um unterschiedlichen Anforderungen an das Signalmanagement gerecht zu werden. Diese Splitter zeichnen sich dadurch aus, dass sie Licht mit minimalem Verlust aufteilen oder kombinieren und so eine effiziente optische Signalverteilung gew\u00e4hrleisten. Bonelinks wird in einem einfachen und zuverl\u00e4ssigen Verfahren hergestellt und liefert zuverl\u00e4ssige und kosteng\u00fcnstige Glasfasersplitter. Dar\u00fcber hinaus k\u00f6nnen die Splitter mit verschiedenen Faserl\u00e4ngen und Steckern angepasst werden, was eine nahtlose Integration in verschiedene Netzwerkkonfigurationen erm\u00f6glicht.<\/li>\n<\/ul>\n<h2 style=\"text-align: left; font-size: 18px;\"><strong>Eigenschaften<\/strong><\/h2>\n<ul>\n<li>Kompakte Bauweise<\/li>\n<li>100% 3D getestet von Daisi und Sumix<\/li>\n<li>Hoch-Tief-Temperatur-Zyklustest<\/li>\n<li>100%ige Pr\u00fcfung vor der Auslieferung<\/li>\n<li>Geringe Einf\u00fcgungsd\u00e4mpfung &amp; niedrige PDL<\/li>\n<li>\u00c4u\u00dferst stabil und zuverl\u00e4ssig<\/li>\n<\/ul>\n<h2 style=\"text-align: left; font-size: 18px;\"><strong>Anwendungen<\/strong><\/h2>\n<ul>\n<li>FTTx<\/li>\n<li>Kabelfernsehen (CATV)<\/li>\n<li>Lokale Netzwerke (LAN)<\/li>\n<li>Pr\u00fcfger\u00e4te<\/li>\n<li>Passive optische Netze (PON)<\/li>\n<\/ul>\n<h2 style=\"text-align: left; font-size: 18px;\"><strong>Suchen Sie nach More PLC splitter?<\/strong><\/h2>\n<p>M\u00f6chten Sie mehr Optionen f\u00fcr Fiber Splitter? Entdecken Sie unsere Auswahl an<a title=\"Nackter PLC-Splitter\" href=\"https:\/\/www.bonelinks.com\/de\/bare-fiber-plc-splitter\/\" target=\"_blank\" rel=\"noopener\"><strong><span style=\"color: #0054a6;\"> Bare PLC Splitter, <\/span><\/strong><\/a><a href=\"https:\/\/www.bonelinks.com\/de\/1x32-fiber-splitter\/\" target=\"_blank\" rel=\"noopener\"><strong><span style=\"color: #0054a6;\">1&#215;32 Glasfaser-Splitter <\/span><\/strong><\/a>f\u00fcr nahtlose Vernetzung.<\/p>\n<p><strong>Verbinden Sie sich mit uns!<\/strong><br \/>\nWenn Sie Schwierigkeiten bei der Suche nach dem richtigen <span style=\"color: #0054a6;\"><strong><a style=\"color: #0054a6;\" href=\"https:\/\/www.bonelinks.com\/de\/china-ftth-plc-splitter-supplier\/\" target=\"_blank\" rel=\"noopener\">Glasfaser-Splitter <\/a><\/strong><\/span>f\u00fcr Ihre Bed\u00fcrfnisse zu finden, oder wenn Sie eine fachkundige Beratung ben\u00f6tigen, k\u00f6nnen Sie mit einem Klick<a href=\"https:\/\/www.bonelinks.com\/de\/contact-us\/\" target=\"_blank\" rel=\"noopener\"><strong><span style=\"color: #0054a6;\"> mit uns chatten <\/span><\/strong><\/a>in Sekundenschnelle. Ihre Zufriedenheit ist unsere Priorit\u00e4t. Wir sind bereit, Sie in jeder Hinsicht zu unterst\u00fctzen. <strong>Keine Sorge, \u00fcberm\u00e4\u00dfiges Nachdenken ist nicht erforderlich. Wir sind hier und bereit, Ihnen zu helfen.<\/strong><\/p>\n<ul>\n<li>Einzelhandel oder Gro\u00dfhandel &#8211; wir haben alles f\u00fcr Sie!<\/li>\n<li>Nicht sicher, was Sie kaufen sollen? Wir bieten fachkundige Beratung.<\/li>\n<li>Kleines MOQ: Sie brauchen nicht mehr zu kaufen, als Sie wollen.<\/li>\n<li>Konkurrenzf\u00e4hige Preise: Sie erhalten jedes Mal ein gutes Preis-Leistungs-Verh\u00e4ltnis.<\/li>\n<li>Prompte Lieferung: Ihre Geschwindigkeit, unsere Priorit\u00e4t.<\/li>\n<li>Kundenorientiert: Wir schneiden unsere Dienstleistungen auf Ihre Bed\u00fcrfnisse zu.<\/li>\n<\/ul>\n","protected":false},"excerpt":{"rendered":"<p>Der PLC-Fasersplitter ist mit einer 1&#215;32-Konfiguration ausgelegt und in einem Stahlgeh\u00e4use untergebracht. Es ist kompatibel mit G.657A1 Singlemode-Fasern und hat einen \u00e4u\u00dferen Kabeldurchmesser von 250\u03bcm. Das Produkt wird nicht mit Steckern geliefert, so dass es einfach in Splei\u00dfmuffen oder Verbindungsdosen installiert werden kann, was Platz spart. Er bietet 1&#215;32 Ports, wobei jedem Port ein Aufteilungsverh\u00e4ltnis von 3,125 % zugewiesen ist.<\/p>\n<ul>\n<li>1&#215;32 PLC Optische Splitter<\/li>\n<li>Gleichm\u00e4\u00dfige Verteilung des optischen Signals<\/li>\n<li>Kompaktes Geh\u00e4use f\u00fcr Racks, wandmontierte Boxen, optische Verteilerk\u00e4sten, usw.<\/li>\n<\/ul>\n","protected":false},"featured_media":0,"template":"","meta":{"site-sidebar-layout":"default","site-content-layout":"default","ast-site-content-layout":"default","site-content-style":"default","site-sidebar-style":"default","ast-global-header-display":"","ast-banner-title-visibility":"","ast-main-header-display":"","ast-hfb-above-header-display":"","ast-hfb-below-header-display":"","ast-hfb-mobile-header-display":"","site-post-title":"","ast-breadcrumbs-content":"","ast-featured-img":"","footer-sml-layout":"","ast-disable-related-posts":"","theme-transparent-header-meta":"default","adv-header-id-meta":"","stick-header-meta":"default","header-above-stick-meta":"","header-main-stick-meta":"","header-below-stick-meta":"","astra-migrate-meta-layouts":"set","ast-page-background-enabled":"default","ast-page-background-meta":{"desktop":{"background-color":"","background-image":"","background-repeat":"repeat","background-position":"center center","background-size":"auto","background-attachment":"scroll","background-type":"","background-media":"","overlay-type":"","overlay-color":"","overlay-opacity":"","overlay-gradient":""},"tablet":{"background-color":"","background-image":"","background-repeat":"repeat","background-position":"center center","background-size":"auto","background-attachment":"scroll","background-type":"","background-media":"","overlay-type":"","overlay-color":"","overlay-opacity":"","overlay-gradient":""},"mobile":{"background-color":"","background-image":"","background-repeat":"repeat","background-position":"center center","background-size":"auto","background-attachment":"scroll","background-type":"","background-media":"","overlay-type":"","overlay-color":"","overlay-opacity":"","overlay-gradient":""}},"ast-content-background-meta":{"desktop":{"background-color":"var(--ast-global-color-5)","background-image":"","background-repeat":"repeat","background-position":"center center","background-size":"auto","background-attachment":"scroll","background-type":"","background-media":"","overlay-type":"","overlay-color":"","overlay-opacity":"","overlay-gradient":""},"tablet":{"background-color":"var(--ast-global-color-5)","background-image":"","background-repeat":"repeat","background-position":"center center","background-size":"auto","background-attachment":"scroll","background-type":"","background-media":"","overlay-type":"","overlay-color":"","overlay-opacity":"","overlay-gradient":""},"mobile":{"background-color":"var(--ast-global-color-5)","background-image":"","background-repeat":"repeat","background-position":"center center","background-size":"auto","background-attachment":"scroll","background-type":"","background-media":"","overlay-type":"","overlay-color":"","overlay-opacity":"","overlay-gradient":""}}},"product_brand":[],"product_cat":[305],"product_tag":[],"class_list":{"0":"post-21116","1":"product","2":"type-product","3":"status-publish","5":"product_cat-plc-splitter-de-2","6":"pa_configuration-1x32-de","7":"pa_splitter-type-blanke-faser","8":"desktop-align-left","9":"tablet-align-left","10":"mobile-align-left","11":"ast-product-gallery-layout-vertical","12":"ast-product-gallery-with-no-image","13":"ast-product-tabs-layout-vertical","14":"ast-qv-on-image","16":"first","17":"instock","18":"shipping-taxable","19":"product-type-simple"},"_links":{"self":[{"href":"https:\/\/www.bonelinks.com\/de\/wp-json\/wp\/v2\/product\/21116","targetHints":{"allow":["GET"]}}],"collection":[{"href":"https:\/\/www.bonelinks.com\/de\/wp-json\/wp\/v2\/product"}],"about":[{"href":"https:\/\/www.bonelinks.com\/de\/wp-json\/wp\/v2\/types\/product"}],"version-history":[{"count":3,"href":"https:\/\/www.bonelinks.com\/de\/wp-json\/wp\/v2\/product\/21116\/revisions"}],"predecessor-version":[{"id":24811,"href":"https:\/\/www.bonelinks.com\/de\/wp-json\/wp\/v2\/product\/21116\/revisions\/24811"}],"wp:attachment":[{"href":"https:\/\/www.bonelinks.com\/de\/wp-json\/wp\/v2\/media?parent=21116"}],"wp:term":[{"taxonomy":"product_brand","embeddable":true,"href":"https:\/\/www.bonelinks.com\/de\/wp-json\/wp\/v2\/product_brand?post=21116"},{"taxonomy":"product_cat","embeddable":true,"href":"https:\/\/www.bonelinks.com\/de\/wp-json\/wp\/v2\/product_cat?post=21116"},{"taxonomy":"product_tag","embeddable":true,"href":"https:\/\/www.bonelinks.com\/de\/wp-json\/wp\/v2\/product_tag?post=21116"}],"curies":[{"name":"wp","href":"https:\/\/api.w.org\/{rel}","templated":true}]}}