{"id":21077,"date":"2023-07-17T02:26:31","date_gmt":"2023-07-17T10:26:31","guid":{"rendered":"https:\/\/www.bonelinks.com\/product\/1x8-plc-faserverteiler-abs-modul-sc-apc-singlemode\/"},"modified":"2024-02-02T02:27:04","modified_gmt":"2024-02-02T10:27:04","slug":"1x8-plc-fiber-splitter-abs-module-sc-apc-singlemode","status":"publish","type":"product","link":"https:\/\/www.bonelinks.com\/de\/product\/1x8-plc-fiber-splitter-abs-module-sc-apc-singlemode\/","title":{"rendered":"1&#215;8 PLC-Faserverteiler, ABS-Modul, SC\/APC, Singlemode"},"content":{"rendered":"<h1 style=\"text-align: left; font-size: 18px;\"><span style=\"color: #000000;\"><strong> 1&#215;8 Fiber PLC Splitter, ABS Box Typ, Singlemode, SC\/APC<\/strong><\/span><\/h1>\n<ul>\n<li><strong>Symmetrische Signalverteilung mit optischen 1&#215;8-PLC-Splittern<br \/>\n<\/strong>Der optische 1&#215;8-PLC-Splitter ist eine wichtige Komponente in optischen Power-Management-Systemen und verf\u00fcgt \u00fcber einen Eingang und acht Ausg\u00e4nge. Er gew\u00e4hrleistet eine gleichm\u00e4\u00dfige Signalverteilung, wobei jeder Ausgang 12,5 % des optischen Signals empf\u00e4ngt. Diese Konfiguration erm\u00f6glicht eine effiziente und ausgewogene Signalverteilung \u00fcber acht Anschl\u00fcsse.<\/li>\n<li><strong>Planar Lightwave Circuit (PLC)-Splitter f\u00fcr optimales Signalmanagement<br \/>\n<\/strong>Planar Lightwave Circuit (PLC)-Splitter nutzen die Silica-Lichtwellenleitertechnologie, um optische Signale von der Vermittlungsstelle (Central Office, CO) effizient an mehrere Standorte zu verteilen. Diese fortschrittlichen optischen Leistungsmanagementger\u00e4te gew\u00e4hrleisten eine effektive und zuverl\u00e4ssige Signal\u00fcbertragung in einer Vielzahl von Anwendungen.<\/li>\n<li><strong>ABS PLC-Splitter f\u00fcr zuverl\u00e4ssige PON-Netze<br \/>\n<\/strong>ABS PLC-Splitter sind in PON-Netzen weit verbreitet und bieten vollst\u00e4ndigen Schutz f\u00fcr die inneren optischen Komponenten und Kabel. Sie sind f\u00fcr eine bequeme und zuverl\u00e4ssige Installation konzipiert. Aufgrund ihres gr\u00f6\u00dferen Volumens eignen sie sich jedoch f\u00fcr verschiedene Verbindungs- und Verteilungsprodukte, wie z. B. Glasfaserverteilerk\u00e4sten f\u00fcr den Au\u00dfenbereich oder Netzwerkschr\u00e4nke. ABS SPS-Splitter bieten robuste L\u00f6sungen f\u00fcr das Signalmanagement und gew\u00e4hrleisten eine zuverl\u00e4ssige Leistung in anspruchsvollen Umgebungen.<\/li>\n<li><strong>Vielseitige L\u00f6sungen mit Bonelinks Fiber Optic Splittern<\/strong><br \/>\nUnsere Glasfasersplitter bieten eine gro\u00dfe Auswahl an Bauformen und Gr\u00f6\u00dfen, um unterschiedlichen Anforderungen an das Signalmanagement gerecht zu werden. Diese Splitter zeichnen sich dadurch aus, dass sie Licht mit minimalem Verlust aufteilen oder kombinieren und so eine effiziente optische Signalverteilung gew\u00e4hrleisten. Bonelinks wird in einem einfachen und zuverl\u00e4ssigen Verfahren hergestellt und liefert zuverl\u00e4ssige und kosteng\u00fcnstige Glasfasersplitter. Dar\u00fcber hinaus k\u00f6nnen die Splitter mit verschiedenen Faserl\u00e4ngen und Steckern angepasst werden, was eine nahtlose Integration in verschiedene Netzwerkkonfigurationen erm\u00f6glicht.<\/li>\n<\/ul>\n<h2 style=\"text-align: left; font-size: 18px;\"><strong>Eigenschaften<\/strong><\/h2>\n<ul>\n<li>Geringe Einf\u00fcgungsd\u00e4mpfung<\/li>\n<li>Geringer polarisationsabh\u00e4ngiger Verlust<\/li>\n<li>Gute Gleichm\u00e4\u00dfigkeit von Kanal zu Kanal<\/li>\n<li>Ausgezeichnete Umweltstabilit\u00e4t<\/li>\n<li>Ausgezeichnete mechanische Stabilit\u00e4t<\/li>\n<\/ul>\n<h2 style=\"text-align: left; font-size: 18px;\"><strong>Anwendungen<\/strong><\/h2>\n<ul>\n<li>Glasfaser bis zum Punkt (FTTX)<\/li>\n<li>Glasfaser bis zum Haus (FTTH)<\/li>\n<li>Passive optische Netze (PON)<\/li>\n<li>Passive optische Gigabit-Netze (GPON)<\/li>\n<li>Lokale Netzwerke (LAN)<\/li>\n<li>Kabelfernsehen (CATV)<\/li>\n<li>Pr\u00fcfger\u00e4te<\/li>\n<\/ul>\n<h2 style=\"text-align: left; font-size: 18px;\"><strong>Suchen Sie nach More PLC splitter?<\/strong><\/h2>\n<p>M\u00f6chten Sie mehr Optionen f\u00fcr Fiber Splitter? Entdecken Sie unsere Auswahl an<a title=\"ABS PLC-Verteiler\" href=\"https:\/\/www.bonelinks.com\/de\/abs-plc-splitter\/\" target=\"_blank\" rel=\"noopener\"><strong><span style=\"color: #0054a6;\"> ABS PLC Splitter, <\/span><\/strong><\/a><a href=\"https:\/\/www.bonelinks.com\/de\/plc-splitter-1x8\/\" target=\"_blank\" rel=\"noopener\"><strong><span style=\"color: #0054a6;\">1&#215;8 Glasfaser-Splitter <\/span><\/strong><\/a>f\u00fcr nahtlose Vernetzung.<\/p>\n<p><strong>Verbinden Sie sich mit uns!<\/strong><br \/>\nWenn Sie Schwierigkeiten bei der Suche nach dem richtigen <span style=\"color: #0054a6;\"><strong><a style=\"color: #0054a6;\" href=\"https:\/\/www.bonelinks.com\/de\/china-ftth-plc-splitter-supplier\/\" target=\"_blank\" rel=\"noopener\">Glasfaser-Splitter <\/a><\/strong><\/span>f\u00fcr Ihre Bed\u00fcrfnisse zu finden, oder wenn Sie eine fachkundige Beratung ben\u00f6tigen, k\u00f6nnen Sie mit einem Klick<a href=\"https:\/\/www.bonelinks.com\/de\/contact-us\/\" target=\"_blank\" rel=\"noopener\"><strong><span style=\"color: #0054a6;\"> mit uns chatten <\/span><\/strong><\/a>in Sekundenschnelle. Ihre Zufriedenheit ist unsere Priorit\u00e4t. Wir sind bereit, Sie in jeder Hinsicht zu unterst\u00fctzen. <strong>Keine Sorge, \u00fcberm\u00e4\u00dfiges Nachdenken ist nicht erforderlich. Wir sind hier und bereit, Ihnen zu helfen.<\/strong><\/p>\n<ul>\n<li>Einzelhandel oder Gro\u00dfhandel &#8211; wir haben alles f\u00fcr Sie!<\/li>\n<li>Nicht sicher, was Sie kaufen sollen? Wir bieten fachkundige Beratung.<\/li>\n<li>Kleines MOQ: Sie brauchen nicht mehr zu kaufen, als Sie wollen.<\/li>\n<li>Konkurrenzf\u00e4hige Preise: Sie erhalten jedes Mal ein gutes Preis-Leistungs-Verh\u00e4ltnis.<\/li>\n<li>Prompte Lieferung: Ihre Geschwindigkeit, unsere Priorit\u00e4t.<\/li>\n<li>Kundenorientiert: Wir schneiden unsere Dienstleistungen auf Ihre Bed\u00fcrfnisse zu.<\/li>\n<\/ul>\n","protected":false},"excerpt":{"rendered":"<p>Der PLC-Fasersplitter ist mit einer 1&#215;8-Konfiguration ausgelegt und verf\u00fcgt \u00fcber ein ABS-Geh\u00e4use. Es ist kompatibel mit G.657A1 Singlemode-Glasfaser und hat einen Kabelau\u00dfendurchmesser von 2,0 mm. Das Produkt ist mit SC\/APC-Anschl\u00fcssen ausgestattet. Er bietet 1&#215;8 Ports, wobei jedem Port ein Aufteilungsverh\u00e4ltnis von 12,5 % zugewiesen wird.<\/p>\n<ul>\n<li>1&#215;8 PLC Optische Splitter<\/li>\n<li>Gleichm\u00e4\u00dfige Verteilung des optischen Signals<\/li>\n<li>Kompaktes Geh\u00e4use f\u00fcr Racks, wandmontierte Boxen, optische Verteilerk\u00e4sten, usw.<\/li>\n<li>Weit verbreitet in FTTX-Projekten und Datenkommunikationszentren<\/li>\n<\/ul>\n","protected":false},"featured_media":15161,"template":"","meta":{"site-sidebar-layout":"default","site-content-layout":"default","ast-site-content-layout":"default","site-content-style":"default","site-sidebar-style":"default","ast-global-header-display":"","ast-banner-title-visibility":"","ast-main-header-display":"","ast-hfb-above-header-display":"","ast-hfb-below-header-display":"","ast-hfb-mobile-header-display":"","site-post-title":"","ast-breadcrumbs-content":"","ast-featured-img":"","footer-sml-layout":"","ast-disable-related-posts":"","theme-transparent-header-meta":"default","adv-header-id-meta":"","stick-header-meta":"default","header-above-stick-meta":"","header-main-stick-meta":"","header-below-stick-meta":"","astra-migrate-meta-layouts":"set","ast-page-background-enabled":"default","ast-page-background-meta":{"desktop":{"background-color":"","background-image":"","background-repeat":"repeat","background-position":"center center","background-size":"auto","background-attachment":"scroll","background-type":"","background-media":"","overlay-type":"","overlay-color":"","overlay-opacity":"","overlay-gradient":""},"tablet":{"background-color":"","background-image":"","background-repeat":"repeat","background-position":"center center","background-size":"auto","background-attachment":"scroll","background-type":"","background-media":"","overlay-type":"","overlay-color":"","overlay-opacity":"","overlay-gradient":""},"mobile":{"background-color":"","background-image":"","background-repeat":"repeat","background-position":"center center","background-size":"auto","background-attachment":"scroll","background-type":"","background-media":"","overlay-type":"","overlay-color":"","overlay-opacity":"","overlay-gradient":""}},"ast-content-background-meta":{"desktop":{"background-color":"var(--ast-global-color-5)","background-image":"","background-repeat":"repeat","background-position":"center center","background-size":"auto","background-attachment":"scroll","background-type":"","background-media":"","overlay-type":"","overlay-color":"","overlay-opacity":"","overlay-gradient":""},"tablet":{"background-color":"var(--ast-global-color-5)","background-image":"","background-repeat":"repeat","background-position":"center center","background-size":"auto","background-attachment":"scroll","background-type":"","background-media":"","overlay-type":"","overlay-color":"","overlay-opacity":"","overlay-gradient":""},"mobile":{"background-color":"var(--ast-global-color-5)","background-image":"","background-repeat":"repeat","background-position":"center center","background-size":"auto","background-attachment":"scroll","background-type":"","background-media":"","overlay-type":"","overlay-color":"","overlay-opacity":"","overlay-gradient":""}}},"product_brand":[],"product_cat":[305],"product_tag":[],"class_list":{"0":"post-21077","1":"product","2":"type-product","3":"status-publish","4":"has-post-thumbnail","6":"product_cat-plc-splitter-de-2","7":"pa_configuration-1x8-de","8":"pa_splitter-type-abs-modul","9":"desktop-align-left","10":"tablet-align-left","11":"mobile-align-left","12":"ast-product-gallery-layout-vertical","13":"ast-product-gallery-with-no-image","14":"ast-product-tabs-layout-vertical","15":"ast-qv-on-image","17":"first","18":"instock","19":"shipping-taxable","20":"product-type-simple"},"_links":{"self":[{"href":"https:\/\/www.bonelinks.com\/de\/wp-json\/wp\/v2\/product\/21077","targetHints":{"allow":["GET"]}}],"collection":[{"href":"https:\/\/www.bonelinks.com\/de\/wp-json\/wp\/v2\/product"}],"about":[{"href":"https:\/\/www.bonelinks.com\/de\/wp-json\/wp\/v2\/types\/product"}],"version-history":[{"count":3,"href":"https:\/\/www.bonelinks.com\/de\/wp-json\/wp\/v2\/product\/21077\/revisions"}],"predecessor-version":[{"id":24805,"href":"https:\/\/www.bonelinks.com\/de\/wp-json\/wp\/v2\/product\/21077\/revisions\/24805"}],"wp:featuredmedia":[{"embeddable":true,"href":"https:\/\/www.bonelinks.com\/de\/wp-json\/wp\/v2\/media\/15161"}],"wp:attachment":[{"href":"https:\/\/www.bonelinks.com\/de\/wp-json\/wp\/v2\/media?parent=21077"}],"wp:term":[{"taxonomy":"product_brand","embeddable":true,"href":"https:\/\/www.bonelinks.com\/de\/wp-json\/wp\/v2\/product_brand?post=21077"},{"taxonomy":"product_cat","embeddable":true,"href":"https:\/\/www.bonelinks.com\/de\/wp-json\/wp\/v2\/product_cat?post=21077"},{"taxonomy":"product_tag","embeddable":true,"href":"https:\/\/www.bonelinks.com\/de\/wp-json\/wp\/v2\/product_tag?post=21077"}],"curies":[{"name":"wp","href":"https:\/\/api.w.org\/{rel}","templated":true}]}}