{"id":21076,"date":"2023-07-17T06:03:57","date_gmt":"2023-07-17T14:03:57","guid":{"rendered":"https:\/\/www.bonelinks.com\/product\/1x64-plc-fiber-splitter-standard-lgx-kassette-lc-apc-singlemode\/"},"modified":"2024-02-02T02:10:00","modified_gmt":"2024-02-02T10:10:00","slug":"1x64-plc-fiber-splitter-lgx-cassette-lc-apc","status":"publish","type":"product","link":"https:\/\/www.bonelinks.com\/de\/product\/1x64-plc-fiber-splitter-lgx-cassette-lc-apc\/","title":{"rendered":"1&#215;64 PLC Fiber Splitter, Standard LGX Kassette, LC\/APC, Singlemode"},"content":{"rendered":"<h1 style=\"text-align: left; font-size: 18px;\"><span style=\"color: #000000;\"><strong> 1&#215;64 PLC Fiber Splitter, Standard LGX Kassette, LC\/APC, Singlemode <\/strong><\/span><\/h1>\n<ul>\n<li><strong>Effiziente Signalverteilung mit optischen 1&#215;64 PLC-Splittern<\/strong><br \/>\nDer optische Splitter 1&#215;64 PLC ist eine wesentliche Komponente in optischen Power-Management-Systemen und verf\u00fcgt \u00fcber einen Eingang und vierundsechzig Ausg\u00e4nge. Er gew\u00e4hrleistet eine gleichm\u00e4\u00dfige Signalverteilung, wobei jeder Ausgang 1,56 % des optischen Signals empf\u00e4ngt. Diese Konfiguration erm\u00f6glicht eine effiziente und ausgewogene Signalverteilung \u00fcber vierundsechzig Anschl\u00fcsse.<\/li>\n<li><strong>Planare Lichtwellenleiter (PLC) Splitter f\u00fcr optimales Signalmanagement<\/strong><br \/>\nPlanar Lightwave Circuit (PLC)-Splitter, die die Siliziumdioxid-Lichtwellenleitertechnologie nutzen, sind optische Leistungsmanagementger\u00e4te, die zur Verteilung optischer Signale von der Vermittlungsstelle (Central Office, CO) an verschiedene Standorte verwendet werden. PLC-Splitter finden breite Anwendung in den Bereichen PON, Datacom, LAN, CATV, LCP, FTTx und anderen Umgebungen, in denen hohe Anforderungen an die Netzqualit\u00e4t gestellt werden. Sie eignen sich u. a. f\u00fcr Kommunikations-, Medizin-, Bank-, Bau- und gro\u00dfe B\u00fcrogeb\u00e4ude.<\/li>\n<li><strong>LGX-Kassettenverteiler f\u00fcr umfassenden Schutz und kosteneffiziente Verteilung<\/strong><br \/>\nLGX-Kassettensplitter werden h\u00e4ufig in PON-Netzen eingesetzt, um einen umfassenden Schutz f\u00fcr die internen Optiken und Kabel zu gew\u00e4hrleisten. Diese Splitter zeichnen sich durch ihre geringe Gr\u00f6\u00dfe, hohe Zuverl\u00e4ssigkeit und einen gro\u00dfen Wellenl\u00e4ngenbereich aus. Sie bieten eine kosteng\u00fcnstige L\u00f6sung f\u00fcr die Verteilung der optischen Signalleistung und sind daher eine beliebte Wahl in PON-Netzen, bei denen Kosteneffizienz und Signalintegrit\u00e4t eine entscheidende Rolle spielen.<\/li>\n<li><strong>Vielseitige L\u00f6sungen mit Bonelinks Fiber Optic Splittern<\/strong><br \/>\nUnsere Glasfasersplitter bieten eine gro\u00dfe Auswahl an Bauformen und Gr\u00f6\u00dfen, um unterschiedlichen Anforderungen an das Signalmanagement gerecht zu werden. Diese Splitter zeichnen sich dadurch aus, dass sie Licht mit minimalem Verlust aufteilen oder kombinieren und so eine effiziente optische Signalverteilung gew\u00e4hrleisten. Bonelinks wird in einem einfachen und zuverl\u00e4ssigen Verfahren hergestellt und liefert zuverl\u00e4ssige und kosteng\u00fcnstige Glasfasersplitter. Dar\u00fcber hinaus k\u00f6nnen die Splitter mit verschiedenen Faserl\u00e4ngen und Steckern angepasst werden, was eine nahtlose Integration in verschiedene Netzwerkkonfigurationen erm\u00f6glicht.<\/li>\n<\/ul>\n<h2 style=\"text-align: left; font-size: 18px;\"><strong>Eigenschaften<\/strong><\/h2>\n<ul>\n<li>Geringe Einf\u00fcgungsd\u00e4mpfung<\/li>\n<li>Geringer polarisationsabh\u00e4ngiger Verlust<\/li>\n<li>Gute Gleichm\u00e4\u00dfigkeit von Kanal zu Kanal<\/li>\n<li>Ausgezeichnete Umweltstabilit\u00e4t<\/li>\n<li>Ausgezeichnete mechanische Stabilit\u00e4t<\/li>\n<\/ul>\n<h2 style=\"text-align: left; font-size: 18px;\"><strong>Anwendungen<\/strong><\/h2>\n<ul>\n<li>Glasfaser bis zum Punkt (FTTX)<\/li>\n<li>Glasfaser bis zum Haus (FTTH)<\/li>\n<li>Passive optische Netze (PON)<\/li>\n<li>Passive optische Gigabit-Netze (GPON)<\/li>\n<li>Lokale Netzwerke (LAN)<\/li>\n<li>Kabelfernsehen (CATV)<\/li>\n<li>Pr\u00fcfger\u00e4te<\/li>\n<\/ul>\n<h2 style=\"text-align: left; font-size: 18px;\"><strong>Suchen Sie nach More PLC splitter?<\/strong><\/h2>\n<p>M\u00f6chten Sie mehr Optionen f\u00fcr Fiber Splitter? Entdecken Sie unsere Auswahl an<a title=\"LGX Kassetten-SPS-Verteiler\" href=\"https:\/\/www.bonelinks.com\/de\/lgx-plc-splitter\/\" target=\"_blank\" rel=\"noopener\"><strong><span style=\"color: #0054a6;\"> LGX Kassette PLC Splitter, <\/span><\/strong><\/a><a href=\"https:\/\/www.bonelinks.com\/de\/1x64-plc-splitter\/\" target=\"_blank\" rel=\"noopener\"><strong><span style=\"color: #0054a6;\">1&#215;64 Glasfaser-Splitter <\/span><\/strong><\/a>f\u00fcr nahtlose Vernetzung.<\/p>\n<p><strong>Verbinden Sie sich mit uns!<\/strong><br \/>\nWenn Sie Schwierigkeiten bei der Suche nach dem richtigen <span style=\"color: #0054a6;\"><strong><a style=\"color: #0054a6;\" href=\"https:\/\/www.bonelinks.com\/de\/china-ftth-plc-splitter-supplier\/\" target=\"_blank\" rel=\"noopener\">Glasfaser-Splitter <\/a><\/strong><\/span>f\u00fcr Ihre Bed\u00fcrfnisse zu finden, oder wenn Sie eine fachkundige Beratung ben\u00f6tigen, k\u00f6nnen Sie mit einem Klick<a href=\"https:\/\/www.bonelinks.com\/de\/contact-us\/\" target=\"_blank\" rel=\"noopener\"><strong><span style=\"color: #0054a6;\"> mit uns chatten <\/span><\/strong><\/a>in Sekundenschnelle. Ihre Zufriedenheit ist unsere Priorit\u00e4t. Wir sind bereit, Sie in jeder Hinsicht zu unterst\u00fctzen. <strong>Keine Sorge, \u00fcberm\u00e4\u00dfiges Nachdenken ist nicht erforderlich. Wir sind hier und bereit, Ihnen zu helfen.<\/strong><\/p>\n<ul>\n<li>Einzelhandel oder Gro\u00dfhandel &#8211; wir haben alles f\u00fcr Sie!<\/li>\n<li>Nicht sicher, was Sie kaufen sollen? Wir bieten fachkundige Beratung.<\/li>\n<li>Kleines MOQ: Sie brauchen nicht mehr zu kaufen, als Sie wollen.<\/li>\n<li>Konkurrenzf\u00e4hige Preise: Sie erhalten jedes Mal ein gutes Preis-Leistungs-Verh\u00e4ltnis.<\/li>\n<li>Prompte Lieferung: Ihre Geschwindigkeit, unsere Priorit\u00e4t.<\/li>\n<li>Kundenorientiert: Wir schneiden unsere Dienstleistungen auf Ihre Bed\u00fcrfnisse zu.<\/li>\n<\/ul>\n","protected":false},"excerpt":{"rendered":"<p>Der PLC-Fasersplitter mit einer 1&#215;64-Konfiguration befindet sich in einem LGX-Kassettengeh\u00e4use. Die Ein- und Ausg\u00e4nge sind praktischerweise mit Adaptern vorverbunden. Das Produkt ist f\u00fcr G.657A1 Singlemode-Glasfaser ausgelegt und mit LC\/APC-Steckern ausgestattet. Er bietet 1&#215;64 Ports, wobei jedem Port ein Aufteilungsverh\u00e4ltnis von 1,56 % zugewiesen ist.<\/p>\n<ul>\n<li>1&#215;64 PLC Optische Splitter<\/li>\n<li>Gleichm\u00e4\u00dfige Verteilung des optischen Signals<\/li>\n<li>Vollpassive optische Verzweigungseinrichtung<\/li>\n<li>Weit verbreitet in FTTX-Projekten und Datenkommunikationszentren<\/li>\n<li>Passend f\u00fcr Racks, wandmontierte Boxen, optische Verteilerk\u00e4sten, usw.<\/li>\n<\/ul>\n","protected":false},"featured_media":15066,"template":"","meta":{"site-sidebar-layout":"default","site-content-layout":"default","ast-site-content-layout":"default","site-content-style":"default","site-sidebar-style":"default","ast-global-header-display":"","ast-banner-title-visibility":"","ast-main-header-display":"","ast-hfb-above-header-display":"","ast-hfb-below-header-display":"","ast-hfb-mobile-header-display":"","site-post-title":"","ast-breadcrumbs-content":"","ast-featured-img":"","footer-sml-layout":"","ast-disable-related-posts":"","theme-transparent-header-meta":"default","adv-header-id-meta":"","stick-header-meta":"default","header-above-stick-meta":"","header-main-stick-meta":"","header-below-stick-meta":"","astra-migrate-meta-layouts":"set","ast-page-background-enabled":"default","ast-page-background-meta":{"desktop":{"background-color":"","background-image":"","background-repeat":"repeat","background-position":"center center","background-size":"auto","background-attachment":"scroll","background-type":"","background-media":"","overlay-type":"","overlay-color":"","overlay-opacity":"","overlay-gradient":""},"tablet":{"background-color":"","background-image":"","background-repeat":"repeat","background-position":"center center","background-size":"auto","background-attachment":"scroll","background-type":"","background-media":"","overlay-type":"","overlay-color":"","overlay-opacity":"","overlay-gradient":""},"mobile":{"background-color":"","background-image":"","background-repeat":"repeat","background-position":"center center","background-size":"auto","background-attachment":"scroll","background-type":"","background-media":"","overlay-type":"","overlay-color":"","overlay-opacity":"","overlay-gradient":""}},"ast-content-background-meta":{"desktop":{"background-color":"var(--ast-global-color-5)","background-image":"","background-repeat":"repeat","background-position":"center center","background-size":"auto","background-attachment":"scroll","background-type":"","background-media":"","overlay-type":"","overlay-color":"","overlay-opacity":"","overlay-gradient":""},"tablet":{"background-color":"var(--ast-global-color-5)","background-image":"","background-repeat":"repeat","background-position":"center center","background-size":"auto","background-attachment":"scroll","background-type":"","background-media":"","overlay-type":"","overlay-color":"","overlay-opacity":"","overlay-gradient":""},"mobile":{"background-color":"var(--ast-global-color-5)","background-image":"","background-repeat":"repeat","background-position":"center center","background-size":"auto","background-attachment":"scroll","background-type":"","background-media":"","overlay-type":"","overlay-color":"","overlay-opacity":"","overlay-gradient":""}}},"product_brand":[],"product_cat":[305],"product_tag":[],"class_list":{"0":"post-21076","1":"product","2":"type-product","3":"status-publish","4":"has-post-thumbnail","6":"product_cat-plc-splitter-de-2","7":"pa_configuration-1x64-de","8":"pa_splitter-type-lgx-kassette","9":"desktop-align-left","10":"tablet-align-left","11":"mobile-align-left","12":"ast-product-gallery-layout-vertical","13":"ast-product-gallery-with-no-image","14":"ast-product-tabs-layout-vertical","15":"ast-qv-on-image","17":"first","18":"instock","19":"shipping-taxable","20":"product-type-simple"},"_links":{"self":[{"href":"https:\/\/www.bonelinks.com\/de\/wp-json\/wp\/v2\/product\/21076","targetHints":{"allow":["GET"]}}],"collection":[{"href":"https:\/\/www.bonelinks.com\/de\/wp-json\/wp\/v2\/product"}],"about":[{"href":"https:\/\/www.bonelinks.com\/de\/wp-json\/wp\/v2\/types\/product"}],"version-history":[{"count":3,"href":"https:\/\/www.bonelinks.com\/de\/wp-json\/wp\/v2\/product\/21076\/revisions"}],"predecessor-version":[{"id":24793,"href":"https:\/\/www.bonelinks.com\/de\/wp-json\/wp\/v2\/product\/21076\/revisions\/24793"}],"wp:featuredmedia":[{"embeddable":true,"href":"https:\/\/www.bonelinks.com\/de\/wp-json\/wp\/v2\/media\/15066"}],"wp:attachment":[{"href":"https:\/\/www.bonelinks.com\/de\/wp-json\/wp\/v2\/media?parent=21076"}],"wp:term":[{"taxonomy":"product_brand","embeddable":true,"href":"https:\/\/www.bonelinks.com\/de\/wp-json\/wp\/v2\/product_brand?post=21076"},{"taxonomy":"product_cat","embeddable":true,"href":"https:\/\/www.bonelinks.com\/de\/wp-json\/wp\/v2\/product_cat?post=21076"},{"taxonomy":"product_tag","embeddable":true,"href":"https:\/\/www.bonelinks.com\/de\/wp-json\/wp\/v2\/product_tag?post=21076"}],"curies":[{"name":"wp","href":"https:\/\/api.w.org\/{rel}","templated":true}]}}