{"id":21070,"date":"2023-07-17T19:12:39","date_gmt":"2023-07-18T03:12:39","guid":{"rendered":"https:\/\/www.bonelinks.com\/product\/1x32-plc-fiber-splitter-1u-19-rackmontage-sc-apc-singlemode\/"},"modified":"2024-02-02T02:08:27","modified_gmt":"2024-02-02T10:08:27","slug":"1x32-plc-fiber-splitter-1u-19-rack-mount-sc-apc","status":"publish","type":"product","link":"https:\/\/www.bonelinks.com\/de\/product\/1x32-plc-fiber-splitter-1u-19-rack-mount-sc-apc\/","title":{"rendered":"1&#215;32 PLC Fiber Splitter, 1U 19&#8243; Rackmontage, SC\/APC, Singlemode"},"content":{"rendered":"<h1 style=\"text-align: left; font-size: 18px;\"><span style=\"color: #000000;\"><strong> 1\u00d732 Fiber PLC Splitter, 1U Rackmontage, Singlemode<\/strong><\/span><\/h1>\n<ul>\n<li><strong>1&#215;32 Rack Mount Passive PLC Splitter f\u00fcr effiziente Signalverteilung<\/strong><br \/>\nBei dem angebotenen Produkt handelt es sich um einen passiven PLC-Splitter 1&#215;32, der als 1RU 19&#8243;-Rack-Mount-Filter ausgef\u00fchrt ist. Dieser Splitter teilt ein Eingangssignal effizient in 32 Ausgangssignale und umgekehrt und erm\u00f6glicht so die bidirektionale \u00dcbertragung von zusammengesetzten Signalen. Es bietet eine zuverl\u00e4ssige L\u00f6sung f\u00fcr die Verteilung der optischen Leistung in Netzwerken.<\/li>\n<li><strong>Fiber Optic PLC Splitter f\u00fcr effiziente Fiber to the Home Netzwerke<br \/>\n<\/strong>Fiber Optic PLC Splitter spielen eine wichtige Rolle als passive Komponenten in Fiber to the Home (FTTH) Netzwerken. Mit Hilfe der Siliziumdioxid-Lichtwellenleitertechnologie erleichtern diese Splitter die Verteilung der optischen Leistung von der Vermittlungsstelle zu den Kundenr\u00e4umen. PLC-Splitter, die speziell f\u00fcr Singlemode-Fasern entwickelt wurden, bieten ein gleichm\u00e4\u00dfiges Aufteilungsverh\u00e4ltnis von einer einzelnen Eingangsfaser zu mehreren Ausgangsfasern. Sie bieten eine kosteng\u00fcnstige, platzsparende L\u00f6sung mit hoher Zuverl\u00e4ssigkeit in optischen \u00dcbertragungssystemen und sind daher f\u00fcr FTTx- und FTTH-Netze unverzichtbar.<\/li>\n<li><strong>Rack-SPS-Splitter f\u00fcr bequeme und vielseitige Installationen<br \/>\n<\/strong>Rack-SPS-Splitter bestehen aus SPS-Splittern, die in Geh\u00e4usek\u00f6rper integriert sind und standardisierte Gr\u00f6\u00dfen f\u00fcr eine einfache Installation bieten. Diese Splitter unterst\u00fctzen verschiedene Adapterschnittstellen, wie SC oder FC, und eignen sich f\u00fcr Innen- und Au\u00dfenanwendungen in FTTx-Projekten, CATV und Datenkommunikationszentren. Das rackmontierte Design erm\u00f6glicht eine ausziehbare Funktionalit\u00e4t, die das Splei\u00dfen, Verteilen, Abschlie\u00dfen, Patchen, Speichern und Verwalten von Glasfasern in einer einzigen Einheit erm\u00f6glicht. Sie sind wichtige Komponenten f\u00fcr EPON- und GPON-Netze und bilden Schnittstellen zwischen den Kabeln der Au\u00dfenanlagen und den \u00dcbertragungsger\u00e4ten.<\/li>\n<li><strong>Vielseitige Optionen f\u00fcr Rack PLC-Splitter zur Erf\u00fcllung unterschiedlicher Anforderungen<\/strong><br \/>\nRack PLC-Splitter gibt es in verschiedenen Ausf\u00fchrungen, darunter 1&#215;4, 1&#215;8, 1&#215;16, 1&#215;32 und 1&#215;64 sowie 2&#215;4, 2&#215;8, 2&#215;16 und 2&#215;32, die alle in 1U 19&#8243;-Rack-Geh\u00e4usen untergebracht sind. Es sind verschiedene Adapteroptionen wie LC, SC, FC oder ST erh\u00e4ltlich, je nach Kundenwunsch mit APC- oder UPC-Steckern. Diese Splitter bieten eine hervorragende optische Leistung, hohe Stabilit\u00e4t und Zuverl\u00e4ssigkeit und eignen sich f\u00fcr eine Vielzahl von Anwendungsanforderungen. Ob es sich um eine 1xN- oder 2xN-Konfiguration handelt, die PLC-Splitter f\u00fcr die Rackmontage bieten effiziente L\u00f6sungen f\u00fcr die optische Signalverteilung in verschiedenen Netzwerkkonfigurationen.<\/li>\n<\/ul>\n<h2 style=\"text-align: left; font-size: 18px;\"><strong>Eigenschaften<\/strong><\/h2>\n<ul>\n<li>Gleichm\u00e4\u00dfige Leistungsaufteilung<\/li>\n<li>Niedrige Einf\u00fcged\u00e4mpfung und hohe R\u00fcckflussd\u00e4mpfung<\/li>\n<li>Geringer polarisationsabh\u00e4ngiger Verlust<\/li>\n<li>Hochstabile und zuverl\u00e4ssige optische \u00dcbertragung<\/li>\n<li>Passt in 19\u2033 Standard-Verteilerschr\u00e4nke oder Netzwerkschr\u00e4nke<\/li>\n<li>Konzipiert f\u00fcr High-Density-Verkabelungsumgebungen<\/li>\n<li>Silk Screened Port-Nummer zur einfachen Identifizierung<\/li>\n<\/ul>\n<h2 style=\"text-align: left; font-size: 18px;\"><strong>Anwendungen<\/strong><\/h2>\n<ul>\n<li>Optisches LAN &amp; WAN &amp; CATV<\/li>\n<li>FTTH-Projekt &amp; FTTX-Bereitstellungen<\/li>\n<li>Lichtwellenleiter-Kommunikationsnetze<\/li>\n<li>PON-Netze<\/li>\n<li>Betrieb innerhalb der Anlage (ISP)<\/li>\n<\/ul>\n<h2 style=\"text-align: left; font-size: 18px;\"><strong>Suchen Sie nach More PLC splitter?<\/strong><\/h2>\n<p>M\u00f6chten Sie mehr Optionen f\u00fcr Fiber Splitter? Entdecken Sie unsere Auswahl an<a title=\"Rack Mount PLC Splitter\" href=\"https:\/\/www.bonelinks.com\/de\/rack-mount-plc-splitter\/\" target=\"_blank\" rel=\"noopener\"><strong><span style=\"color: #0054a6;\"> Rack Mount PLC Splitter, <\/span><\/strong><\/a><a href=\"https:\/\/www.bonelinks.com\/de\/1x32-fiber-splitter\/\" target=\"_blank\" rel=\"noopener\"><strong><span style=\"color: #0054a6;\">1&#215;32 Glasfaser-Splitter <\/span><\/strong><\/a>f\u00fcr nahtlose Vernetzung.<\/p>\n<p><strong>Verbinden Sie sich mit uns!<\/strong><br \/>\nWenn Sie Schwierigkeiten bei der Suche nach dem richtigen <span style=\"color: #0054a6;\"><strong><a style=\"color: #0054a6;\" href=\"https:\/\/www.bonelinks.com\/de\/china-ftth-plc-splitter-supplier\/\" target=\"_blank\" rel=\"noopener\">Glasfaser-Splitter <\/a><\/strong><\/span>f\u00fcr Ihre Bed\u00fcrfnisse zu finden, oder wenn Sie eine fachkundige Beratung ben\u00f6tigen, k\u00f6nnen Sie mit einem Klick<a href=\"https:\/\/www.bonelinks.com\/de\/contact-us\/\" target=\"_blank\" rel=\"noopener\"><strong><span style=\"color: #0054a6;\"> mit uns chatten <\/span><\/strong><\/a>in Sekundenschnelle. Ihre Zufriedenheit ist unsere Priorit\u00e4t. Wir sind bereit, Sie in jeder Hinsicht zu unterst\u00fctzen. <strong>Keine Sorge, \u00fcberm\u00e4\u00dfiges Nachdenken ist nicht erforderlich. Wir sind hier und bereit, Ihnen zu helfen.<\/strong><\/p>\n<ul>\n<li>Einzelhandel oder Gro\u00dfhandel &#8211; wir haben alles f\u00fcr Sie!<\/li>\n<li>Nicht sicher, was Sie kaufen sollen? Wir bieten fachkundige Beratung.<\/li>\n<li>Kleines MOQ: Sie brauchen nicht mehr zu kaufen, als Sie wollen.<\/li>\n<li>Konkurrenzf\u00e4hige Preise: Sie erhalten jedes Mal ein gutes Preis-Leistungs-Verh\u00e4ltnis.<\/li>\n<li>Prompte Lieferung: Ihre Geschwindigkeit, unsere Priorit\u00e4t.<\/li>\n<li>Kundenorientiert: Wir schneiden unsere Dienstleistungen auf Ihre Bed\u00fcrfnisse zu.<\/li>\n<\/ul>\n","protected":false},"excerpt":{"rendered":"<p>Unser 1&#215;32 PLC Fiber Splitter ist eine praktische L\u00f6sung f\u00fcr die Rackmontage mit vorinstallierten SC-Adaptern, die einen einfachen Betrieb vor Ort erm\u00f6glichen. Er verf\u00fcgt \u00fcber einen 1&#215;32 SC\/APC PLC-Splitter in einem 1RU-Panel. Mit vormontierten Glasfasersplittern und Adaptern gew\u00e4hrleistet es eine stabile Leistung. Es passt in standardm\u00e4\u00dfige 19-Zoll-Racks oder -Schr\u00e4nke und spart Zeit bei der Installation. Dieser Einzelfaserfilter ist perfekt f\u00fcr FTTx- und PON-Anwendungen geeignet und bietet eine effiziente Signalverteilung.<\/p>\n<ul>\n<li>1&#215;32 PLC Optische Splitter<\/li>\n<li>Gleichm\u00e4\u00dfige Verteilung des optischen Signals<\/li>\n<li>Konzipiert f\u00fcr 19&#8220;-Netzwerk-Rack oder -Schrank, Plug and Play<\/li>\n<li>Weit verbreitet in FTTX-Projekten und Datenkommunikationszentren<\/li>\n<\/ul>\n","protected":false},"featured_media":15051,"template":"","meta":{"site-sidebar-layout":"default","site-content-layout":"default","ast-site-content-layout":"default","site-content-style":"default","site-sidebar-style":"default","ast-global-header-display":"","ast-banner-title-visibility":"","ast-main-header-display":"","ast-hfb-above-header-display":"","ast-hfb-below-header-display":"","ast-hfb-mobile-header-display":"","site-post-title":"","ast-breadcrumbs-content":"","ast-featured-img":"","footer-sml-layout":"","ast-disable-related-posts":"","theme-transparent-header-meta":"default","adv-header-id-meta":"","stick-header-meta":"default","header-above-stick-meta":"","header-main-stick-meta":"","header-below-stick-meta":"","astra-migrate-meta-layouts":"set","ast-page-background-enabled":"default","ast-page-background-meta":{"desktop":{"background-color":"","background-image":"","background-repeat":"repeat","background-position":"center center","background-size":"auto","background-attachment":"scroll","background-type":"","background-media":"","overlay-type":"","overlay-color":"","overlay-opacity":"","overlay-gradient":""},"tablet":{"background-color":"","background-image":"","background-repeat":"repeat","background-position":"center center","background-size":"auto","background-attachment":"scroll","background-type":"","background-media":"","overlay-type":"","overlay-color":"","overlay-opacity":"","overlay-gradient":""},"mobile":{"background-color":"","background-image":"","background-repeat":"repeat","background-position":"center center","background-size":"auto","background-attachment":"scroll","background-type":"","background-media":"","overlay-type":"","overlay-color":"","overlay-opacity":"","overlay-gradient":""}},"ast-content-background-meta":{"desktop":{"background-color":"var(--ast-global-color-5)","background-image":"","background-repeat":"repeat","background-position":"center center","background-size":"auto","background-attachment":"scroll","background-type":"","background-media":"","overlay-type":"","overlay-color":"","overlay-opacity":"","overlay-gradient":""},"tablet":{"background-color":"var(--ast-global-color-5)","background-image":"","background-repeat":"repeat","background-position":"center center","background-size":"auto","background-attachment":"scroll","background-type":"","background-media":"","overlay-type":"","overlay-color":"","overlay-opacity":"","overlay-gradient":""},"mobile":{"background-color":"var(--ast-global-color-5)","background-image":"","background-repeat":"repeat","background-position":"center center","background-size":"auto","background-attachment":"scroll","background-type":"","background-media":"","overlay-type":"","overlay-color":"","overlay-opacity":"","overlay-gradient":""}}},"product_brand":[],"product_cat":[305],"product_tag":[],"class_list":{"0":"post-21070","1":"product","2":"type-product","3":"status-publish","4":"has-post-thumbnail","6":"product_cat-plc-splitter-de-2","7":"pa_configuration-1x32-de","8":"pa_splitter-type-gestellmontage","9":"desktop-align-left","10":"tablet-align-left","11":"mobile-align-left","12":"ast-product-gallery-layout-vertical","13":"ast-product-gallery-with-no-image","14":"ast-product-tabs-layout-vertical","15":"ast-qv-on-image","17":"first","18":"instock","19":"shipping-taxable","20":"product-type-simple"},"_links":{"self":[{"href":"https:\/\/www.bonelinks.com\/de\/wp-json\/wp\/v2\/product\/21070","targetHints":{"allow":["GET"]}}],"collection":[{"href":"https:\/\/www.bonelinks.com\/de\/wp-json\/wp\/v2\/product"}],"about":[{"href":"https:\/\/www.bonelinks.com\/de\/wp-json\/wp\/v2\/types\/product"}],"version-history":[{"count":3,"href":"https:\/\/www.bonelinks.com\/de\/wp-json\/wp\/v2\/product\/21070\/revisions"}],"predecessor-version":[{"id":24790,"href":"https:\/\/www.bonelinks.com\/de\/wp-json\/wp\/v2\/product\/21070\/revisions\/24790"}],"wp:featuredmedia":[{"embeddable":true,"href":"https:\/\/www.bonelinks.com\/de\/wp-json\/wp\/v2\/media\/15051"}],"wp:attachment":[{"href":"https:\/\/www.bonelinks.com\/de\/wp-json\/wp\/v2\/media?parent=21070"}],"wp:term":[{"taxonomy":"product_brand","embeddable":true,"href":"https:\/\/www.bonelinks.com\/de\/wp-json\/wp\/v2\/product_brand?post=21070"},{"taxonomy":"product_cat","embeddable":true,"href":"https:\/\/www.bonelinks.com\/de\/wp-json\/wp\/v2\/product_cat?post=21070"},{"taxonomy":"product_tag","embeddable":true,"href":"https:\/\/www.bonelinks.com\/de\/wp-json\/wp\/v2\/product_tag?post=21070"}],"curies":[{"name":"wp","href":"https:\/\/api.w.org\/{rel}","templated":true}]}}