{"id":21069,"date":"2023-07-17T19:39:34","date_gmt":"2023-07-18T03:39:34","guid":{"rendered":"https:\/\/www.bonelinks.com\/product\/1x16-plc-fiber-splitter-1u-19-rackmontage-sc-apc-singlemode\/"},"modified":"2024-02-02T02:07:19","modified_gmt":"2024-02-02T10:07:19","slug":"1x16-plc-fiber-splitter-1u-19-rack-mount-sc-apc","status":"publish","type":"product","link":"https:\/\/www.bonelinks.com\/de\/product\/1x16-plc-fiber-splitter-1u-19-rack-mount-sc-apc\/","title":{"rendered":"1&#215;16 PLC Fiber Splitter, 1U 19&#8243; Rackmontage, SC\/APC, Singlemode"},"content":{"rendered":"<h1 style=\"text-align: left; font-size: 18px;\"><span style=\"color: #000000;\"><strong> 1\u00d716 Glasfaser-PLC-Splitter, 1U Rackmontage, Singlemode<\/strong><\/span><\/h1>\n<ul>\n<li><strong>1&#215;16 Rack Mount Passive PLC Splitter for Efficient Signal Distribution<br \/>\n<\/strong>Das angebotene Produkt ist ein 1&#215;16 passiver PLC Splitter, der als 1RU 19&#8243; Rack Mount Filter konzipiert ist. Dieser Splitter teilt ein Eingangssignal effizient in 16 Ausgangssignale und umgekehrt und erm\u00f6glicht so die bidirektionale \u00dcbertragung von Composite-Signalen. Es bietet eine zuverl\u00e4ssige L\u00f6sung f\u00fcr die Verteilung der optischen Leistung in Netzwerken.<\/li>\n<li><strong>Fiber Optic PLC Splitter f\u00fcr optimale FTTH-Netze<\/strong><br \/>\nFiber Optic PLC Splitter sind wesentliche passive Komponenten in Fiber to the Home (FTTH)-Netzen. Diese Splitter nutzen die Siliziumdioxid-Lichtwellenleitertechnologie, um die optische Leistung von der Zentrale zu den Kunden in FTTx- und FTTH-Netzen zu verteilen. PLC-Splitter (Planar Lightwave Circuit) sind Single-Mode-Splitter mit einem gleichm\u00e4\u00dfigen Teilungsverh\u00e4ltnis, die die Verteilung optischer Signale von einer Eingangsfaser auf mehrere Ausgangsfasern erm\u00f6glichen. Sie basieren auf der planaren Lichtwellenleitertechnologie und bieten eine kosteng\u00fcnstige und platzsparende L\u00f6sung mit kleinem Formfaktor und hoher Zuverl\u00e4ssigkeit. PLC-Splitter bieten eine effiziente Vernetzungsl\u00f6sung in optischen \u00dcbertragungssystemen.<\/li>\n<li><strong>Rack PLC-Splitter f\u00fcr bequeme und vielseitige Installationen<\/strong><br \/>\nRack-SPS-Splitter bestehen aus SPS-Splittern, die in Geh\u00e4usek\u00f6rper integriert sind und eine Standardgr\u00f6\u00dfe f\u00fcr eine einfache Installation aufweisen. Diese Splitter unterst\u00fctzen verschiedene Adapterschnittstellen, wie SC oder FC, und eignen sich damit f\u00fcr Innen- und Au\u00dfenanwendungen in FTTx-Projekten, CATV und Datenkommunikationszentren. Die in einer 19-Zoll-Rack-Montageplatte untergebrachten PLC-Rack-Splitter dienen als passive optische Splitter, die h\u00e4ufig in FTTH Passive Optical Network, einschlie\u00dflich EPON (Ethernet Passive Optical Network) und GPON (Gigabit Passive Optical Network), eingesetzt werden. Die rackmontierbaren, ausziehbaren Glasfaserverteilerschr\u00e4nke bieten umfassende Funktionalit\u00e4t, einschlie\u00dflich Glasfasersplei\u00dfung, -verteilung, -abschluss, -anpassung, -speicherung und -verwaltung in einer Einheit. Diese Geh\u00e4use unterst\u00fctzen sowohl die Cross-Connect- als auch die Interconnect-Architektur und erleichtern die Schnittstellen zwischen den Kabeln der Au\u00dfenanlagen und den \u00dcbertragungsger\u00e4ten.<\/li>\n<li><strong>Vielf\u00e4ltige Optionen von Rack PLC-Splittern f\u00fcr vielseitige Anwendungen<\/strong><br \/>\nRack PLC-Splitter gibt es in verschiedenen Ausf\u00fchrungen, darunter 1&#215;4, 1&#215;8, 1&#215;16, 1&#215;32 und 1&#215;64 PLC-Splitter sowie 2&#215;4, 2&#215;8, 2&#215;16 und 2&#215;32 Varianten. Alle diese Splitter sind in 1U 19&#8243;-Rack-Geh\u00e4usen untergebracht. Kunden haben die Flexibilit\u00e4t, zwischen LC-, SC-, FC- oder ST-Adaptern zu w\u00e4hlen, wobei APC- oder UPC-Optionen auf Anfrage erh\u00e4ltlich sind. Wir bieten eine breite Palette von 1\u00d7N und 2\u00d7N PLC Splittern an. Diese Splitter gew\u00e4hrleisten eine \u00fcberragende optische Leistung, hohe Stabilit\u00e4t und Zuverl\u00e4ssigkeit, um die vielf\u00e4ltigen Anforderungen der verschiedenen Anwendungen zu erf\u00fcllen.<\/li>\n<\/ul>\n<h2 style=\"text-align: left; font-size: 18px;\"><strong>Eigenschaften<\/strong><\/h2>\n<ul>\n<li>Gleichm\u00e4\u00dfige Leistungsaufteilung<\/li>\n<li>Niedrige Einf\u00fcged\u00e4mpfung und hohe R\u00fcckflussd\u00e4mpfung<\/li>\n<li>Geringer polarisationsabh\u00e4ngiger Verlust<\/li>\n<li>Hochstabile und zuverl\u00e4ssige optische \u00dcbertragung<\/li>\n<li>Passt in 19\u2033 Standard-Verteilerschr\u00e4nke oder Netzwerkschr\u00e4nke<\/li>\n<li>Konzipiert f\u00fcr High-Density-Verkabelungsumgebungen<\/li>\n<li>Silk Screened Port-Nummer zur einfachen Identifizierung<\/li>\n<\/ul>\n<h2 style=\"text-align: left; font-size: 18px;\"><strong>Anwendungen<\/strong><\/h2>\n<ul>\n<li>Optisches LAN &amp; WAN &amp; CATV<\/li>\n<li>FTTH-Projekt &amp; FTTX-Bereitstellungen<\/li>\n<li>Lichtwellenleiter-Kommunikationsnetze<\/li>\n<li>PON-Netze<\/li>\n<li>Betrieb innerhalb der Anlage (ISP)<\/li>\n<\/ul>\n<h2 style=\"text-align: left; font-size: 18px;\"><strong>Suchen Sie nach More PLC splitter?<\/strong><\/h2>\n<p>M\u00f6chten Sie mehr Optionen f\u00fcr Fiber Splitter? Entdecken Sie unsere Auswahl an<a title=\"Rack Mount PLC Splitter\" href=\"https:\/\/www.bonelinks.com\/de\/rack-mount-plc-splitter\/\" target=\"_blank\" rel=\"noopener\"><strong><span style=\"color: #0054a6;\"> Rack Mount PLC Splitter, <\/span><\/strong><\/a><a href=\"https:\/\/www.bonelinks.com\/de\/1x16-plc-splitter\/\" target=\"_blank\" rel=\"noopener\"><strong><span style=\"color: #0054a6;\">1&#215;16 Glasfaser-Splitter <\/span><\/strong><\/a>f\u00fcr nahtlose Vernetzung.<\/p>\n<p><strong>Verbinden Sie sich mit uns!<\/strong><br \/>\nWenn Sie Schwierigkeiten bei der Suche nach dem richtigen <span style=\"color: #0054a6;\"><strong><a style=\"color: #0054a6;\" href=\"https:\/\/www.bonelinks.com\/de\/china-ftth-plc-splitter-supplier\/\" target=\"_blank\" rel=\"noopener\">Glasfaser-Splitter <\/a><\/strong><\/span>f\u00fcr Ihre Bed\u00fcrfnisse zu finden, oder wenn Sie eine fachkundige Beratung ben\u00f6tigen, k\u00f6nnen Sie mit einem Klick<a href=\"https:\/\/www.bonelinks.com\/de\/contact-us\/\" target=\"_blank\" rel=\"noopener\"><strong><span style=\"color: #0054a6;\"> mit uns chatten <\/span><\/strong><\/a>in Sekundenschnelle. Ihre Zufriedenheit ist unsere Priorit\u00e4t. Wir sind bereit, Sie in jeder Hinsicht zu unterst\u00fctzen. <strong>Keine Sorge, \u00fcberm\u00e4\u00dfiges Nachdenken ist nicht erforderlich. Wir sind hier und bereit, Ihnen zu helfen.<\/strong><\/p>\n<ul>\n<li>Einzelhandel oder Gro\u00dfhandel &#8211; wir haben alles f\u00fcr Sie!<\/li>\n<li>Nicht sicher, was Sie kaufen sollen? Wir bieten fachkundige Beratung.<\/li>\n<li>Kleines MOQ: Sie brauchen nicht mehr zu kaufen, als Sie wollen.<\/li>\n<li>Konkurrenzf\u00e4hige Preise: Sie erhalten jedes Mal ein gutes Preis-Leistungs-Verh\u00e4ltnis.<\/li>\n<li>Prompte Lieferung: Ihre Geschwindigkeit, unsere Priorit\u00e4t.<\/li>\n<li>Kundenorientiert: Wir schneiden unsere Dienstleistungen auf Ihre Bed\u00fcrfnisse zu.<\/li>\n<\/ul>\n","protected":false},"excerpt":{"rendered":"<p>Unser 1&#215;16 PLC-Glasfasersplitter ist in einem 1RU-Rackpanel mit einem 1&#215;16 SC\/APC PLC-Splitter und frontgeladenen SC-Adaptern f\u00fcr den bequemen Einsatz vor Ort untergebracht. Mit vormontierten Splittern und Adaptern gew\u00e4hrleistet es eine stabile Leistung und spart Installationszeit. Er ist f\u00fcr die Montage in standardm\u00e4\u00dfigen 19-Zoll-Racks oder -Schr\u00e4nken ausgelegt und stellt eine hervorragende Einzelfaserfilterl\u00f6sung f\u00fcr FTTx- und PON-Anwendungen dar.<\/p>\n<ul>\n<li>1&#215;16 PLC Optische Splitter<\/li>\n<li>Gleichm\u00e4\u00dfige Verteilung des optischen Signals<\/li>\n<li>Konzipiert f\u00fcr 19&#8220;-Netzwerk-Rack oder -Schrank, Plug and Play<\/li>\n<li>Weit verbreitet in FTTX-Projekten und Datenkommunikationszentren<\/li>\n<\/ul>\n","protected":false},"featured_media":15046,"template":"","meta":{"site-sidebar-layout":"default","site-content-layout":"default","ast-site-content-layout":"default","site-content-style":"default","site-sidebar-style":"default","ast-global-header-display":"","ast-banner-title-visibility":"","ast-main-header-display":"","ast-hfb-above-header-display":"","ast-hfb-below-header-display":"","ast-hfb-mobile-header-display":"","site-post-title":"","ast-breadcrumbs-content":"","ast-featured-img":"","footer-sml-layout":"","ast-disable-related-posts":"","theme-transparent-header-meta":"default","adv-header-id-meta":"","stick-header-meta":"default","header-above-stick-meta":"","header-main-stick-meta":"","header-below-stick-meta":"","astra-migrate-meta-layouts":"set","ast-page-background-enabled":"default","ast-page-background-meta":{"desktop":{"background-color":"","background-image":"","background-repeat":"repeat","background-position":"center center","background-size":"auto","background-attachment":"scroll","background-type":"","background-media":"","overlay-type":"","overlay-color":"","overlay-opacity":"","overlay-gradient":""},"tablet":{"background-color":"","background-image":"","background-repeat":"repeat","background-position":"center center","background-size":"auto","background-attachment":"scroll","background-type":"","background-media":"","overlay-type":"","overlay-color":"","overlay-opacity":"","overlay-gradient":""},"mobile":{"background-color":"","background-image":"","background-repeat":"repeat","background-position":"center center","background-size":"auto","background-attachment":"scroll","background-type":"","background-media":"","overlay-type":"","overlay-color":"","overlay-opacity":"","overlay-gradient":""}},"ast-content-background-meta":{"desktop":{"background-color":"var(--ast-global-color-5)","background-image":"","background-repeat":"repeat","background-position":"center center","background-size":"auto","background-attachment":"scroll","background-type":"","background-media":"","overlay-type":"","overlay-color":"","overlay-opacity":"","overlay-gradient":""},"tablet":{"background-color":"var(--ast-global-color-5)","background-image":"","background-repeat":"repeat","background-position":"center center","background-size":"auto","background-attachment":"scroll","background-type":"","background-media":"","overlay-type":"","overlay-color":"","overlay-opacity":"","overlay-gradient":""},"mobile":{"background-color":"var(--ast-global-color-5)","background-image":"","background-repeat":"repeat","background-position":"center center","background-size":"auto","background-attachment":"scroll","background-type":"","background-media":"","overlay-type":"","overlay-color":"","overlay-opacity":"","overlay-gradient":""}}},"product_brand":[],"product_cat":[305],"product_tag":[],"class_list":{"0":"post-21069","1":"product","2":"type-product","3":"status-publish","4":"has-post-thumbnail","6":"product_cat-plc-splitter-de-2","7":"pa_configuration-1x16-de","8":"pa_splitter-type-gestellmontage","9":"desktop-align-left","10":"tablet-align-left","11":"mobile-align-left","12":"ast-product-gallery-layout-vertical","13":"ast-product-gallery-with-no-image","14":"ast-product-tabs-layout-vertical","15":"ast-qv-on-image","17":"first","18":"instock","19":"shipping-taxable","20":"product-type-simple"},"_links":{"self":[{"href":"https:\/\/www.bonelinks.com\/de\/wp-json\/wp\/v2\/product\/21069","targetHints":{"allow":["GET"]}}],"collection":[{"href":"https:\/\/www.bonelinks.com\/de\/wp-json\/wp\/v2\/product"}],"about":[{"href":"https:\/\/www.bonelinks.com\/de\/wp-json\/wp\/v2\/types\/product"}],"version-history":[{"count":3,"href":"https:\/\/www.bonelinks.com\/de\/wp-json\/wp\/v2\/product\/21069\/revisions"}],"predecessor-version":[{"id":24789,"href":"https:\/\/www.bonelinks.com\/de\/wp-json\/wp\/v2\/product\/21069\/revisions\/24789"}],"wp:featuredmedia":[{"embeddable":true,"href":"https:\/\/www.bonelinks.com\/de\/wp-json\/wp\/v2\/media\/15046"}],"wp:attachment":[{"href":"https:\/\/www.bonelinks.com\/de\/wp-json\/wp\/v2\/media?parent=21069"}],"wp:term":[{"taxonomy":"product_brand","embeddable":true,"href":"https:\/\/www.bonelinks.com\/de\/wp-json\/wp\/v2\/product_brand?post=21069"},{"taxonomy":"product_cat","embeddable":true,"href":"https:\/\/www.bonelinks.com\/de\/wp-json\/wp\/v2\/product_cat?post=21069"},{"taxonomy":"product_tag","embeddable":true,"href":"https:\/\/www.bonelinks.com\/de\/wp-json\/wp\/v2\/product_tag?post=21069"}],"curies":[{"name":"wp","href":"https:\/\/api.w.org\/{rel}","templated":true}]}}