{"id":21038,"date":"2023-07-17T21:07:38","date_gmt":"2023-07-18T05:07:38","guid":{"rendered":"https:\/\/www.bonelinks.com\/product\/1x8-plc-glasfasersplitter-1u-19-rackmontage-sc-apc-singlemode\/"},"modified":"2024-02-02T02:05:29","modified_gmt":"2024-02-02T10:05:29","slug":"1x8-plc-fiber-splitter-1u-19-rack-mount-sc-apc","status":"publish","type":"product","link":"https:\/\/www.bonelinks.com\/de\/product\/1x8-plc-fiber-splitter-1u-19-rack-mount-sc-apc\/","title":{"rendered":"1&#215;8 PLC-Glasfasersplitter, 1U 19&#8243; Rackmontage, SC\/APC, Singlemode"},"content":{"rendered":"<h1 style=\"text-align: left; font-size: 18px;\"><span style=\"color: #000000;\"><strong>1\u00d78 Glasfaser-PLC-Splitter, 1U Rackmontage, Singlemode<\/strong><\/span><\/h1>\n<ul>\n<li><strong>1&#215;8 Rack Mount Passive PLC Splitter f\u00fcr effiziente Signalverteilung<br \/>\n<\/strong>Das angebotene Produkt ist ein 1&#215;8 passiver PLC Splitter, der als 1RU 19&#8243; Rack Mount Filter konzipiert ist. Dieser Splitter teilt ein Eingangssignal effizient in acht Ausgangssignale und umgekehrt und erm\u00f6glicht so die bidirektionale \u00dcbertragung von Composite-Signalen. Es bietet eine zuverl\u00e4ssige L\u00f6sung f\u00fcr die Verteilung der optischen Leistung in Netzwerken.<\/li>\n<li><strong>Fiber Optic PLC Splitter f\u00fcr optimale FTTH-Netze<\/strong><br \/>\nFiber Optic PLC Splitter ist eine wesentliche passive Komponente in Fiber to the Home (FTTH)-Netzen. Er nutzt die Siliziumdioxid-Lichtwellenleitertechnologie und wird f\u00fcr die optische Leistungsverteilung von der Zentrale bis zum Kunden in FTTx- und FTTH-Netzen eingesetzt. PLC (Planar Lightwave Circuit) Splitter sind Single Mode Splitter, die das optische Signal von einer Eingangsfaser gleichm\u00e4\u00dfig auf mehrere Ausgangsfasern aufteilen. Basierend auf planarer Lichtwellenleitertechnologie bieten PLC-Splitter eine kosteng\u00fcnstige und platzsparende L\u00f6sung mit kleinem Formfaktor und hoher Zuverl\u00e4ssigkeit. Sie spielen eine entscheidende Rolle in optischen \u00dcbertragungssystemen, da sie eine effiziente Lichtverteilung erm\u00f6glichen und eine qualitativ hochwertige Netzanbindung gew\u00e4hrleisten.<\/li>\n<li><strong>Rack PLC-Splitter f\u00fcr bequeme und vielseitige Installationen<\/strong><br \/>\nRack-SPS-Splitter bestehen aus SPS-Splittern, die in Geh\u00e4usek\u00f6rper integriert sind und eine Standardgr\u00f6\u00dfe f\u00fcr eine einfache Installation aufweisen. Diese Splitter unterst\u00fctzen verschiedene Adapterschnittstellen, wie SC oder FC, und eignen sich damit f\u00fcr Innen- und Au\u00dfenanwendungen in FTTx-Projekten, CATV und Datenkommunikationszentren. Rack Mount PLC-Splitter sind in einer 19-Zoll-Rack-Montageplatte verpackt und bieten eine kompakte und organisierte L\u00f6sung. Sie werden \u00fcblicherweise als passive optische Splitter in FTTH Passive Optical Network, einschlie\u00dflich EPON (Ethernet Passive Optical Network) und GPON (Gigabit Passive Optical Network), eingesetzt. Dar\u00fcber hinaus bieten die rackmontierbaren, ausziehbaren Glasfaserverteilerschr\u00e4nke umfassende Funktionen, einschlie\u00dflich Glasfasersplei\u00dfung, -verteilung, -abschluss, -anpassung, -speicherung und -verwaltung in einer einzigen Einheit. Diese Geh\u00e4use unterst\u00fctzen sowohl Cross-Connect- als auch Interconnect-Architekturen und erleichtern die Verbindung zwischen den Kabeln der Au\u00dfenanlage und den \u00dcbertragungsger\u00e4ten.<\/li>\n<li><strong>Vielf\u00e4ltige Optionen von Rack PLC-Splittern f\u00fcr vielseitige Anwendungen<\/strong><br \/>\nRack PLC-Splitter gibt es in verschiedenen Ausf\u00fchrungen, darunter 1&#215;4, 1&#215;8, 1&#215;16, 1&#215;32 und 1&#215;64 PLC-Splitter sowie 2&#215;4, 2&#215;8, 2&#215;16 und 2&#215;32 Varianten. Alle diese Splitter sind in 1U 19&#8243;-Rack-Geh\u00e4usen untergebracht und bieten eine standardisierte und platzsparende L\u00f6sung. Kunden k\u00f6nnen aus einer Reihe von Adapteroptionen w\u00e4hlen, darunter LC, SC, FC oder ST, wobei die Wahl zwischen APC- oder UPC-Steckern auf Anfrage m\u00f6glich ist. Wir bieten eine Vielzahl von 1\u00d7N- und 2\u00d7N-SPS-Splittern an, die speziell als 1U-Rack-Mount-Faser-SPS-Splitter konzipiert sind. Diese Splitter sind f\u00fcr ihre \u00fcberragende optische Leistung, hohe Stabilit\u00e4t und Zuverl\u00e4ssigkeit bekannt und erf\u00fcllen die vielf\u00e4ltigen Anwendungsanforderungen der verschiedenen Branchen.<\/li>\n<\/ul>\n<h2 style=\"text-align: left; font-size: 18px;\"><strong>Eigenschaften<\/strong><\/h2>\n<ul>\n<li>Gleichm\u00e4\u00dfige Leistungsaufteilung<\/li>\n<li>Niedrige Einf\u00fcged\u00e4mpfung und hohe R\u00fcckflussd\u00e4mpfung<\/li>\n<li>Geringer polarisationsabh\u00e4ngiger Verlust<\/li>\n<li>Hochstabile und zuverl\u00e4ssige optische \u00dcbertragung<\/li>\n<li>Passt in 19\u2033 Standard-Verteilerschr\u00e4nke oder Netzwerkschr\u00e4nke<\/li>\n<li>Konzipiert f\u00fcr High-Density-Verkabelungsumgebungen<\/li>\n<li>Silk Screened Port-Nummer zur einfachen Identifizierung<\/li>\n<\/ul>\n<h2 style=\"text-align: left; font-size: 18px;\"><strong>Anwendungen<\/strong><\/h2>\n<ul>\n<li>Optisches LAN &amp; WAN &amp; CATV<\/li>\n<li>FTTH-Projekt &amp; FTTX-Bereitstellungen<\/li>\n<li>Lichtwellenleiter-Kommunikationsnetze<\/li>\n<li>PON-Netze<\/li>\n<li>Betrieb innerhalb der Anlage (ISP)<\/li>\n<\/ul>\n<h2 style=\"text-align: left; font-size: 18px;\"><strong>Suchen Sie nach More PLC splitter?<\/strong><\/h2>\n<p>M\u00f6chten Sie mehr Optionen f\u00fcr Fiber Splitter? Entdecken Sie unsere Auswahl an<a title=\"Rack Mount PLC Splitter\" href=\"https:\/\/www.bonelinks.com\/de\/rack-mount-plc-splitter\/\" target=\"_blank\" rel=\"noopener\"><strong><span style=\"color: #0054a6;\"> Rack Mount PLC Splitter, <\/span><\/strong><\/a><a href=\"https:\/\/www.bonelinks.com\/de\/plc-splitter-1x8\/\" target=\"_blank\" rel=\"noopener\"><strong><span style=\"color: #0054a6;\">1&#215;8 Glasfaser-Splitter <\/span><\/strong><\/a>f\u00fcr nahtlose Vernetzung.<\/p>\n<p><strong>Verbinden Sie sich mit uns!<\/strong><br \/>\nWenn Sie Schwierigkeiten bei der Suche nach dem richtigen <span style=\"color: #0054a6;\"><strong><a style=\"color: #0054a6;\" href=\"https:\/\/www.bonelinks.com\/de\/china-ftth-plc-splitter-supplier\/\" target=\"_blank\" rel=\"noopener\">Glasfaser-Splitter <\/a><\/strong><\/span>f\u00fcr Ihre Bed\u00fcrfnisse zu finden, oder wenn Sie eine fachkundige Beratung ben\u00f6tigen, k\u00f6nnen Sie mit einem Klick<a href=\"https:\/\/www.bonelinks.com\/de\/contact-us\/\" target=\"_blank\" rel=\"noopener\"><strong><span style=\"color: #0054a6;\"> mit uns chatten <\/span><\/strong><\/a>in Sekundenschnelle. Ihre Zufriedenheit ist unsere Priorit\u00e4t. Wir sind bereit, Sie in jeder Hinsicht zu unterst\u00fctzen. <strong>Keine Sorge, \u00fcberm\u00e4\u00dfiges Nachdenken ist nicht erforderlich. Wir sind hier und bereit, Ihnen zu helfen.<\/strong><\/p>\n<ul>\n<li>Einzelhandel oder Gro\u00dfhandel &#8211; wir haben alles f\u00fcr Sie!<\/li>\n<li>Nicht sicher, was Sie kaufen sollen? Wir bieten fachkundige Beratung.<\/li>\n<li>Kleines MOQ: Sie brauchen nicht mehr zu kaufen, als Sie wollen.<\/li>\n<li>Konkurrenzf\u00e4hige Preise: Sie erhalten jedes Mal ein gutes Preis-Leistungs-Verh\u00e4ltnis.<\/li>\n<li>Prompte Lieferung: Ihre Geschwindigkeit, unsere Priorit\u00e4t.<\/li>\n<li>Kundenorientiert: Wir schneiden unsere Dienstleistungen auf Ihre Bed\u00fcrfnisse zu.<\/li>\n<\/ul>\n","protected":false},"excerpt":{"rendered":"<p>Unser 1&#215;8 PLC Fiber Splitter ist f\u00fcr den einfachen Einsatz vor Ort konzipiert. Er verf\u00fcgt \u00fcber einen 1&#215;8 SC\/APC PLC-Splitter, der in einem 1RU-Rack-Patchpanel untergebracht ist, wobei alle SC-Adapter bequem an der Vorderseite angebracht sind. Die vormontierten Glasfasersplitter und -adapter gew\u00e4hrleisten eine stabile Leistung. Dieses rackmontierte PLC-Splitter-Patchpanel ist mit Standard-19-Zoll-Racks oder -Schr\u00e4nken kompatibel und spart somit Installationszeit. Er dient als ideale Einzelfaser-Filterl\u00f6sung f\u00fcr FTTx- und PON-Anwendungen.<\/p>\n<ul>\n<li>1&#215;8 PLC Optische Splitter<\/li>\n<li>Gleichm\u00e4\u00dfige Verteilung des optischen Signals<\/li>\n<li>Konzipiert f\u00fcr 19&#8220;-Netzwerk-Rack oder -Schrank, Plug and Play<\/li>\n<li>Weit verbreitet in FTTX-Projekten und Datenkommunikationszentren<\/li>\n<\/ul>\n","protected":false},"featured_media":0,"template":"","meta":{"site-sidebar-layout":"default","site-content-layout":"default","ast-site-content-layout":"default","site-content-style":"default","site-sidebar-style":"default","ast-global-header-display":"","ast-banner-title-visibility":"","ast-main-header-display":"","ast-hfb-above-header-display":"","ast-hfb-below-header-display":"","ast-hfb-mobile-header-display":"","site-post-title":"","ast-breadcrumbs-content":"","ast-featured-img":"","footer-sml-layout":"","ast-disable-related-posts":"","theme-transparent-header-meta":"default","adv-header-id-meta":"","stick-header-meta":"default","header-above-stick-meta":"","header-main-stick-meta":"","header-below-stick-meta":"","astra-migrate-meta-layouts":"set","ast-page-background-enabled":"default","ast-page-background-meta":{"desktop":{"background-color":"","background-image":"","background-repeat":"repeat","background-position":"center center","background-size":"auto","background-attachment":"scroll","background-type":"","background-media":"","overlay-type":"","overlay-color":"","overlay-opacity":"","overlay-gradient":""},"tablet":{"background-color":"","background-image":"","background-repeat":"repeat","background-position":"center center","background-size":"auto","background-attachment":"scroll","background-type":"","background-media":"","overlay-type":"","overlay-color":"","overlay-opacity":"","overlay-gradient":""},"mobile":{"background-color":"","background-image":"","background-repeat":"repeat","background-position":"center center","background-size":"auto","background-attachment":"scroll","background-type":"","background-media":"","overlay-type":"","overlay-color":"","overlay-opacity":"","overlay-gradient":""}},"ast-content-background-meta":{"desktop":{"background-color":"var(--ast-global-color-5)","background-image":"","background-repeat":"repeat","background-position":"center center","background-size":"auto","background-attachment":"scroll","background-type":"","background-media":"","overlay-type":"","overlay-color":"","overlay-opacity":"","overlay-gradient":""},"tablet":{"background-color":"var(--ast-global-color-5)","background-image":"","background-repeat":"repeat","background-position":"center center","background-size":"auto","background-attachment":"scroll","background-type":"","background-media":"","overlay-type":"","overlay-color":"","overlay-opacity":"","overlay-gradient":""},"mobile":{"background-color":"var(--ast-global-color-5)","background-image":"","background-repeat":"repeat","background-position":"center center","background-size":"auto","background-attachment":"scroll","background-type":"","background-media":"","overlay-type":"","overlay-color":"","overlay-opacity":"","overlay-gradient":""}}},"product_brand":[],"product_cat":[305],"product_tag":[],"class_list":{"0":"post-21038","1":"product","2":"type-product","3":"status-publish","5":"product_cat-plc-splitter-de-2","6":"pa_configuration-1x8-de","7":"pa_splitter-type-gestellmontage","8":"desktop-align-left","9":"tablet-align-left","10":"mobile-align-left","11":"ast-product-gallery-layout-vertical","12":"ast-product-gallery-with-no-image","13":"ast-product-tabs-layout-vertical","14":"ast-qv-on-image","16":"first","17":"instock","18":"shipping-taxable","19":"product-type-simple"},"_links":{"self":[{"href":"https:\/\/www.bonelinks.com\/de\/wp-json\/wp\/v2\/product\/21038","targetHints":{"allow":["GET"]}}],"collection":[{"href":"https:\/\/www.bonelinks.com\/de\/wp-json\/wp\/v2\/product"}],"about":[{"href":"https:\/\/www.bonelinks.com\/de\/wp-json\/wp\/v2\/types\/product"}],"version-history":[{"count":3,"href":"https:\/\/www.bonelinks.com\/de\/wp-json\/wp\/v2\/product\/21038\/revisions"}],"predecessor-version":[{"id":24786,"href":"https:\/\/www.bonelinks.com\/de\/wp-json\/wp\/v2\/product\/21038\/revisions\/24786"}],"wp:attachment":[{"href":"https:\/\/www.bonelinks.com\/de\/wp-json\/wp\/v2\/media?parent=21038"}],"wp:term":[{"taxonomy":"product_brand","embeddable":true,"href":"https:\/\/www.bonelinks.com\/de\/wp-json\/wp\/v2\/product_brand?post=21038"},{"taxonomy":"product_cat","embeddable":true,"href":"https:\/\/www.bonelinks.com\/de\/wp-json\/wp\/v2\/product_cat?post=21038"},{"taxonomy":"product_tag","embeddable":true,"href":"https:\/\/www.bonelinks.com\/de\/wp-json\/wp\/v2\/product_tag?post=21038"}],"curies":[{"name":"wp","href":"https:\/\/api.w.org\/{rel}","templated":true}]}}