{"id":21004,"date":"2023-09-28T19:04:58","date_gmt":"2023-09-29T03:04:58","guid":{"rendered":"https:\/\/www.bonelinks.com\/product\/h3c-sfp-ge-sx-mm850-a-kompatibler-1000base-sx-sfp-850nm-550m-transceiver\/"},"modified":"2024-02-02T01:14:25","modified_gmt":"2024-02-02T09:14:25","slug":"h3c-sfp-ge-sx-mm850-a-compatible-1000base-sx-sfp-850nm-550m-transceiver","status":"publish","type":"product","link":"https:\/\/www.bonelinks.com\/de\/product\/h3c-sfp-ge-sx-mm850-a-compatible-1000base-sx-sfp-850nm-550m-transceiver\/","title":{"rendered":"H3C SFP-GE-SX-MM850-A Kompatibler 1000BASE-SX SFP 850nm 550m Transceiver"},"content":{"rendered":"<h2 style=\"text-align: left; font-size: 18px;\"><strong>H3C SFP-GE-SX-MM850-A Kompatibles 1000BASE-SX SFP-Transceivermodul (MMF, 850nm, 550m, LC, DOM)<\/strong><\/h2>\n<p>Die kompatible Optik H3 SFP-GE-SX-MM850-A ist ein leistungsstarker und kosteng\u00fcnstiger steckbarer Transceiver mit kleinem Formfaktor. Er wurde f\u00fcr den Einsatz in 1000BASE-SX Gigabit Ethernet und 1G Fibre Channel Anwendungen entwickelt. Dieses Produkt wurde sorgf\u00e4ltig programmiert und getestet, um eine nahtlose Kompatibilit\u00e4t mit H3 Ethernet-Switches, Ethernet-Routern, Netzwerkschnittstellenkarten (NICs) und Medienkonvertern zu gew\u00e4hrleisten. Er ist eine hervorragende und kosteng\u00fcnstigere Alternative zum H3 SFP-GE-SX-MM850-A.<\/p>\n<p>Dieser Artikel bietet eine zuverl\u00e4ssige und kompatible Transceiver-L\u00f6sung und ist damit die ideale Wahl f\u00fcr Systemintegratoren, Distributoren und Endanwender, die sich mit Netzwerkinfrastruktur und Glasfaserverkabelung besch\u00e4ftigen. Es ist nicht nur leistungsf\u00e4hig, sondern hilft auch, die Kosten erheblich zu senken.<\/p>\n<h2 style=\"text-align: left; font-size: 18px;\"><strong>Wesentliche Merkmale<\/strong><\/h2>\n<ul>\n<li>Funktionale \u00dcbereinstimmung: Identisch in der Funktionalit\u00e4t mit dem H3 SFP-GE-SX-MM850-A, was eine nahtlose Kompatibilit\u00e4t gew\u00e4hrleistet.<\/li>\n<li>Hohe Datenrate: Unterst\u00fctzt Datenraten von bis zu 1,25Gb\/s, geeignet f\u00fcr verschiedene Hochgeschwindigkeitsanwendungen.<\/li>\n<li>IEEE 802.3z-Konformit\u00e4t: Entspricht den IEEE 802.3z-Standards und gew\u00e4hrleistet so die Kompatibilit\u00e4t mit den Industriestandards.<\/li>\n<li>Digitale Diagnostik: Ausgestattet mit digitalen Diagnosefunktionen, die mit SFF-8472 konform sind, f\u00fcr eine effiziente \u00dcberwachung.<\/li>\n<li>LC-Duplex-Stecker: Ein LC-Duplex-Anschluss sorgt f\u00fcr zuverl\u00e4ssige und unkomplizierte Verbindungen.<\/li>\n<li>Verantwortung f\u00fcr die Umwelt: Entspricht den ROHS-Normen und ist bleifrei, was das Umweltbewusstsein f\u00f6rdert.<\/li>\n<\/ul>\n<h2 style=\"text-align: left; font-size: 18px;\"><strong>Anmeldung<\/strong><\/h2>\n<ul>\n<li>1x Fiber Channel, Switch to Switch Schnittstelle<\/li>\n<li>Gigabit Ethernet, Switched Backplane Anwendungen<\/li>\n<li>Router\/Server-Schnittstelle, andere optische Verbindungen<\/li>\n<\/ul>\n<h2 style=\"text-align: left; font-size: 18px;\"><strong>Suchen Sie nach weiteren optischen Transceivern?<\/strong><\/h2>\n<p>Suchen Sie nach einer gr\u00f6\u00dferen Auswahl an optischen Transceivern? Sehen Sie sich unser<a href=\"https:\/\/www.bonelinks.com\/de\/products\/optical-transceivers-de\/\" target=\"_blank\" rel=\"noopener\"><strong><span style=\"color: #0054a6;\"> Optischen Transceiver <\/span><\/strong><\/a>f\u00fcr nahtlose Vernetzung.<\/p>\n","protected":false},"excerpt":{"rendered":"<p>Der kompatible SFP-Transceiver SFP-GE-SX-MM850 von H3C ist ein vielseitiges Modul, das \u00fcber Multimode-Glasfaser (MMF) Entfernungen von bis zu 550 Metern abdecken kann. Es nutzt eine Wellenl\u00e4nge von 850 nm und wird \u00fcber LC-Stecker angeschlossen. Jedes SFP-Transceivermodul wird strengen Einzeltests unterzogen, um die Kompatibilit\u00e4t mit einer Reihe von H3C-Ger\u00e4ten zu gew\u00e4hrleisten, darunter Switches, Router, Server und Netzwerkschnittstellenkarten (NICs).<\/p>\n<p>Dieser Hot-Swap-f\u00e4hige 1G SFP-Transceiver ist nicht nur kompatibel, sondern auch energieeffizient und damit eine ausgezeichnete Wahl f\u00fcr eine Vielzahl von Anwendungen. Er eignet sich perfekt f\u00fcr Gigabit-Ethernet-Kommunikationsverbindungen in Internet Service Provider (ISP)-Einrichtungen sowie in LAN- und SAN-Netzwerken von Unternehmen, LAN- und SAN-Netzwerken von Rechenzentren und anderen optischen Verbindungen.<\/p>\n","protected":false},"featured_media":19471,"template":"","meta":{"site-sidebar-layout":"default","site-content-layout":"default","ast-site-content-layout":"default","site-content-style":"default","site-sidebar-style":"default","ast-global-header-display":"","ast-banner-title-visibility":"","ast-main-header-display":"","ast-hfb-above-header-display":"","ast-hfb-below-header-display":"","ast-hfb-mobile-header-display":"","site-post-title":"","ast-breadcrumbs-content":"","ast-featured-img":"","footer-sml-layout":"","ast-disable-related-posts":"","theme-transparent-header-meta":"default","adv-header-id-meta":"","stick-header-meta":"default","header-above-stick-meta":"","header-main-stick-meta":"","header-below-stick-meta":"","astra-migrate-meta-layouts":"set","ast-page-background-enabled":"default","ast-page-background-meta":{"desktop":{"background-color":"","background-image":"","background-repeat":"repeat","background-position":"center center","background-size":"auto","background-attachment":"scroll","background-type":"","background-media":"","overlay-type":"","overlay-color":"","overlay-opacity":"","overlay-gradient":""},"tablet":{"background-color":"","background-image":"","background-repeat":"repeat","background-position":"center center","background-size":"auto","background-attachment":"scroll","background-type":"","background-media":"","overlay-type":"","overlay-color":"","overlay-opacity":"","overlay-gradient":""},"mobile":{"background-color":"","background-image":"","background-repeat":"repeat","background-position":"center center","background-size":"auto","background-attachment":"scroll","background-type":"","background-media":"","overlay-type":"","overlay-color":"","overlay-opacity":"","overlay-gradient":""}},"ast-content-background-meta":{"desktop":{"background-color":"var(--ast-global-color-5)","background-image":"","background-repeat":"repeat","background-position":"center center","background-size":"auto","background-attachment":"scroll","background-type":"","background-media":"","overlay-type":"","overlay-color":"","overlay-opacity":"","overlay-gradient":""},"tablet":{"background-color":"var(--ast-global-color-5)","background-image":"","background-repeat":"repeat","background-position":"center center","background-size":"auto","background-attachment":"scroll","background-type":"","background-media":"","overlay-type":"","overlay-color":"","overlay-opacity":"","overlay-gradient":""},"mobile":{"background-color":"var(--ast-global-color-5)","background-image":"","background-repeat":"repeat","background-position":"center center","background-size":"auto","background-attachment":"scroll","background-type":"","background-media":"","overlay-type":"","overlay-color":"","overlay-opacity":"","overlay-gradient":""}}},"product_brand":[],"product_cat":[270],"product_tag":[],"class_list":{"0":"post-21004","1":"product","2":"type-product","3":"status-publish","4":"has-post-thumbnail","6":"product_cat-optical-transceivers-de","7":"desktop-align-left","8":"tablet-align-left","9":"mobile-align-left","10":"ast-product-gallery-layout-vertical","11":"ast-product-tabs-layout-vertical","12":"ast-qv-on-image","14":"first","15":"instock","16":"shipping-taxable","17":"product-type-simple"},"_links":{"self":[{"href":"https:\/\/www.bonelinks.com\/de\/wp-json\/wp\/v2\/product\/21004","targetHints":{"allow":["GET"]}}],"collection":[{"href":"https:\/\/www.bonelinks.com\/de\/wp-json\/wp\/v2\/product"}],"about":[{"href":"https:\/\/www.bonelinks.com\/de\/wp-json\/wp\/v2\/types\/product"}],"version-history":[{"count":2,"href":"https:\/\/www.bonelinks.com\/de\/wp-json\/wp\/v2\/product\/21004\/revisions"}],"predecessor-version":[{"id":24761,"href":"https:\/\/www.bonelinks.com\/de\/wp-json\/wp\/v2\/product\/21004\/revisions\/24761"}],"wp:featuredmedia":[{"embeddable":true,"href":"https:\/\/www.bonelinks.com\/de\/wp-json\/wp\/v2\/media\/19471"}],"wp:attachment":[{"href":"https:\/\/www.bonelinks.com\/de\/wp-json\/wp\/v2\/media?parent=21004"}],"wp:term":[{"taxonomy":"product_brand","embeddable":true,"href":"https:\/\/www.bonelinks.com\/de\/wp-json\/wp\/v2\/product_brand?post=21004"},{"taxonomy":"product_cat","embeddable":true,"href":"https:\/\/www.bonelinks.com\/de\/wp-json\/wp\/v2\/product_cat?post=21004"},{"taxonomy":"product_tag","embeddable":true,"href":"https:\/\/www.bonelinks.com\/de\/wp-json\/wp\/v2\/product_tag?post=21004"}],"curies":[{"name":"wp","href":"https:\/\/api.w.org\/{rel}","templated":true}]}}