{"id":20987,"date":"2023-09-25T06:58:49","date_gmt":"2023-09-25T14:58:49","guid":{"rendered":"https:\/\/www.bonelinks.com\/product\/horizontaler-faseroptischer-spleissverschluss\/"},"modified":"2024-02-02T01:51:29","modified_gmt":"2024-02-02T09:51:29","slug":"horizontal-fiber-optic-splice-closure","status":"publish","type":"product","link":"https:\/\/www.bonelinks.com\/de\/product\/horizontal-fiber-optic-splice-closure\/","title":{"rendered":"Horizontaler faseroptischer Splei\u00dfverschluss"},"content":{"rendered":"<h2 style=\"text-align: left; font-size: 18px;\"><strong>Horizontaler faseroptischer Splei\u00dfverschluss<\/strong><\/h2>\n<p>Die horizontale LWL-Splei\u00dfmuffe ist eine passive Komponente, die einen sehr guten Schutz f\u00fcr die LWL-Splei\u00dfstelle bieten kann. Es kann \u00fcber Kopf installiert werden, und sowohl die Rohrverlegung als auch die unterirdische Verlegung sind m\u00f6glich. Die horizontale LWL-Splei\u00dfmuffe wird auch Kuppel-LWL-Splei\u00dfmuffe genannt. Der Lichtwellenleiter-Eingang und -Ausgang befinden sich auf beiden Seiten der LWL-Splei\u00dfmuffe. Der horizontale Glasfaser-Splei\u00dfverschluss ist f\u00fcr Backbone-Netzanwendungen geeignet. Alle horizontalen Glasfasersplei\u00dfm\u00fcndungen haben eine gute Dichtungsleistung. Hochwertiges PC+ABS-Material ist sehr langlebig, egal ob es sich um \u00dcberkopf-, Rohrleitungs- oder unterirdische Leitungen handelt.<\/p>\n<h2 style=\"text-align: left; font-size: 18px;\"><strong>Merkmal des horizontalen Glasfaser-Splei\u00dfverschlusses<\/strong><\/h2>\n<ul>\n<li>Einfacher Montageprozess.<\/li>\n<li>Bietet IP66-Schutz gegen Umwelteinfl\u00fcsse.<\/li>\n<li>Hergestellt aus hochwertigen ABS-Materialien, die eine ausgezeichnete Korrosionsbest\u00e4ndigkeit gegen\u00fcber S\u00e4uren, Laugen und Salz bieten. Es ist au\u00dferdem so konzipiert, dass es dem Alterungsprozess standh\u00e4lt und gleichzeitig ein schlankes Aussehen und eine zuverl\u00e4ssige Struktur aufweist.<\/li>\n<li>Geeignet f\u00fcr \u03a65mm-\u03a638mm Kabel<\/li>\n<li>Geeignet f\u00fcr Antennen- und direkte Unterflurinstallationen.<\/li>\n<li>Funktioniert effizient innerhalb eines Umgebungstemperaturbereichs von -40 bis 65\u2103.<\/li>\n<li>Kompaktes Design mit gro\u00dfer Kapazit\u00e4t und einfacher Wartung.<\/li>\n<\/ul>\n<h2 style=\"text-align: left; font-size: 18px;\"><strong>Anwendung des horizontalen Glasfaser-Splei\u00dfverschlusses<\/strong><\/h2>\n<ul>\n<li class=\"magic-8\">Weit verbreitet im FTTH-Zugangsnetz.<\/li>\n<li class=\"magic-8\">Telekommunikationsnetze<\/li>\n<li class=\"magic-8\">CATV-Netze<\/li>\n<li class=\"magic-8\">Datenkommunikationsnetze<\/li>\n<li class=\"magic-8\">Lokale Netzwerke<\/li>\n<\/ul>\n<h2 style=\"text-align: left; font-size: 18px;\"><strong>Suchen Sie nach weiteren Glasfaser-Splei\u00dfverschl\u00fcssen?<\/strong><\/h2>\n<p>Suchen Sie eine gr\u00f6\u00dfere Auswahl an Splei\u00dfmuffen f\u00fcr Glasfaserkabel? Sehen Sie sich unser<a href=\"https:\/\/www.bonelinks.com\/de\/product\/dome-fiber-splice-closure-32-fiber\/\" target=\"_blank\" rel=\"noopener\"><strong><span style=\"color: #0054a6;\"> Kuppel-Glasfaser-Splei\u00dfverschluss <\/span><\/strong><\/a>f\u00fcr nahtlose Vernetzung.<\/p>\n","protected":false},"excerpt":{"rendered":"<p>Horizontale Glasfasersplei\u00dfmuffen werden h\u00e4ufig in CATV-, Telekommunikations- und Glasfasernetzen eingesetzt. Diese horizontalen Glasfasersplei\u00dfgeh\u00e4use sind f\u00fcr ihre schnelle und zuverl\u00e4ssige Abdichtung bekannt und eignen sich daher ideal f\u00fcr eine Reihe von Anwendungen, einschlie\u00dflich Kanalinstallation, direkte Erdverlegung und Aufbau von Glasfaserkabeln in der Luft. Unsere aus hochfesten ABS- oder PC-Industriekunststoffen gefertigten horizontalen Fasersplei\u00dfgeh\u00e4use sch\u00fctzen effektiv vor Umwelteinfl\u00fcssen wie Hitze und Sauerstoff und sind wasser-, feuer- und sto\u00dffest.<\/p>\n","protected":false},"featured_media":19381,"template":"","meta":{"site-sidebar-layout":"default","site-content-layout":"default","ast-site-content-layout":"default","site-content-style":"default","site-sidebar-style":"default","ast-global-header-display":"","ast-banner-title-visibility":"","ast-main-header-display":"","ast-hfb-above-header-display":"","ast-hfb-below-header-display":"","ast-hfb-mobile-header-display":"","site-post-title":"","ast-breadcrumbs-content":"","ast-featured-img":"","footer-sml-layout":"","ast-disable-related-posts":"","theme-transparent-header-meta":"default","adv-header-id-meta":"","stick-header-meta":"default","header-above-stick-meta":"","header-main-stick-meta":"","header-below-stick-meta":"","astra-migrate-meta-layouts":"set","ast-page-background-enabled":"default","ast-page-background-meta":{"desktop":{"background-color":"","background-image":"","background-repeat":"repeat","background-position":"center center","background-size":"auto","background-attachment":"scroll","background-type":"","background-media":"","overlay-type":"","overlay-color":"","overlay-opacity":"","overlay-gradient":""},"tablet":{"background-color":"","background-image":"","background-repeat":"repeat","background-position":"center center","background-size":"auto","background-attachment":"scroll","background-type":"","background-media":"","overlay-type":"","overlay-color":"","overlay-opacity":"","overlay-gradient":""},"mobile":{"background-color":"","background-image":"","background-repeat":"repeat","background-position":"center center","background-size":"auto","background-attachment":"scroll","background-type":"","background-media":"","overlay-type":"","overlay-color":"","overlay-opacity":"","overlay-gradient":""}},"ast-content-background-meta":{"desktop":{"background-color":"var(--ast-global-color-5)","background-image":"","background-repeat":"repeat","background-position":"center center","background-size":"auto","background-attachment":"scroll","background-type":"","background-media":"","overlay-type":"","overlay-color":"","overlay-opacity":"","overlay-gradient":""},"tablet":{"background-color":"var(--ast-global-color-5)","background-image":"","background-repeat":"repeat","background-position":"center center","background-size":"auto","background-attachment":"scroll","background-type":"","background-media":"","overlay-type":"","overlay-color":"","overlay-opacity":"","overlay-gradient":""},"mobile":{"background-color":"var(--ast-global-color-5)","background-image":"","background-repeat":"repeat","background-position":"center center","background-size":"auto","background-attachment":"scroll","background-type":"","background-media":"","overlay-type":"","overlay-color":"","overlay-opacity":"","overlay-gradient":""}}},"product_brand":[],"product_cat":[256],"product_tag":[],"class_list":{"0":"post-20987","1":"product","2":"type-product","3":"status-publish","4":"has-post-thumbnail","6":"product_cat-fiber-optic-accessory-de","7":"desktop-align-left","8":"tablet-align-left","9":"mobile-align-left","10":"ast-product-gallery-layout-vertical","11":"ast-product-gallery-with-no-image","12":"ast-product-tabs-layout-vertical","13":"ast-qv-on-image","15":"first","16":"instock","17":"shipping-taxable","18":"product-type-simple"},"_links":{"self":[{"href":"https:\/\/www.bonelinks.com\/de\/wp-json\/wp\/v2\/product\/20987","targetHints":{"allow":["GET"]}}],"collection":[{"href":"https:\/\/www.bonelinks.com\/de\/wp-json\/wp\/v2\/product"}],"about":[{"href":"https:\/\/www.bonelinks.com\/de\/wp-json\/wp\/v2\/types\/product"}],"version-history":[{"count":3,"href":"https:\/\/www.bonelinks.com\/de\/wp-json\/wp\/v2\/product\/20987\/revisions"}],"predecessor-version":[{"id":24769,"href":"https:\/\/www.bonelinks.com\/de\/wp-json\/wp\/v2\/product\/20987\/revisions\/24769"}],"wp:featuredmedia":[{"embeddable":true,"href":"https:\/\/www.bonelinks.com\/de\/wp-json\/wp\/v2\/media\/19381"}],"wp:attachment":[{"href":"https:\/\/www.bonelinks.com\/de\/wp-json\/wp\/v2\/media?parent=20987"}],"wp:term":[{"taxonomy":"product_brand","embeddable":true,"href":"https:\/\/www.bonelinks.com\/de\/wp-json\/wp\/v2\/product_brand?post=20987"},{"taxonomy":"product_cat","embeddable":true,"href":"https:\/\/www.bonelinks.com\/de\/wp-json\/wp\/v2\/product_cat?post=20987"},{"taxonomy":"product_tag","embeddable":true,"href":"https:\/\/www.bonelinks.com\/de\/wp-json\/wp\/v2\/product_tag?post=20987"}],"curies":[{"name":"wp","href":"https:\/\/api.w.org\/{rel}","templated":true}]}}