{"id":20977,"date":"2023-09-25T03:31:42","date_gmt":"2023-09-25T11:31:42","guid":{"rendered":"https:\/\/www.bonelinks.com\/product\/visuelle-fehlersuche-glasfaserkabel-tester-messgeraet\/"},"modified":"2024-02-02T01:52:35","modified_gmt":"2024-02-02T09:52:35","slug":"visual-fault-locator-fiber-optic-cable-tester-meter","status":"publish","type":"product","link":"https:\/\/www.bonelinks.com\/de\/product\/visual-fault-locator-fiber-optic-cable-tester-meter\/","title":{"rendered":"Visuelle Fehlersuche Glasfaserkabel Tester Messger\u00e4t"},"content":{"rendered":"<h2 style=\"text-align: left; font-size: 18px;\"><strong>5\/15\/20\/30Mw Roter Laser Optische Faser Fehlersuchger\u00e4t FTTH Test LED Beleuchtung Stift<\/strong><\/h2>\n<p>Nach der Fertigstellung von Projekten zur Anwendung von Glasfaserkabeln m\u00fcssen h\u00e4ufig Testergebnisse dokumentiert werden, die die Effizienz des Netzes belegen. F\u00fcr die Fehlersuche in einem Glasfasernetz liefert Bonelinks Visual Fault Locators (VFLs), um Probleme schnell zu diagnostizieren.<\/p>\n<p>Der Visual Fault Locator ist ein kompaktes, aber robustes Glasfaserpr\u00fcfger\u00e4t mit einstellbarer Ausgangsleistung von 5 mW, 15 mW, 20 mW und 30 mW. Es erf\u00fcllt mehrere Zwecke, z. B. das Auffinden von scharfen Biegungen und Br\u00fcchen sowohl in ummantelten als auch in freiliegenden Fasern. Dar\u00fcber hinaus erweist sich der Glasfasertester als praktisch bei der Identifizierung von Steckverbindern in Rangierfeldern und der Unterscheidung von Fasern bei Splei\u00dfvorg\u00e4ngen. In Kombination mit handgef\u00fchrten optischen Lichtquellen bietet es eine schnelle und genaue L\u00f6sung f\u00fcr die Kabelpr\u00fcfung.<\/p>\n<p>Der Fasertester ist f\u00fcr jedes Glasfasernetz unerl\u00e4sslich. Sie kann helfen, Probleme schnell zu erkennen und zu l\u00f6sen, was Zeit und Geld spart. Bonelinks verf\u00fcgt \u00fcber eine breite Palette von Glasfaserpr\u00fcfprodukten, die helfen, die Einhaltung von Leistungsverlusten innerhalb der Normen zu zertifizieren und defekte und verlustreiche Verbindungen auf Singlemode- und Multimode-Glasfasern mit einfacher Handhabung, Genauigkeit und Langlebigkeit zu \u00fcberpr\u00fcfen.<\/p>\n<h2 style=\"text-align: left; font-size: 18px;\"><strong>Eigenschaften<\/strong><\/h2>\n<ul>\n<li>Eingebauter \u00dcberstromschutz, selbst bei voller Ladung muss man sich keine Sorgen um \u00dcberlastung und Besch\u00e4digung der Maschine machen.<\/li>\n<li>Auswechselbar und wiederaufladbar .<\/li>\n<li>Automatisches Umklappen auf Knopfdruck, bequemer in der Handhabung, f\u00fcr einfache Bedienung in dunkler Umgebung.<\/li>\n<li>Standard 2,5 mm Schnittstelle.<\/li>\n<li>Feine Qualit\u00e4tssonde, die Eindringtiefe ist gr\u00f6\u00dfer und die Lebensdauer ist l\u00e4nger.<\/li>\n<\/ul>\n<h2 style=\"text-align: left; font-size: 18px;\"><strong>Anwendungen<\/strong><\/h2>\n<p>Zu den \u00fcblichen Anwendungen geh\u00f6ren das Aufsp\u00fcren von Faserbr\u00fcchen in Glasfasern, das Aufsp\u00fcren defekter Stecker, Durchgangspr\u00fcfungen, das Aufsp\u00fcren von verlustverursachenden Biegungen und die Optimierung von Fasersplei\u00dfungen.<\/p>\n<h2 style=\"text-align: left; font-size: 18px;\"><strong>Spezifikationen<\/strong><\/h2>\n<ul>\n<li>Leistung: 5mw,15mw,20mw,30mw (HINWEIS: 5MW werden ohne Batterie geliefert, 15mw,20mw,30mw haben eine eingebaute Lithiumbatterie)<\/li>\n<li>Ausgangswellenl\u00e4nge: 650nm<\/li>\n<li>Schnittstelle: 2,5 mm<\/li>\n<li>Farbe: schwarz<\/li>\n<li>Hauptmaterial: Kunststoff+Metall<\/li>\n<li>Artikelgr\u00f6\u00dfe: 125 * 35 * 17mm \/ 4.9 * 1.4 * 0.7in<\/li>\n<li>Artikelgewicht: 38g \/ 1.3ounce<\/li>\n<li>Paketgr\u00f6\u00dfe: 150 * 50 * 35mm \/ 5.9 * 2.0 * 1.4in<\/li>\n<li>Verpackungsgewicht: 50g \/ 1,8 Unzen<\/li>\n<\/ul>\n<h2 style=\"text-align: left; font-size: 18px;\"><strong>Packliste<\/strong><\/h2>\n<ul>\n<li>1 * Lichtwellenleiter-Tester<\/li>\n<li>1 * Keramischer Kern<\/li>\n<li>1 * USB-Kabel(5MW Kabel nicht enthalten\uff09<\/li>\n<li>1 * Schl\u00fcsselband<\/li>\n<\/ul>\n","protected":false},"excerpt":{"rendered":"<p>Der Visual Fault Locator, der mit Lasertechnologie betrieben wird, dient als Kabeldurchgangspr\u00fcfer f\u00fcr Fasern. Es eignet sich hervorragend zur Lokalisierung von Fasern, zur Best\u00e4tigung der Kabeldurchg\u00e4ngigkeit und zur \u00dcberpr\u00fcfung der Polarit\u00e4t. Dieser vielseitige Glasfasertester ist von unsch\u00e4tzbarem Wert f\u00fcr die Lokalisierung von Unterbrechungen in Kabeln, Steckern und Splei\u00dfen. Seine beiden Modi, kontinuierlich und blinkend, vereinfachen den Prozess der Identifizierung von Problemen im Glasfasernetz.<\/p>\n","protected":false},"featured_media":19366,"template":"","meta":{"site-sidebar-layout":"default","site-content-layout":"default","ast-site-content-layout":"default","site-content-style":"default","site-sidebar-style":"default","ast-global-header-display":"","ast-banner-title-visibility":"","ast-main-header-display":"","ast-hfb-above-header-display":"","ast-hfb-below-header-display":"","ast-hfb-mobile-header-display":"","site-post-title":"","ast-breadcrumbs-content":"","ast-featured-img":"","footer-sml-layout":"","ast-disable-related-posts":"","theme-transparent-header-meta":"default","adv-header-id-meta":"","stick-header-meta":"default","header-above-stick-meta":"","header-main-stick-meta":"","header-below-stick-meta":"","astra-migrate-meta-layouts":"set","ast-page-background-enabled":"default","ast-page-background-meta":{"desktop":{"background-color":"","background-image":"","background-repeat":"repeat","background-position":"center center","background-size":"auto","background-attachment":"scroll","background-type":"","background-media":"","overlay-type":"","overlay-color":"","overlay-opacity":"","overlay-gradient":""},"tablet":{"background-color":"","background-image":"","background-repeat":"repeat","background-position":"center center","background-size":"auto","background-attachment":"scroll","background-type":"","background-media":"","overlay-type":"","overlay-color":"","overlay-opacity":"","overlay-gradient":""},"mobile":{"background-color":"","background-image":"","background-repeat":"repeat","background-position":"center center","background-size":"auto","background-attachment":"scroll","background-type":"","background-media":"","overlay-type":"","overlay-color":"","overlay-opacity":"","overlay-gradient":""}},"ast-content-background-meta":{"desktop":{"background-color":"var(--ast-global-color-5)","background-image":"","background-repeat":"repeat","background-position":"center center","background-size":"auto","background-attachment":"scroll","background-type":"","background-media":"","overlay-type":"","overlay-color":"","overlay-opacity":"","overlay-gradient":""},"tablet":{"background-color":"var(--ast-global-color-5)","background-image":"","background-repeat":"repeat","background-position":"center center","background-size":"auto","background-attachment":"scroll","background-type":"","background-media":"","overlay-type":"","overlay-color":"","overlay-opacity":"","overlay-gradient":""},"mobile":{"background-color":"var(--ast-global-color-5)","background-image":"","background-repeat":"repeat","background-position":"center center","background-size":"auto","background-attachment":"scroll","background-type":"","background-media":"","overlay-type":"","overlay-color":"","overlay-opacity":"","overlay-gradient":""}}},"product_brand":[],"product_cat":[256],"product_tag":[],"class_list":{"0":"post-20977","1":"product","2":"type-product","3":"status-publish","4":"has-post-thumbnail","6":"product_cat-fiber-optic-accessory-de","7":"desktop-align-left","8":"tablet-align-left","9":"mobile-align-left","10":"ast-product-gallery-layout-vertical","11":"ast-product-gallery-with-no-image","12":"ast-product-tabs-layout-vertical","13":"ast-qv-on-image","15":"first","16":"instock","17":"shipping-taxable","18":"product-type-simple"},"_links":{"self":[{"href":"https:\/\/www.bonelinks.com\/de\/wp-json\/wp\/v2\/product\/20977","targetHints":{"allow":["GET"]}}],"collection":[{"href":"https:\/\/www.bonelinks.com\/de\/wp-json\/wp\/v2\/product"}],"about":[{"href":"https:\/\/www.bonelinks.com\/de\/wp-json\/wp\/v2\/types\/product"}],"version-history":[{"count":2,"href":"https:\/\/www.bonelinks.com\/de\/wp-json\/wp\/v2\/product\/20977\/revisions"}],"predecessor-version":[{"id":24770,"href":"https:\/\/www.bonelinks.com\/de\/wp-json\/wp\/v2\/product\/20977\/revisions\/24770"}],"wp:featuredmedia":[{"embeddable":true,"href":"https:\/\/www.bonelinks.com\/de\/wp-json\/wp\/v2\/media\/19366"}],"wp:attachment":[{"href":"https:\/\/www.bonelinks.com\/de\/wp-json\/wp\/v2\/media?parent=20977"}],"wp:term":[{"taxonomy":"product_brand","embeddable":true,"href":"https:\/\/www.bonelinks.com\/de\/wp-json\/wp\/v2\/product_brand?post=20977"},{"taxonomy":"product_cat","embeddable":true,"href":"https:\/\/www.bonelinks.com\/de\/wp-json\/wp\/v2\/product_cat?post=20977"},{"taxonomy":"product_tag","embeddable":true,"href":"https:\/\/www.bonelinks.com\/de\/wp-json\/wp\/v2\/product_tag?post=20977"}],"curies":[{"name":"wp","href":"https:\/\/api.w.org\/{rel}","templated":true}]}}