{"id":20965,"date":"2023-09-25T01:19:31","date_gmt":"2023-09-25T09:19:31","guid":{"rendered":"https:\/\/www.bonelinks.com\/product\/3-in-1-glasfaser-leistungsmesser-rj45-tester-beleuchtung-glasfaserkabel-tester\/"},"modified":"2024-02-02T01:52:50","modified_gmt":"2024-02-02T09:52:50","slug":"3-in-1-fiber-optical-power-meter-rj45-tester-lighting-fiber-optic-cable-tester","status":"publish","type":"product","link":"https:\/\/www.bonelinks.com\/de\/product\/3-in-1-fiber-optical-power-meter-rj45-tester-lighting-fiber-optic-cable-tester\/","title":{"rendered":"3 in 1 Glasfaser Leistungsmesser RJ45 Tester Beleuchtung Glasfaserkabel Tester"},"content":{"rendered":"<h2 style=\"text-align: left; font-size: 18px;\"><strong>Faseroptisches Leistungsmessger\u00e4t<\/strong><\/h2>\n<p>Das faseroptische Leistungsmessger\u00e4t ist ein benutzerfreundliches faseroptisches Pr\u00fcfger\u00e4t mit verbessertem Aussehen und praktischem Design. Es wird haupts\u00e4chlich in FTTx-Netzen und bei der Pr\u00fcfung von Glasfasernetzen eingesetzt. Dieses tragbare Leistungsmessger\u00e4t bietet ein breites Spektrum an Messm\u00f6glichkeiten mit au\u00dfergew\u00f6hnlicher Genauigkeit und eignet sich sowohl f\u00fcr die absolute optische Leistungsmessung als auch f\u00fcr die relative Verlustmessung.<\/p>\n<p>In Verbindung mit einer Lichtquelle verwandelt sich dieses Ger\u00e4t in ein Optical Loss Test Set (OLTS). Ein OLTS wird \u00fcblicherweise verwendet, um die optische Leistung zu messen und den optischen End-to-End-Verlust in Glasfasersystemen zu bestimmen.<\/p>\n<h2 style=\"text-align: left; font-size: 18px;\"><strong>Produktmerkmale<\/strong><\/h2>\n<ul>\n<li>unterst\u00fctzt optische Leistungsmesser<\/li>\n<li>Unterst\u00fctzung der RJ45-Pr\u00fcfung<\/li>\n<li>Beleuchtung unterst\u00fctzen<\/li>\n<li>automatische Abschaltung unterst\u00fctzen<\/li>\n<li>Unterst\u00fctzung des Schalters f\u00fcr die Hintergrundbeleuchtung<\/li>\n<li>Unterst\u00fctzung des Wellenl\u00e4ngenspeichers<\/li>\n<li>Unterst\u00fctzung der Benutzerkalibrierung<\/li>\n<li>Unterst\u00fctzung der SC\/FC\/ST\/LC-Schnittstelle\uff08LC-Schnittstelle ist optional\uff09<\/li>\n<li>Unterst\u00fctzung der gleichzeitigen Anzeige von linearen mW und nichtlinearen dBm-Index<\/li>\n<li>Unterst\u00fctzung der externen Stromversorgung, wie z.B. Aufladen des Schatzes, Computer, usw.<\/li>\n<\/ul>\n<h2 style=\"text-align: left; font-size: 18px;\"><strong>Spezifikation<\/strong><\/h2>\n<ul>\n<li>Wellenl\u00e4ngenbereich:800~1700nm<\/li>\n<li>Anschluss:FC\/SC\/ST\/LC Universalschnittstelle\uff08LC-Schnittstelle ist optional\uff09<\/li>\n<li>Detektortyp:InGaAs<\/li>\n<li>Leistungsmessbereich: -70~+6dBm \/-50~+26dBm<\/li>\n<li>Messunsicherheit:\u00b15\uff05<\/li>\n<li>Standard Wavelength:850\/980\/1270\/1300\/1310\/1490\/1550\/1577\/1625\/1650nm<\/li>\n<li>Anzeigeaufl\u00f6sung:Lineare Anzeige:0,1%,Logarithmische Anzeige:0,01dBm<\/li>\n<li>RJ45 Kabelfolge (Standard): Testentfernung 300m<\/li>\n<li>Batterie: 2*AAA Batterie (nicht im Lieferumfang enthalten)<\/li>\n<li>Batteriedauer:\u226572h(OPM)<\/li>\n<li>Automatische Abschaltzeit: 10 Minuten<\/li>\n<li>Arbeitstemperatur: -10\u2103~+50\u2103<\/li>\n<li>Lagertemperatur: -40\u2103~+70\u2103<\/li>\n<\/ul>\n<h2 style=\"text-align: left; font-size: 18px;\"><strong>Produktliste<\/strong><\/h2>\n<ul>\n<li>1x Faseroptisches Leistungsmessger\u00e4t<\/li>\n<li>1x RJ45-Modul (integriertes Ger\u00e4t)<\/li>\n<li>1x Benutzerhandbuch<\/li>\n<li>1x Umh\u00e4ngeband<\/li>\n<\/ul>\n","protected":false},"excerpt":{"rendered":"<p>Ein optisches Leistungsmessger\u00e4t (OPM) ist ein elektronisches Pr\u00fcfger\u00e4t zur Messung der Ausgangsleistung von faseroptischen Ger\u00e4ten. Es wird auch verwendet, um die Leistungspegel und Verluste zu bestimmen, die mit einem durch ein Glasfaserkabel \u00fcbertragenen optischen Signal verbunden sind.<\/p>\n","protected":false},"featured_media":19346,"template":"","meta":{"site-sidebar-layout":"default","site-content-layout":"default","ast-site-content-layout":"default","site-content-style":"default","site-sidebar-style":"default","ast-global-header-display":"","ast-banner-title-visibility":"","ast-main-header-display":"","ast-hfb-above-header-display":"","ast-hfb-below-header-display":"","ast-hfb-mobile-header-display":"","site-post-title":"","ast-breadcrumbs-content":"","ast-featured-img":"","footer-sml-layout":"","ast-disable-related-posts":"","theme-transparent-header-meta":"default","adv-header-id-meta":"","stick-header-meta":"default","header-above-stick-meta":"","header-main-stick-meta":"","header-below-stick-meta":"","astra-migrate-meta-layouts":"set","ast-page-background-enabled":"default","ast-page-background-meta":{"desktop":{"background-color":"","background-image":"","background-repeat":"repeat","background-position":"center center","background-size":"auto","background-attachment":"scroll","background-type":"","background-media":"","overlay-type":"","overlay-color":"","overlay-opacity":"","overlay-gradient":""},"tablet":{"background-color":"","background-image":"","background-repeat":"repeat","background-position":"center center","background-size":"auto","background-attachment":"scroll","background-type":"","background-media":"","overlay-type":"","overlay-color":"","overlay-opacity":"","overlay-gradient":""},"mobile":{"background-color":"","background-image":"","background-repeat":"repeat","background-position":"center center","background-size":"auto","background-attachment":"scroll","background-type":"","background-media":"","overlay-type":"","overlay-color":"","overlay-opacity":"","overlay-gradient":""}},"ast-content-background-meta":{"desktop":{"background-color":"var(--ast-global-color-5)","background-image":"","background-repeat":"repeat","background-position":"center center","background-size":"auto","background-attachment":"scroll","background-type":"","background-media":"","overlay-type":"","overlay-color":"","overlay-opacity":"","overlay-gradient":""},"tablet":{"background-color":"var(--ast-global-color-5)","background-image":"","background-repeat":"repeat","background-position":"center center","background-size":"auto","background-attachment":"scroll","background-type":"","background-media":"","overlay-type":"","overlay-color":"","overlay-opacity":"","overlay-gradient":""},"mobile":{"background-color":"var(--ast-global-color-5)","background-image":"","background-repeat":"repeat","background-position":"center center","background-size":"auto","background-attachment":"scroll","background-type":"","background-media":"","overlay-type":"","overlay-color":"","overlay-opacity":"","overlay-gradient":""}}},"product_brand":[],"product_cat":[256],"product_tag":[],"class_list":{"0":"post-20965","1":"product","2":"type-product","3":"status-publish","4":"has-post-thumbnail","6":"product_cat-fiber-optic-accessory-de","7":"desktop-align-left","8":"tablet-align-left","9":"mobile-align-left","10":"ast-product-gallery-layout-vertical","11":"ast-product-gallery-with-no-image","12":"ast-product-tabs-layout-vertical","13":"ast-qv-on-image","15":"first","16":"instock","17":"shipping-taxable","18":"product-type-simple"},"_links":{"self":[{"href":"https:\/\/www.bonelinks.com\/de\/wp-json\/wp\/v2\/product\/20965","targetHints":{"allow":["GET"]}}],"collection":[{"href":"https:\/\/www.bonelinks.com\/de\/wp-json\/wp\/v2\/product"}],"about":[{"href":"https:\/\/www.bonelinks.com\/de\/wp-json\/wp\/v2\/types\/product"}],"version-history":[{"count":2,"href":"https:\/\/www.bonelinks.com\/de\/wp-json\/wp\/v2\/product\/20965\/revisions"}],"predecessor-version":[{"id":24771,"href":"https:\/\/www.bonelinks.com\/de\/wp-json\/wp\/v2\/product\/20965\/revisions\/24771"}],"wp:featuredmedia":[{"embeddable":true,"href":"https:\/\/www.bonelinks.com\/de\/wp-json\/wp\/v2\/media\/19346"}],"wp:attachment":[{"href":"https:\/\/www.bonelinks.com\/de\/wp-json\/wp\/v2\/media?parent=20965"}],"wp:term":[{"taxonomy":"product_brand","embeddable":true,"href":"https:\/\/www.bonelinks.com\/de\/wp-json\/wp\/v2\/product_brand?post=20965"},{"taxonomy":"product_cat","embeddable":true,"href":"https:\/\/www.bonelinks.com\/de\/wp-json\/wp\/v2\/product_cat?post=20965"},{"taxonomy":"product_tag","embeddable":true,"href":"https:\/\/www.bonelinks.com\/de\/wp-json\/wp\/v2\/product_tag?post=20965"}],"curies":[{"name":"wp","href":"https:\/\/api.w.org\/{rel}","templated":true}]}}